{"id":4583,"date":"2024-04-29T05:20:31","date_gmt":"2024-04-29T05:20:31","guid":{"rendered":"https:\/\/sepaxmlgenerator.com\/unsere-kunden\/"},"modified":"2025-06-12T17:05:27","modified_gmt":"2025-06-12T17:05:27","slug":"unsere-kunden","status":"publish","type":"page","link":"https:\/\/www.sepaxmlgenerator.com\/de\/unsere-kunden\/","title":{"rendered":"Unsere Kunden"},"content":{"rendered":"","protected":false},"excerpt":{"rendered":"","protected":false},"author":1,"featured_media":0,"parent":0,"menu_order":0,"comment_status":"closed","ping_status":"closed","template":"page-templates\/our-customers.php","meta":{"_acf_changed":false,"footnotes":""},"class_list":["post-4583","page","type-page","status-publish","hentry"],"acf":[],"yoast_head":"<!-- This site is optimized with the Yoast SEO plugin v27.3 - https:\/\/yoast.com\/product\/yoast-seo-wordpress\/ -->\n<title>Unser SEPA XML-Generator Kunden f\u00fcr Lastschrift- und \u00dcberweisungssoftware<\/title>\n<meta name=\"description\" content=\"Unser SEPA XML Generator Kunden f\u00fcr Direct Debit &amp; Credit Transfer Software von kleinen bis mittleren Unternehmen\" \/>\n<meta name=\"robots\" content=\"index, follow, max-snippet:-1, max-image-preview:large, max-video-preview:-1\" \/>\n<link rel=\"canonical\" href=\"https:\/\/www.sepaxmlgenerator.com\/de\/unsere-kunden\/\" \/>\n<meta property=\"og:locale\" content=\"de_DE\" \/>\n<meta property=\"og:type\" content=\"article\" \/>\n<meta property=\"og:title\" content=\"Unser SEPA XML-Generator Kunden f\u00fcr Lastschrift- und \u00dcberweisungssoftware\" \/>\n<meta property=\"og:description\" content=\"Unser SEPA XML Generator Kunden f\u00fcr Direct Debit &amp; Credit Transfer Software von kleinen bis mittleren Unternehmen\" \/>\n<meta property=\"og:url\" content=\"https:\/\/www.sepaxmlgenerator.com\/de\/unsere-kunden\/\" \/>\n<meta property=\"og:site_name\" content=\"SEPA XML GENERATOR\" \/>\n<meta property=\"article:modified_time\" content=\"2025-06-12T17:05:27+00:00\" \/>\n<meta name=\"twitter:card\" content=\"summary_large_image\" \/>\n<script type=\"application\/ld+json\" class=\"yoast-schema-graph\">{\"@context\":\"https:\\\/\\\/schema.org\",\"@graph\":[{\"@type\":\"WebPage\",\"@id\":\"https:\\\/\\\/www.sepaxmlgenerator.com\\\/de\\\/unsere-kunden\\\/\",\"url\":\"https:\\\/\\\/www.sepaxmlgenerator.com\\\/de\\\/unsere-kunden\\\/\",\"name\":\"Unser SEPA XML-Generator Kunden f\u00fcr Lastschrift- und \u00dcberweisungssoftware\",\"isPartOf\":{\"@id\":\"https:\\\/\\\/www.sepaxmlgenerator.com\\\/de\\\/#website\"},\"datePublished\":\"2024-04-29T05:20:31+00:00\",\"dateModified\":\"2025-06-12T17:05:27+00:00\",\"description\":\"Unser SEPA XML Generator Kunden f\u00fcr Direct Debit & Credit Transfer Software von kleinen bis mittleren Unternehmen\",\"breadcrumb\":{\"@id\":\"https:\\\/\\\/www.sepaxmlgenerator.com\\\/de\\\/unsere-kunden\\\/#breadcrumb\"},\"inLanguage\":\"de\",\"potentialAction\":[{\"@type\":\"ReadAction\",\"target\":[\"https:\\\/\\\/www.sepaxmlgenerator.com\\\/de\\\/unsere-kunden\\\/\"]}]},{\"@type\":\"BreadcrumbList\",\"@id\":\"https:\\\/\\\/www.sepaxmlgenerator.com\\\/de\\\/unsere-kunden\\\/#breadcrumb\",\"itemListElement\":[{\"@type\":\"ListItem\",\"position\":1,\"name\":\"Home\",\"item\":\"https:\\\/\\\/www.sepaxmlgenerator.com\\\/de\\\/startseite\\\/\"},{\"@type\":\"ListItem\",\"position\":2,\"name\":\"Unsere Kunden\"}]},{\"@type\":\"WebSite\",\"@id\":\"https:\\\/\\\/www.sepaxmlgenerator.com\\\/de\\\/#website\",\"url\":\"https:\\\/\\\/www.sepaxmlgenerator.com\\\/de\\\/\",\"name\":\"SEPA XML GENERATOR\",\"description\":\"\",\"potentialAction\":[{\"@type\":\"SearchAction\",\"target\":{\"@type\":\"EntryPoint\",\"urlTemplate\":\"https:\\\/\\\/www.sepaxmlgenerator.com\\\/de\\\/?s={search_term_string}\"},\"query-input\":{\"@type\":\"PropertyValueSpecification\",\"valueRequired\":true,\"valueName\":\"search_term_string\"}}],\"inLanguage\":\"de\"}]}<\/script>\n<!-- \/ Yoast SEO plugin. -->","yoast_head_json":{"title":"Unser SEPA XML-Generator Kunden f\u00fcr Lastschrift- und \u00dcberweisungssoftware","description":"Unser SEPA XML Generator Kunden f\u00fcr Direct Debit & Credit Transfer Software von kleinen bis mittleren Unternehmen","robots":{"index":"index","follow":"follow","max-snippet":"max-snippet:-1","max-image-preview":"max-image-preview:large","max-video-preview":"max-video-preview:-1"},"canonical":"https:\/\/www.sepaxmlgenerator.com\/de\/unsere-kunden\/","og_locale":"de_DE","og_type":"article","og_title":"Unser SEPA XML-Generator Kunden f\u00fcr Lastschrift- und \u00dcberweisungssoftware","og_description":"Unser SEPA XML Generator Kunden f\u00fcr Direct Debit & Credit Transfer Software von kleinen bis mittleren Unternehmen","og_url":"https:\/\/www.sepaxmlgenerator.com\/de\/unsere-kunden\/","og_site_name":"SEPA XML GENERATOR","article_modified_time":"2025-06-12T17:05:27+00:00","twitter_card":"summary_large_image","schema":{"@context":"https:\/\/schema.org","@graph":[{"@type":"WebPage","@id":"https:\/\/www.sepaxmlgenerator.com\/de\/unsere-kunden\/","url":"https:\/\/www.sepaxmlgenerator.com\/de\/unsere-kunden\/","name":"Unser SEPA XML-Generator Kunden f\u00fcr Lastschrift- und \u00dcberweisungssoftware","isPartOf":{"@id":"https:\/\/www.sepaxmlgenerator.com\/de\/#website"},"datePublished":"2024-04-29T05:20:31+00:00","dateModified":"2025-06-12T17:05:27+00:00","description":"Unser SEPA XML Generator Kunden f\u00fcr Direct Debit & Credit Transfer Software von kleinen bis mittleren Unternehmen","breadcrumb":{"@id":"https:\/\/www.sepaxmlgenerator.com\/de\/unsere-kunden\/#breadcrumb"},"inLanguage":"de","potentialAction":[{"@type":"ReadAction","target":["https:\/\/www.sepaxmlgenerator.com\/de\/unsere-kunden\/"]}]},{"@type":"BreadcrumbList","@id":"https:\/\/www.sepaxmlgenerator.com\/de\/unsere-kunden\/#breadcrumb","itemListElement":[{"@type":"ListItem","position":1,"name":"Home","item":"https:\/\/www.sepaxmlgenerator.com\/de\/startseite\/"},{"@type":"ListItem","position":2,"name":"Unsere Kunden"}]},{"@type":"WebSite","@id":"https:\/\/www.sepaxmlgenerator.com\/de\/#website","url":"https:\/\/www.sepaxmlgenerator.com\/de\/","name":"SEPA XML GENERATOR","description":"","potentialAction":[{"@type":"SearchAction","target":{"@type":"EntryPoint","urlTemplate":"https:\/\/www.sepaxmlgenerator.com\/de\/?s={search_term_string}"},"query-input":{"@type":"PropertyValueSpecification","valueRequired":true,"valueName":"search_term_string"}}],"inLanguage":"de"}]}},"_links":{"self":[{"href":"https:\/\/www.sepaxmlgenerator.com\/de\/wp-json\/wp\/v2\/pages\/4583","targetHints":{"allow":["GET"]}}],"collection":[{"href":"https:\/\/www.sepaxmlgenerator.com\/de\/wp-json\/wp\/v2\/pages"}],"about":[{"href":"https:\/\/www.sepaxmlgenerator.com\/de\/wp-json\/wp\/v2\/types\/page"}],"author":[{"embeddable":true,"href":"https:\/\/www.sepaxmlgenerator.com\/de\/wp-json\/wp\/v2\/users\/1"}],"replies":[{"embeddable":true,"href":"https:\/\/www.sepaxmlgenerator.com\/de\/wp-json\/wp\/v2\/comments?post=4583"}],"version-history":[{"count":1,"href":"https:\/\/www.sepaxmlgenerator.com\/de\/wp-json\/wp\/v2\/pages\/4583\/revisions"}],"predecessor-version":[{"id":4598,"href":"https:\/\/www.sepaxmlgenerator.com\/de\/wp-json\/wp\/v2\/pages\/4583\/revisions\/4598"}],"wp:attachment":[{"href":"https:\/\/www.sepaxmlgenerator.com\/de\/wp-json\/wp\/v2\/media?parent=4583"}],"curies":[{"name":"wp","href":"https:\/\/api.w.org\/{rel}","templated":true}]}}