{"id":741,"date":"2020-01-16T06:36:22","date_gmt":"2020-01-16T06:36:22","guid":{"rendered":"https:\/\/sepaxmlgenerator.com\/alles-ueber-sepa\/"},"modified":"2023-01-31T21:47:03","modified_gmt":"2023-01-31T21:47:03","slug":"alles-ueber-sepa","status":"publish","type":"page","link":"https:\/\/www.sepaxmlgenerator.com\/de\/alles-ueber-sepa\/","title":{"rendered":"Alles \u00fcber SEPA"},"content":{"rendered":"<p>Die Verbreitung der Euro-W\u00e4hrung und die Zunahme des grenz\u00fcberschreitenden Handels in ganz Europa beschleunigten die Notwendigkeit einer gemeinsamen finanziellen Zahlungsstruktur. Ergo wurde das SEPA-Format f\u00fcr die reibungslose \u00dcberweisung grenz\u00fcberschreitender Zahlungen etabliert und von den EU-Mitgliedsstaaten vereinbart.<\/p>\n<p>SEPA (Einheitlicher Euro-Zahlungsverkehrsraum) wurde auch eingef\u00fchrt, um der Notwendigkeit entgegenzuwirken, Mitarbeiter zu bezahlen (\u00dcberweisungen), die m\u00f6glicherweise Bankkonten au\u00dferhalb der prim\u00e4ren Quelle der Unternehmenskonten haben.<\/p>\n<p>Jetzt kann in der gesamten Europ\u00e4ischen Union und in anderen Gebieten wie der Vatikanstadt nahtlos bezahlt werden. \u00dcberweisungen und Zahlungen umfassen auch \u00dcberweisungen zwischen Banken innerhalb einzelner L\u00e4nder der Eurozone, insgesamt 34 L\u00e4nder.<\/p>\n<h2 style=\"text-align: left;\">Was ist eine SEPA-Zahlung<\/h2>\n<p>Im Wesentlichen ist SEPA eine Form von Finanzanweisungen, die auf einen Standard festgelegt sind, den alle Banken in der gesamten EU verstehen, aber nur L\u00e4nder, die den Euro angenommen haben. Die \u00dcberweisungen erfolgen in Form von \u00dcberweisungen und Lastschriften.<\/p>\n<h3 style=\"text-align: left;\">Weitere Vorteile und Geb\u00fchren im Zusammenhang mit SEPA<\/h3>\n<p>Die \u00dcberweisungen kommen garantiert an, sobald das .xml-Datum zugewiesen ist.<\/p>\n<p>Die Banken k\u00f6nnen keine Abz\u00fcge von den Zahlungen vornehmen (es fallen jedoch Geb\u00fchren f\u00fcr Lastschriften an, die auf Ihren Kontoausz\u00fcgen als Bankgeb\u00fchren erscheinen).<\/p>\n<p>Im Wesentlichen ist SEPA schnell, sicher und nahtlos. Die Hauptsorge f\u00fcr Gesch\u00e4ftsinhaber besteht darin, dass Sie von Ihrer Bank die Genehmigung zum Einzug von Lastschriften einholen m\u00fcssen und dann jedes Mal, wenn Sie eine Zahlung von einem Kunden entgegennehmen m\u00f6chten, eine .xml-SEPA-Datei generieren m\u00fcssen. Und genau hier kann SEPA XML GENERATOR helfen&#8230; wir k\u00f6nnen auch bei \u00dcberweisungen helfen, wie z.B. bei einer Gehaltsabrechnung oder einer Versicherungsgesellschaft, die \u00dcberweisungen an Versicherungskunden senden muss. Ein einfaches Beispiel ist die Haustierversicherung: Ein Tierhalter meldet einen Schaden an, und die Versicherungsgesellschaft verwendet SEPA XML GENERATOR, um eine Sepa-Datei zu erstellen, mit der die Bank angewiesen wird, den Betrag an den Tierversicherungskunden zu \u00fcberweisen.<\/p>\n<h4 style=\"text-align: left;\">Wie k\u00f6nnen wir helfen?<\/h4>\n<p>Sobald Ihr Unternehmen f\u00fcr den Lastschrifteinzug registriert ist oder eine \u00dcberweisungsdatei erstellen m\u00f6chte, ben\u00f6tigen Sie eine Software zur Erstellung einer .xml-SEPA-Datei, die Sie online \u00fcber Ihr Online-Banking-Konto \u00fcbermitteln. Testen Sie unsere Software noch heute <a href=\"https:\/\/www.sepaxmlgenerator.com\/de\/registrieren-sie-sich-fuer-ein-kostenloses-sepa-xmlgenerator-test-heute\/\">KOSTENLOS<\/a> .<\/p>\n<p><img decoding=\"async\" src=\"https:\/\/www.sepaxmlgenerator.com\/wp-content\/uploads\/2023\/01\/xml-process.jpg\" alt=\"SEPA XML GENERATOR - User Process Flow\" width=\"100%\" height=\"100%\"><\/p>\n","protected":false},"excerpt":{"rendered":"Die Verbreitung der Euro-W\u00e4hrung und die Zunahme des grenz\u00fcberschreitenden Handels in ganz Europa beschleunigten die Notwendigkeit einer gemeinsamen finanziellen Zahlungsstruktur. Ergo wurde das SEPA-Format f\u00fcr die reibungslose \u00dcberweisung grenz\u00fcberschreitender Zahlungen etabliert und von den EU-Mitgliedsstaaten vereinbart. SEPA (Einheitlicher Euro-Zahlungsverkehrsraum) wurde auch eingef\u00fchrt, um der Notwendigkeit entgegenzuwirken, Mitarbeiter zu bezahlen (\u00dcberweisungen), die m\u00f6glicherweise Bankkonten au\u00dferhalb der [&hellip;]","protected":false},"author":1,"featured_media":0,"parent":0,"menu_order":0,"comment_status":"closed","ping_status":"closed","template":"page-templates\/inner-page-two.php","meta":{"_acf_changed":false,"footnotes":""},"class_list":["post-741","page","type-page","status-publish","hentry"],"acf":[],"yoast_head":"<!-- This site is optimized with the Yoast SEO plugin v27.3 - https:\/\/yoast.com\/product\/yoast-seo-wordpress\/ -->\n<title>Alles \u00fcber SEPA - Der europ\u00e4ische Standard f\u00fcr die Abwicklung von Zahlungen<\/title>\n<meta name=\"description\" content=\"Alles \u00fcber SEPA - SEPA-XML-Generator ... Dateien f\u00fcr \u00dcberweisungen und Lastschriften - melden Sie sich noch heute f\u00fcr eine kostenlose Testversion an ... KOSTENLOSE SEPA-Software ...\" \/>\n<meta name=\"robots\" content=\"index, follow, max-snippet:-1, max-image-preview:large, max-video-preview:-1\" \/>\n<link rel=\"canonical\" href=\"https:\/\/www.sepaxmlgenerator.com\/de\/alles-ueber-sepa\/\" \/>\n<meta property=\"og:locale\" content=\"de_DE\" \/>\n<meta property=\"og:type\" content=\"article\" \/>\n<meta property=\"og:title\" content=\"Alles \u00fcber SEPA - Der europ\u00e4ische Standard f\u00fcr die Abwicklung von Zahlungen\" \/>\n<meta property=\"og:description\" content=\"Alles \u00fcber SEPA - SEPA-XML-Generator ... Dateien f\u00fcr \u00dcberweisungen und Lastschriften - melden Sie sich noch heute f\u00fcr eine kostenlose Testversion an ... KOSTENLOSE SEPA-Software ...\" \/>\n<meta property=\"og:url\" content=\"https:\/\/www.sepaxmlgenerator.com\/de\/alles-ueber-sepa\/\" \/>\n<meta property=\"og:site_name\" content=\"SEPA XML GENERATOR\" \/>\n<meta property=\"article:modified_time\" content=\"2023-01-31T21:47:03+00:00\" \/>\n<meta property=\"og:image\" content=\"https:\/\/www.sepaxmlgenerator.com\/wp-content\/uploads\/2023\/01\/xml-process.jpg\" \/>\n<meta name=\"twitter:card\" content=\"summary_large_image\" \/>\n<meta name=\"twitter:label1\" content=\"Gesch\u00e4tzte Lesezeit\" \/>\n\t<meta name=\"twitter:data1\" content=\"2\u00a0Minuten\" \/>\n<script type=\"application\/ld+json\" class=\"yoast-schema-graph\">{\"@context\":\"https:\\\/\\\/schema.org\",\"@graph\":[{\"@type\":\"WebPage\",\"@id\":\"https:\\\/\\\/www.sepaxmlgenerator.com\\\/de\\\/alles-ueber-sepa\\\/\",\"url\":\"https:\\\/\\\/www.sepaxmlgenerator.com\\\/de\\\/alles-ueber-sepa\\\/\",\"name\":\"Alles \u00fcber SEPA - Der europ\u00e4ische Standard f\u00fcr die Abwicklung von Zahlungen\",\"isPartOf\":{\"@id\":\"https:\\\/\\\/www.sepaxmlgenerator.com\\\/de\\\/#website\"},\"primaryImageOfPage\":{\"@id\":\"https:\\\/\\\/www.sepaxmlgenerator.com\\\/de\\\/alles-ueber-sepa\\\/#primaryimage\"},\"image\":{\"@id\":\"https:\\\/\\\/www.sepaxmlgenerator.com\\\/de\\\/alles-ueber-sepa\\\/#primaryimage\"},\"thumbnailUrl\":\"https:\\\/\\\/www.sepaxmlgenerator.com\\\/wp-content\\\/uploads\\\/2023\\\/01\\\/xml-process.jpg\",\"datePublished\":\"2020-01-16T06:36:22+00:00\",\"dateModified\":\"2023-01-31T21:47:03+00:00\",\"description\":\"Alles \u00fcber SEPA - SEPA-XML-Generator ... Dateien f\u00fcr \u00dcberweisungen und Lastschriften - melden Sie sich noch heute f\u00fcr eine kostenlose Testversion an ... KOSTENLOSE SEPA-Software ...\",\"breadcrumb\":{\"@id\":\"https:\\\/\\\/www.sepaxmlgenerator.com\\\/de\\\/alles-ueber-sepa\\\/#breadcrumb\"},\"inLanguage\":\"de\",\"potentialAction\":[{\"@type\":\"ReadAction\",\"target\":[\"https:\\\/\\\/www.sepaxmlgenerator.com\\\/de\\\/alles-ueber-sepa\\\/\"]}]},{\"@type\":\"ImageObject\",\"inLanguage\":\"de\",\"@id\":\"https:\\\/\\\/www.sepaxmlgenerator.com\\\/de\\\/alles-ueber-sepa\\\/#primaryimage\",\"url\":\"https:\\\/\\\/www.sepaxmlgenerator.com\\\/wp-content\\\/uploads\\\/2023\\\/01\\\/xml-process.jpg\",\"contentUrl\":\"https:\\\/\\\/www.sepaxmlgenerator.com\\\/wp-content\\\/uploads\\\/2023\\\/01\\\/xml-process.jpg\"},{\"@type\":\"BreadcrumbList\",\"@id\":\"https:\\\/\\\/www.sepaxmlgenerator.com\\\/de\\\/alles-ueber-sepa\\\/#breadcrumb\",\"itemListElement\":[{\"@type\":\"ListItem\",\"position\":1,\"name\":\"Home\",\"item\":\"https:\\\/\\\/www.sepaxmlgenerator.com\\\/de\\\/startseite\\\/\"},{\"@type\":\"ListItem\",\"position\":2,\"name\":\"Alles \u00fcber SEPA\"}]},{\"@type\":\"WebSite\",\"@id\":\"https:\\\/\\\/www.sepaxmlgenerator.com\\\/de\\\/#website\",\"url\":\"https:\\\/\\\/www.sepaxmlgenerator.com\\\/de\\\/\",\"name\":\"SEPA XML GENERATOR\",\"description\":\"\",\"potentialAction\":[{\"@type\":\"SearchAction\",\"target\":{\"@type\":\"EntryPoint\",\"urlTemplate\":\"https:\\\/\\\/www.sepaxmlgenerator.com\\\/de\\\/?s={search_term_string}\"},\"query-input\":{\"@type\":\"PropertyValueSpecification\",\"valueRequired\":true,\"valueName\":\"search_term_string\"}}],\"inLanguage\":\"de\"}]}<\/script>\n<!-- \/ Yoast SEO plugin. -->","yoast_head_json":{"title":"Alles \u00fcber SEPA - Der europ\u00e4ische Standard f\u00fcr die Abwicklung von Zahlungen","description":"Alles \u00fcber SEPA - SEPA-XML-Generator ... Dateien f\u00fcr \u00dcberweisungen und Lastschriften - melden Sie sich noch heute f\u00fcr eine kostenlose Testversion an ... KOSTENLOSE SEPA-Software ...","robots":{"index":"index","follow":"follow","max-snippet":"max-snippet:-1","max-image-preview":"max-image-preview:large","max-video-preview":"max-video-preview:-1"},"canonical":"https:\/\/www.sepaxmlgenerator.com\/de\/alles-ueber-sepa\/","og_locale":"de_DE","og_type":"article","og_title":"Alles \u00fcber SEPA - Der europ\u00e4ische Standard f\u00fcr die Abwicklung von Zahlungen","og_description":"Alles \u00fcber SEPA - SEPA-XML-Generator ... Dateien f\u00fcr \u00dcberweisungen und Lastschriften - melden Sie sich noch heute f\u00fcr eine kostenlose Testversion an ... KOSTENLOSE SEPA-Software ...","og_url":"https:\/\/www.sepaxmlgenerator.com\/de\/alles-ueber-sepa\/","og_site_name":"SEPA XML GENERATOR","article_modified_time":"2023-01-31T21:47:03+00:00","og_image":[{"url":"https:\/\/www.sepaxmlgenerator.com\/wp-content\/uploads\/2023\/01\/xml-process.jpg","type":"","width":"","height":""}],"twitter_card":"summary_large_image","twitter_misc":{"Gesch\u00e4tzte Lesezeit":"2\u00a0Minuten"},"schema":{"@context":"https:\/\/schema.org","@graph":[{"@type":"WebPage","@id":"https:\/\/www.sepaxmlgenerator.com\/de\/alles-ueber-sepa\/","url":"https:\/\/www.sepaxmlgenerator.com\/de\/alles-ueber-sepa\/","name":"Alles \u00fcber SEPA - Der europ\u00e4ische Standard f\u00fcr die Abwicklung von Zahlungen","isPartOf":{"@id":"https:\/\/www.sepaxmlgenerator.com\/de\/#website"},"primaryImageOfPage":{"@id":"https:\/\/www.sepaxmlgenerator.com\/de\/alles-ueber-sepa\/#primaryimage"},"image":{"@id":"https:\/\/www.sepaxmlgenerator.com\/de\/alles-ueber-sepa\/#primaryimage"},"thumbnailUrl":"https:\/\/www.sepaxmlgenerator.com\/wp-content\/uploads\/2023\/01\/xml-process.jpg","datePublished":"2020-01-16T06:36:22+00:00","dateModified":"2023-01-31T21:47:03+00:00","description":"Alles \u00fcber SEPA - SEPA-XML-Generator ... Dateien f\u00fcr \u00dcberweisungen und Lastschriften - melden Sie sich noch heute f\u00fcr eine kostenlose Testversion an ... KOSTENLOSE SEPA-Software ...","breadcrumb":{"@id":"https:\/\/www.sepaxmlgenerator.com\/de\/alles-ueber-sepa\/#breadcrumb"},"inLanguage":"de","potentialAction":[{"@type":"ReadAction","target":["https:\/\/www.sepaxmlgenerator.com\/de\/alles-ueber-sepa\/"]}]},{"@type":"ImageObject","inLanguage":"de","@id":"https:\/\/www.sepaxmlgenerator.com\/de\/alles-ueber-sepa\/#primaryimage","url":"https:\/\/www.sepaxmlgenerator.com\/wp-content\/uploads\/2023\/01\/xml-process.jpg","contentUrl":"https:\/\/www.sepaxmlgenerator.com\/wp-content\/uploads\/2023\/01\/xml-process.jpg"},{"@type":"BreadcrumbList","@id":"https:\/\/www.sepaxmlgenerator.com\/de\/alles-ueber-sepa\/#breadcrumb","itemListElement":[{"@type":"ListItem","position":1,"name":"Home","item":"https:\/\/www.sepaxmlgenerator.com\/de\/startseite\/"},{"@type":"ListItem","position":2,"name":"Alles \u00fcber SEPA"}]},{"@type":"WebSite","@id":"https:\/\/www.sepaxmlgenerator.com\/de\/#website","url":"https:\/\/www.sepaxmlgenerator.com\/de\/","name":"SEPA XML GENERATOR","description":"","potentialAction":[{"@type":"SearchAction","target":{"@type":"EntryPoint","urlTemplate":"https:\/\/www.sepaxmlgenerator.com\/de\/?s={search_term_string}"},"query-input":{"@type":"PropertyValueSpecification","valueRequired":true,"valueName":"search_term_string"}}],"inLanguage":"de"}]}},"_links":{"self":[{"href":"https:\/\/www.sepaxmlgenerator.com\/de\/wp-json\/wp\/v2\/pages\/741","targetHints":{"allow":["GET"]}}],"collection":[{"href":"https:\/\/www.sepaxmlgenerator.com\/de\/wp-json\/wp\/v2\/pages"}],"about":[{"href":"https:\/\/www.sepaxmlgenerator.com\/de\/wp-json\/wp\/v2\/types\/page"}],"author":[{"embeddable":true,"href":"https:\/\/www.sepaxmlgenerator.com\/de\/wp-json\/wp\/v2\/users\/1"}],"replies":[{"embeddable":true,"href":"https:\/\/www.sepaxmlgenerator.com\/de\/wp-json\/wp\/v2\/comments?post=741"}],"version-history":[{"count":5,"href":"https:\/\/www.sepaxmlgenerator.com\/de\/wp-json\/wp\/v2\/pages\/741\/revisions"}],"predecessor-version":[{"id":1282,"href":"https:\/\/www.sepaxmlgenerator.com\/de\/wp-json\/wp\/v2\/pages\/741\/revisions\/1282"}],"wp:attachment":[{"href":"https:\/\/www.sepaxmlgenerator.com\/de\/wp-json\/wp\/v2\/media?parent=741"}],"curies":[{"name":"wp","href":"https:\/\/api.w.org\/{rel}","templated":true}]}}