{"id":747,"date":"2020-01-17T06:58:42","date_gmt":"2020-01-17T06:58:42","guid":{"rendered":"https:\/\/sepaxmlgenerator.com\/datenschutz-bestimmungen\/"},"modified":"2022-04-13T13:23:42","modified_gmt":"2022-04-13T13:23:42","slug":"datenschutz-bestimmungen","status":"publish","type":"page","link":"https:\/\/www.sepaxmlgenerator.com\/de\/datenschutz-bestimmungen\/","title":{"rendered":"Datenschutz-Bestimmungen"},"content":{"rendered":"<p><a class=\"iubenda-white no-brand iubenda-embed iub-body-embed\" title=\"Privacy Policy\" href=\"https:\/\/www.iubenda.com\/privacy-policy\/91848415\">Datenschutz-Bestimmungen<\/a><script type=\"text\/javascript\">(function (w,d) {var loader = function () {var s = d.createElement(\"script\"), tag = d.getElementsByTagName(\"script\")[0]; s.src=\"https:\/\/cdn.iubenda.com\/iubenda.js\"; tag.parentNode.insertBefore(s,tag);}; if(w.addEventListener){w.addEventListener(\"load\", loader, false);}else if(w.attachEvent){w.attachEvent(\"onload\", loader);}else{w.onload = loader;}})(window, document);<\/script><\/p>\n","protected":false},"excerpt":{"rendered":"Datenschutz-Bestimmungen","protected":false},"author":1,"featured_media":0,"parent":0,"menu_order":0,"comment_status":"closed","ping_status":"closed","template":"page-templates\/privacy-policy.php","meta":{"_acf_changed":false,"footnotes":""},"class_list":["post-747","page","type-page","status-publish","hentry"],"acf":[],"yoast_head":"<!-- This site is optimized with the Yoast SEO plugin v27.3 - https:\/\/yoast.com\/product\/yoast-seo-wordpress\/ -->\n<title>Website-Datenschutzrichtlinie f\u00fcr www.sepaxmlgenerator.com f\u00fcr Benutzer<\/title>\n<meta name=\"description\" content=\"Website-Datenschutzrichtlinie f\u00fcr www.sepaxmlgenerator.com f\u00fcr Benutzer - \u00dcberweisungs- und Lastschriftsoftware - Kostenlose SEPA-Software vom SEPA-XML-Generator\" \/>\n<meta name=\"robots\" content=\"index, follow, max-snippet:-1, max-image-preview:large, max-video-preview:-1\" \/>\n<link rel=\"canonical\" href=\"https:\/\/www.sepaxmlgenerator.com\/de\/datenschutz-bestimmungen\/\" \/>\n<meta property=\"og:locale\" content=\"de_DE\" \/>\n<meta property=\"og:type\" content=\"article\" \/>\n<meta property=\"og:title\" content=\"Website-Datenschutzrichtlinie f\u00fcr www.sepaxmlgenerator.com f\u00fcr Benutzer\" \/>\n<meta property=\"og:description\" content=\"Website-Datenschutzrichtlinie f\u00fcr www.sepaxmlgenerator.com f\u00fcr Benutzer - \u00dcberweisungs- und Lastschriftsoftware - Kostenlose SEPA-Software vom SEPA-XML-Generator\" \/>\n<meta property=\"og:url\" content=\"https:\/\/www.sepaxmlgenerator.com\/de\/datenschutz-bestimmungen\/\" \/>\n<meta property=\"og:site_name\" content=\"SEPA XML GENERATOR\" \/>\n<meta property=\"article:modified_time\" content=\"2022-04-13T13:23:42+00:00\" \/>\n<meta name=\"twitter:card\" content=\"summary_large_image\" \/>\n<script type=\"application\/ld+json\" class=\"yoast-schema-graph\">{\"@context\":\"https:\\\/\\\/schema.org\",\"@graph\":[{\"@type\":\"WebPage\",\"@id\":\"https:\\\/\\\/www.sepaxmlgenerator.com\\\/de\\\/datenschutz-bestimmungen\\\/\",\"url\":\"https:\\\/\\\/www.sepaxmlgenerator.com\\\/de\\\/datenschutz-bestimmungen\\\/\",\"name\":\"Website-Datenschutzrichtlinie f\u00fcr www.sepaxmlgenerator.com f\u00fcr Benutzer\",\"isPartOf\":{\"@id\":\"https:\\\/\\\/www.sepaxmlgenerator.com\\\/de\\\/#website\"},\"datePublished\":\"2020-01-17T06:58:42+00:00\",\"dateModified\":\"2022-04-13T13:23:42+00:00\",\"description\":\"Website-Datenschutzrichtlinie f\u00fcr www.sepaxmlgenerator.com f\u00fcr Benutzer - \u00dcberweisungs- und Lastschriftsoftware - Kostenlose SEPA-Software vom SEPA-XML-Generator\",\"breadcrumb\":{\"@id\":\"https:\\\/\\\/www.sepaxmlgenerator.com\\\/de\\\/datenschutz-bestimmungen\\\/#breadcrumb\"},\"inLanguage\":\"de\",\"potentialAction\":[{\"@type\":\"ReadAction\",\"target\":[\"https:\\\/\\\/www.sepaxmlgenerator.com\\\/de\\\/datenschutz-bestimmungen\\\/\"]}]},{\"@type\":\"BreadcrumbList\",\"@id\":\"https:\\\/\\\/www.sepaxmlgenerator.com\\\/de\\\/datenschutz-bestimmungen\\\/#breadcrumb\",\"itemListElement\":[{\"@type\":\"ListItem\",\"position\":1,\"name\":\"Home\",\"item\":\"https:\\\/\\\/www.sepaxmlgenerator.com\\\/de\\\/startseite\\\/\"},{\"@type\":\"ListItem\",\"position\":2,\"name\":\"Datenschutz-Bestimmungen\"}]},{\"@type\":\"WebSite\",\"@id\":\"https:\\\/\\\/www.sepaxmlgenerator.com\\\/de\\\/#website\",\"url\":\"https:\\\/\\\/www.sepaxmlgenerator.com\\\/de\\\/\",\"name\":\"SEPA XML GENERATOR\",\"description\":\"\",\"potentialAction\":[{\"@type\":\"SearchAction\",\"target\":{\"@type\":\"EntryPoint\",\"urlTemplate\":\"https:\\\/\\\/www.sepaxmlgenerator.com\\\/de\\\/?s={search_term_string}\"},\"query-input\":{\"@type\":\"PropertyValueSpecification\",\"valueRequired\":true,\"valueName\":\"search_term_string\"}}],\"inLanguage\":\"de\"}]}<\/script>\n<!-- \/ Yoast SEO plugin. -->","yoast_head_json":{"title":"Website-Datenschutzrichtlinie f\u00fcr www.sepaxmlgenerator.com f\u00fcr Benutzer","description":"Website-Datenschutzrichtlinie f\u00fcr www.sepaxmlgenerator.com f\u00fcr Benutzer - \u00dcberweisungs- und Lastschriftsoftware - Kostenlose SEPA-Software vom SEPA-XML-Generator","robots":{"index":"index","follow":"follow","max-snippet":"max-snippet:-1","max-image-preview":"max-image-preview:large","max-video-preview":"max-video-preview:-1"},"canonical":"https:\/\/www.sepaxmlgenerator.com\/de\/datenschutz-bestimmungen\/","og_locale":"de_DE","og_type":"article","og_title":"Website-Datenschutzrichtlinie f\u00fcr www.sepaxmlgenerator.com f\u00fcr Benutzer","og_description":"Website-Datenschutzrichtlinie f\u00fcr www.sepaxmlgenerator.com f\u00fcr Benutzer - \u00dcberweisungs- und Lastschriftsoftware - Kostenlose SEPA-Software vom SEPA-XML-Generator","og_url":"https:\/\/www.sepaxmlgenerator.com\/de\/datenschutz-bestimmungen\/","og_site_name":"SEPA XML GENERATOR","article_modified_time":"2022-04-13T13:23:42+00:00","twitter_card":"summary_large_image","schema":{"@context":"https:\/\/schema.org","@graph":[{"@type":"WebPage","@id":"https:\/\/www.sepaxmlgenerator.com\/de\/datenschutz-bestimmungen\/","url":"https:\/\/www.sepaxmlgenerator.com\/de\/datenschutz-bestimmungen\/","name":"Website-Datenschutzrichtlinie f\u00fcr www.sepaxmlgenerator.com f\u00fcr Benutzer","isPartOf":{"@id":"https:\/\/www.sepaxmlgenerator.com\/de\/#website"},"datePublished":"2020-01-17T06:58:42+00:00","dateModified":"2022-04-13T13:23:42+00:00","description":"Website-Datenschutzrichtlinie f\u00fcr www.sepaxmlgenerator.com f\u00fcr Benutzer - \u00dcberweisungs- und Lastschriftsoftware - Kostenlose SEPA-Software vom SEPA-XML-Generator","breadcrumb":{"@id":"https:\/\/www.sepaxmlgenerator.com\/de\/datenschutz-bestimmungen\/#breadcrumb"},"inLanguage":"de","potentialAction":[{"@type":"ReadAction","target":["https:\/\/www.sepaxmlgenerator.com\/de\/datenschutz-bestimmungen\/"]}]},{"@type":"BreadcrumbList","@id":"https:\/\/www.sepaxmlgenerator.com\/de\/datenschutz-bestimmungen\/#breadcrumb","itemListElement":[{"@type":"ListItem","position":1,"name":"Home","item":"https:\/\/www.sepaxmlgenerator.com\/de\/startseite\/"},{"@type":"ListItem","position":2,"name":"Datenschutz-Bestimmungen"}]},{"@type":"WebSite","@id":"https:\/\/www.sepaxmlgenerator.com\/de\/#website","url":"https:\/\/www.sepaxmlgenerator.com\/de\/","name":"SEPA XML GENERATOR","description":"","potentialAction":[{"@type":"SearchAction","target":{"@type":"EntryPoint","urlTemplate":"https:\/\/www.sepaxmlgenerator.com\/de\/?s={search_term_string}"},"query-input":{"@type":"PropertyValueSpecification","valueRequired":true,"valueName":"search_term_string"}}],"inLanguage":"de"}]}},"_links":{"self":[{"href":"https:\/\/www.sepaxmlgenerator.com\/de\/wp-json\/wp\/v2\/pages\/747","targetHints":{"allow":["GET"]}}],"collection":[{"href":"https:\/\/www.sepaxmlgenerator.com\/de\/wp-json\/wp\/v2\/pages"}],"about":[{"href":"https:\/\/www.sepaxmlgenerator.com\/de\/wp-json\/wp\/v2\/types\/page"}],"author":[{"embeddable":true,"href":"https:\/\/www.sepaxmlgenerator.com\/de\/wp-json\/wp\/v2\/users\/1"}],"replies":[{"embeddable":true,"href":"https:\/\/www.sepaxmlgenerator.com\/de\/wp-json\/wp\/v2\/comments?post=747"}],"version-history":[{"count":2,"href":"https:\/\/www.sepaxmlgenerator.com\/de\/wp-json\/wp\/v2\/pages\/747\/revisions"}],"predecessor-version":[{"id":1044,"href":"https:\/\/www.sepaxmlgenerator.com\/de\/wp-json\/wp\/v2\/pages\/747\/revisions\/1044"}],"wp:attachment":[{"href":"https:\/\/www.sepaxmlgenerator.com\/de\/wp-json\/wp\/v2\/media?parent=747"}],"curies":[{"name":"wp","href":"https:\/\/api.w.org\/{rel}","templated":true}]}}