{"id":753,"date":"2020-01-17T06:54:23","date_gmt":"2020-01-17T06:54:23","guid":{"rendered":"https:\/\/sepaxmlgenerator.com\/produkttour\/"},"modified":"2026-01-29T14:22:25","modified_gmt":"2026-01-29T14:22:25","slug":"produkttour","status":"publish","type":"page","link":"https:\/\/www.sepaxmlgenerator.com\/de\/produkttour\/","title":{"rendered":"Produkttour"},"content":{"rendered":"<p><strong>Zu den Hauptmerkmalen unserer XML-Software f\u00fcr Lastschriften und \u00dcberweisungen geh\u00f6ren:<\/strong><\/p>\n<ul>\n<li>Generieren Sie schnell SEPA-XML-Lastschrift- und \u00dcberweisungsdateien<\/li>\n<li>Erstellen Sie Dateien so oft wie n\u00f6tig jeden Monat, einschlie\u00dflich Lastschrifteinzug zu Beginn und\/oder zur Mitte des Monats<\/li>\n<li>Webbasiert &#8211; Zugriff auf die Anwendung \u00fcber eine Internetverbindung<\/li>\n<li><a href=\"https:\/\/www.sepaxmlgenerator.com\/de\/blog\/sepa-xml-generator-api-fuer-lastschriften-und-ueberweisungen-launched\/\" target=\"_blank\" rel=\"noopener\">SEPA-API-Integration<\/a> mit Buchhaltungssoftware, falls erforderlich<\/li>\n<li>Duale Funktionalit\u00e4t &#8211; Schnelles <a href=\"https:\/\/www.sepaxmlgenerator.com\/de\/blog\/sepa-xml-generator-doppelfunktionalitat-und-mehrere-bankkonten-funktionalitat-jetzt-live\/\" target=\"_blank\" rel=\"noopener\">Umschalten<\/a> von Lastschrift- auf \u00dcberweisungsfunktionalit\u00e4t<\/li>\n<li>F\u00fcgen Sie mehr als ein Hauptbankkonto hinzu &#8211; und wechseln Sie zwischen jedem Konto innerhalb desselben Kontos<\/li>\n<li>Schnellbearbeitungsfunktion f\u00fcr Kundenbetr\u00e4ge<\/li>\n<li>Automatischer Summenrechner f\u00fcr XML-Gesamtbetr\u00e4ge<\/li>\n<li>Permanenter Upload der BIC-Nummer<\/li>\n<li>Massenaktualisierung von Kunden \u00fcber einen <a href=\"https:\/\/www.sepaxmlgenerator.com\/de\/blog\/sepa-xml-generator-jetzt-mit-ueberweisungsreferenzfunktionalitaet\/\" target=\"_blank\" rel=\"noopener\">csv-Dateiupload<\/a>, falls erforderlich<\/li>\n<li>Merkmal <a href=\"https:\/\/www.sepaxmlgenerator.com\/de\/blog\/sepa-xml-generator-jetzt-mit-ueberweisungsreferenzfunktionalitaet\/\" target=\"_blank\" rel=\"noopener\">Referenznummer<\/a> f\u00fcr \u00dcberweisungen<\/li>\n<li><a href=\"https:\/\/www.sepaxmlgenerator.com\/de\/blog\/kombinieren-oder-zusammenfuehren-von-sepa-ueberweisungsdateien-online-mit-sepa-xml-generator\/\" target=\"_blank\" rel=\"noopener\">Zusammenf\u00fchren oder Kombinieren<\/a> mehrerer SEPA xml-Dateien<\/li>\n<li><a href=\"https:\/\/www.sepaxmlgenerator.com\/de\/blog\/konvertieren-sie-eine-csv-datei-in-ein-sepa-xml-dateiformat-fuer-lastschriften-oder-ueberweisungen\/\" target=\"_blank\" rel=\"noopener\">Massen- und Schnelll\u00f6schfunktion<\/a> f\u00fcr mehr Sicherheit<\/li>\n<li>E-Mail <a href=\"https:\/\/www.sepaxmlgenerator.com\/de\/blog\/einmaliges-passwort-jetzt-live-auf-sepa-xml-generator\/\" target=\"_blank\" rel=\"noopener\">One Time Password<\/a> f\u00fcr mehr Sicherheit<\/li>\n<li>OIN, CI-Nummer &amp; Bankverbindung Dauerhaft versteckt f\u00fcr erh\u00f6hte Sicherheit<\/li>\n<li>Klare, in die Software integrierte <a href=\"https:\/\/www.sepaxmlgenerator.com\/de\/blog\/erhoehte-sicherheit-und-benutzerkontrolle-mit-sepa-xml-generator\/\" target=\"_blank\" rel=\"noopener\">Funktion f\u00fcr sensible Daten<\/a> <\/li>\n<li>Archivierte xml-Dateien verf\u00fcgbar (falls ausgew\u00e4hlt) und bei Bedarf dauerhaft gel\u00f6scht<\/li>\n<li>System- und Benutzerkonten werden t\u00e4glich remote gesichert<\/li>\n<li>In die Software eingebettete Berichtsfunktion<\/li>\n<li>Funktion zum Zur\u00fccksetzen des Passworts innerhalb des Dashboards f\u00fcr erh\u00f6hte Sicherheit<\/li>\n<li>In das Dashboard eingebettete Anleitungsvideos<\/li>\n<li>Kostenloser Telefon- und E-Mail-Support<\/li>\n<\/ul>\n<h2>Einrichten Ihres Firmenprofils, Hinzuf\u00fcgen von BIC-Nummern und Hinzuf\u00fcgen von Kunden und Lieferanten<\/h2>\n<p><iframe loading=\"lazy\" title=\"Setting up your profile, adding BICS and manually adding a customer\/supplier - SEPA XML GENERATOR\" width=\"580\" height=\"326\" src=\"https:\/\/www.youtube.com\/embed\/-RE20SvyqIQ?feature=oembed\" frameborder=\"0\" allow=\"accelerometer; autoplay; clipboard-write; encrypted-media; gyroscope; picture-in-picture; web-share\" referrerpolicy=\"strict-origin-when-cross-origin\" allowfullscreen><\/iframe><\/p>\n<h2>Massen-Upload von Kunden oder Lieferanten mit einer cvs-Datei<\/h2>\n<p><iframe loading=\"lazy\" title=\"SEPA XML GENERATOR - Adding customers and suppliers using a csv file   mass upload\" width=\"580\" height=\"326\" src=\"https:\/\/www.youtube.com\/embed\/NosmeroJ0rQ?feature=oembed\" frameborder=\"0\" allow=\"accelerometer; autoplay; clipboard-write; encrypted-media; gyroscope; picture-in-picture; web-share\" referrerpolicy=\"strict-origin-when-cross-origin\" allowfullscreen><\/iframe><\/p>\n<h2>Generieren einer SEPA-XML-Datei mit dem SEPA-XML-GENERATOR<\/h2>\n<p><iframe loading=\"lazy\" title=\"SEPA XML GENERATOR - Generating a SEPA xml file for Credit Transfers or Direct Debits\" width=\"580\" height=\"326\" src=\"https:\/\/www.youtube.com\/embed\/BtGxjV6QFbc?feature=oembed\" frameborder=\"0\" allow=\"accelerometer; autoplay; clipboard-write; encrypted-media; gyroscope; picture-in-picture; web-share\" referrerpolicy=\"strict-origin-when-cross-origin\" allowfullscreen><\/iframe><\/p>\n","protected":false},"excerpt":{"rendered":"Zu den Hauptmerkmalen unserer XML-Software f\u00fcr Lastschriften und \u00dcberweisungen geh\u00f6ren: Generieren Sie schnell SEPA-XML-Lastschrift- und \u00dcberweisungsdateien Erstellen Sie Dateien so oft wie n\u00f6tig jeden Monat, einschlie\u00dflich Lastschrifteinzug zu Beginn und\/oder zur Mitte des Monats Webbasiert &#8211; Zugriff auf die Anwendung \u00fcber eine Internetverbindung SEPA-API-Integration mit Buchhaltungssoftware, falls erforderlich Duale Funktionalit\u00e4t &#8211; Schnelles Umschalten von Lastschrift- [&hellip;]","protected":false},"author":1,"featured_media":0,"parent":0,"menu_order":0,"comment_status":"closed","ping_status":"closed","template":"page-templates\/inner-page-two.php","meta":{"_acf_changed":false,"footnotes":""},"class_list":["post-753","page","type-page","status-publish","hentry"],"acf":[],"yoast_head":"<!-- This site is optimized with the Yoast SEO plugin v27.3 - https:\/\/yoast.com\/product\/yoast-seo-wordpress\/ -->\n<title>Produkttour SEPA-XML-Generator Lastschrift- und \u00dcberweisungssoftware<\/title>\n<meta name=\"description\" content=\"Produkttour SEPA-XML-Generator Lastschrift- und \u00dcberweisungssoftware - Vorteile und Funktionen - Wie einfach ist unser SEPA-XML-GENERATOR zu bedienen?\" \/>\n<meta name=\"robots\" content=\"index, follow, max-snippet:-1, max-image-preview:large, max-video-preview:-1\" \/>\n<link rel=\"canonical\" href=\"https:\/\/www.sepaxmlgenerator.com\/de\/produkttour\/\" \/>\n<meta property=\"og:locale\" content=\"de_DE\" \/>\n<meta property=\"og:type\" content=\"article\" \/>\n<meta property=\"og:title\" content=\"Produkttour SEPA-XML-Generator Lastschrift- und \u00dcberweisungssoftware\" \/>\n<meta property=\"og:description\" content=\"Produkttour SEPA-XML-Generator Lastschrift- und \u00dcberweisungssoftware - Vorteile und Funktionen - Wie einfach ist unser SEPA-XML-GENERATOR zu bedienen?\" \/>\n<meta property=\"og:url\" content=\"https:\/\/www.sepaxmlgenerator.com\/de\/produkttour\/\" \/>\n<meta property=\"og:site_name\" content=\"SEPA XML GENERATOR\" \/>\n<meta property=\"article:modified_time\" content=\"2026-01-29T14:22:25+00:00\" \/>\n<meta name=\"twitter:card\" content=\"summary_large_image\" \/>\n<meta name=\"twitter:label1\" content=\"Gesch\u00e4tzte Lesezeit\" \/>\n\t<meta name=\"twitter:data1\" content=\"1\u00a0Minute\" \/>\n<script type=\"application\/ld+json\" class=\"yoast-schema-graph\">{\"@context\":\"https:\\\/\\\/schema.org\",\"@graph\":[{\"@type\":\"WebPage\",\"@id\":\"https:\\\/\\\/www.sepaxmlgenerator.com\\\/de\\\/produkttour\\\/\",\"url\":\"https:\\\/\\\/www.sepaxmlgenerator.com\\\/de\\\/produkttour\\\/\",\"name\":\"Produkttour SEPA-XML-Generator Lastschrift- und \u00dcberweisungssoftware\",\"isPartOf\":{\"@id\":\"https:\\\/\\\/www.sepaxmlgenerator.com\\\/de\\\/#website\"},\"datePublished\":\"2020-01-17T06:54:23+00:00\",\"dateModified\":\"2026-01-29T14:22:25+00:00\",\"description\":\"Produkttour SEPA-XML-Generator Lastschrift- und \u00dcberweisungssoftware - Vorteile und Funktionen - Wie einfach ist unser SEPA-XML-GENERATOR zu bedienen?\",\"breadcrumb\":{\"@id\":\"https:\\\/\\\/www.sepaxmlgenerator.com\\\/de\\\/produkttour\\\/#breadcrumb\"},\"inLanguage\":\"de\",\"potentialAction\":[{\"@type\":\"ReadAction\",\"target\":[\"https:\\\/\\\/www.sepaxmlgenerator.com\\\/de\\\/produkttour\\\/\"]}]},{\"@type\":\"BreadcrumbList\",\"@id\":\"https:\\\/\\\/www.sepaxmlgenerator.com\\\/de\\\/produkttour\\\/#breadcrumb\",\"itemListElement\":[{\"@type\":\"ListItem\",\"position\":1,\"name\":\"Home\",\"item\":\"https:\\\/\\\/www.sepaxmlgenerator.com\\\/de\\\/startseite\\\/\"},{\"@type\":\"ListItem\",\"position\":2,\"name\":\"Produkttour\"}]},{\"@type\":\"WebSite\",\"@id\":\"https:\\\/\\\/www.sepaxmlgenerator.com\\\/de\\\/#website\",\"url\":\"https:\\\/\\\/www.sepaxmlgenerator.com\\\/de\\\/\",\"name\":\"SEPA XML GENERATOR\",\"description\":\"\",\"potentialAction\":[{\"@type\":\"SearchAction\",\"target\":{\"@type\":\"EntryPoint\",\"urlTemplate\":\"https:\\\/\\\/www.sepaxmlgenerator.com\\\/de\\\/?s={search_term_string}\"},\"query-input\":{\"@type\":\"PropertyValueSpecification\",\"valueRequired\":true,\"valueName\":\"search_term_string\"}}],\"inLanguage\":\"de\"}]}<\/script>\n<!-- \/ Yoast SEO plugin. -->","yoast_head_json":{"title":"Produkttour SEPA-XML-Generator Lastschrift- und \u00dcberweisungssoftware","description":"Produkttour SEPA-XML-Generator Lastschrift- und \u00dcberweisungssoftware - Vorteile und Funktionen - Wie einfach ist unser SEPA-XML-GENERATOR zu bedienen?","robots":{"index":"index","follow":"follow","max-snippet":"max-snippet:-1","max-image-preview":"max-image-preview:large","max-video-preview":"max-video-preview:-1"},"canonical":"https:\/\/www.sepaxmlgenerator.com\/de\/produkttour\/","og_locale":"de_DE","og_type":"article","og_title":"Produkttour SEPA-XML-Generator Lastschrift- und \u00dcberweisungssoftware","og_description":"Produkttour SEPA-XML-Generator Lastschrift- und \u00dcberweisungssoftware - Vorteile und Funktionen - Wie einfach ist unser SEPA-XML-GENERATOR zu bedienen?","og_url":"https:\/\/www.sepaxmlgenerator.com\/de\/produkttour\/","og_site_name":"SEPA XML GENERATOR","article_modified_time":"2026-01-29T14:22:25+00:00","twitter_card":"summary_large_image","twitter_misc":{"Gesch\u00e4tzte Lesezeit":"1\u00a0Minute"},"schema":{"@context":"https:\/\/schema.org","@graph":[{"@type":"WebPage","@id":"https:\/\/www.sepaxmlgenerator.com\/de\/produkttour\/","url":"https:\/\/www.sepaxmlgenerator.com\/de\/produkttour\/","name":"Produkttour SEPA-XML-Generator Lastschrift- und \u00dcberweisungssoftware","isPartOf":{"@id":"https:\/\/www.sepaxmlgenerator.com\/de\/#website"},"datePublished":"2020-01-17T06:54:23+00:00","dateModified":"2026-01-29T14:22:25+00:00","description":"Produkttour SEPA-XML-Generator Lastschrift- und \u00dcberweisungssoftware - Vorteile und Funktionen - Wie einfach ist unser SEPA-XML-GENERATOR zu bedienen?","breadcrumb":{"@id":"https:\/\/www.sepaxmlgenerator.com\/de\/produkttour\/#breadcrumb"},"inLanguage":"de","potentialAction":[{"@type":"ReadAction","target":["https:\/\/www.sepaxmlgenerator.com\/de\/produkttour\/"]}]},{"@type":"BreadcrumbList","@id":"https:\/\/www.sepaxmlgenerator.com\/de\/produkttour\/#breadcrumb","itemListElement":[{"@type":"ListItem","position":1,"name":"Home","item":"https:\/\/www.sepaxmlgenerator.com\/de\/startseite\/"},{"@type":"ListItem","position":2,"name":"Produkttour"}]},{"@type":"WebSite","@id":"https:\/\/www.sepaxmlgenerator.com\/de\/#website","url":"https:\/\/www.sepaxmlgenerator.com\/de\/","name":"SEPA XML GENERATOR","description":"","potentialAction":[{"@type":"SearchAction","target":{"@type":"EntryPoint","urlTemplate":"https:\/\/www.sepaxmlgenerator.com\/de\/?s={search_term_string}"},"query-input":{"@type":"PropertyValueSpecification","valueRequired":true,"valueName":"search_term_string"}}],"inLanguage":"de"}]}},"_links":{"self":[{"href":"https:\/\/www.sepaxmlgenerator.com\/de\/wp-json\/wp\/v2\/pages\/753","targetHints":{"allow":["GET"]}}],"collection":[{"href":"https:\/\/www.sepaxmlgenerator.com\/de\/wp-json\/wp\/v2\/pages"}],"about":[{"href":"https:\/\/www.sepaxmlgenerator.com\/de\/wp-json\/wp\/v2\/types\/page"}],"author":[{"embeddable":true,"href":"https:\/\/www.sepaxmlgenerator.com\/de\/wp-json\/wp\/v2\/users\/1"}],"replies":[{"embeddable":true,"href":"https:\/\/www.sepaxmlgenerator.com\/de\/wp-json\/wp\/v2\/comments?post=753"}],"version-history":[{"count":10,"href":"https:\/\/www.sepaxmlgenerator.com\/de\/wp-json\/wp\/v2\/pages\/753\/revisions"}],"predecessor-version":[{"id":20661,"href":"https:\/\/www.sepaxmlgenerator.com\/de\/wp-json\/wp\/v2\/pages\/753\/revisions\/20661"}],"wp:attachment":[{"href":"https:\/\/www.sepaxmlgenerator.com\/de\/wp-json\/wp\/v2\/media?parent=753"}],"curies":[{"name":"wp","href":"https:\/\/api.w.org\/{rel}","templated":true}]}}