{"id":2022,"date":"2023-01-30T08:30:41","date_gmt":"2023-01-30T08:30:41","guid":{"rendered":"https:\/\/sepaxmlgenerator.com\/sepa-api\/"},"modified":"2023-01-30T08:30:41","modified_gmt":"2023-01-30T08:30:41","slug":"sepa-api","status":"publish","type":"page","link":"https:\/\/www.sepaxmlgenerator.com\/es\/sepa-api\/","title":{"rendered":"SEPA &#8211; API"},"content":{"rendered":"<p>Nuestra API SEPA permite a los usuarios integrar su cuenta SEPA XML GENERATOR en cualquier paquete de contabilidad. B\u00e1sicamente, nuestra API SEPA se integrar\u00e1 en su paquete de contabilidad, lo que automatizar\u00e1 el proceso de domiciliaci\u00f3n bancaria y transferencia de cr\u00e9ditos.<\/p>\n<h2>Nuestro proceso API SEPA<\/h2>\n<div class=\"api-content-img\">\n<ul class=\"api-process-list\">\n<li>El usuario inicia sesi\u00f3n en el paquete de contabilidad de la empresa<\/li>\n<li>El usuario selecciona clientes de domiciliaci\u00f3n bancaria o transferencia de cr\u00e9dito<\/li>\n<li>El software de contabilidad generar\u00e1 un archivo csv, se conectar\u00e1 a su cuenta SEPA XML GENERATOR y procesar\u00e1 el archivo.<\/li>\n<li>El usuario se conecta al banco en l\u00ednea de la empresa y carga el archivo<\/li>\n<\/ul>\n<div class=\"api-img\">\n<figure style=\"width: 345px\" class=\"wp-caption alignnone\"><img loading=\"lazy\" decoding=\"async\" src=\"https:\/\/www.sepaxmlgenerator.com\/wp-content\/uploads\/2023\/01\/api.png\" alt=\"API SEPA\" width=\"345\" height=\"270\"><figcaption class=\"wp-caption-text\">API SEPA<\/figcaption><\/figure>\n<\/div>\n<\/div>\n<p>El uso de la API de la SEPA elimina la introducci\u00f3n manual de datos, lo que reduce los costes y la posibilidad de errores. La API SEPA elimina todas las complicaciones y automatiza todo el proceso de principio a fin con unos pocos clics.<\/p>\n<p>Pruebe hoy mismo una prueba gratuita de la API SEPA y concierte una <a href=\"https:\/\/www.sepaxmlgenerator.com\/es\/registrese-para-obtener-un-sepa-xml-gratuitogenerator-test-heute\/#contact\" target=\"_blank\" rel=\"noopener\">cita<\/a> con nuestro equipo de integraci\u00f3n.<\/p>\n","protected":false},"excerpt":{"rendered":"Nuestra API SEPA permite a los usuarios integrar su cuenta SEPA XML GENERATOR en cualquier paquete de contabilidad. B\u00e1sicamente, nuestra API SEPA se integrar\u00e1 en su paquete de contabilidad, lo que automatizar\u00e1 el proceso de domiciliaci\u00f3n bancaria y transferencia de cr\u00e9ditos. Nuestro proceso API SEPA El usuario inicia sesi\u00f3n en el paquete de contabilidad de [&hellip;]","protected":false},"author":1,"featured_media":0,"parent":0,"menu_order":0,"comment_status":"closed","ping_status":"closed","template":"page-templates\/inner-page-two.php","meta":{"_acf_changed":false,"footnotes":""},"class_list":["post-2022","page","type-page","status-publish","hentry"],"acf":[],"yoast_head":"<!-- This site is optimized with the Yoast SEO plugin v27.3 - https:\/\/yoast.com\/product\/yoast-seo-wordpress\/ -->\n<title>SEPA API Adeudo Directo y Transferencia de Cr\u00e9dito Software de SEPA XML GENERATOR<\/title>\n<meta name=\"description\" content=\"SEPA API Direct Debit &amp; Credit Transfer Software from SEPA XML GENERATOR intregrate our SEPA Software with your own Accountancy Software\" \/>\n<meta name=\"robots\" content=\"index, follow, max-snippet:-1, max-image-preview:large, max-video-preview:-1\" \/>\n<link rel=\"canonical\" href=\"https:\/\/www.sepaxmlgenerator.com\/es\/sepa-api\/\" \/>\n<meta property=\"og:locale\" content=\"es_ES\" \/>\n<meta property=\"og:type\" content=\"article\" \/>\n<meta property=\"og:title\" content=\"SEPA API Adeudo Directo y Transferencia de Cr\u00e9dito Software de SEPA XML GENERATOR\" \/>\n<meta property=\"og:description\" content=\"SEPA API Direct Debit &amp; Credit Transfer Software from SEPA XML GENERATOR intregrate our SEPA Software with your own Accountancy Software\" \/>\n<meta property=\"og:url\" content=\"https:\/\/www.sepaxmlgenerator.com\/es\/sepa-api\/\" \/>\n<meta property=\"og:site_name\" content=\"SEPA XML GENERATOR\" \/>\n<meta property=\"og:image\" content=\"https:\/\/www.sepaxmlgenerator.com\/wp-content\/uploads\/2023\/01\/api.png\" \/>\n<meta name=\"twitter:card\" content=\"summary_large_image\" \/>\n<meta name=\"twitter:label1\" content=\"Tiempo de lectura\" \/>\n\t<meta name=\"twitter:data1\" content=\"1 minuto\" \/>\n<script type=\"application\/ld+json\" class=\"yoast-schema-graph\">{\"@context\":\"https:\\\/\\\/schema.org\",\"@graph\":[{\"@type\":\"WebPage\",\"@id\":\"https:\\\/\\\/www.sepaxmlgenerator.com\\\/es\\\/sepa-api\\\/\",\"url\":\"https:\\\/\\\/www.sepaxmlgenerator.com\\\/es\\\/sepa-api\\\/\",\"name\":\"SEPA API Adeudo Directo y Transferencia de Cr\u00e9dito Software de SEPA XML GENERATOR\",\"isPartOf\":{\"@id\":\"https:\\\/\\\/www.sepaxmlgenerator.com\\\/es\\\/#website\"},\"primaryImageOfPage\":{\"@id\":\"https:\\\/\\\/www.sepaxmlgenerator.com\\\/es\\\/sepa-api\\\/#primaryimage\"},\"image\":{\"@id\":\"https:\\\/\\\/www.sepaxmlgenerator.com\\\/es\\\/sepa-api\\\/#primaryimage\"},\"thumbnailUrl\":\"https:\\\/\\\/www.sepaxmlgenerator.com\\\/wp-content\\\/uploads\\\/2023\\\/01\\\/api.png\",\"datePublished\":\"2023-01-30T08:30:41+00:00\",\"description\":\"SEPA API Direct Debit & Credit Transfer Software from SEPA XML GENERATOR intregrate our SEPA Software with your own Accountancy Software\",\"breadcrumb\":{\"@id\":\"https:\\\/\\\/www.sepaxmlgenerator.com\\\/es\\\/sepa-api\\\/#breadcrumb\"},\"inLanguage\":\"es\",\"potentialAction\":[{\"@type\":\"ReadAction\",\"target\":[\"https:\\\/\\\/www.sepaxmlgenerator.com\\\/es\\\/sepa-api\\\/\"]}]},{\"@type\":\"ImageObject\",\"inLanguage\":\"es\",\"@id\":\"https:\\\/\\\/www.sepaxmlgenerator.com\\\/es\\\/sepa-api\\\/#primaryimage\",\"url\":\"https:\\\/\\\/www.sepaxmlgenerator.com\\\/wp-content\\\/uploads\\\/2023\\\/01\\\/api.png\",\"contentUrl\":\"https:\\\/\\\/www.sepaxmlgenerator.com\\\/wp-content\\\/uploads\\\/2023\\\/01\\\/api.png\"},{\"@type\":\"BreadcrumbList\",\"@id\":\"https:\\\/\\\/www.sepaxmlgenerator.com\\\/es\\\/sepa-api\\\/#breadcrumb\",\"itemListElement\":[{\"@type\":\"ListItem\",\"position\":1,\"name\":\"Home\",\"item\":\"https:\\\/\\\/www.sepaxmlgenerator.com\\\/es\\\/\"},{\"@type\":\"ListItem\",\"position\":2,\"name\":\"SEPA &#8211; API\"}]},{\"@type\":\"WebSite\",\"@id\":\"https:\\\/\\\/www.sepaxmlgenerator.com\\\/es\\\/#website\",\"url\":\"https:\\\/\\\/www.sepaxmlgenerator.com\\\/es\\\/\",\"name\":\"SEPA XML GENERATOR\",\"description\":\"\",\"potentialAction\":[{\"@type\":\"SearchAction\",\"target\":{\"@type\":\"EntryPoint\",\"urlTemplate\":\"https:\\\/\\\/www.sepaxmlgenerator.com\\\/es\\\/?s={search_term_string}\"},\"query-input\":{\"@type\":\"PropertyValueSpecification\",\"valueRequired\":true,\"valueName\":\"search_term_string\"}}],\"inLanguage\":\"es\"}]}<\/script>\n<!-- \/ Yoast SEO plugin. -->","yoast_head_json":{"title":"SEPA API Adeudo Directo y Transferencia de Cr\u00e9dito Software de SEPA XML GENERATOR","description":"SEPA API Direct Debit & Credit Transfer Software from SEPA XML GENERATOR intregrate our SEPA Software with your own Accountancy Software","robots":{"index":"index","follow":"follow","max-snippet":"max-snippet:-1","max-image-preview":"max-image-preview:large","max-video-preview":"max-video-preview:-1"},"canonical":"https:\/\/www.sepaxmlgenerator.com\/es\/sepa-api\/","og_locale":"es_ES","og_type":"article","og_title":"SEPA API Adeudo Directo y Transferencia de Cr\u00e9dito Software de SEPA XML GENERATOR","og_description":"SEPA API Direct Debit & Credit Transfer Software from SEPA XML GENERATOR intregrate our SEPA Software with your own Accountancy Software","og_url":"https:\/\/www.sepaxmlgenerator.com\/es\/sepa-api\/","og_site_name":"SEPA XML GENERATOR","og_image":[{"url":"https:\/\/www.sepaxmlgenerator.com\/wp-content\/uploads\/2023\/01\/api.png","type":"","width":"","height":""}],"twitter_card":"summary_large_image","twitter_misc":{"Tiempo de lectura":"1 minuto"},"schema":{"@context":"https:\/\/schema.org","@graph":[{"@type":"WebPage","@id":"https:\/\/www.sepaxmlgenerator.com\/es\/sepa-api\/","url":"https:\/\/www.sepaxmlgenerator.com\/es\/sepa-api\/","name":"SEPA API Adeudo Directo y Transferencia de Cr\u00e9dito Software de SEPA XML GENERATOR","isPartOf":{"@id":"https:\/\/www.sepaxmlgenerator.com\/es\/#website"},"primaryImageOfPage":{"@id":"https:\/\/www.sepaxmlgenerator.com\/es\/sepa-api\/#primaryimage"},"image":{"@id":"https:\/\/www.sepaxmlgenerator.com\/es\/sepa-api\/#primaryimage"},"thumbnailUrl":"https:\/\/www.sepaxmlgenerator.com\/wp-content\/uploads\/2023\/01\/api.png","datePublished":"2023-01-30T08:30:41+00:00","description":"SEPA API Direct Debit & Credit Transfer Software from SEPA XML GENERATOR intregrate our SEPA Software with your own Accountancy Software","breadcrumb":{"@id":"https:\/\/www.sepaxmlgenerator.com\/es\/sepa-api\/#breadcrumb"},"inLanguage":"es","potentialAction":[{"@type":"ReadAction","target":["https:\/\/www.sepaxmlgenerator.com\/es\/sepa-api\/"]}]},{"@type":"ImageObject","inLanguage":"es","@id":"https:\/\/www.sepaxmlgenerator.com\/es\/sepa-api\/#primaryimage","url":"https:\/\/www.sepaxmlgenerator.com\/wp-content\/uploads\/2023\/01\/api.png","contentUrl":"https:\/\/www.sepaxmlgenerator.com\/wp-content\/uploads\/2023\/01\/api.png"},{"@type":"BreadcrumbList","@id":"https:\/\/www.sepaxmlgenerator.com\/es\/sepa-api\/#breadcrumb","itemListElement":[{"@type":"ListItem","position":1,"name":"Home","item":"https:\/\/www.sepaxmlgenerator.com\/es\/"},{"@type":"ListItem","position":2,"name":"SEPA &#8211; API"}]},{"@type":"WebSite","@id":"https:\/\/www.sepaxmlgenerator.com\/es\/#website","url":"https:\/\/www.sepaxmlgenerator.com\/es\/","name":"SEPA XML GENERATOR","description":"","potentialAction":[{"@type":"SearchAction","target":{"@type":"EntryPoint","urlTemplate":"https:\/\/www.sepaxmlgenerator.com\/es\/?s={search_term_string}"},"query-input":{"@type":"PropertyValueSpecification","valueRequired":true,"valueName":"search_term_string"}}],"inLanguage":"es"}]}},"_links":{"self":[{"href":"https:\/\/www.sepaxmlgenerator.com\/es\/wp-json\/wp\/v2\/pages\/2022","targetHints":{"allow":["GET"]}}],"collection":[{"href":"https:\/\/www.sepaxmlgenerator.com\/es\/wp-json\/wp\/v2\/pages"}],"about":[{"href":"https:\/\/www.sepaxmlgenerator.com\/es\/wp-json\/wp\/v2\/types\/page"}],"author":[{"embeddable":true,"href":"https:\/\/www.sepaxmlgenerator.com\/es\/wp-json\/wp\/v2\/users\/1"}],"replies":[{"embeddable":true,"href":"https:\/\/www.sepaxmlgenerator.com\/es\/wp-json\/wp\/v2\/comments?post=2022"}],"version-history":[{"count":0,"href":"https:\/\/www.sepaxmlgenerator.com\/es\/wp-json\/wp\/v2\/pages\/2022\/revisions"}],"wp:attachment":[{"href":"https:\/\/www.sepaxmlgenerator.com\/es\/wp-json\/wp\/v2\/media?parent=2022"}],"curies":[{"name":"wp","href":"https:\/\/api.w.org\/{rel}","templated":true}]}}