{"id":2142,"date":"2020-01-17T06:59:13","date_gmt":"2020-01-17T06:59:13","guid":{"rendered":"https:\/\/sepaxmlgenerator.com\/seitenverzeichnis\/"},"modified":"2020-01-17T06:59:13","modified_gmt":"2020-01-17T06:59:13","slug":"seitenverzeichnis","status":"publish","type":"page","link":"https:\/\/www.sepaxmlgenerator.com\/es\/seitenverzeichnis\/","title":{"rendered":"Seitenverzeichnis"},"content":{"rendered":"<ul class=\"sitemap\">\n<li><a href=\"https:\/\/www.sepaxmlgenerator.com\/de\/\">ZUHAUSE<\/a><\/li>\n<li><a href=\"https:\/\/www.sepaxmlgenerator.com\/es\/todo-sobre-la-sepa\/\">TODO SOBRE SEPA<\/a><\/li>\n<li><a href=\"https:\/\/www.sepaxmlgenerator.com\/es\/produkttour\/\">PRODUKTTOUR<\/a><\/li>\n<li><a href=\"https:\/\/www.sepaxmlgenerator.com\/es\/manuales-y-videos\/\">HANDB\u00dcCHER &amp; VIDEOS<\/a><\/li>\n<li><a href=\"https:\/\/www.sepaxmlgenerator.com\/es\/produkttour\/\">MERKMALE<\/a><\/li>\n<\/ul>\n<ul class=\"sitemap\">\n<li><a href=\"https:\/\/www.sepaxmlgenerator.com\/es\/comentarios\/\">BEWERTUNGEN<\/a><\/li>\n<li><a href=\"https:\/\/www.sepaxmlgenerator.com\/es\/registrese-para-obtener-un-sepa-xml-gratuitogenerator-test-heute\/#contact\">KOSTENLOSE TESTPHASE<\/a><\/li>\n<li><a href=\"https:\/\/www.sepaxmlgenerator.com\/es\/preisgestaltung\/\">PREISGESTALTUNG<\/a><\/li>\n<li><a href=\"https:\/\/www.sepaxmlgenerator.com\/es\/todas-las-novedades-del-generador-xml-sepa-disponibles\/\">\u00daLTIMAS NOTICIAS<\/a><\/li>\n<li><a href=\"https:\/\/www.sepaxmlgenerator.com\/es\/registrese-para-obtener-un-sepa-xml-gratuitogenerator-test-heute\/\">CONTACTA CON NOSOTROS<\/a><\/li>\n<\/ul>\n<ul class=\"sitemap\">\n<li><a href=\"https:\/\/www.sepaxmlgenerator.com\/sepa-xml-login\/\">ANMELDUNG<\/a><\/li>\n<li><a href=\"https:\/\/www.sepaxmlgenerator.com\/payment\/\">ZAHLUNGSPORTAL<\/a><\/li>\n<li><a href=\"https:\/\/www.sepaxmlgenerator.com\/es\/datenschutz-bestimmungen\/\">DATENSCHUTZ-BESTIMMUNGEN<\/a><\/li>\n<li><a href=\"https:\/\/www.sepaxmlgenerator.com\/es\/kekse\/\">KEKSE<\/a><\/li>\n<li><a href=\"https:\/\/www.sepaxmlgenerator.com\/es\/seitenverzeichnis\/\">SEITENVERZEICHNIS<\/a><\/li>\n<\/ul>\n","protected":false},"excerpt":{"rendered":"ZUHAUSE TODO SOBRE SEPA PRODUKTTOUR HANDB\u00dcCHER &amp; VIDEOS MERKMALE BEWERTUNGEN KOSTENLOSE TESTPHASE PREISGESTALTUNG \u00daLTIMAS NOTICIAS CONTACTA CON NOSOTROS ANMELDUNG ZAHLUNGSPORTAL DATENSCHUTZ-BESTIMMUNGEN KEKSE SEITENVERZEICHNIS","protected":false},"author":1,"featured_media":0,"parent":0,"menu_order":0,"comment_status":"closed","ping_status":"closed","template":"","meta":{"_acf_changed":false,"footnotes":""},"class_list":["post-2142","page","type-page","status-publish","hentry"],"acf":[],"yoast_head":"<!-- This site is optimized with the Yoast SEO plugin v27.3 - https:\/\/yoast.com\/product\/yoast-seo-wordpress\/ -->\n<title>Website-Sitemap f\u00fcr www.sepaxmlgenerator.com - SEPA-XML-Generator<\/title>\n<meta name=\"description\" content=\"Website-Sitemap f\u00fcr www.sepaxmlgenerator.com - SEPA-XML-Generator - Sammeln Sie Ihre Lastchriften und generieren Sie \u00dcberweisungsdateien - KOSTENLOSES Konto\" \/>\n<meta name=\"robots\" content=\"index, follow, max-snippet:-1, max-image-preview:large, max-video-preview:-1\" \/>\n<link rel=\"canonical\" href=\"https:\/\/www.sepaxmlgenerator.com\/es\/seitenverzeichnis\/\" \/>\n<meta property=\"og:locale\" content=\"es_ES\" \/>\n<meta property=\"og:type\" content=\"article\" \/>\n<meta property=\"og:title\" content=\"Website-Sitemap f\u00fcr www.sepaxmlgenerator.com - SEPA-XML-Generator\" \/>\n<meta property=\"og:description\" content=\"Website-Sitemap f\u00fcr www.sepaxmlgenerator.com - SEPA-XML-Generator - Sammeln Sie Ihre Lastchriften und generieren Sie \u00dcberweisungsdateien - KOSTENLOSES Konto\" \/>\n<meta property=\"og:url\" content=\"https:\/\/www.sepaxmlgenerator.com\/es\/seitenverzeichnis\/\" \/>\n<meta property=\"og:site_name\" content=\"SEPA XML GENERATOR\" \/>\n<meta name=\"twitter:card\" content=\"summary_large_image\" \/>\n<script type=\"application\/ld+json\" class=\"yoast-schema-graph\">{\"@context\":\"https:\\\/\\\/schema.org\",\"@graph\":[{\"@type\":\"WebPage\",\"@id\":\"https:\\\/\\\/www.sepaxmlgenerator.com\\\/es\\\/seitenverzeichnis\\\/\",\"url\":\"https:\\\/\\\/www.sepaxmlgenerator.com\\\/es\\\/seitenverzeichnis\\\/\",\"name\":\"Website-Sitemap f\u00fcr www.sepaxmlgenerator.com - SEPA-XML-Generator\",\"isPartOf\":{\"@id\":\"https:\\\/\\\/www.sepaxmlgenerator.com\\\/es\\\/#website\"},\"datePublished\":\"2020-01-17T06:59:13+00:00\",\"description\":\"Website-Sitemap f\u00fcr www.sepaxmlgenerator.com - SEPA-XML-Generator - Sammeln Sie Ihre Lastchriften und generieren Sie \u00dcberweisungsdateien - KOSTENLOSES Konto\",\"breadcrumb\":{\"@id\":\"https:\\\/\\\/www.sepaxmlgenerator.com\\\/es\\\/seitenverzeichnis\\\/#breadcrumb\"},\"inLanguage\":\"es\",\"potentialAction\":[{\"@type\":\"ReadAction\",\"target\":[\"https:\\\/\\\/www.sepaxmlgenerator.com\\\/es\\\/seitenverzeichnis\\\/\"]}]},{\"@type\":\"BreadcrumbList\",\"@id\":\"https:\\\/\\\/www.sepaxmlgenerator.com\\\/es\\\/seitenverzeichnis\\\/#breadcrumb\",\"itemListElement\":[{\"@type\":\"ListItem\",\"position\":1,\"name\":\"Home\",\"item\":\"https:\\\/\\\/www.sepaxmlgenerator.com\\\/es\\\/\"},{\"@type\":\"ListItem\",\"position\":2,\"name\":\"Seitenverzeichnis\"}]},{\"@type\":\"WebSite\",\"@id\":\"https:\\\/\\\/www.sepaxmlgenerator.com\\\/es\\\/#website\",\"url\":\"https:\\\/\\\/www.sepaxmlgenerator.com\\\/es\\\/\",\"name\":\"SEPA XML GENERATOR\",\"description\":\"\",\"potentialAction\":[{\"@type\":\"SearchAction\",\"target\":{\"@type\":\"EntryPoint\",\"urlTemplate\":\"https:\\\/\\\/www.sepaxmlgenerator.com\\\/es\\\/?s={search_term_string}\"},\"query-input\":{\"@type\":\"PropertyValueSpecification\",\"valueRequired\":true,\"valueName\":\"search_term_string\"}}],\"inLanguage\":\"es\"}]}<\/script>\n<!-- \/ Yoast SEO plugin. -->","yoast_head_json":{"title":"Website-Sitemap f\u00fcr www.sepaxmlgenerator.com - SEPA-XML-Generator","description":"Website-Sitemap f\u00fcr www.sepaxmlgenerator.com - SEPA-XML-Generator - Sammeln Sie Ihre Lastchriften und generieren Sie \u00dcberweisungsdateien - KOSTENLOSES Konto","robots":{"index":"index","follow":"follow","max-snippet":"max-snippet:-1","max-image-preview":"max-image-preview:large","max-video-preview":"max-video-preview:-1"},"canonical":"https:\/\/www.sepaxmlgenerator.com\/es\/seitenverzeichnis\/","og_locale":"es_ES","og_type":"article","og_title":"Website-Sitemap f\u00fcr www.sepaxmlgenerator.com - SEPA-XML-Generator","og_description":"Website-Sitemap f\u00fcr www.sepaxmlgenerator.com - SEPA-XML-Generator - Sammeln Sie Ihre Lastchriften und generieren Sie \u00dcberweisungsdateien - KOSTENLOSES Konto","og_url":"https:\/\/www.sepaxmlgenerator.com\/es\/seitenverzeichnis\/","og_site_name":"SEPA XML GENERATOR","twitter_card":"summary_large_image","schema":{"@context":"https:\/\/schema.org","@graph":[{"@type":"WebPage","@id":"https:\/\/www.sepaxmlgenerator.com\/es\/seitenverzeichnis\/","url":"https:\/\/www.sepaxmlgenerator.com\/es\/seitenverzeichnis\/","name":"Website-Sitemap f\u00fcr www.sepaxmlgenerator.com - SEPA-XML-Generator","isPartOf":{"@id":"https:\/\/www.sepaxmlgenerator.com\/es\/#website"},"datePublished":"2020-01-17T06:59:13+00:00","description":"Website-Sitemap f\u00fcr www.sepaxmlgenerator.com - SEPA-XML-Generator - Sammeln Sie Ihre Lastchriften und generieren Sie \u00dcberweisungsdateien - KOSTENLOSES Konto","breadcrumb":{"@id":"https:\/\/www.sepaxmlgenerator.com\/es\/seitenverzeichnis\/#breadcrumb"},"inLanguage":"es","potentialAction":[{"@type":"ReadAction","target":["https:\/\/www.sepaxmlgenerator.com\/es\/seitenverzeichnis\/"]}]},{"@type":"BreadcrumbList","@id":"https:\/\/www.sepaxmlgenerator.com\/es\/seitenverzeichnis\/#breadcrumb","itemListElement":[{"@type":"ListItem","position":1,"name":"Home","item":"https:\/\/www.sepaxmlgenerator.com\/es\/"},{"@type":"ListItem","position":2,"name":"Seitenverzeichnis"}]},{"@type":"WebSite","@id":"https:\/\/www.sepaxmlgenerator.com\/es\/#website","url":"https:\/\/www.sepaxmlgenerator.com\/es\/","name":"SEPA XML GENERATOR","description":"","potentialAction":[{"@type":"SearchAction","target":{"@type":"EntryPoint","urlTemplate":"https:\/\/www.sepaxmlgenerator.com\/es\/?s={search_term_string}"},"query-input":{"@type":"PropertyValueSpecification","valueRequired":true,"valueName":"search_term_string"}}],"inLanguage":"es"}]}},"_links":{"self":[{"href":"https:\/\/www.sepaxmlgenerator.com\/es\/wp-json\/wp\/v2\/pages\/2142","targetHints":{"allow":["GET"]}}],"collection":[{"href":"https:\/\/www.sepaxmlgenerator.com\/es\/wp-json\/wp\/v2\/pages"}],"about":[{"href":"https:\/\/www.sepaxmlgenerator.com\/es\/wp-json\/wp\/v2\/types\/page"}],"author":[{"embeddable":true,"href":"https:\/\/www.sepaxmlgenerator.com\/es\/wp-json\/wp\/v2\/users\/1"}],"replies":[{"embeddable":true,"href":"https:\/\/www.sepaxmlgenerator.com\/es\/wp-json\/wp\/v2\/comments?post=2142"}],"version-history":[{"count":0,"href":"https:\/\/www.sepaxmlgenerator.com\/es\/wp-json\/wp\/v2\/pages\/2142\/revisions"}],"wp:attachment":[{"href":"https:\/\/www.sepaxmlgenerator.com\/es\/wp-json\/wp\/v2\/media?parent=2142"}],"curies":[{"name":"wp","href":"https:\/\/api.w.org\/{rel}","templated":true}]}}