{"id":2167,"date":"2020-01-16T06:36:22","date_gmt":"2020-01-16T06:36:22","guid":{"rendered":"https:\/\/sepaxmlgenerator.com\/todo-sobre-la-sepa\/"},"modified":"2020-01-16T06:36:22","modified_gmt":"2020-01-16T06:36:22","slug":"todo-sobre-la-sepa","status":"publish","type":"page","link":"https:\/\/www.sepaxmlgenerator.com\/es\/todo-sobre-la-sepa\/","title":{"rendered":"Todo sobre la SEPA"},"content":{"rendered":"<p>La ruptura de la eurozona y la expansi\u00f3n de las grandes empresas en toda Europa han reforzado la necesidad de una estructura financiera com\u00fan. Por lo tanto, se ha establecido el formato SEPA para la liquidaci\u00f3n de pagos con recargo y ha sido aprobado por los Estados miembros de la UE.<\/p>\n<p>SEPA (Einheitlicher Euro-Zahlungsverkehrsraum) wurde auch eingef\u00fchrt, um der Notwendigkeit entgegenzuwirken, Mitarbeiter zu bezahlen (\u00dcberweisungen), die m\u00f6glicherweise Bankkonten au\u00dferhalb der prim\u00e4ren Quelle der Unternehmenskonten haben.<\/p>\n<p>Hoy en d\u00eda, la Uni\u00f3n Europea y otros territorios, como la ciudad de Vatikan, no est\u00e1n obligados a aceptarla. Las transferencias y los pagos incluyen tambi\u00e9n las transferencias entre bancos de los distintos Estados miembros de la zona del euro, en total 34 Estados.<\/p>\n<h2 style=\"text-align: left;\">\u00bfQu\u00e9 es la liquidaci\u00f3n SEPA?<\/h2>\n<p>En t\u00e9rminos generales, la SEPA es una forma de declaraci\u00f3n financiera basada en un est\u00e1ndar que aceptan todos los bancos de la UE, pero s\u00f3lo los de los Estados miembros que han adoptado el euro. Las declaraciones se realizan en forma de declaraciones juradas y notas de seguimiento.<\/p>\n<h3 style=\"text-align: left;\">Otras ventajas y beneficios de la SEPA<\/h3>\n<p>Las confirmaciones est\u00e1n garantizadas, incluso si el archivo .xml est\u00e1 bloqueado.<\/p>\n<p>Die Banken k\u00f6nnen keine Abz\u00fcge von den Zahlungen vornehmen (es fallen jedoch Geb\u00fchren f\u00fcr Lastschriften an, die auf Ihren Kontoausz\u00fcgen als Bankgeb\u00fchren erscheinen).<\/p>\n<p>En t\u00e9rminos generales, SEPA es r\u00e1pida, segura y segura. La clave para los comerciantes es que su banco le proporcione la autorizaci\u00f3n para introducir los certificados y que cada vez que tenga que realizar un pago a un cliente, genere un archivo .xml-SEPA. Y precisamente aqu\u00ed es donde SEPA XML GENERATOR puede ayudarle&#8230; tambi\u00e9n podemos ayudarle con las declaraciones, como por ejemplo en el caso de una auditor\u00eda de cuentas o de una sociedad de seguros que deba enviar declaraciones a clientes de seguros. Un ejemplo sencillo es el seguro de accidentes: Un cliente env\u00eda una orden, y la compa\u00f1\u00eda de seguros utiliza SEPA XML GENERATOR, para crear una base de datos Sepa, con la que el banco se compromete a transferir la apuesta a los clientes de seguros.<\/p>\n<h4 style=\"text-align: left;\">\u00bfC\u00f3mo podemos ayudarle?<\/h4>\n<p>Si desea que su empresa se registre para el seguro de cr\u00e9dito a largo plazo o si desea enviar un informe de verificaci\u00f3n, le ofrecemos un software para enviar un informe .xml-SEPA online a su cuenta bancaria online. Pruebe ahora nuestro software <a href=\"https:\/\/www.sepaxmlgenerator.com\/es\/registrese-para-obtener-un-sepa-xml-gratuitogenerator-test-heute\/\">KOSTENLOS<\/a>.<\/p>\n<p><img decoding=\"async\" src=\"https:\/\/www.sepaxmlgenerator.com\/wp-content\/uploads\/2023\/01\/xml-process.jpg\" alt=\"SEPA XML GENERATOR - Flujo de procesos del usuario\" width=\"100%\" height=\"100%\"><\/p>\n","protected":false},"excerpt":{"rendered":"La ruptura de la eurozona y la expansi\u00f3n de las grandes empresas en toda Europa han reforzado la necesidad de una estructura financiera com\u00fan. Por lo tanto, se ha establecido el formato SEPA para la liquidaci\u00f3n de pagos con recargo y ha sido aprobado por los Estados miembros de la UE. SEPA (Einheitlicher Euro-Zahlungsverkehrsraum) wurde [&hellip;]","protected":false},"author":1,"featured_media":0,"parent":0,"menu_order":0,"comment_status":"closed","ping_status":"closed","template":"page-templates\/inner-page-two.php","meta":{"_acf_changed":false,"footnotes":""},"class_list":["post-2167","page","type-page","status-publish","hentry"],"acf":[],"yoast_head":"<!-- This site is optimized with the Yoast SEO plugin v27.3 - https:\/\/yoast.com\/product\/yoast-seo-wordpress\/ -->\n<title>Todo sobre la SEPA: la norma europea para el desarrollo de pagos<\/title>\n<meta name=\"description\" content=\"Alles \u00fcber SEPA - SEPA-XML-Generator ... Datos de solicitudes de visado y certificados de caducidad - \u00fanase ahora a nosotros para obtener una versi\u00f3n de prueba gratuita ... KOSTENLOSE SEPA-Software ...\" \/>\n<meta name=\"robots\" content=\"index, follow, max-snippet:-1, max-image-preview:large, max-video-preview:-1\" \/>\n<link rel=\"canonical\" href=\"https:\/\/www.sepaxmlgenerator.com\/es\/todo-sobre-la-sepa\/\" \/>\n<meta property=\"og:locale\" content=\"es_ES\" \/>\n<meta property=\"og:type\" content=\"article\" \/>\n<meta property=\"og:title\" content=\"Todo sobre la SEPA: la norma europea para el desarrollo de pagos\" \/>\n<meta property=\"og:description\" content=\"Alles \u00fcber SEPA - SEPA-XML-Generator ... Datos de solicitudes de visado y certificados de caducidad - \u00fanase ahora a nosotros para obtener una versi\u00f3n de prueba gratuita ... KOSTENLOSE SEPA-Software ...\" \/>\n<meta property=\"og:url\" content=\"https:\/\/www.sepaxmlgenerator.com\/es\/todo-sobre-la-sepa\/\" \/>\n<meta property=\"og:site_name\" content=\"SEPA XML GENERATOR\" \/>\n<meta property=\"og:image\" content=\"https:\/\/www.sepaxmlgenerator.com\/wp-content\/uploads\/2023\/01\/xml-process.jpg\" \/>\n<meta name=\"twitter:card\" content=\"summary_large_image\" \/>\n<meta name=\"twitter:label1\" content=\"Tiempo de lectura\" \/>\n\t<meta name=\"twitter:data1\" content=\"2 minutos\" \/>\n<script type=\"application\/ld+json\" class=\"yoast-schema-graph\">{\"@context\":\"https:\\\/\\\/schema.org\",\"@graph\":[{\"@type\":\"WebPage\",\"@id\":\"https:\\\/\\\/www.sepaxmlgenerator.com\\\/es\\\/todo-sobre-la-sepa\\\/\",\"url\":\"https:\\\/\\\/www.sepaxmlgenerator.com\\\/es\\\/todo-sobre-la-sepa\\\/\",\"name\":\"Todo sobre la SEPA: la norma europea para el desarrollo de pagos\",\"isPartOf\":{\"@id\":\"https:\\\/\\\/www.sepaxmlgenerator.com\\\/es\\\/#website\"},\"primaryImageOfPage\":{\"@id\":\"https:\\\/\\\/www.sepaxmlgenerator.com\\\/es\\\/todo-sobre-la-sepa\\\/#primaryimage\"},\"image\":{\"@id\":\"https:\\\/\\\/www.sepaxmlgenerator.com\\\/es\\\/todo-sobre-la-sepa\\\/#primaryimage\"},\"thumbnailUrl\":\"https:\\\/\\\/www.sepaxmlgenerator.com\\\/wp-content\\\/uploads\\\/2023\\\/01\\\/xml-process.jpg\",\"datePublished\":\"2020-01-16T06:36:22+00:00\",\"description\":\"Alles \u00fcber SEPA - SEPA-XML-Generator ... Datos de solicitudes de visado y certificados de caducidad - \u00fanase ahora a nosotros para obtener una versi\u00f3n de prueba gratuita ... KOSTENLOSE SEPA-Software ...\",\"breadcrumb\":{\"@id\":\"https:\\\/\\\/www.sepaxmlgenerator.com\\\/es\\\/todo-sobre-la-sepa\\\/#breadcrumb\"},\"inLanguage\":\"es\",\"potentialAction\":[{\"@type\":\"ReadAction\",\"target\":[\"https:\\\/\\\/www.sepaxmlgenerator.com\\\/es\\\/todo-sobre-la-sepa\\\/\"]}]},{\"@type\":\"ImageObject\",\"inLanguage\":\"es\",\"@id\":\"https:\\\/\\\/www.sepaxmlgenerator.com\\\/es\\\/todo-sobre-la-sepa\\\/#primaryimage\",\"url\":\"https:\\\/\\\/www.sepaxmlgenerator.com\\\/wp-content\\\/uploads\\\/2023\\\/01\\\/xml-process.jpg\",\"contentUrl\":\"https:\\\/\\\/www.sepaxmlgenerator.com\\\/wp-content\\\/uploads\\\/2023\\\/01\\\/xml-process.jpg\"},{\"@type\":\"BreadcrumbList\",\"@id\":\"https:\\\/\\\/www.sepaxmlgenerator.com\\\/es\\\/todo-sobre-la-sepa\\\/#breadcrumb\",\"itemListElement\":[{\"@type\":\"ListItem\",\"position\":1,\"name\":\"Home\",\"item\":\"https:\\\/\\\/www.sepaxmlgenerator.com\\\/es\\\/\"},{\"@type\":\"ListItem\",\"position\":2,\"name\":\"Todo sobre la SEPA\"}]},{\"@type\":\"WebSite\",\"@id\":\"https:\\\/\\\/www.sepaxmlgenerator.com\\\/es\\\/#website\",\"url\":\"https:\\\/\\\/www.sepaxmlgenerator.com\\\/es\\\/\",\"name\":\"SEPA XML GENERATOR\",\"description\":\"\",\"potentialAction\":[{\"@type\":\"SearchAction\",\"target\":{\"@type\":\"EntryPoint\",\"urlTemplate\":\"https:\\\/\\\/www.sepaxmlgenerator.com\\\/es\\\/?s={search_term_string}\"},\"query-input\":{\"@type\":\"PropertyValueSpecification\",\"valueRequired\":true,\"valueName\":\"search_term_string\"}}],\"inLanguage\":\"es\"}]}<\/script>\n<!-- \/ Yoast SEO plugin. -->","yoast_head_json":{"title":"Todo sobre la SEPA: la norma europea para el desarrollo de pagos","description":"Alles \u00fcber SEPA - SEPA-XML-Generator ... Datos de solicitudes de visado y certificados de caducidad - \u00fanase ahora a nosotros para obtener una versi\u00f3n de prueba gratuita ... KOSTENLOSE SEPA-Software ...","robots":{"index":"index","follow":"follow","max-snippet":"max-snippet:-1","max-image-preview":"max-image-preview:large","max-video-preview":"max-video-preview:-1"},"canonical":"https:\/\/www.sepaxmlgenerator.com\/es\/todo-sobre-la-sepa\/","og_locale":"es_ES","og_type":"article","og_title":"Todo sobre la SEPA: la norma europea para el desarrollo de pagos","og_description":"Alles \u00fcber SEPA - SEPA-XML-Generator ... Datos de solicitudes de visado y certificados de caducidad - \u00fanase ahora a nosotros para obtener una versi\u00f3n de prueba gratuita ... KOSTENLOSE SEPA-Software ...","og_url":"https:\/\/www.sepaxmlgenerator.com\/es\/todo-sobre-la-sepa\/","og_site_name":"SEPA XML GENERATOR","og_image":[{"url":"https:\/\/www.sepaxmlgenerator.com\/wp-content\/uploads\/2023\/01\/xml-process.jpg","type":"","width":"","height":""}],"twitter_card":"summary_large_image","twitter_misc":{"Tiempo de lectura":"2 minutos"},"schema":{"@context":"https:\/\/schema.org","@graph":[{"@type":"WebPage","@id":"https:\/\/www.sepaxmlgenerator.com\/es\/todo-sobre-la-sepa\/","url":"https:\/\/www.sepaxmlgenerator.com\/es\/todo-sobre-la-sepa\/","name":"Todo sobre la SEPA: la norma europea para el desarrollo de pagos","isPartOf":{"@id":"https:\/\/www.sepaxmlgenerator.com\/es\/#website"},"primaryImageOfPage":{"@id":"https:\/\/www.sepaxmlgenerator.com\/es\/todo-sobre-la-sepa\/#primaryimage"},"image":{"@id":"https:\/\/www.sepaxmlgenerator.com\/es\/todo-sobre-la-sepa\/#primaryimage"},"thumbnailUrl":"https:\/\/www.sepaxmlgenerator.com\/wp-content\/uploads\/2023\/01\/xml-process.jpg","datePublished":"2020-01-16T06:36:22+00:00","description":"Alles \u00fcber SEPA - SEPA-XML-Generator ... Datos de solicitudes de visado y certificados de caducidad - \u00fanase ahora a nosotros para obtener una versi\u00f3n de prueba gratuita ... KOSTENLOSE SEPA-Software ...","breadcrumb":{"@id":"https:\/\/www.sepaxmlgenerator.com\/es\/todo-sobre-la-sepa\/#breadcrumb"},"inLanguage":"es","potentialAction":[{"@type":"ReadAction","target":["https:\/\/www.sepaxmlgenerator.com\/es\/todo-sobre-la-sepa\/"]}]},{"@type":"ImageObject","inLanguage":"es","@id":"https:\/\/www.sepaxmlgenerator.com\/es\/todo-sobre-la-sepa\/#primaryimage","url":"https:\/\/www.sepaxmlgenerator.com\/wp-content\/uploads\/2023\/01\/xml-process.jpg","contentUrl":"https:\/\/www.sepaxmlgenerator.com\/wp-content\/uploads\/2023\/01\/xml-process.jpg"},{"@type":"BreadcrumbList","@id":"https:\/\/www.sepaxmlgenerator.com\/es\/todo-sobre-la-sepa\/#breadcrumb","itemListElement":[{"@type":"ListItem","position":1,"name":"Home","item":"https:\/\/www.sepaxmlgenerator.com\/es\/"},{"@type":"ListItem","position":2,"name":"Todo sobre la SEPA"}]},{"@type":"WebSite","@id":"https:\/\/www.sepaxmlgenerator.com\/es\/#website","url":"https:\/\/www.sepaxmlgenerator.com\/es\/","name":"SEPA XML GENERATOR","description":"","potentialAction":[{"@type":"SearchAction","target":{"@type":"EntryPoint","urlTemplate":"https:\/\/www.sepaxmlgenerator.com\/es\/?s={search_term_string}"},"query-input":{"@type":"PropertyValueSpecification","valueRequired":true,"valueName":"search_term_string"}}],"inLanguage":"es"}]}},"_links":{"self":[{"href":"https:\/\/www.sepaxmlgenerator.com\/es\/wp-json\/wp\/v2\/pages\/2167","targetHints":{"allow":["GET"]}}],"collection":[{"href":"https:\/\/www.sepaxmlgenerator.com\/es\/wp-json\/wp\/v2\/pages"}],"about":[{"href":"https:\/\/www.sepaxmlgenerator.com\/es\/wp-json\/wp\/v2\/types\/page"}],"author":[{"embeddable":true,"href":"https:\/\/www.sepaxmlgenerator.com\/es\/wp-json\/wp\/v2\/users\/1"}],"replies":[{"embeddable":true,"href":"https:\/\/www.sepaxmlgenerator.com\/es\/wp-json\/wp\/v2\/comments?post=2167"}],"version-history":[{"count":0,"href":"https:\/\/www.sepaxmlgenerator.com\/es\/wp-json\/wp\/v2\/pages\/2167\/revisions"}],"wp:attachment":[{"href":"https:\/\/www.sepaxmlgenerator.com\/es\/wp-json\/wp\/v2\/media?parent=2167"}],"curies":[{"name":"wp","href":"https:\/\/api.w.org\/{rel}","templated":true}]}}