{"id":2172,"date":"2020-01-17T06:54:23","date_gmt":"2020-01-17T06:54:23","guid":{"rendered":"https:\/\/sepaxmlgenerator.com\/produkttour\/"},"modified":"2026-01-29T14:22:25","modified_gmt":"2026-01-29T14:22:25","slug":"produkttour","status":"publish","type":"page","link":"https:\/\/www.sepaxmlgenerator.com\/es\/produkttour\/","title":{"rendered":"Tour del producto"},"content":{"rendered":"<p><strong>Las principales caracter\u00edsticas de nuestro software XML de domiciliaci\u00f3n bancaria y transferencia de cr\u00e9ditos incluyen:<\/strong><\/p>\n<ul>\n<li>Generar r\u00e1pidamente ficheros de adeudos directos y transferencias SEPA xml<\/li>\n<li>Generar los Ficheros con la frecuencia necesaria cada mes, incluidos los cobros por Domiciliaci\u00f3n Bancaria a principios y\/o mediados de mes.<\/li>\n<li>Basado en la Web &#8211; Acceso a la aplicaci\u00f3n con una conexi\u00f3n a Internet<\/li>\n<li>Integraci\u00f3n de <a href=\"https:\/\/www.sepaxmlgenerator.com\/es\/blog\/api-sepa-xml-generator-para-adeudos-domiciliados-y-transferencias-launched\/\" target=\"_blank\" rel=\"noopener\">la API SEPA<\/a> con el software de contabilidad si es necesario<\/li>\n<li>Doble funcionalidad: <a href=\"https:\/\/www.sepaxmlgenerator.com\/es\/blog\/sepa-xml-generator-doppelfunktionalitat-und-funktionalitat-fur-mehrere-bankkonten-jetzt-live\/\" target=\"_blank\" rel=\"noopener\">cambie<\/a> r\u00e1pidamente de domiciliaci\u00f3n bancaria a transferencia de cr\u00e9dito<\/li>\n<li>A\u00f1ada m\u00e1s de una cuenta bancaria principal y cambie de una cuenta a otra dentro de la misma cuenta.<\/li>\n<li>Edici\u00f3n r\u00e1pida de los importes de los clientes<\/li>\n<li>Calculadora autom\u00e1tica de sumas para los importes totales xml<\/li>\n<li>Carga del n\u00famero BIC permanente<\/li>\n<li>Actualizaci\u00f3n masiva de clientes mediante la <a href=\"https:\/\/www.sepaxmlgenerator.com\/es\/blog\/sepa-xml-generator-dispone-ahora-de-la-funcion-de-referencia-de-transferencia-de-creditos\/\" target=\"_blank\" rel=\"noopener\">carga de un archivo csv<\/a> si es necesario<\/li>\n<li><a href=\"https:\/\/www.sepaxmlgenerator.com\/es\/blog\/sepa-xml-generator-dispone-ahora-de-la-funcion-de-referencia-de-transferencia-de-creditos\/\" target=\"_blank\" rel=\"noopener\">N\u00famero de<\/a> referencia para transferencias<\/li>\n<li><a href=\"https:\/\/www.sepaxmlgenerator.com\/es\/blog\/combinar-o-fusionar-archivos-xml-de-transferencias-sepa-en-linea-con-el-generador-xml-sepa\/\" target=\"_blank\" rel=\"noopener\">Fusionar o combinar<\/a> varios archivos xml SEPA<\/li>\n<li><a href=\"https:\/\/www.sepaxmlgenerator.com\/es\/blog\/convertir-un-archivo-csv-en-un-formato-de-archivo-xml-sepa-para-adeudos-directos-o-transferencias-de-credito\/\" target=\"_blank\" rel=\"noopener\">Funcionalidad de eliminaci\u00f3n masiva y r\u00e1pida de clientes<\/a> para aumentar la seguridad<\/li>\n<li><a href=\"https:\/\/www.sepaxmlgenerator.com\/es\/blog\/einmaliges-passwort-jetzt-live-auf-sepa-xml-generator\/\" target=\"_blank\" rel=\"noopener\">Contrase\u00f1a de un solo uso<\/a> aplicada por correo electr\u00f3nico para mayor seguridad<\/li>\n<li>OIN, n\u00famero CI y datos bancarios Permanentemente ocultos para mayor seguridad<\/li>\n<li><a href=\"https:\/\/www.sepaxmlgenerator.com\/es\/blog\/mayor-seguridad-y-control-del-usuario-con-sepa-xml-generator\/\" target=\"_blank\" rel=\"noopener\">Funcionalidad clara de datos sensibles<\/a> integrada en el software<\/li>\n<li>Archivos xml archivados disponibles (si se seleccionan) y borrados permanentemente si es necesario<\/li>\n<li>Copia de seguridad remota diaria del sistema y las cuentas de usuario<\/li>\n<li>Funcionalidad de elaboraci\u00f3n de informes integrada en el software<\/li>\n<li>Funci\u00f3n de restablecimiento de contrase\u00f1a en el panel de control para mayor seguridad<\/li>\n<li>C\u00f3mo incrustar v\u00eddeos en el salpicadero<\/li>\n<li>Asistencia gratuita por tel\u00e9fono y correo electr\u00f3nico<\/li>\n<\/ul>\n<h2>Configurar el perfil de tu empresa, a\u00f1adir n\u00fameros BIC y a\u00f1adir clientes y proveedores<\/h2>\n<p><iframe loading=\"lazy\" title=\"Setting up your profile, adding BICS and manually adding a customer\/supplier - SEPA XML GENERATOR\" width=\"580\" height=\"326\" src=\"https:\/\/www.youtube.com\/embed\/-RE20SvyqIQ?feature=oembed\" frameborder=\"0\" allow=\"accelerometer; autoplay; clipboard-write; encrypted-media; gyroscope; picture-in-picture; web-share\" referrerpolicy=\"strict-origin-when-cross-origin\" allowfullscreen><\/iframe><\/p>\n<h2>Carga masiva de Clientes o Proveedores mediante un archivo cvs<\/h2>\n<p><iframe loading=\"lazy\" title=\"SEPA XML GENERATOR - Adding customers and suppliers using a csv file   mass upload\" width=\"580\" height=\"326\" src=\"https:\/\/www.youtube.com\/embed\/NosmeroJ0rQ?feature=oembed\" frameborder=\"0\" allow=\"accelerometer; autoplay; clipboard-write; encrypted-media; gyroscope; picture-in-picture; web-share\" referrerpolicy=\"strict-origin-when-cross-origin\" allowfullscreen><\/iframe><\/p>\n<h2>Generaci\u00f3n de un archivo XML SEPA con SEPA XML GENERATOR<\/h2>\n<p><iframe loading=\"lazy\" title=\"SEPA XML GENERATOR - Generating a SEPA xml file for Credit Transfers or Direct Debits\" width=\"580\" height=\"326\" src=\"https:\/\/www.youtube.com\/embed\/BtGxjV6QFbc?feature=oembed\" frameborder=\"0\" allow=\"accelerometer; autoplay; clipboard-write; encrypted-media; gyroscope; picture-in-picture; web-share\" referrerpolicy=\"strict-origin-when-cross-origin\" allowfullscreen><\/iframe><\/p>\n","protected":false},"excerpt":{"rendered":"Las principales caracter\u00edsticas de nuestro software XML de domiciliaci\u00f3n bancaria y transferencia de cr\u00e9ditos incluyen: Generar r\u00e1pidamente ficheros de adeudos directos y transferencias SEPA xml Generar los Ficheros con la frecuencia necesaria cada mes, incluidos los cobros por Domiciliaci\u00f3n Bancaria a principios y\/o mediados de mes. Basado en la Web &#8211; Acceso a la aplicaci\u00f3n [&hellip;]","protected":false},"author":1,"featured_media":0,"parent":0,"menu_order":0,"comment_status":"closed","ping_status":"closed","template":"page-templates\/inner-page-two.php","meta":{"_acf_changed":false,"footnotes":""},"class_list":["post-2172","page","type-page","status-publish","hentry"],"acf":[],"yoast_head":"<!-- This site is optimized with the Yoast SEO plugin v27.3 - https:\/\/yoast.com\/product\/yoast-seo-wordpress\/ -->\n<title>Tour de productos Software para transferencias y adeudos directos SEPA XML Generator<\/title>\n<meta name=\"description\" content=\"Tour del producto SEPA XML Generator Direct Debit &amp; Credit Transfer Software - Ventajas y caracter\u00edsticas - \u00bfC\u00f3mo de f\u00e1cil es utilizar nuestro SEPA XML GENERATOR?\" \/>\n<meta name=\"robots\" content=\"index, follow, max-snippet:-1, max-image-preview:large, max-video-preview:-1\" \/>\n<link rel=\"canonical\" href=\"https:\/\/www.sepaxmlgenerator.com\/es\/produkttour\/\" \/>\n<meta property=\"og:locale\" content=\"es_ES\" \/>\n<meta property=\"og:type\" content=\"article\" \/>\n<meta property=\"og:title\" content=\"Tour de productos Software para transferencias y adeudos directos SEPA XML Generator\" \/>\n<meta property=\"og:description\" content=\"Tour del producto SEPA XML Generator Direct Debit &amp; Credit Transfer Software - Ventajas y caracter\u00edsticas - \u00bfC\u00f3mo de f\u00e1cil es utilizar nuestro SEPA XML GENERATOR?\" \/>\n<meta property=\"og:url\" content=\"https:\/\/www.sepaxmlgenerator.com\/es\/produkttour\/\" \/>\n<meta property=\"og:site_name\" content=\"SEPA XML GENERATOR\" \/>\n<meta property=\"article:modified_time\" content=\"2026-01-29T14:22:25+00:00\" \/>\n<meta name=\"twitter:card\" content=\"summary_large_image\" \/>\n<meta name=\"twitter:label1\" content=\"Tiempo de lectura\" \/>\n\t<meta name=\"twitter:data1\" content=\"2 minutos\" \/>\n<script type=\"application\/ld+json\" class=\"yoast-schema-graph\">{\"@context\":\"https:\\\/\\\/schema.org\",\"@graph\":[{\"@type\":\"WebPage\",\"@id\":\"https:\\\/\\\/www.sepaxmlgenerator.com\\\/es\\\/produkttour\\\/\",\"url\":\"https:\\\/\\\/www.sepaxmlgenerator.com\\\/es\\\/produkttour\\\/\",\"name\":\"Tour de productos Software para transferencias y adeudos directos SEPA XML Generator\",\"isPartOf\":{\"@id\":\"https:\\\/\\\/www.sepaxmlgenerator.com\\\/es\\\/#website\"},\"datePublished\":\"2020-01-17T06:54:23+00:00\",\"dateModified\":\"2026-01-29T14:22:25+00:00\",\"description\":\"Tour del producto SEPA XML Generator Direct Debit & Credit Transfer Software - Ventajas y caracter\u00edsticas - \u00bfC\u00f3mo de f\u00e1cil es utilizar nuestro SEPA XML GENERATOR?\",\"breadcrumb\":{\"@id\":\"https:\\\/\\\/www.sepaxmlgenerator.com\\\/es\\\/produkttour\\\/#breadcrumb\"},\"inLanguage\":\"es\",\"potentialAction\":[{\"@type\":\"ReadAction\",\"target\":[\"https:\\\/\\\/www.sepaxmlgenerator.com\\\/es\\\/produkttour\\\/\"]}]},{\"@type\":\"BreadcrumbList\",\"@id\":\"https:\\\/\\\/www.sepaxmlgenerator.com\\\/es\\\/produkttour\\\/#breadcrumb\",\"itemListElement\":[{\"@type\":\"ListItem\",\"position\":1,\"name\":\"Home\",\"item\":\"https:\\\/\\\/www.sepaxmlgenerator.com\\\/es\\\/\"},{\"@type\":\"ListItem\",\"position\":2,\"name\":\"Tour del producto\"}]},{\"@type\":\"WebSite\",\"@id\":\"https:\\\/\\\/www.sepaxmlgenerator.com\\\/es\\\/#website\",\"url\":\"https:\\\/\\\/www.sepaxmlgenerator.com\\\/es\\\/\",\"name\":\"SEPA XML GENERATOR\",\"description\":\"\",\"potentialAction\":[{\"@type\":\"SearchAction\",\"target\":{\"@type\":\"EntryPoint\",\"urlTemplate\":\"https:\\\/\\\/www.sepaxmlgenerator.com\\\/es\\\/?s={search_term_string}\"},\"query-input\":{\"@type\":\"PropertyValueSpecification\",\"valueRequired\":true,\"valueName\":\"search_term_string\"}}],\"inLanguage\":\"es\"}]}<\/script>\n<!-- \/ Yoast SEO plugin. -->","yoast_head_json":{"title":"Tour de productos Software para transferencias y adeudos directos SEPA XML Generator","description":"Tour del producto SEPA XML Generator Direct Debit & Credit Transfer Software - Ventajas y caracter\u00edsticas - \u00bfC\u00f3mo de f\u00e1cil es utilizar nuestro SEPA XML GENERATOR?","robots":{"index":"index","follow":"follow","max-snippet":"max-snippet:-1","max-image-preview":"max-image-preview:large","max-video-preview":"max-video-preview:-1"},"canonical":"https:\/\/www.sepaxmlgenerator.com\/es\/produkttour\/","og_locale":"es_ES","og_type":"article","og_title":"Tour de productos Software para transferencias y adeudos directos SEPA XML Generator","og_description":"Tour del producto SEPA XML Generator Direct Debit & Credit Transfer Software - Ventajas y caracter\u00edsticas - \u00bfC\u00f3mo de f\u00e1cil es utilizar nuestro SEPA XML GENERATOR?","og_url":"https:\/\/www.sepaxmlgenerator.com\/es\/produkttour\/","og_site_name":"SEPA XML GENERATOR","article_modified_time":"2026-01-29T14:22:25+00:00","twitter_card":"summary_large_image","twitter_misc":{"Tiempo de lectura":"2 minutos"},"schema":{"@context":"https:\/\/schema.org","@graph":[{"@type":"WebPage","@id":"https:\/\/www.sepaxmlgenerator.com\/es\/produkttour\/","url":"https:\/\/www.sepaxmlgenerator.com\/es\/produkttour\/","name":"Tour de productos Software para transferencias y adeudos directos SEPA XML Generator","isPartOf":{"@id":"https:\/\/www.sepaxmlgenerator.com\/es\/#website"},"datePublished":"2020-01-17T06:54:23+00:00","dateModified":"2026-01-29T14:22:25+00:00","description":"Tour del producto SEPA XML Generator Direct Debit & Credit Transfer Software - Ventajas y caracter\u00edsticas - \u00bfC\u00f3mo de f\u00e1cil es utilizar nuestro SEPA XML GENERATOR?","breadcrumb":{"@id":"https:\/\/www.sepaxmlgenerator.com\/es\/produkttour\/#breadcrumb"},"inLanguage":"es","potentialAction":[{"@type":"ReadAction","target":["https:\/\/www.sepaxmlgenerator.com\/es\/produkttour\/"]}]},{"@type":"BreadcrumbList","@id":"https:\/\/www.sepaxmlgenerator.com\/es\/produkttour\/#breadcrumb","itemListElement":[{"@type":"ListItem","position":1,"name":"Home","item":"https:\/\/www.sepaxmlgenerator.com\/es\/"},{"@type":"ListItem","position":2,"name":"Tour del producto"}]},{"@type":"WebSite","@id":"https:\/\/www.sepaxmlgenerator.com\/es\/#website","url":"https:\/\/www.sepaxmlgenerator.com\/es\/","name":"SEPA XML GENERATOR","description":"","potentialAction":[{"@type":"SearchAction","target":{"@type":"EntryPoint","urlTemplate":"https:\/\/www.sepaxmlgenerator.com\/es\/?s={search_term_string}"},"query-input":{"@type":"PropertyValueSpecification","valueRequired":true,"valueName":"search_term_string"}}],"inLanguage":"es"}]}},"_links":{"self":[{"href":"https:\/\/www.sepaxmlgenerator.com\/es\/wp-json\/wp\/v2\/pages\/2172","targetHints":{"allow":["GET"]}}],"collection":[{"href":"https:\/\/www.sepaxmlgenerator.com\/es\/wp-json\/wp\/v2\/pages"}],"about":[{"href":"https:\/\/www.sepaxmlgenerator.com\/es\/wp-json\/wp\/v2\/types\/page"}],"author":[{"embeddable":true,"href":"https:\/\/www.sepaxmlgenerator.com\/es\/wp-json\/wp\/v2\/users\/1"}],"replies":[{"embeddable":true,"href":"https:\/\/www.sepaxmlgenerator.com\/es\/wp-json\/wp\/v2\/comments?post=2172"}],"version-history":[{"count":8,"href":"https:\/\/www.sepaxmlgenerator.com\/es\/wp-json\/wp\/v2\/pages\/2172\/revisions"}],"predecessor-version":[{"id":20662,"href":"https:\/\/www.sepaxmlgenerator.com\/es\/wp-json\/wp\/v2\/pages\/2172\/revisions\/20662"}],"wp:attachment":[{"href":"https:\/\/www.sepaxmlgenerator.com\/es\/wp-json\/wp\/v2\/media?parent=2172"}],"curies":[{"name":"wp","href":"https:\/\/api.w.org\/{rel}","templated":true}]}}