{"id":2188,"date":"2020-01-16T06:36:01","date_gmt":"2020-01-16T06:36:01","guid":{"rendered":"https:\/\/sepaxmlgenerator.com\/preisgestaltung\/"},"modified":"2020-01-16T06:36:01","modified_gmt":"2020-01-16T06:36:01","slug":"preisgestaltung","status":"publish","type":"page","link":"https:\/\/www.sepaxmlgenerator.com\/es\/preisgestaltung\/","title":{"rendered":"Preisgestaltung"},"content":{"rendered":"<p>El software SEPA de KOSTENLOS se basa en una versi\u00f3n de prueba mensual que no permite la compra despu\u00e9s de una versi\u00f3n de prueba de 30 d\u00edas. <a href=\"https:\/\/www.sepaxmlgenerator.com\/de\/?page_id=721\">Reg\u00edstrese<\/a> ahora y sorpr\u00e9ndase a s\u00ed mismo, reg\u00edstrese, acepte nuestro Backend-SEPA-XML-Schnittstelle y genere KOSTENLOS .xml-SEPA-Dateien.<\/p>\n<h2>Preise nach Ablauf Ihrer KOSTENLOSEN SEPA-Testversion<\/h2>\n<p>El precio del a\u00f1o para SEPA XML GENERATOR asciende a 250 euros por persona. MwSt. von 23 %. El n\u00famero de referencia es necesario si su empresa tiene su sede fuera de Irlanda y dispone de un n\u00famero de identificaci\u00f3n de usuario v\u00e1lido. Todos los clientes irlandeses superan el umbral del 23 %.<\/p>\n<p>Si su empresa tiene un volumen relativamente peque\u00f1o de transacciones de pr\u00e9stamos o transferencias, puede proceder a una redistribuci\u00f3n.<\/p>\n<p><strong>50 % de descuento<\/strong> para clientes que trabajan con 20 o menos documentos de \u00faltima hora o transferencias al mes.<\/p>\n<p><strong>20 % Rabatt<\/strong> erhalten Kunden, die 50 or lesser Lastschriften oder \u00dcberweisungen pro Monat verarbeiten.<\/p>\n<p>P\u00f3ngase en contacto con nosotros si tiene alguna pregunta o reg\u00edstrese <a href=\"https:\/\/www.sepaxmlgenerator.com\/de\/?page_id=721\">aqu\u00ed<\/a> para obtener una <a href=\"https:\/\/www.sepaxmlgenerator.com\/de\/?page_id=721\">versi\u00f3n de prueba<\/a> gratuita.<\/p>\n<p><img loading=\"lazy\" decoding=\"async\" class=\"alignnone wp-image-371\" src=\"https:\/\/www.sepaxmlgenerator.com\/wp-content\/uploads\/2020\/04\/SEPA-XML-GENERATOR-User-Process-Flow-300x111.jpg\" alt=\"SEPA XML GENERATOR - Flujo de procesos del usuario\" width=\"750\" height=\"277\" srcset=\"https:\/\/www.sepaxmlgenerator.com\/wp-content\/uploads\/2020\/04\/SEPA-XML-GENERATOR-User-Process-Flow-300x111.jpg 300w, https:\/\/www.sepaxmlgenerator.com\/wp-content\/uploads\/2020\/04\/SEPA-XML-GENERATOR-User-Process-Flow-1024x379.jpg 1024w, https:\/\/www.sepaxmlgenerator.com\/wp-content\/uploads\/2020\/04\/SEPA-XML-GENERATOR-User-Process-Flow-768x284.jpg 768w, https:\/\/www.sepaxmlgenerator.com\/wp-content\/uploads\/2020\/04\/SEPA-XML-GENERATOR-User-Process-Flow-1536x568.jpg 1536w, https:\/\/www.sepaxmlgenerator.com\/wp-content\/uploads\/2020\/04\/SEPA-XML-GENERATOR-User-Process-Flow-2048x757.jpg 2048w, https:\/\/www.sepaxmlgenerator.com\/wp-content\/uploads\/2020\/04\/SEPA-XML-GENERATOR-User-Process-Flow-1200x444.jpg 1200w, https:\/\/www.sepaxmlgenerator.com\/wp-content\/uploads\/2020\/04\/SEPA-XML-GENERATOR-User-Process-Flow-1980x732.jpg 1980w\" sizes=\"auto, (max-width: 750px) 100vw, 750px\" \/><\/p>\n","protected":false},"excerpt":{"rendered":"El software SEPA de KOSTENLOS se basa en una versi\u00f3n de prueba mensual que no permite la compra despu\u00e9s de una versi\u00f3n de prueba de 30 d\u00edas. Reg\u00edstrese ahora y sorpr\u00e9ndase a s\u00ed mismo, reg\u00edstrese, acepte nuestro Backend-SEPA-XML-Schnittstelle y genere KOSTENLOS .xml-SEPA-Dateien. Preise nach Ablauf Ihrer KOSTENLOSEN SEPA-Testversion El precio del a\u00f1o para SEPA XML [&hellip;]","protected":false},"author":1,"featured_media":0,"parent":0,"menu_order":0,"comment_status":"closed","ping_status":"closed","template":"page-templates\/inner-page-two.php","meta":{"_acf_changed":false,"footnotes":""},"class_list":["post-2188","page","type-page","status-publish","hentry"],"acf":[],"yoast_head":"<!-- This site is optimized with the Yoast SEO plugin v27.3 - https:\/\/yoast.com\/product\/yoast-seo-wordpress\/ -->\n<title>Preise f\u00fcr SEPA-XML-Generator, SEPA-Preise - \u00dcberweisungen und Lastschriften<\/title>\n<meta name=\"description\" content=\"SEPA-Preise - \u00dcberweisungs- und Lastschriftsoftware - kostenlose SEPA-Software vom SEPA-XML-Generator .... Para obtener m\u00e1s informaci\u00f3n sobre las funciones y ventajas del software, p\u00f3ngase en contacto con ...\" \/>\n<meta name=\"robots\" content=\"index, follow, max-snippet:-1, max-image-preview:large, max-video-preview:-1\" \/>\n<link rel=\"canonical\" href=\"https:\/\/www.sepaxmlgenerator.com\/es\/preisgestaltung\/\" \/>\n<meta property=\"og:locale\" content=\"es_ES\" \/>\n<meta property=\"og:type\" content=\"article\" \/>\n<meta property=\"og:title\" content=\"Preise f\u00fcr SEPA-XML-Generator, SEPA-Preise - \u00dcberweisungen und Lastschriften\" \/>\n<meta property=\"og:description\" content=\"SEPA-Preise - \u00dcberweisungs- und Lastschriftsoftware - kostenlose SEPA-Software vom SEPA-XML-Generator .... Para obtener m\u00e1s informaci\u00f3n sobre las funciones y ventajas del software, p\u00f3ngase en contacto con ...\" \/>\n<meta property=\"og:url\" content=\"https:\/\/www.sepaxmlgenerator.com\/es\/preisgestaltung\/\" \/>\n<meta property=\"og:site_name\" content=\"SEPA XML GENERATOR\" \/>\n<meta property=\"og:image\" content=\"https:\/\/www.sepaxmlgenerator.com\/wp-content\/uploads\/2020\/04\/SEPA-XML-GENERATOR-User-Process-Flow-300x111.jpg\" \/>\n<meta name=\"twitter:card\" content=\"summary_large_image\" \/>\n<meta name=\"twitter:label1\" content=\"Tiempo de lectura\" \/>\n\t<meta name=\"twitter:data1\" content=\"1 minuto\" \/>\n<script type=\"application\/ld+json\" class=\"yoast-schema-graph\">{\"@context\":\"https:\\\/\\\/schema.org\",\"@graph\":[{\"@type\":\"WebPage\",\"@id\":\"https:\\\/\\\/www.sepaxmlgenerator.com\\\/es\\\/preisgestaltung\\\/\",\"url\":\"https:\\\/\\\/www.sepaxmlgenerator.com\\\/es\\\/preisgestaltung\\\/\",\"name\":\"Preise f\u00fcr SEPA-XML-Generator, SEPA-Preise - \u00dcberweisungen und Lastschriften\",\"isPartOf\":{\"@id\":\"https:\\\/\\\/www.sepaxmlgenerator.com\\\/es\\\/#website\"},\"primaryImageOfPage\":{\"@id\":\"https:\\\/\\\/www.sepaxmlgenerator.com\\\/es\\\/preisgestaltung\\\/#primaryimage\"},\"image\":{\"@id\":\"https:\\\/\\\/www.sepaxmlgenerator.com\\\/es\\\/preisgestaltung\\\/#primaryimage\"},\"thumbnailUrl\":\"https:\\\/\\\/www.sepaxmlgenerator.com\\\/wp-content\\\/uploads\\\/2020\\\/04\\\/SEPA-XML-GENERATOR-User-Process-Flow-300x111.jpg\",\"datePublished\":\"2020-01-16T06:36:01+00:00\",\"description\":\"SEPA-Preise - \u00dcberweisungs- und Lastschriftsoftware - kostenlose SEPA-Software vom SEPA-XML-Generator .... Para obtener m\u00e1s informaci\u00f3n sobre las funciones y ventajas del software, p\u00f3ngase en contacto con ...\",\"breadcrumb\":{\"@id\":\"https:\\\/\\\/www.sepaxmlgenerator.com\\\/es\\\/preisgestaltung\\\/#breadcrumb\"},\"inLanguage\":\"es\",\"potentialAction\":[{\"@type\":\"ReadAction\",\"target\":[\"https:\\\/\\\/www.sepaxmlgenerator.com\\\/es\\\/preisgestaltung\\\/\"]}]},{\"@type\":\"ImageObject\",\"inLanguage\":\"es\",\"@id\":\"https:\\\/\\\/www.sepaxmlgenerator.com\\\/es\\\/preisgestaltung\\\/#primaryimage\",\"url\":\"https:\\\/\\\/www.sepaxmlgenerator.com\\\/wp-content\\\/uploads\\\/2020\\\/04\\\/SEPA-XML-GENERATOR-User-Process-Flow-300x111.jpg\",\"contentUrl\":\"https:\\\/\\\/www.sepaxmlgenerator.com\\\/wp-content\\\/uploads\\\/2020\\\/04\\\/SEPA-XML-GENERATOR-User-Process-Flow-300x111.jpg\"},{\"@type\":\"BreadcrumbList\",\"@id\":\"https:\\\/\\\/www.sepaxmlgenerator.com\\\/es\\\/preisgestaltung\\\/#breadcrumb\",\"itemListElement\":[{\"@type\":\"ListItem\",\"position\":1,\"name\":\"Home\",\"item\":\"https:\\\/\\\/www.sepaxmlgenerator.com\\\/es\\\/\"},{\"@type\":\"ListItem\",\"position\":2,\"name\":\"Preisgestaltung\"}]},{\"@type\":\"WebSite\",\"@id\":\"https:\\\/\\\/www.sepaxmlgenerator.com\\\/es\\\/#website\",\"url\":\"https:\\\/\\\/www.sepaxmlgenerator.com\\\/es\\\/\",\"name\":\"SEPA XML GENERATOR\",\"description\":\"\",\"potentialAction\":[{\"@type\":\"SearchAction\",\"target\":{\"@type\":\"EntryPoint\",\"urlTemplate\":\"https:\\\/\\\/www.sepaxmlgenerator.com\\\/es\\\/?s={search_term_string}\"},\"query-input\":{\"@type\":\"PropertyValueSpecification\",\"valueRequired\":true,\"valueName\":\"search_term_string\"}}],\"inLanguage\":\"es\"}]}<\/script>\n<!-- \/ Yoast SEO plugin. -->","yoast_head_json":{"title":"Preise f\u00fcr SEPA-XML-Generator, SEPA-Preise - \u00dcberweisungen und Lastschriften","description":"SEPA-Preise - \u00dcberweisungs- und Lastschriftsoftware - kostenlose SEPA-Software vom SEPA-XML-Generator .... Para obtener m\u00e1s informaci\u00f3n sobre las funciones y ventajas del software, p\u00f3ngase en contacto con ...","robots":{"index":"index","follow":"follow","max-snippet":"max-snippet:-1","max-image-preview":"max-image-preview:large","max-video-preview":"max-video-preview:-1"},"canonical":"https:\/\/www.sepaxmlgenerator.com\/es\/preisgestaltung\/","og_locale":"es_ES","og_type":"article","og_title":"Preise f\u00fcr SEPA-XML-Generator, SEPA-Preise - \u00dcberweisungen und Lastschriften","og_description":"SEPA-Preise - \u00dcberweisungs- und Lastschriftsoftware - kostenlose SEPA-Software vom SEPA-XML-Generator .... Para obtener m\u00e1s informaci\u00f3n sobre las funciones y ventajas del software, p\u00f3ngase en contacto con ...","og_url":"https:\/\/www.sepaxmlgenerator.com\/es\/preisgestaltung\/","og_site_name":"SEPA XML GENERATOR","og_image":[{"url":"https:\/\/www.sepaxmlgenerator.com\/wp-content\/uploads\/2020\/04\/SEPA-XML-GENERATOR-User-Process-Flow-300x111.jpg","type":"","width":"","height":""}],"twitter_card":"summary_large_image","twitter_misc":{"Tiempo de lectura":"1 minuto"},"schema":{"@context":"https:\/\/schema.org","@graph":[{"@type":"WebPage","@id":"https:\/\/www.sepaxmlgenerator.com\/es\/preisgestaltung\/","url":"https:\/\/www.sepaxmlgenerator.com\/es\/preisgestaltung\/","name":"Preise f\u00fcr SEPA-XML-Generator, SEPA-Preise - \u00dcberweisungen und Lastschriften","isPartOf":{"@id":"https:\/\/www.sepaxmlgenerator.com\/es\/#website"},"primaryImageOfPage":{"@id":"https:\/\/www.sepaxmlgenerator.com\/es\/preisgestaltung\/#primaryimage"},"image":{"@id":"https:\/\/www.sepaxmlgenerator.com\/es\/preisgestaltung\/#primaryimage"},"thumbnailUrl":"https:\/\/www.sepaxmlgenerator.com\/wp-content\/uploads\/2020\/04\/SEPA-XML-GENERATOR-User-Process-Flow-300x111.jpg","datePublished":"2020-01-16T06:36:01+00:00","description":"SEPA-Preise - \u00dcberweisungs- und Lastschriftsoftware - kostenlose SEPA-Software vom SEPA-XML-Generator .... Para obtener m\u00e1s informaci\u00f3n sobre las funciones y ventajas del software, p\u00f3ngase en contacto con ...","breadcrumb":{"@id":"https:\/\/www.sepaxmlgenerator.com\/es\/preisgestaltung\/#breadcrumb"},"inLanguage":"es","potentialAction":[{"@type":"ReadAction","target":["https:\/\/www.sepaxmlgenerator.com\/es\/preisgestaltung\/"]}]},{"@type":"ImageObject","inLanguage":"es","@id":"https:\/\/www.sepaxmlgenerator.com\/es\/preisgestaltung\/#primaryimage","url":"https:\/\/www.sepaxmlgenerator.com\/wp-content\/uploads\/2020\/04\/SEPA-XML-GENERATOR-User-Process-Flow-300x111.jpg","contentUrl":"https:\/\/www.sepaxmlgenerator.com\/wp-content\/uploads\/2020\/04\/SEPA-XML-GENERATOR-User-Process-Flow-300x111.jpg"},{"@type":"BreadcrumbList","@id":"https:\/\/www.sepaxmlgenerator.com\/es\/preisgestaltung\/#breadcrumb","itemListElement":[{"@type":"ListItem","position":1,"name":"Home","item":"https:\/\/www.sepaxmlgenerator.com\/es\/"},{"@type":"ListItem","position":2,"name":"Preisgestaltung"}]},{"@type":"WebSite","@id":"https:\/\/www.sepaxmlgenerator.com\/es\/#website","url":"https:\/\/www.sepaxmlgenerator.com\/es\/","name":"SEPA XML GENERATOR","description":"","potentialAction":[{"@type":"SearchAction","target":{"@type":"EntryPoint","urlTemplate":"https:\/\/www.sepaxmlgenerator.com\/es\/?s={search_term_string}"},"query-input":{"@type":"PropertyValueSpecification","valueRequired":true,"valueName":"search_term_string"}}],"inLanguage":"es"}]}},"_links":{"self":[{"href":"https:\/\/www.sepaxmlgenerator.com\/es\/wp-json\/wp\/v2\/pages\/2188","targetHints":{"allow":["GET"]}}],"collection":[{"href":"https:\/\/www.sepaxmlgenerator.com\/es\/wp-json\/wp\/v2\/pages"}],"about":[{"href":"https:\/\/www.sepaxmlgenerator.com\/es\/wp-json\/wp\/v2\/types\/page"}],"author":[{"embeddable":true,"href":"https:\/\/www.sepaxmlgenerator.com\/es\/wp-json\/wp\/v2\/users\/1"}],"replies":[{"embeddable":true,"href":"https:\/\/www.sepaxmlgenerator.com\/es\/wp-json\/wp\/v2\/comments?post=2188"}],"version-history":[{"count":0,"href":"https:\/\/www.sepaxmlgenerator.com\/es\/wp-json\/wp\/v2\/pages\/2188\/revisions"}],"wp:attachment":[{"href":"https:\/\/www.sepaxmlgenerator.com\/es\/wp-json\/wp\/v2\/media?parent=2188"}],"curies":[{"name":"wp","href":"https:\/\/api.w.org\/{rel}","templated":true}]}}