{"id":1272,"date":"2023-01-30T08:30:41","date_gmt":"2023-01-30T08:30:41","guid":{"rendered":"https:\/\/sepaxmlgenerator.com\/sepa-api\/"},"modified":"2023-02-02T16:40:48","modified_gmt":"2023-02-02T16:40:48","slug":"sepa-api","status":"publish","type":"page","link":"https:\/\/www.sepaxmlgenerator.com\/fr\/sepa-api\/","title":{"rendered":"SEPA &#8211; API"},"content":{"rendered":"<p>Notre API SEPA permet aux utilisateurs d&rsquo;int\u00e9grer leur compte SEPA XML GENERATOR dans n&rsquo;importe quel logiciel de comptabilit\u00e9. Essentiellement, notre API SEPA sera int\u00e9gr\u00e9e \u00e0 votre logiciel de comptabilit\u00e9, ce qui permettra d&rsquo;automatiser le processus de pr\u00e9l\u00e8vement automatique et de virement.<\/p>\n<h2>Notre processus API SEPA<\/h2>\n<div class=\"api-content-img\">\n<ul class=\"api-process-list\">\n<li>L&rsquo;utilisateur se connecte au logiciel de comptabilit\u00e9 de l&rsquo;entreprise<\/li>\n<li>L&rsquo;utilisateur choisit le pr\u00e9l\u00e8vement automatique ou le virement bancaire Clients<\/li>\n<li>Le logiciel de comptabilit\u00e9 g\u00e9n\u00e8re un fichier csv, se connecte \u00e0 votre compte SEPA XML GENERATOR et traite le fichier.<\/li>\n<li>L&rsquo;utilisateur se connecte \u00e0 la banque en ligne de l&rsquo;entreprise et t\u00e9l\u00e9charge le fichier.<\/li>\n<\/ul>\n<div class=\"api-img\">\n<figure style=\"width: 345px\" class=\"wp-caption alignnone\"><img loading=\"lazy\" decoding=\"async\" src=\"https:\/\/www.sepaxmlgenerator.com\/wp-content\/uploads\/2023\/01\/api.png\" alt=\"API SEPA\" width=\"345\" height=\"270\"><figcaption class=\"wp-caption-text\">API SEPA<\/figcaption><\/figure>\n<\/div>\n<\/div>\n<p>L&rsquo;utilisation de l&rsquo;API SEPA supprime toute saisie manuelle de donn\u00e9es, ce qui r\u00e9duit les co\u00fbts et les risques d&rsquo;erreur. L&rsquo;API SEPA \u00e9limine tous les tracas et automatise l&rsquo;ensemble du processus du d\u00e9but \u00e0 la fin, en quelques clics.<\/p>\n<p>Essayez gratuitement l&rsquo;API SEPA d\u00e8s aujourd&rsquo;hui et prenez <a href=\"https:\/\/www.sepaxmlgenerator.com\/fr\/inscrivez-vous-pour-un-xml-sepa-gratuitessai-du-generateur-aujourdhui\/#contact\" target=\"_blank\" rel=\"noopener\">rendez-vous<\/a> avec notre \u00e9quipe d&rsquo;int\u00e9gration.<\/p>\n","protected":false},"excerpt":{"rendered":"Notre API SEPA permet aux utilisateurs d&rsquo;int\u00e9grer leur compte SEPA XML GENERATOR dans n&rsquo;importe quel logiciel de comptabilit\u00e9. Essentiellement, notre API SEPA sera int\u00e9gr\u00e9e \u00e0 votre logiciel de comptabilit\u00e9, ce qui permettra d&rsquo;automatiser le processus de pr\u00e9l\u00e8vement automatique et de virement. Notre processus API SEPA L&rsquo;utilisateur se connecte au logiciel de comptabilit\u00e9 de l&rsquo;entreprise L&rsquo;utilisateur [&hellip;]","protected":false},"author":1,"featured_media":0,"parent":0,"menu_order":0,"comment_status":"closed","ping_status":"closed","template":"page-templates\/inner-page-two.php","meta":{"_acf_changed":false,"footnotes":""},"class_list":["post-1272","page","type-page","status-publish","hentry"],"acf":[],"yoast_head":"<!-- This site is optimized with the Yoast SEO plugin v27.3 - https:\/\/yoast.com\/product\/yoast-seo-wordpress\/ -->\n<title>Logiciel de d\u00e9bit direct et de virement SEPA API de SEPA XML GENERATOR<\/title>\n<meta name=\"description\" content=\"Le logiciel de pr\u00e9l\u00e8vement et de virement SEPA API du g\u00e9n\u00e9rateur XML SEPA permet d&#039;int\u00e9grer notre logiciel SEPA \u00e0 votre propre logiciel de comptabilit\u00e9.\" \/>\n<meta name=\"robots\" content=\"index, follow, max-snippet:-1, max-image-preview:large, max-video-preview:-1\" \/>\n<link rel=\"canonical\" href=\"https:\/\/www.sepaxmlgenerator.com\/fr\/sepa-api\/\" \/>\n<meta property=\"og:locale\" content=\"fr_FR\" \/>\n<meta property=\"og:type\" content=\"article\" \/>\n<meta property=\"og:title\" content=\"Logiciel de d\u00e9bit direct et de virement SEPA API de SEPA XML GENERATOR\" \/>\n<meta property=\"og:description\" content=\"Le logiciel de pr\u00e9l\u00e8vement et de virement SEPA API du g\u00e9n\u00e9rateur XML SEPA permet d&#039;int\u00e9grer notre logiciel SEPA \u00e0 votre propre logiciel de comptabilit\u00e9.\" \/>\n<meta property=\"og:url\" content=\"https:\/\/www.sepaxmlgenerator.com\/fr\/sepa-api\/\" \/>\n<meta property=\"og:site_name\" content=\"SEPA XML GENERATOR\" \/>\n<meta property=\"article:modified_time\" content=\"2023-02-02T16:40:48+00:00\" \/>\n<meta property=\"og:image\" content=\"https:\/\/www.sepaxmlgenerator.com\/wp-content\/uploads\/2023\/01\/api.png\" \/>\n<meta name=\"twitter:card\" content=\"summary_large_image\" \/>\n<meta name=\"twitter:label1\" content=\"Dur\u00e9e de lecture estim\u00e9e\" \/>\n\t<meta name=\"twitter:data1\" content=\"1 minute\" \/>\n<script type=\"application\/ld+json\" class=\"yoast-schema-graph\">{\"@context\":\"https:\\\/\\\/schema.org\",\"@graph\":[{\"@type\":\"WebPage\",\"@id\":\"https:\\\/\\\/www.sepaxmlgenerator.com\\\/fr\\\/sepa-api\\\/\",\"url\":\"https:\\\/\\\/www.sepaxmlgenerator.com\\\/fr\\\/sepa-api\\\/\",\"name\":\"Logiciel de d\u00e9bit direct et de virement SEPA API de SEPA XML GENERATOR\",\"isPartOf\":{\"@id\":\"https:\\\/\\\/www.sepaxmlgenerator.com\\\/fr\\\/#website\"},\"primaryImageOfPage\":{\"@id\":\"https:\\\/\\\/www.sepaxmlgenerator.com\\\/fr\\\/sepa-api\\\/#primaryimage\"},\"image\":{\"@id\":\"https:\\\/\\\/www.sepaxmlgenerator.com\\\/fr\\\/sepa-api\\\/#primaryimage\"},\"thumbnailUrl\":\"https:\\\/\\\/www.sepaxmlgenerator.com\\\/wp-content\\\/uploads\\\/2023\\\/01\\\/api.png\",\"datePublished\":\"2023-01-30T08:30:41+00:00\",\"dateModified\":\"2023-02-02T16:40:48+00:00\",\"description\":\"Le logiciel de pr\u00e9l\u00e8vement et de virement SEPA API du g\u00e9n\u00e9rateur XML SEPA permet d'int\u00e9grer notre logiciel SEPA \u00e0 votre propre logiciel de comptabilit\u00e9.\",\"breadcrumb\":{\"@id\":\"https:\\\/\\\/www.sepaxmlgenerator.com\\\/fr\\\/sepa-api\\\/#breadcrumb\"},\"inLanguage\":\"fr-FR\",\"potentialAction\":[{\"@type\":\"ReadAction\",\"target\":[\"https:\\\/\\\/www.sepaxmlgenerator.com\\\/fr\\\/sepa-api\\\/\"]}]},{\"@type\":\"ImageObject\",\"inLanguage\":\"fr-FR\",\"@id\":\"https:\\\/\\\/www.sepaxmlgenerator.com\\\/fr\\\/sepa-api\\\/#primaryimage\",\"url\":\"https:\\\/\\\/www.sepaxmlgenerator.com\\\/wp-content\\\/uploads\\\/2023\\\/01\\\/api.png\",\"contentUrl\":\"https:\\\/\\\/www.sepaxmlgenerator.com\\\/wp-content\\\/uploads\\\/2023\\\/01\\\/api.png\"},{\"@type\":\"BreadcrumbList\",\"@id\":\"https:\\\/\\\/www.sepaxmlgenerator.com\\\/fr\\\/sepa-api\\\/#breadcrumb\",\"itemListElement\":[{\"@type\":\"ListItem\",\"position\":1,\"name\":\"Home\",\"item\":\"https:\\\/\\\/www.sepaxmlgenerator.com\\\/fr\\\/\"},{\"@type\":\"ListItem\",\"position\":2,\"name\":\"SEPA &#8211; API\"}]},{\"@type\":\"WebSite\",\"@id\":\"https:\\\/\\\/www.sepaxmlgenerator.com\\\/fr\\\/#website\",\"url\":\"https:\\\/\\\/www.sepaxmlgenerator.com\\\/fr\\\/\",\"name\":\"SEPA XML GENERATOR\",\"description\":\"\",\"potentialAction\":[{\"@type\":\"SearchAction\",\"target\":{\"@type\":\"EntryPoint\",\"urlTemplate\":\"https:\\\/\\\/www.sepaxmlgenerator.com\\\/fr\\\/?s={search_term_string}\"},\"query-input\":{\"@type\":\"PropertyValueSpecification\",\"valueRequired\":true,\"valueName\":\"search_term_string\"}}],\"inLanguage\":\"fr-FR\"}]}<\/script>\n<!-- \/ Yoast SEO plugin. -->","yoast_head_json":{"title":"Logiciel de d\u00e9bit direct et de virement SEPA API de SEPA XML GENERATOR","description":"Le logiciel de pr\u00e9l\u00e8vement et de virement SEPA API du g\u00e9n\u00e9rateur XML SEPA permet d'int\u00e9grer notre logiciel SEPA \u00e0 votre propre logiciel de comptabilit\u00e9.","robots":{"index":"index","follow":"follow","max-snippet":"max-snippet:-1","max-image-preview":"max-image-preview:large","max-video-preview":"max-video-preview:-1"},"canonical":"https:\/\/www.sepaxmlgenerator.com\/fr\/sepa-api\/","og_locale":"fr_FR","og_type":"article","og_title":"Logiciel de d\u00e9bit direct et de virement SEPA API de SEPA XML GENERATOR","og_description":"Le logiciel de pr\u00e9l\u00e8vement et de virement SEPA API du g\u00e9n\u00e9rateur XML SEPA permet d'int\u00e9grer notre logiciel SEPA \u00e0 votre propre logiciel de comptabilit\u00e9.","og_url":"https:\/\/www.sepaxmlgenerator.com\/fr\/sepa-api\/","og_site_name":"SEPA XML GENERATOR","article_modified_time":"2023-02-02T16:40:48+00:00","og_image":[{"url":"https:\/\/www.sepaxmlgenerator.com\/wp-content\/uploads\/2023\/01\/api.png","type":"","width":"","height":""}],"twitter_card":"summary_large_image","twitter_misc":{"Dur\u00e9e de lecture estim\u00e9e":"1 minute"},"schema":{"@context":"https:\/\/schema.org","@graph":[{"@type":"WebPage","@id":"https:\/\/www.sepaxmlgenerator.com\/fr\/sepa-api\/","url":"https:\/\/www.sepaxmlgenerator.com\/fr\/sepa-api\/","name":"Logiciel de d\u00e9bit direct et de virement SEPA API de SEPA XML GENERATOR","isPartOf":{"@id":"https:\/\/www.sepaxmlgenerator.com\/fr\/#website"},"primaryImageOfPage":{"@id":"https:\/\/www.sepaxmlgenerator.com\/fr\/sepa-api\/#primaryimage"},"image":{"@id":"https:\/\/www.sepaxmlgenerator.com\/fr\/sepa-api\/#primaryimage"},"thumbnailUrl":"https:\/\/www.sepaxmlgenerator.com\/wp-content\/uploads\/2023\/01\/api.png","datePublished":"2023-01-30T08:30:41+00:00","dateModified":"2023-02-02T16:40:48+00:00","description":"Le logiciel de pr\u00e9l\u00e8vement et de virement SEPA API du g\u00e9n\u00e9rateur XML SEPA permet d'int\u00e9grer notre logiciel SEPA \u00e0 votre propre logiciel de comptabilit\u00e9.","breadcrumb":{"@id":"https:\/\/www.sepaxmlgenerator.com\/fr\/sepa-api\/#breadcrumb"},"inLanguage":"fr-FR","potentialAction":[{"@type":"ReadAction","target":["https:\/\/www.sepaxmlgenerator.com\/fr\/sepa-api\/"]}]},{"@type":"ImageObject","inLanguage":"fr-FR","@id":"https:\/\/www.sepaxmlgenerator.com\/fr\/sepa-api\/#primaryimage","url":"https:\/\/www.sepaxmlgenerator.com\/wp-content\/uploads\/2023\/01\/api.png","contentUrl":"https:\/\/www.sepaxmlgenerator.com\/wp-content\/uploads\/2023\/01\/api.png"},{"@type":"BreadcrumbList","@id":"https:\/\/www.sepaxmlgenerator.com\/fr\/sepa-api\/#breadcrumb","itemListElement":[{"@type":"ListItem","position":1,"name":"Home","item":"https:\/\/www.sepaxmlgenerator.com\/fr\/"},{"@type":"ListItem","position":2,"name":"SEPA &#8211; API"}]},{"@type":"WebSite","@id":"https:\/\/www.sepaxmlgenerator.com\/fr\/#website","url":"https:\/\/www.sepaxmlgenerator.com\/fr\/","name":"SEPA XML GENERATOR","description":"","potentialAction":[{"@type":"SearchAction","target":{"@type":"EntryPoint","urlTemplate":"https:\/\/www.sepaxmlgenerator.com\/fr\/?s={search_term_string}"},"query-input":{"@type":"PropertyValueSpecification","valueRequired":true,"valueName":"search_term_string"}}],"inLanguage":"fr-FR"}]}},"_links":{"self":[{"href":"https:\/\/www.sepaxmlgenerator.com\/fr\/wp-json\/wp\/v2\/pages\/1272","targetHints":{"allow":["GET"]}}],"collection":[{"href":"https:\/\/www.sepaxmlgenerator.com\/fr\/wp-json\/wp\/v2\/pages"}],"about":[{"href":"https:\/\/www.sepaxmlgenerator.com\/fr\/wp-json\/wp\/v2\/types\/page"}],"author":[{"embeddable":true,"href":"https:\/\/www.sepaxmlgenerator.com\/fr\/wp-json\/wp\/v2\/users\/1"}],"replies":[{"embeddable":true,"href":"https:\/\/www.sepaxmlgenerator.com\/fr\/wp-json\/wp\/v2\/comments?post=1272"}],"version-history":[{"count":3,"href":"https:\/\/www.sepaxmlgenerator.com\/fr\/wp-json\/wp\/v2\/pages\/1272\/revisions"}],"predecessor-version":[{"id":2016,"href":"https:\/\/www.sepaxmlgenerator.com\/fr\/wp-json\/wp\/v2\/pages\/1272\/revisions\/2016"}],"wp:attachment":[{"href":"https:\/\/www.sepaxmlgenerator.com\/fr\/wp-json\/wp\/v2\/media?parent=1272"}],"curies":[{"name":"wp","href":"https:\/\/api.w.org\/{rel}","templated":true}]}}