{"id":4581,"date":"2024-04-29T05:20:31","date_gmt":"2024-04-29T05:20:31","guid":{"rendered":"https:\/\/sepaxmlgenerator.com\/nos-clients\/"},"modified":"2025-06-12T17:05:27","modified_gmt":"2025-06-12T17:05:27","slug":"nos-clients","status":"publish","type":"page","link":"https:\/\/www.sepaxmlgenerator.com\/fr\/nos-clients\/","title":{"rendered":"Nos clients"},"content":{"rendered":"","protected":false},"excerpt":{"rendered":"","protected":false},"author":1,"featured_media":0,"parent":0,"menu_order":0,"comment_status":"closed","ping_status":"closed","template":"page-templates\/our-customers.php","meta":{"_acf_changed":false,"footnotes":""},"class_list":["post-4581","page","type-page","status-publish","hentry"],"acf":[],"yoast_head":"<!-- This site is optimized with the Yoast SEO plugin v27.3 - https:\/\/yoast.com\/product\/yoast-seo-wordpress\/ -->\n<title>Nos clients du g\u00e9n\u00e9rateur SEPA XML pour les logiciels de pr\u00e9l\u00e8vement et de virement<\/title>\n<meta name=\"description\" content=\"Notre g\u00e9n\u00e9rateur SEPA XML Clients pour les logiciels de pr\u00e9l\u00e8vement et de virement des petites et moyennes entreprises\" \/>\n<meta name=\"robots\" content=\"index, follow, max-snippet:-1, max-image-preview:large, max-video-preview:-1\" \/>\n<link rel=\"canonical\" href=\"https:\/\/www.sepaxmlgenerator.com\/fr\/nos-clients\/\" \/>\n<meta property=\"og:locale\" content=\"fr_FR\" \/>\n<meta property=\"og:type\" content=\"article\" \/>\n<meta property=\"og:title\" content=\"Nos clients du g\u00e9n\u00e9rateur SEPA XML pour les logiciels de pr\u00e9l\u00e8vement et de virement\" \/>\n<meta property=\"og:description\" content=\"Notre g\u00e9n\u00e9rateur SEPA XML Clients pour les logiciels de pr\u00e9l\u00e8vement et de virement des petites et moyennes entreprises\" \/>\n<meta property=\"og:url\" content=\"https:\/\/www.sepaxmlgenerator.com\/fr\/nos-clients\/\" \/>\n<meta property=\"og:site_name\" content=\"SEPA XML GENERATOR\" \/>\n<meta property=\"article:modified_time\" content=\"2025-06-12T17:05:27+00:00\" \/>\n<meta name=\"twitter:card\" content=\"summary_large_image\" \/>\n<script type=\"application\/ld+json\" class=\"yoast-schema-graph\">{\"@context\":\"https:\\\/\\\/schema.org\",\"@graph\":[{\"@type\":\"WebPage\",\"@id\":\"https:\\\/\\\/www.sepaxmlgenerator.com\\\/fr\\\/nos-clients\\\/\",\"url\":\"https:\\\/\\\/www.sepaxmlgenerator.com\\\/fr\\\/nos-clients\\\/\",\"name\":\"Nos clients du g\u00e9n\u00e9rateur SEPA XML pour les logiciels de pr\u00e9l\u00e8vement et de virement\",\"isPartOf\":{\"@id\":\"https:\\\/\\\/www.sepaxmlgenerator.com\\\/fr\\\/#website\"},\"datePublished\":\"2024-04-29T05:20:31+00:00\",\"dateModified\":\"2025-06-12T17:05:27+00:00\",\"description\":\"Notre g\u00e9n\u00e9rateur SEPA XML Clients pour les logiciels de pr\u00e9l\u00e8vement et de virement des petites et moyennes entreprises\",\"breadcrumb\":{\"@id\":\"https:\\\/\\\/www.sepaxmlgenerator.com\\\/fr\\\/nos-clients\\\/#breadcrumb\"},\"inLanguage\":\"fr-FR\",\"potentialAction\":[{\"@type\":\"ReadAction\",\"target\":[\"https:\\\/\\\/www.sepaxmlgenerator.com\\\/fr\\\/nos-clients\\\/\"]}]},{\"@type\":\"BreadcrumbList\",\"@id\":\"https:\\\/\\\/www.sepaxmlgenerator.com\\\/fr\\\/nos-clients\\\/#breadcrumb\",\"itemListElement\":[{\"@type\":\"ListItem\",\"position\":1,\"name\":\"Home\",\"item\":\"https:\\\/\\\/www.sepaxmlgenerator.com\\\/fr\\\/\"},{\"@type\":\"ListItem\",\"position\":2,\"name\":\"Nos clients\"}]},{\"@type\":\"WebSite\",\"@id\":\"https:\\\/\\\/www.sepaxmlgenerator.com\\\/fr\\\/#website\",\"url\":\"https:\\\/\\\/www.sepaxmlgenerator.com\\\/fr\\\/\",\"name\":\"SEPA XML GENERATOR\",\"description\":\"\",\"potentialAction\":[{\"@type\":\"SearchAction\",\"target\":{\"@type\":\"EntryPoint\",\"urlTemplate\":\"https:\\\/\\\/www.sepaxmlgenerator.com\\\/fr\\\/?s={search_term_string}\"},\"query-input\":{\"@type\":\"PropertyValueSpecification\",\"valueRequired\":true,\"valueName\":\"search_term_string\"}}],\"inLanguage\":\"fr-FR\"}]}<\/script>\n<!-- \/ Yoast SEO plugin. -->","yoast_head_json":{"title":"Nos clients du g\u00e9n\u00e9rateur SEPA XML pour les logiciels de pr\u00e9l\u00e8vement et de virement","description":"Notre g\u00e9n\u00e9rateur SEPA XML Clients pour les logiciels de pr\u00e9l\u00e8vement et de virement des petites et moyennes entreprises","robots":{"index":"index","follow":"follow","max-snippet":"max-snippet:-1","max-image-preview":"max-image-preview:large","max-video-preview":"max-video-preview:-1"},"canonical":"https:\/\/www.sepaxmlgenerator.com\/fr\/nos-clients\/","og_locale":"fr_FR","og_type":"article","og_title":"Nos clients du g\u00e9n\u00e9rateur SEPA XML pour les logiciels de pr\u00e9l\u00e8vement et de virement","og_description":"Notre g\u00e9n\u00e9rateur SEPA XML Clients pour les logiciels de pr\u00e9l\u00e8vement et de virement des petites et moyennes entreprises","og_url":"https:\/\/www.sepaxmlgenerator.com\/fr\/nos-clients\/","og_site_name":"SEPA XML GENERATOR","article_modified_time":"2025-06-12T17:05:27+00:00","twitter_card":"summary_large_image","schema":{"@context":"https:\/\/schema.org","@graph":[{"@type":"WebPage","@id":"https:\/\/www.sepaxmlgenerator.com\/fr\/nos-clients\/","url":"https:\/\/www.sepaxmlgenerator.com\/fr\/nos-clients\/","name":"Nos clients du g\u00e9n\u00e9rateur SEPA XML pour les logiciels de pr\u00e9l\u00e8vement et de virement","isPartOf":{"@id":"https:\/\/www.sepaxmlgenerator.com\/fr\/#website"},"datePublished":"2024-04-29T05:20:31+00:00","dateModified":"2025-06-12T17:05:27+00:00","description":"Notre g\u00e9n\u00e9rateur SEPA XML Clients pour les logiciels de pr\u00e9l\u00e8vement et de virement des petites et moyennes entreprises","breadcrumb":{"@id":"https:\/\/www.sepaxmlgenerator.com\/fr\/nos-clients\/#breadcrumb"},"inLanguage":"fr-FR","potentialAction":[{"@type":"ReadAction","target":["https:\/\/www.sepaxmlgenerator.com\/fr\/nos-clients\/"]}]},{"@type":"BreadcrumbList","@id":"https:\/\/www.sepaxmlgenerator.com\/fr\/nos-clients\/#breadcrumb","itemListElement":[{"@type":"ListItem","position":1,"name":"Home","item":"https:\/\/www.sepaxmlgenerator.com\/fr\/"},{"@type":"ListItem","position":2,"name":"Nos clients"}]},{"@type":"WebSite","@id":"https:\/\/www.sepaxmlgenerator.com\/fr\/#website","url":"https:\/\/www.sepaxmlgenerator.com\/fr\/","name":"SEPA XML GENERATOR","description":"","potentialAction":[{"@type":"SearchAction","target":{"@type":"EntryPoint","urlTemplate":"https:\/\/www.sepaxmlgenerator.com\/fr\/?s={search_term_string}"},"query-input":{"@type":"PropertyValueSpecification","valueRequired":true,"valueName":"search_term_string"}}],"inLanguage":"fr-FR"}]}},"_links":{"self":[{"href":"https:\/\/www.sepaxmlgenerator.com\/fr\/wp-json\/wp\/v2\/pages\/4581","targetHints":{"allow":["GET"]}}],"collection":[{"href":"https:\/\/www.sepaxmlgenerator.com\/fr\/wp-json\/wp\/v2\/pages"}],"about":[{"href":"https:\/\/www.sepaxmlgenerator.com\/fr\/wp-json\/wp\/v2\/types\/page"}],"author":[{"embeddable":true,"href":"https:\/\/www.sepaxmlgenerator.com\/fr\/wp-json\/wp\/v2\/users\/1"}],"replies":[{"embeddable":true,"href":"https:\/\/www.sepaxmlgenerator.com\/fr\/wp-json\/wp\/v2\/comments?post=4581"}],"version-history":[{"count":1,"href":"https:\/\/www.sepaxmlgenerator.com\/fr\/wp-json\/wp\/v2\/pages\/4581\/revisions"}],"predecessor-version":[{"id":4599,"href":"https:\/\/www.sepaxmlgenerator.com\/fr\/wp-json\/wp\/v2\/pages\/4581\/revisions\/4599"}],"wp:attachment":[{"href":"https:\/\/www.sepaxmlgenerator.com\/fr\/wp-json\/wp\/v2\/media?parent=4581"}],"curies":[{"name":"wp","href":"https:\/\/api.w.org\/{rel}","templated":true}]}}