{"id":723,"date":"2020-01-16T06:28:02","date_gmt":"2020-01-16T06:28:02","guid":{"rendered":"https:\/\/sepaxmlgenerator.com\/page-daccueil\/"},"modified":"2023-02-16T06:09:43","modified_gmt":"2023-02-16T06:09:43","slug":"page-daccueil","status":"publish","type":"page","link":"https:\/\/www.sepaxmlgenerator.com\/fr\/","title":{"rendered":"Page d&rsquo;accueil"},"content":{"rendered":"","protected":false},"excerpt":{"rendered":"","protected":false},"author":1,"featured_media":0,"parent":0,"menu_order":0,"comment_status":"closed","ping_status":"closed","template":"","meta":{"_acf_changed":false,"footnotes":""},"class_list":["post-723","page","type-page","status-publish","hentry"],"acf":[],"yoast_head":"<!-- This site is optimized with the Yoast SEO plugin v27.3 - https:\/\/yoast.com\/product\/yoast-seo-wordpress\/ -->\n<title>GEN\u00c9RATEUR DE XML SEPA, logiciel de pr\u00e9l\u00e8vement et logiciel de virement Essai GRATUIT<\/title>\n<meta name=\"description\" content=\"SEPA XML GENERATOR, Direct Debit &amp; Credit Transfer Software FREE Trial - Collectez vos d\u00e9bits directs et g\u00e9n\u00e9rez des fichiers xml de virement - Cr\u00e9ez un compte GRATUIT aujourd&#039;hui...\" \/>\n<meta name=\"robots\" content=\"index, follow, max-snippet:-1, max-image-preview:large, max-video-preview:-1\" \/>\n<link rel=\"canonical\" href=\"https:\/\/www.sepaxmlgenerator.com\/fr\/\" \/>\n<meta property=\"og:locale\" content=\"fr_FR\" \/>\n<meta property=\"og:type\" content=\"article\" \/>\n<meta property=\"og:title\" content=\"GEN\u00c9RATEUR DE XML SEPA, logiciel de pr\u00e9l\u00e8vement et logiciel de virement Essai GRATUIT\" \/>\n<meta property=\"og:description\" content=\"SEPA XML GENERATOR, Direct Debit &amp; Credit Transfer Software FREE Trial - Collectez vos d\u00e9bits directs et g\u00e9n\u00e9rez des fichiers xml de virement - Cr\u00e9ez un compte GRATUIT aujourd&#039;hui...\" \/>\n<meta property=\"og:url\" content=\"https:\/\/www.sepaxmlgenerator.com\/fr\/\" \/>\n<meta property=\"og:site_name\" content=\"SEPA XML GENERATOR\" \/>\n<meta property=\"article:modified_time\" content=\"2023-02-16T06:09:43+00:00\" \/>\n<meta name=\"twitter:card\" content=\"summary_large_image\" \/>\n<script type=\"application\/ld+json\" class=\"yoast-schema-graph\">{\"@context\":\"https:\\\/\\\/schema.org\",\"@graph\":[{\"@type\":\"WebPage\",\"@id\":\"https:\\\/\\\/www.sepaxmlgenerator.com\\\/fr\\\/\",\"url\":\"https:\\\/\\\/www.sepaxmlgenerator.com\\\/fr\\\/\",\"name\":\"GEN\u00c9RATEUR DE XML SEPA, logiciel de pr\u00e9l\u00e8vement et logiciel de virement Essai GRATUIT\",\"isPartOf\":{\"@id\":\"https:\\\/\\\/www.sepaxmlgenerator.com\\\/fr\\\/#website\"},\"datePublished\":\"2020-01-16T06:28:02+00:00\",\"dateModified\":\"2023-02-16T06:09:43+00:00\",\"description\":\"SEPA XML GENERATOR, Direct Debit & Credit Transfer Software FREE Trial - Collectez vos d\u00e9bits directs et g\u00e9n\u00e9rez des fichiers xml de virement - Cr\u00e9ez un compte GRATUIT aujourd'hui...\",\"breadcrumb\":{\"@id\":\"https:\\\/\\\/www.sepaxmlgenerator.com\\\/fr\\\/#breadcrumb\"},\"inLanguage\":\"fr-FR\",\"potentialAction\":[{\"@type\":\"ReadAction\",\"target\":[\"https:\\\/\\\/www.sepaxmlgenerator.com\\\/fr\\\/\"]}]},{\"@type\":\"BreadcrumbList\",\"@id\":\"https:\\\/\\\/www.sepaxmlgenerator.com\\\/fr\\\/#breadcrumb\",\"itemListElement\":[{\"@type\":\"ListItem\",\"position\":1,\"name\":\"Home\",\"item\":\"https:\\\/\\\/www.sepaxmlgenerator.com\\\/fr\\\/\"},{\"@type\":\"ListItem\",\"position\":2,\"name\":\"Page d&#8217;accueil\"}]},{\"@type\":\"WebSite\",\"@id\":\"https:\\\/\\\/www.sepaxmlgenerator.com\\\/fr\\\/#website\",\"url\":\"https:\\\/\\\/www.sepaxmlgenerator.com\\\/fr\\\/\",\"name\":\"SEPA XML GENERATOR\",\"description\":\"\",\"potentialAction\":[{\"@type\":\"SearchAction\",\"target\":{\"@type\":\"EntryPoint\",\"urlTemplate\":\"https:\\\/\\\/www.sepaxmlgenerator.com\\\/fr\\\/?s={search_term_string}\"},\"query-input\":{\"@type\":\"PropertyValueSpecification\",\"valueRequired\":true,\"valueName\":\"search_term_string\"}}],\"inLanguage\":\"fr-FR\"}]}<\/script>\n<!-- \/ Yoast SEO plugin. -->","yoast_head_json":{"title":"GEN\u00c9RATEUR DE XML SEPA, logiciel de pr\u00e9l\u00e8vement et logiciel de virement Essai GRATUIT","description":"SEPA XML GENERATOR, Direct Debit & Credit Transfer Software FREE Trial - Collectez vos d\u00e9bits directs et g\u00e9n\u00e9rez des fichiers xml de virement - Cr\u00e9ez un compte GRATUIT aujourd'hui...","robots":{"index":"index","follow":"follow","max-snippet":"max-snippet:-1","max-image-preview":"max-image-preview:large","max-video-preview":"max-video-preview:-1"},"canonical":"https:\/\/www.sepaxmlgenerator.com\/fr\/","og_locale":"fr_FR","og_type":"article","og_title":"GEN\u00c9RATEUR DE XML SEPA, logiciel de pr\u00e9l\u00e8vement et logiciel de virement Essai GRATUIT","og_description":"SEPA XML GENERATOR, Direct Debit & Credit Transfer Software FREE Trial - Collectez vos d\u00e9bits directs et g\u00e9n\u00e9rez des fichiers xml de virement - Cr\u00e9ez un compte GRATUIT aujourd'hui...","og_url":"https:\/\/www.sepaxmlgenerator.com\/fr\/","og_site_name":"SEPA XML GENERATOR","article_modified_time":"2023-02-16T06:09:43+00:00","twitter_card":"summary_large_image","schema":{"@context":"https:\/\/schema.org","@graph":[{"@type":"WebPage","@id":"https:\/\/www.sepaxmlgenerator.com\/fr\/","url":"https:\/\/www.sepaxmlgenerator.com\/fr\/","name":"GEN\u00c9RATEUR DE XML SEPA, logiciel de pr\u00e9l\u00e8vement et logiciel de virement Essai GRATUIT","isPartOf":{"@id":"https:\/\/www.sepaxmlgenerator.com\/fr\/#website"},"datePublished":"2020-01-16T06:28:02+00:00","dateModified":"2023-02-16T06:09:43+00:00","description":"SEPA XML GENERATOR, Direct Debit & Credit Transfer Software FREE Trial - Collectez vos d\u00e9bits directs et g\u00e9n\u00e9rez des fichiers xml de virement - Cr\u00e9ez un compte GRATUIT aujourd'hui...","breadcrumb":{"@id":"https:\/\/www.sepaxmlgenerator.com\/fr\/#breadcrumb"},"inLanguage":"fr-FR","potentialAction":[{"@type":"ReadAction","target":["https:\/\/www.sepaxmlgenerator.com\/fr\/"]}]},{"@type":"BreadcrumbList","@id":"https:\/\/www.sepaxmlgenerator.com\/fr\/#breadcrumb","itemListElement":[{"@type":"ListItem","position":1,"name":"Home","item":"https:\/\/www.sepaxmlgenerator.com\/fr\/"},{"@type":"ListItem","position":2,"name":"Page d&#8217;accueil"}]},{"@type":"WebSite","@id":"https:\/\/www.sepaxmlgenerator.com\/fr\/#website","url":"https:\/\/www.sepaxmlgenerator.com\/fr\/","name":"SEPA XML GENERATOR","description":"","potentialAction":[{"@type":"SearchAction","target":{"@type":"EntryPoint","urlTemplate":"https:\/\/www.sepaxmlgenerator.com\/fr\/?s={search_term_string}"},"query-input":{"@type":"PropertyValueSpecification","valueRequired":true,"valueName":"search_term_string"}}],"inLanguage":"fr-FR"}]}},"_links":{"self":[{"href":"https:\/\/www.sepaxmlgenerator.com\/fr\/wp-json\/wp\/v2\/pages\/723","targetHints":{"allow":["GET"]}}],"collection":[{"href":"https:\/\/www.sepaxmlgenerator.com\/fr\/wp-json\/wp\/v2\/pages"}],"about":[{"href":"https:\/\/www.sepaxmlgenerator.com\/fr\/wp-json\/wp\/v2\/types\/page"}],"author":[{"embeddable":true,"href":"https:\/\/www.sepaxmlgenerator.com\/fr\/wp-json\/wp\/v2\/users\/1"}],"replies":[{"embeddable":true,"href":"https:\/\/www.sepaxmlgenerator.com\/fr\/wp-json\/wp\/v2\/comments?post=723"}],"version-history":[{"count":11,"href":"https:\/\/www.sepaxmlgenerator.com\/fr\/wp-json\/wp\/v2\/pages\/723\/revisions"}],"predecessor-version":[{"id":3319,"href":"https:\/\/www.sepaxmlgenerator.com\/fr\/wp-json\/wp\/v2\/pages\/723\/revisions\/3319"}],"wp:attachment":[{"href":"https:\/\/www.sepaxmlgenerator.com\/fr\/wp-json\/wp\/v2\/media?parent=723"}],"curies":[{"name":"wp","href":"https:\/\/api.w.org\/{rel}","templated":true}]}}