{"id":733,"date":"2020-01-16T06:36:42","date_gmt":"2020-01-16T06:36:42","guid":{"rendered":"https:\/\/sepaxmlgenerator.com\/inscrivez-vous-pour-un-xml-sepa-gratuitessai-du-generateur-aujourdhui\/"},"modified":"2022-04-12T07:24:51","modified_gmt":"2022-04-12T07:24:51","slug":"inscrivez-vous-pour-un-xml-sepa-gratuitessai-du-generateur-aujourdhui","status":"publish","type":"page","link":"https:\/\/www.sepaxmlgenerator.com\/fr\/inscrivez-vous-pour-un-xml-sepa-gratuitessai-du-generateur-aujourdhui\/","title":{"rendered":"Inscrivez-vous pour un XML SEPA gratuit<br>Essai du G\u00c9N\u00c9RATEUR aujourd&rsquo;hui"},"content":{"rendered":"<section class=\"contact-sec\">\n<div class=\"contact-address\">\n<ul>\n<li>\n<h3>Si\u00e8ge social<\/h3>\n<p>SEPA XML GENERATOR<br \/>18 rue Herbert,<br \/>Dublin 2,<br \/>Irlande, D02 FK19.<\/p>\n<\/li>\n<li class=\"msize\">\n<h3>T\u00e9l\u00e9phone : <span>+353 1 539 7207<\/span><\/h3>\n<h3>Courriel : <span><a href=\"mailto:info@SEPAXMLGENERATOR.com\">info@SEPAXMLGENERATOR.com<\/a><\/span><\/h3>\n<h3>Renseignements : <span><a href=\"mailto:sales@SEPAXMLGENERATOR.com\">sales@SEPAXMLGENERATOR.com<\/a><\/span><\/h3>\n<\/li>\n<\/ul><\/div>\n<div class=\"contact-map-sec\">\n<div class=\"contact-map-content\">\n<div class=\"cmc-inner-sec\">\n<p><strong>SEPA XML GENERATOR<\/strong><\/p>\n<p>18 rue Herbert, Dublin 2,<br \/>Irlande, D02 FK19.<\/p>\n<p>     <a href=\"https:\/\/www.google.ie\/maps\/place\/Digital+Sales\/@53.335664,-6.24538,15z\/data=!4m2!3m1!1s0x0:0xa5aa2f20bdc22d52?sa=X&amp;ved=0ahUKEwjotuDPrObXAhUP_qQKHf8QAbwQ_BIIbDAK\" class=\"btn-effect\" target=\"_blank\" rel=\"noopener\"><span>Obtenir des directions <i> <\/i> <\/span><\/a>\n    <\/div>\n<\/p><\/div>\n<div class=\"contact-map-bg\"><\/div>\n<\/p><\/div>\n<\/section>\n","protected":false},"excerpt":{"rendered":"Si\u00e8ge social SEPA XML GENERATOR18 rue Herbert,Dublin 2,Irlande, D02 FK19. T\u00e9l\u00e9phone : +353 1 539 7207 Courriel : info@SEPAXMLGENERATOR.com Renseignements : sales@SEPAXMLGENERATOR.com SEPA XML GENERATOR 18 rue Herbert, Dublin 2,Irlande, D02 FK19. Obtenir des directions","protected":false},"author":1,"featured_media":0,"parent":0,"menu_order":0,"comment_status":"closed","ping_status":"closed","template":"page-templates\/contact-us.php","meta":{"_acf_changed":false,"footnotes":""},"class_list":["post-733","page","type-page","status-publish","hentry"],"acf":[],"yoast_head":"<!-- This site is optimized with the Yoast SEO plugin v27.3 - https:\/\/yoast.com\/product\/yoast-seo-wordpress\/ -->\n<title>Contacter le g\u00e9n\u00e9rateur XML SEPA, Coordonn\u00e9es G\u00e9n\u00e9rateur XML SEPA<\/title>\n<meta name=\"description\" content=\"Coordonn\u00e9es du g\u00e9n\u00e9rateur XML SEPA, du logiciel et de l&#039;essai GRATUIT - Collectez vos pr\u00e9l\u00e8vements automatiques et g\u00e9n\u00e9rez des fichiers de cr\u00e9dit et soumettez votre SEPA .xml\" \/>\n<meta name=\"robots\" content=\"index, follow, max-snippet:-1, max-image-preview:large, max-video-preview:-1\" \/>\n<link rel=\"canonical\" href=\"https:\/\/www.sepaxmlgenerator.com\/fr\/inscrivez-vous-pour-un-xml-sepa-gratuitessai-du-generateur-aujourdhui\/\" \/>\n<meta property=\"og:locale\" content=\"fr_FR\" \/>\n<meta property=\"og:type\" content=\"article\" \/>\n<meta property=\"og:title\" content=\"Contacter le g\u00e9n\u00e9rateur XML SEPA, Coordonn\u00e9es G\u00e9n\u00e9rateur XML SEPA\" \/>\n<meta property=\"og:description\" content=\"Coordonn\u00e9es du g\u00e9n\u00e9rateur XML SEPA, du logiciel et de l&#039;essai GRATUIT - Collectez vos pr\u00e9l\u00e8vements automatiques et g\u00e9n\u00e9rez des fichiers de cr\u00e9dit et soumettez votre SEPA .xml\" \/>\n<meta property=\"og:url\" content=\"https:\/\/www.sepaxmlgenerator.com\/fr\/inscrivez-vous-pour-un-xml-sepa-gratuitessai-du-generateur-aujourdhui\/\" \/>\n<meta property=\"og:site_name\" content=\"SEPA XML GENERATOR\" \/>\n<meta property=\"article:modified_time\" content=\"2022-04-12T07:24:51+00:00\" \/>\n<meta name=\"twitter:card\" content=\"summary_large_image\" \/>\n<script type=\"application\/ld+json\" class=\"yoast-schema-graph\">{\"@context\":\"https:\\\/\\\/schema.org\",\"@graph\":[{\"@type\":\"WebPage\",\"@id\":\"https:\\\/\\\/www.sepaxmlgenerator.com\\\/fr\\\/inscrivez-vous-pour-un-xml-sepa-gratuitessai-du-generateur-aujourdhui\\\/\",\"url\":\"https:\\\/\\\/www.sepaxmlgenerator.com\\\/fr\\\/inscrivez-vous-pour-un-xml-sepa-gratuitessai-du-generateur-aujourdhui\\\/\",\"name\":\"Contacter le g\u00e9n\u00e9rateur XML SEPA, Coordonn\u00e9es G\u00e9n\u00e9rateur XML SEPA\",\"isPartOf\":{\"@id\":\"https:\\\/\\\/www.sepaxmlgenerator.com\\\/fr\\\/#website\"},\"datePublished\":\"2020-01-16T06:36:42+00:00\",\"dateModified\":\"2022-04-12T07:24:51+00:00\",\"description\":\"Coordonn\u00e9es du g\u00e9n\u00e9rateur XML SEPA, du logiciel et de l'essai GRATUIT - Collectez vos pr\u00e9l\u00e8vements automatiques et g\u00e9n\u00e9rez des fichiers de cr\u00e9dit et soumettez votre SEPA .xml\",\"breadcrumb\":{\"@id\":\"https:\\\/\\\/www.sepaxmlgenerator.com\\\/fr\\\/inscrivez-vous-pour-un-xml-sepa-gratuitessai-du-generateur-aujourdhui\\\/#breadcrumb\"},\"inLanguage\":\"fr-FR\",\"potentialAction\":[{\"@type\":\"ReadAction\",\"target\":[\"https:\\\/\\\/www.sepaxmlgenerator.com\\\/fr\\\/inscrivez-vous-pour-un-xml-sepa-gratuitessai-du-generateur-aujourdhui\\\/\"]}]},{\"@type\":\"BreadcrumbList\",\"@id\":\"https:\\\/\\\/www.sepaxmlgenerator.com\\\/fr\\\/inscrivez-vous-pour-un-xml-sepa-gratuitessai-du-generateur-aujourdhui\\\/#breadcrumb\",\"itemListElement\":[{\"@type\":\"ListItem\",\"position\":1,\"name\":\"Home\",\"item\":\"https:\\\/\\\/www.sepaxmlgenerator.com\\\/fr\\\/\"},{\"@type\":\"ListItem\",\"position\":2,\"name\":\"Inscrivez-vous pour un XML SEPA gratuitEssai du G\u00c9N\u00c9RATEUR aujourd&rsquo;hui\"}]},{\"@type\":\"WebSite\",\"@id\":\"https:\\\/\\\/www.sepaxmlgenerator.com\\\/fr\\\/#website\",\"url\":\"https:\\\/\\\/www.sepaxmlgenerator.com\\\/fr\\\/\",\"name\":\"SEPA XML GENERATOR\",\"description\":\"\",\"potentialAction\":[{\"@type\":\"SearchAction\",\"target\":{\"@type\":\"EntryPoint\",\"urlTemplate\":\"https:\\\/\\\/www.sepaxmlgenerator.com\\\/fr\\\/?s={search_term_string}\"},\"query-input\":{\"@type\":\"PropertyValueSpecification\",\"valueRequired\":true,\"valueName\":\"search_term_string\"}}],\"inLanguage\":\"fr-FR\"}]}<\/script>\n<!-- \/ Yoast SEO plugin. -->","yoast_head_json":{"title":"Contacter le g\u00e9n\u00e9rateur XML SEPA, Coordonn\u00e9es G\u00e9n\u00e9rateur XML SEPA","description":"Coordonn\u00e9es du g\u00e9n\u00e9rateur XML SEPA, du logiciel et de l'essai GRATUIT - Collectez vos pr\u00e9l\u00e8vements automatiques et g\u00e9n\u00e9rez des fichiers de cr\u00e9dit et soumettez votre SEPA .xml","robots":{"index":"index","follow":"follow","max-snippet":"max-snippet:-1","max-image-preview":"max-image-preview:large","max-video-preview":"max-video-preview:-1"},"canonical":"https:\/\/www.sepaxmlgenerator.com\/fr\/inscrivez-vous-pour-un-xml-sepa-gratuitessai-du-generateur-aujourdhui\/","og_locale":"fr_FR","og_type":"article","og_title":"Contacter le g\u00e9n\u00e9rateur XML SEPA, Coordonn\u00e9es G\u00e9n\u00e9rateur XML SEPA","og_description":"Coordonn\u00e9es du g\u00e9n\u00e9rateur XML SEPA, du logiciel et de l'essai GRATUIT - Collectez vos pr\u00e9l\u00e8vements automatiques et g\u00e9n\u00e9rez des fichiers de cr\u00e9dit et soumettez votre SEPA .xml","og_url":"https:\/\/www.sepaxmlgenerator.com\/fr\/inscrivez-vous-pour-un-xml-sepa-gratuitessai-du-generateur-aujourdhui\/","og_site_name":"SEPA XML GENERATOR","article_modified_time":"2022-04-12T07:24:51+00:00","twitter_card":"summary_large_image","schema":{"@context":"https:\/\/schema.org","@graph":[{"@type":"WebPage","@id":"https:\/\/www.sepaxmlgenerator.com\/fr\/inscrivez-vous-pour-un-xml-sepa-gratuitessai-du-generateur-aujourdhui\/","url":"https:\/\/www.sepaxmlgenerator.com\/fr\/inscrivez-vous-pour-un-xml-sepa-gratuitessai-du-generateur-aujourdhui\/","name":"Contacter le g\u00e9n\u00e9rateur XML SEPA, Coordonn\u00e9es G\u00e9n\u00e9rateur XML SEPA","isPartOf":{"@id":"https:\/\/www.sepaxmlgenerator.com\/fr\/#website"},"datePublished":"2020-01-16T06:36:42+00:00","dateModified":"2022-04-12T07:24:51+00:00","description":"Coordonn\u00e9es du g\u00e9n\u00e9rateur XML SEPA, du logiciel et de l'essai GRATUIT - Collectez vos pr\u00e9l\u00e8vements automatiques et g\u00e9n\u00e9rez des fichiers de cr\u00e9dit et soumettez votre SEPA .xml","breadcrumb":{"@id":"https:\/\/www.sepaxmlgenerator.com\/fr\/inscrivez-vous-pour-un-xml-sepa-gratuitessai-du-generateur-aujourdhui\/#breadcrumb"},"inLanguage":"fr-FR","potentialAction":[{"@type":"ReadAction","target":["https:\/\/www.sepaxmlgenerator.com\/fr\/inscrivez-vous-pour-un-xml-sepa-gratuitessai-du-generateur-aujourdhui\/"]}]},{"@type":"BreadcrumbList","@id":"https:\/\/www.sepaxmlgenerator.com\/fr\/inscrivez-vous-pour-un-xml-sepa-gratuitessai-du-generateur-aujourdhui\/#breadcrumb","itemListElement":[{"@type":"ListItem","position":1,"name":"Home","item":"https:\/\/www.sepaxmlgenerator.com\/fr\/"},{"@type":"ListItem","position":2,"name":"Inscrivez-vous pour un XML SEPA gratuitEssai du G\u00c9N\u00c9RATEUR aujourd&rsquo;hui"}]},{"@type":"WebSite","@id":"https:\/\/www.sepaxmlgenerator.com\/fr\/#website","url":"https:\/\/www.sepaxmlgenerator.com\/fr\/","name":"SEPA XML GENERATOR","description":"","potentialAction":[{"@type":"SearchAction","target":{"@type":"EntryPoint","urlTemplate":"https:\/\/www.sepaxmlgenerator.com\/fr\/?s={search_term_string}"},"query-input":{"@type":"PropertyValueSpecification","valueRequired":true,"valueName":"search_term_string"}}],"inLanguage":"fr-FR"}]}},"_links":{"self":[{"href":"https:\/\/www.sepaxmlgenerator.com\/fr\/wp-json\/wp\/v2\/pages\/733","targetHints":{"allow":["GET"]}}],"collection":[{"href":"https:\/\/www.sepaxmlgenerator.com\/fr\/wp-json\/wp\/v2\/pages"}],"about":[{"href":"https:\/\/www.sepaxmlgenerator.com\/fr\/wp-json\/wp\/v2\/types\/page"}],"author":[{"embeddable":true,"href":"https:\/\/www.sepaxmlgenerator.com\/fr\/wp-json\/wp\/v2\/users\/1"}],"replies":[{"embeddable":true,"href":"https:\/\/www.sepaxmlgenerator.com\/fr\/wp-json\/wp\/v2\/comments?post=733"}],"version-history":[{"count":2,"href":"https:\/\/www.sepaxmlgenerator.com\/fr\/wp-json\/wp\/v2\/pages\/733\/revisions"}],"predecessor-version":[{"id":1026,"href":"https:\/\/www.sepaxmlgenerator.com\/fr\/wp-json\/wp\/v2\/pages\/733\/revisions\/1026"}],"wp:attachment":[{"href":"https:\/\/www.sepaxmlgenerator.com\/fr\/wp-json\/wp\/v2\/media?parent=733"}],"curies":[{"name":"wp","href":"https:\/\/api.w.org\/{rel}","templated":true}]}}