{"id":755,"date":"2020-01-17T06:59:13","date_gmt":"2020-01-17T06:59:13","guid":{"rendered":"https:\/\/sepaxmlgenerator.com\/plan-du-site\/"},"modified":"2022-04-05T06:29:11","modified_gmt":"2022-04-05T06:29:11","slug":"plan-du-site","status":"publish","type":"page","link":"https:\/\/www.sepaxmlgenerator.com\/fr\/plan-du-site\/","title":{"rendered":"Plan du site"},"content":{"rendered":"<ul class=\"sitemap\">\n<li><a href=\"https:\/\/www.sepaxmlgenerator.com\/fr\/\">DOMICILE<\/a><\/li>\n<li><a href=\"https:\/\/www.sepaxmlgenerator.com\/fr\/tout-sur-le-sepa\/\">TOUT SUR LE SEPA<\/a><\/li>\n<li><a href=\"https:\/\/www.sepaxmlgenerator.com\/fr\/visite-du-produit\/\">VISITE DU PRODUIT<\/a><\/li>\n<li><a href=\"https:\/\/www.sepaxmlgenerator.com\/fr\/manuels-et-videos\/\">MANUELS &amp; VID\u00c9OS<\/a><\/li>\n<li><a href=\"https:\/\/www.sepaxmlgenerator.com\/fr\/visite-du-produit\/\">CARACT\u00c9RISTIQUES<\/a><\/li>\n<\/ul>\n<ul class=\"sitemap\">\n<li><a href=\"https:\/\/www.sepaxmlgenerator.com\/fr\/commentaires\/\">COMMENTAIRES<\/a><\/li>\n<li><a href=\"https:\/\/www.sepaxmlgenerator.com\/fr\/inscrivez-vous-pour-un-xml-sepa-gratuitessai-du-generateur-aujourdhui\/#contact\">ESSAI GRATUIT<\/a><\/li>\n<li><a href=\"https:\/\/www.sepaxmlgenerator.com\/fr\/tarification\/\">PRIX<\/a><\/li>\n<li><a href=\"https:\/\/www.sepaxmlgenerator.com\/fr\/voir-toutes-les-actualites-du-generateur-xml-sepa\/\">DERNI\u00c8RES NOUVELLES<\/a><\/li>\n<li><a href=\"https:\/\/www.sepaxmlgenerator.com\/fr\/inscrivez-vous-pour-un-xml-sepa-gratuitessai-du-generateur-aujourdhui\/\">NOUS CONTACTER<\/a><\/li>\n<\/ul>\n<ul class=\"sitemap\">\n<li><a href=\"https:\/\/www.sepaxmlgenerator.com\/sepa-xml-login\/\">CONNEXION<\/a><\/li>\n<li><a href=\"https:\/\/www.sepaxmlgenerator.com\/payment\/\">PORTAIL DE PAIEMENT<\/a><\/li>\n<li><a href=\"https:\/\/www.sepaxmlgenerator.com\/fr\/politique-de-confidentialite\/\">POLITIQUE DE CONFIDENTIALIT\u00c9<\/a><\/li>\n<li><a href=\"https:\/\/www.sepaxmlgenerator.com\/fr\/biscuits\/\">BISCUITS<\/a><\/li>\n<li><a href=\"https:\/\/www.sepaxmlgenerator.com\/fr\/plan-du-site\/\">PLAN DU SITE<\/a><\/li>\n<\/ul>\n","protected":false},"excerpt":{"rendered":"DOMICILE TOUT SUR LE SEPA VISITE DU PRODUIT MANUELS &amp; VID\u00c9OS CARACT\u00c9RISTIQUES COMMENTAIRES ESSAI GRATUIT PRIX DERNI\u00c8RES NOUVELLES NOUS CONTACTER CONNEXION PORTAIL DE PAIEMENT POLITIQUE DE CONFIDENTIALIT\u00c9 BISCUITS PLAN DU SITE","protected":false},"author":1,"featured_media":0,"parent":0,"menu_order":0,"comment_status":"closed","ping_status":"closed","template":"","meta":{"_acf_changed":false,"footnotes":""},"class_list":["post-755","page","type-page","status-publish","hentry"],"acf":[],"yoast_head":"<!-- This site is optimized with the Yoast SEO plugin v27.3 - https:\/\/yoast.com\/product\/yoast-seo-wordpress\/ -->\n<title>Plan du site pour www.sepaxmlgenerator.com - G\u00e9n\u00e9rateur XML SEPA<\/title>\n<meta name=\"description\" content=\"Plan du site du site Web pour www.sepaxmlgenerator.com - G\u00e9n\u00e9rateur XML SEPA - Collectez vos pr\u00e9l\u00e8vements et g\u00e9n\u00e9rez des fichiers de virement - Compte GRATUIT\" \/>\n<meta name=\"robots\" content=\"index, follow, max-snippet:-1, max-image-preview:large, max-video-preview:-1\" \/>\n<link rel=\"canonical\" href=\"https:\/\/www.sepaxmlgenerator.com\/fr\/plan-du-site\/\" \/>\n<meta property=\"og:locale\" content=\"fr_FR\" \/>\n<meta property=\"og:type\" content=\"article\" \/>\n<meta property=\"og:title\" content=\"Plan du site pour www.sepaxmlgenerator.com - G\u00e9n\u00e9rateur XML SEPA\" \/>\n<meta property=\"og:description\" content=\"Plan du site du site Web pour www.sepaxmlgenerator.com - G\u00e9n\u00e9rateur XML SEPA - Collectez vos pr\u00e9l\u00e8vements et g\u00e9n\u00e9rez des fichiers de virement - Compte GRATUIT\" \/>\n<meta property=\"og:url\" content=\"https:\/\/www.sepaxmlgenerator.com\/fr\/plan-du-site\/\" \/>\n<meta property=\"og:site_name\" content=\"SEPA XML GENERATOR\" \/>\n<meta property=\"article:modified_time\" content=\"2022-04-05T06:29:11+00:00\" \/>\n<meta name=\"twitter:card\" content=\"summary_large_image\" \/>\n<script type=\"application\/ld+json\" class=\"yoast-schema-graph\">{\"@context\":\"https:\\\/\\\/schema.org\",\"@graph\":[{\"@type\":\"WebPage\",\"@id\":\"https:\\\/\\\/www.sepaxmlgenerator.com\\\/fr\\\/plan-du-site\\\/\",\"url\":\"https:\\\/\\\/www.sepaxmlgenerator.com\\\/fr\\\/plan-du-site\\\/\",\"name\":\"Plan du site pour www.sepaxmlgenerator.com - G\u00e9n\u00e9rateur XML SEPA\",\"isPartOf\":{\"@id\":\"https:\\\/\\\/www.sepaxmlgenerator.com\\\/fr\\\/#website\"},\"datePublished\":\"2020-01-17T06:59:13+00:00\",\"dateModified\":\"2022-04-05T06:29:11+00:00\",\"description\":\"Plan du site du site Web pour www.sepaxmlgenerator.com - G\u00e9n\u00e9rateur XML SEPA - Collectez vos pr\u00e9l\u00e8vements et g\u00e9n\u00e9rez des fichiers de virement - Compte GRATUIT\",\"breadcrumb\":{\"@id\":\"https:\\\/\\\/www.sepaxmlgenerator.com\\\/fr\\\/plan-du-site\\\/#breadcrumb\"},\"inLanguage\":\"fr-FR\",\"potentialAction\":[{\"@type\":\"ReadAction\",\"target\":[\"https:\\\/\\\/www.sepaxmlgenerator.com\\\/fr\\\/plan-du-site\\\/\"]}]},{\"@type\":\"BreadcrumbList\",\"@id\":\"https:\\\/\\\/www.sepaxmlgenerator.com\\\/fr\\\/plan-du-site\\\/#breadcrumb\",\"itemListElement\":[{\"@type\":\"ListItem\",\"position\":1,\"name\":\"Home\",\"item\":\"https:\\\/\\\/www.sepaxmlgenerator.com\\\/fr\\\/\"},{\"@type\":\"ListItem\",\"position\":2,\"name\":\"Plan du site\"}]},{\"@type\":\"WebSite\",\"@id\":\"https:\\\/\\\/www.sepaxmlgenerator.com\\\/fr\\\/#website\",\"url\":\"https:\\\/\\\/www.sepaxmlgenerator.com\\\/fr\\\/\",\"name\":\"SEPA XML GENERATOR\",\"description\":\"\",\"potentialAction\":[{\"@type\":\"SearchAction\",\"target\":{\"@type\":\"EntryPoint\",\"urlTemplate\":\"https:\\\/\\\/www.sepaxmlgenerator.com\\\/fr\\\/?s={search_term_string}\"},\"query-input\":{\"@type\":\"PropertyValueSpecification\",\"valueRequired\":true,\"valueName\":\"search_term_string\"}}],\"inLanguage\":\"fr-FR\"}]}<\/script>\n<!-- \/ Yoast SEO plugin. -->","yoast_head_json":{"title":"Plan du site pour www.sepaxmlgenerator.com - G\u00e9n\u00e9rateur XML SEPA","description":"Plan du site du site Web pour www.sepaxmlgenerator.com - G\u00e9n\u00e9rateur XML SEPA - Collectez vos pr\u00e9l\u00e8vements et g\u00e9n\u00e9rez des fichiers de virement - Compte GRATUIT","robots":{"index":"index","follow":"follow","max-snippet":"max-snippet:-1","max-image-preview":"max-image-preview:large","max-video-preview":"max-video-preview:-1"},"canonical":"https:\/\/www.sepaxmlgenerator.com\/fr\/plan-du-site\/","og_locale":"fr_FR","og_type":"article","og_title":"Plan du site pour www.sepaxmlgenerator.com - G\u00e9n\u00e9rateur XML SEPA","og_description":"Plan du site du site Web pour www.sepaxmlgenerator.com - G\u00e9n\u00e9rateur XML SEPA - Collectez vos pr\u00e9l\u00e8vements et g\u00e9n\u00e9rez des fichiers de virement - Compte GRATUIT","og_url":"https:\/\/www.sepaxmlgenerator.com\/fr\/plan-du-site\/","og_site_name":"SEPA XML GENERATOR","article_modified_time":"2022-04-05T06:29:11+00:00","twitter_card":"summary_large_image","schema":{"@context":"https:\/\/schema.org","@graph":[{"@type":"WebPage","@id":"https:\/\/www.sepaxmlgenerator.com\/fr\/plan-du-site\/","url":"https:\/\/www.sepaxmlgenerator.com\/fr\/plan-du-site\/","name":"Plan du site pour www.sepaxmlgenerator.com - G\u00e9n\u00e9rateur XML SEPA","isPartOf":{"@id":"https:\/\/www.sepaxmlgenerator.com\/fr\/#website"},"datePublished":"2020-01-17T06:59:13+00:00","dateModified":"2022-04-05T06:29:11+00:00","description":"Plan du site du site Web pour www.sepaxmlgenerator.com - G\u00e9n\u00e9rateur XML SEPA - Collectez vos pr\u00e9l\u00e8vements et g\u00e9n\u00e9rez des fichiers de virement - Compte GRATUIT","breadcrumb":{"@id":"https:\/\/www.sepaxmlgenerator.com\/fr\/plan-du-site\/#breadcrumb"},"inLanguage":"fr-FR","potentialAction":[{"@type":"ReadAction","target":["https:\/\/www.sepaxmlgenerator.com\/fr\/plan-du-site\/"]}]},{"@type":"BreadcrumbList","@id":"https:\/\/www.sepaxmlgenerator.com\/fr\/plan-du-site\/#breadcrumb","itemListElement":[{"@type":"ListItem","position":1,"name":"Home","item":"https:\/\/www.sepaxmlgenerator.com\/fr\/"},{"@type":"ListItem","position":2,"name":"Plan du site"}]},{"@type":"WebSite","@id":"https:\/\/www.sepaxmlgenerator.com\/fr\/#website","url":"https:\/\/www.sepaxmlgenerator.com\/fr\/","name":"SEPA XML GENERATOR","description":"","potentialAction":[{"@type":"SearchAction","target":{"@type":"EntryPoint","urlTemplate":"https:\/\/www.sepaxmlgenerator.com\/fr\/?s={search_term_string}"},"query-input":{"@type":"PropertyValueSpecification","valueRequired":true,"valueName":"search_term_string"}}],"inLanguage":"fr-FR"}]}},"_links":{"self":[{"href":"https:\/\/www.sepaxmlgenerator.com\/fr\/wp-json\/wp\/v2\/pages\/755","targetHints":{"allow":["GET"]}}],"collection":[{"href":"https:\/\/www.sepaxmlgenerator.com\/fr\/wp-json\/wp\/v2\/pages"}],"about":[{"href":"https:\/\/www.sepaxmlgenerator.com\/fr\/wp-json\/wp\/v2\/types\/page"}],"author":[{"embeddable":true,"href":"https:\/\/www.sepaxmlgenerator.com\/fr\/wp-json\/wp\/v2\/users\/1"}],"replies":[{"embeddable":true,"href":"https:\/\/www.sepaxmlgenerator.com\/fr\/wp-json\/wp\/v2\/comments?post=755"}],"version-history":[{"count":2,"href":"https:\/\/www.sepaxmlgenerator.com\/fr\/wp-json\/wp\/v2\/pages\/755\/revisions"}],"predecessor-version":[{"id":929,"href":"https:\/\/www.sepaxmlgenerator.com\/fr\/wp-json\/wp\/v2\/pages\/755\/revisions\/929"}],"wp:attachment":[{"href":"https:\/\/www.sepaxmlgenerator.com\/fr\/wp-json\/wp\/v2\/media?parent=755"}],"curies":[{"name":"wp","href":"https:\/\/api.w.org\/{rel}","templated":true}]}}