{"id":2178,"date":"2020-01-16T06:36:22","date_gmt":"2020-01-16T06:36:22","guid":{"rendered":"https:\/\/sepaxmlgenerator.com\/tutto-sulla-sepa\/"},"modified":"2020-01-16T06:36:22","modified_gmt":"2020-01-16T06:36:22","slug":"tutto-sulla-sepa","status":"publish","type":"page","link":"https:\/\/www.sepaxmlgenerator.com\/it\/tutto-sulla-sepa\/","title":{"rendered":"Tutto sulla SEPA"},"content":{"rendered":"<p>La rottura dell&#8217;euro-guerra e lo sviluppo di un&#8217;economia di mercato in tutta l&#8217;Europa hanno reso pi\u00f9 difficile l&#8217;utilizzo di una struttura finanziaria comune. Ergo wurde das SEPA-Format f\u00fcr die reibungslose \u00dcberweisung grenz\u00fcberschreitender Zahlungen etabliert und von den EU-Mitgliedsstaaten vereinbart.<\/p>\n<p>Il SEPA (Einheitlicher Euro-Zahlungsverkehrsraum) \u00e8 stato inoltre introdotto, per evitare che i lavoratori siano costretti a pagare (\u00dcberweisungen), che sono in possesso di una banca al di fuori della sede principale dell&#8217;azienda.<\/p>\n<p>Jetzt kann in der gesamten Europ\u00e4ischen Union und in anderen Gebieten wie der Vatikanstadt nahtlos bezahlt werden. \u00dcberweisungen e Zahlungen umfassen auch \u00dcberweisungen zwischen Banken innerhalb einzelner L\u00e4nder der Eurozone, insgesamt 34 L\u00e4nder.<\/p>\n<h2 style=\"text-align: left;\">Che cos&#8217;\u00e8 una SEPA-Zahlung<\/h2>\n<p>La SEPA \u00e8 una forma di comunicazione finanziaria che si basa su uno standard, che viene applicato a tutte le banche dell&#8217;Unione europea, ma solo ai L\u00e4nder che hanno adottato l&#8217;euro. Le valutazioni vengono eseguite sotto forma di \u00dcberweisungen e Lastschriften.<\/p>\n<h3 style=\"text-align: left;\">Altri vantaggi e vantaggi nel contesto della SEPA<\/h3>\n<p>Le informazioni vengono garantite, anche se il file .xml-Datum \u00e8 stato modificato.<\/p>\n<p>Le Banche non possono effettuare alcuno sconto sulle Zahlungen (sono caduti i Geb\u00fchren per i Lastschriften an, che sono stati consegnati ai conti bancari come Bankgeb\u00fchren).<\/p>\n<p>Il sistema SEPA \u00e8 rapido, sicuro e sicuro. Die Hauptsorge f\u00fcr Gesch\u00e4ftsinhaber besteht darin, dass Sie von Ihrer Bank die Genehmigung zum Einzug von Lastschriften einholen m\u00fcssen und dann jedes Mal, wenn Sie eine Zahlung von einem Kunden entgegennehmen m\u00f6chten, eine .xml-SEPA-Datei generieren m\u00fcssen. Und genau hier kann SEPA XML GENERATOR helfen&#8230; wir k\u00f6nnen auch bei \u00dcberweisungen helfen, wie z.B. bei einer Gehaltsabrechnung oder einer Versicherungsgesellschaft, die \u00dcberweisungen an Versicherungskunden muss. Un esempio semplice \u00e8 la Haustierversicherung: Un Tierhalter invia uno Schaden e la Versicherungsgesellschaft utilizza SEPA XML GENERATOR per creare un Sepa-Datei, con il quale la banca pu\u00f2 inviare una scommessa a un cliente.<\/p>\n<h4 style=\"text-align: left;\">Come possiamo aiutarvi?<\/h4>\n<p>Se la vostra azienda \u00e8 iscritta al registro delle imprese o se volete ottenere un documento di autorizzazione, potete utilizzare un software per la creazione di un documento .xml-SEPA, che potrete inviare online sul vostro conto bancario online. Testate il nostro software gi\u00e0 da oggi <a href=\"https:\/\/www.sepaxmlgenerator.com\/it\/registratevi-per-ottenere-un-sepa-xml-a-costo-zerotest-del-generatore-di-corrente\/\">.<\/a> <\/p>\n<p><img decoding=\"async\" src=\"https:\/\/www.sepaxmlgenerator.com\/wp-content\/uploads\/2023\/01\/xml-process.jpg\" alt=\"GENERATORE XML SEPA - Flusso di processo utente\" width=\"100%\" height=\"100%\"><\/p>\n","protected":false},"excerpt":{"rendered":"La rottura dell&#8217;euro-guerra e lo sviluppo di un&#8217;economia di mercato in tutta l&#8217;Europa hanno reso pi\u00f9 difficile l&#8217;utilizzo di una struttura finanziaria comune. Ergo wurde das SEPA-Format f\u00fcr die reibungslose \u00dcberweisung grenz\u00fcberschreitender Zahlungen etabliert und von den EU-Mitgliedsstaaten vereinbart. Il SEPA (Einheitlicher Euro-Zahlungsverkehrsraum) \u00e8 stato inoltre introdotto, per evitare che i lavoratori siano costretti a [&hellip;]","protected":false},"author":1,"featured_media":0,"parent":0,"menu_order":0,"comment_status":"closed","ping_status":"closed","template":"page-templates\/inner-page-two.php","meta":{"_acf_changed":false,"footnotes":""},"class_list":["post-2178","page","type-page","status-publish","hentry"],"acf":[],"yoast_head":"<!-- This site is optimized with the Yoast SEO plugin v27.3 - https:\/\/yoast.com\/product\/yoast-seo-wordpress\/ -->\n<title>Tutto sulla SEPA - Lo standard europeo per l&#039;elaborazione dei pagamenti in euro<\/title>\n<meta name=\"description\" content=\"Tutto sulla SEPA - Generatore di XML SEPA ... Dateien f\u00fcr \u00dcberweisungen und Lastschriften - melden Sie sich noch heute f\u00fcr eine kostenlose Testversion an ... KOSTENLOSE SEPA-Software ...\" \/>\n<meta name=\"robots\" content=\"index, follow, max-snippet:-1, max-image-preview:large, max-video-preview:-1\" \/>\n<link rel=\"canonical\" href=\"https:\/\/www.sepaxmlgenerator.com\/it\/tutto-sulla-sepa\/\" \/>\n<meta property=\"og:locale\" content=\"it_IT\" \/>\n<meta property=\"og:type\" content=\"article\" \/>\n<meta property=\"og:title\" content=\"Tutto sulla SEPA - Lo standard europeo per l&#039;elaborazione dei pagamenti in euro\" \/>\n<meta property=\"og:description\" content=\"Tutto sulla SEPA - Generatore di XML SEPA ... Dateien f\u00fcr \u00dcberweisungen und Lastschriften - melden Sie sich noch heute f\u00fcr eine kostenlose Testversion an ... KOSTENLOSE SEPA-Software ...\" \/>\n<meta property=\"og:url\" content=\"https:\/\/www.sepaxmlgenerator.com\/it\/tutto-sulla-sepa\/\" \/>\n<meta property=\"og:site_name\" content=\"SEPA XML GENERATOR\" \/>\n<meta property=\"og:image\" content=\"https:\/\/www.sepaxmlgenerator.com\/wp-content\/uploads\/2023\/01\/xml-process.jpg\" \/>\n<meta name=\"twitter:card\" content=\"summary_large_image\" \/>\n<meta name=\"twitter:label1\" content=\"Tempo di lettura stimato\" \/>\n\t<meta name=\"twitter:data1\" content=\"2 minuti\" \/>\n<script type=\"application\/ld+json\" class=\"yoast-schema-graph\">{\"@context\":\"https:\\\/\\\/schema.org\",\"@graph\":[{\"@type\":\"WebPage\",\"@id\":\"https:\\\/\\\/www.sepaxmlgenerator.com\\\/it\\\/tutto-sulla-sepa\\\/\",\"url\":\"https:\\\/\\\/www.sepaxmlgenerator.com\\\/it\\\/tutto-sulla-sepa\\\/\",\"name\":\"Tutto sulla SEPA - Lo standard europeo per l'elaborazione dei pagamenti in euro\",\"isPartOf\":{\"@id\":\"https:\\\/\\\/www.sepaxmlgenerator.com\\\/it\\\/#website\"},\"primaryImageOfPage\":{\"@id\":\"https:\\\/\\\/www.sepaxmlgenerator.com\\\/it\\\/tutto-sulla-sepa\\\/#primaryimage\"},\"image\":{\"@id\":\"https:\\\/\\\/www.sepaxmlgenerator.com\\\/it\\\/tutto-sulla-sepa\\\/#primaryimage\"},\"thumbnailUrl\":\"https:\\\/\\\/www.sepaxmlgenerator.com\\\/wp-content\\\/uploads\\\/2023\\\/01\\\/xml-process.jpg\",\"datePublished\":\"2020-01-16T06:36:22+00:00\",\"description\":\"Tutto sulla SEPA - Generatore di XML SEPA ... Dateien f\u00fcr \u00dcberweisungen und Lastschriften - melden Sie sich noch heute f\u00fcr eine kostenlose Testversion an ... KOSTENLOSE SEPA-Software ...\",\"breadcrumb\":{\"@id\":\"https:\\\/\\\/www.sepaxmlgenerator.com\\\/it\\\/tutto-sulla-sepa\\\/#breadcrumb\"},\"inLanguage\":\"it-IT\",\"potentialAction\":[{\"@type\":\"ReadAction\",\"target\":[\"https:\\\/\\\/www.sepaxmlgenerator.com\\\/it\\\/tutto-sulla-sepa\\\/\"]}]},{\"@type\":\"ImageObject\",\"inLanguage\":\"it-IT\",\"@id\":\"https:\\\/\\\/www.sepaxmlgenerator.com\\\/it\\\/tutto-sulla-sepa\\\/#primaryimage\",\"url\":\"https:\\\/\\\/www.sepaxmlgenerator.com\\\/wp-content\\\/uploads\\\/2023\\\/01\\\/xml-process.jpg\",\"contentUrl\":\"https:\\\/\\\/www.sepaxmlgenerator.com\\\/wp-content\\\/uploads\\\/2023\\\/01\\\/xml-process.jpg\"},{\"@type\":\"BreadcrumbList\",\"@id\":\"https:\\\/\\\/www.sepaxmlgenerator.com\\\/it\\\/tutto-sulla-sepa\\\/#breadcrumb\",\"itemListElement\":[{\"@type\":\"ListItem\",\"position\":1,\"name\":\"Home\",\"item\":\"https:\\\/\\\/www.sepaxmlgenerator.com\\\/it\\\/\"},{\"@type\":\"ListItem\",\"position\":2,\"name\":\"Tutto sulla SEPA\"}]},{\"@type\":\"WebSite\",\"@id\":\"https:\\\/\\\/www.sepaxmlgenerator.com\\\/it\\\/#website\",\"url\":\"https:\\\/\\\/www.sepaxmlgenerator.com\\\/it\\\/\",\"name\":\"SEPA XML GENERATOR\",\"description\":\"\",\"potentialAction\":[{\"@type\":\"SearchAction\",\"target\":{\"@type\":\"EntryPoint\",\"urlTemplate\":\"https:\\\/\\\/www.sepaxmlgenerator.com\\\/it\\\/?s={search_term_string}\"},\"query-input\":{\"@type\":\"PropertyValueSpecification\",\"valueRequired\":true,\"valueName\":\"search_term_string\"}}],\"inLanguage\":\"it-IT\"}]}<\/script>\n<!-- \/ Yoast SEO plugin. -->","yoast_head_json":{"title":"Tutto sulla SEPA - Lo standard europeo per l'elaborazione dei pagamenti in euro","description":"Tutto sulla SEPA - Generatore di XML SEPA ... Dateien f\u00fcr \u00dcberweisungen und Lastschriften - melden Sie sich noch heute f\u00fcr eine kostenlose Testversion an ... KOSTENLOSE SEPA-Software ...","robots":{"index":"index","follow":"follow","max-snippet":"max-snippet:-1","max-image-preview":"max-image-preview:large","max-video-preview":"max-video-preview:-1"},"canonical":"https:\/\/www.sepaxmlgenerator.com\/it\/tutto-sulla-sepa\/","og_locale":"it_IT","og_type":"article","og_title":"Tutto sulla SEPA - Lo standard europeo per l'elaborazione dei pagamenti in euro","og_description":"Tutto sulla SEPA - Generatore di XML SEPA ... Dateien f\u00fcr \u00dcberweisungen und Lastschriften - melden Sie sich noch heute f\u00fcr eine kostenlose Testversion an ... KOSTENLOSE SEPA-Software ...","og_url":"https:\/\/www.sepaxmlgenerator.com\/it\/tutto-sulla-sepa\/","og_site_name":"SEPA XML GENERATOR","og_image":[{"url":"https:\/\/www.sepaxmlgenerator.com\/wp-content\/uploads\/2023\/01\/xml-process.jpg","type":"","width":"","height":""}],"twitter_card":"summary_large_image","twitter_misc":{"Tempo di lettura stimato":"2 minuti"},"schema":{"@context":"https:\/\/schema.org","@graph":[{"@type":"WebPage","@id":"https:\/\/www.sepaxmlgenerator.com\/it\/tutto-sulla-sepa\/","url":"https:\/\/www.sepaxmlgenerator.com\/it\/tutto-sulla-sepa\/","name":"Tutto sulla SEPA - Lo standard europeo per l'elaborazione dei pagamenti in euro","isPartOf":{"@id":"https:\/\/www.sepaxmlgenerator.com\/it\/#website"},"primaryImageOfPage":{"@id":"https:\/\/www.sepaxmlgenerator.com\/it\/tutto-sulla-sepa\/#primaryimage"},"image":{"@id":"https:\/\/www.sepaxmlgenerator.com\/it\/tutto-sulla-sepa\/#primaryimage"},"thumbnailUrl":"https:\/\/www.sepaxmlgenerator.com\/wp-content\/uploads\/2023\/01\/xml-process.jpg","datePublished":"2020-01-16T06:36:22+00:00","description":"Tutto sulla SEPA - Generatore di XML SEPA ... Dateien f\u00fcr \u00dcberweisungen und Lastschriften - melden Sie sich noch heute f\u00fcr eine kostenlose Testversion an ... KOSTENLOSE SEPA-Software ...","breadcrumb":{"@id":"https:\/\/www.sepaxmlgenerator.com\/it\/tutto-sulla-sepa\/#breadcrumb"},"inLanguage":"it-IT","potentialAction":[{"@type":"ReadAction","target":["https:\/\/www.sepaxmlgenerator.com\/it\/tutto-sulla-sepa\/"]}]},{"@type":"ImageObject","inLanguage":"it-IT","@id":"https:\/\/www.sepaxmlgenerator.com\/it\/tutto-sulla-sepa\/#primaryimage","url":"https:\/\/www.sepaxmlgenerator.com\/wp-content\/uploads\/2023\/01\/xml-process.jpg","contentUrl":"https:\/\/www.sepaxmlgenerator.com\/wp-content\/uploads\/2023\/01\/xml-process.jpg"},{"@type":"BreadcrumbList","@id":"https:\/\/www.sepaxmlgenerator.com\/it\/tutto-sulla-sepa\/#breadcrumb","itemListElement":[{"@type":"ListItem","position":1,"name":"Home","item":"https:\/\/www.sepaxmlgenerator.com\/it\/"},{"@type":"ListItem","position":2,"name":"Tutto sulla SEPA"}]},{"@type":"WebSite","@id":"https:\/\/www.sepaxmlgenerator.com\/it\/#website","url":"https:\/\/www.sepaxmlgenerator.com\/it\/","name":"SEPA XML GENERATOR","description":"","potentialAction":[{"@type":"SearchAction","target":{"@type":"EntryPoint","urlTemplate":"https:\/\/www.sepaxmlgenerator.com\/it\/?s={search_term_string}"},"query-input":{"@type":"PropertyValueSpecification","valueRequired":true,"valueName":"search_term_string"}}],"inLanguage":"it-IT"}]}},"_links":{"self":[{"href":"https:\/\/www.sepaxmlgenerator.com\/it\/wp-json\/wp\/v2\/pages\/2178","targetHints":{"allow":["GET"]}}],"collection":[{"href":"https:\/\/www.sepaxmlgenerator.com\/it\/wp-json\/wp\/v2\/pages"}],"about":[{"href":"https:\/\/www.sepaxmlgenerator.com\/it\/wp-json\/wp\/v2\/types\/page"}],"author":[{"embeddable":true,"href":"https:\/\/www.sepaxmlgenerator.com\/it\/wp-json\/wp\/v2\/users\/1"}],"replies":[{"embeddable":true,"href":"https:\/\/www.sepaxmlgenerator.com\/it\/wp-json\/wp\/v2\/comments?post=2178"}],"version-history":[{"count":0,"href":"https:\/\/www.sepaxmlgenerator.com\/it\/wp-json\/wp\/v2\/pages\/2178\/revisions"}],"wp:attachment":[{"href":"https:\/\/www.sepaxmlgenerator.com\/it\/wp-json\/wp\/v2\/media?parent=2178"}],"curies":[{"name":"wp","href":"https:\/\/api.w.org\/{rel}","templated":true}]}}