{"id":2020,"date":"2023-01-30T08:30:41","date_gmt":"2023-01-30T08:30:41","guid":{"rendered":"https:\/\/sepaxmlgenerator.com\/sepa-api\/"},"modified":"2023-01-30T08:30:41","modified_gmt":"2023-01-30T08:30:41","slug":"sepa-api","status":"publish","type":"page","link":"https:\/\/www.sepaxmlgenerator.com\/pl\/sepa-api\/","title":{"rendered":"SEPA &#8211; API"},"content":{"rendered":"<p>Nasz SEPA API pozwala u\u017cytkownikom zintegrowa\u0107 swoje konto SEPA XML GENERATOR z dowolnym pakietem ksi\u0119gowym. Zasadniczo, nasz SEPA API zostanie wbudowany w Tw\u00f3j pakiet ksi\u0119gowy, kt\u00f3ry zautomatyzuje proces polecenia zap\u0142aty i przelewu.<\/p>\n<h2>Nasz proces SEPA API<\/h2>\n<div class=\"api-content-img\">\n<ul class=\"api-process-list\">\n<li>U\u017cytkownik loguje si\u0119 do pakietu ksi\u0119gowego firmy<\/li>\n<li>U\u017cytkownik wybiera Polecenie Zap\u0142aty lub Polecenie Przelewu Klienci<\/li>\n<li>Oprogramowanie ksi\u0119gowe wygeneruje plik csv, po\u0142\u0105czy si\u0119 z Twoim kontem SEPA XML GENERATOR i przetworzy plik<\/li>\n<li>U\u017cytkownik loguje si\u0119 do firmowego banku internetowego i wgrywa plik<\/li>\n<\/ul>\n<div class=\"api-img\">\n<figure style=\"width: 345px\" class=\"wp-caption alignnone\"><img loading=\"lazy\" decoding=\"async\" src=\"https:\/\/www.sepaxmlgenerator.com\/wp-content\/uploads\/2023\/01\/api.png\" alt=\"SEPA API\" width=\"345\" height=\"270\"><figcaption class=\"wp-caption-text\">SEPA API<\/figcaption><\/figure>\n<\/div>\n<\/div>\n<p>Korzystanie z API SEPA eliminuje wszelkie r\u0119czne wprowadzanie danych, redukuj\u0105c koszty i mo\u017cliwo\u015b\u0107 wyst\u0105pienia b\u0142\u0119d\u00f3w. API SEPA zdejmuje z Ciebie ca\u0142y k\u0142opot i automatyzuje ca\u0142y proces od pocz\u0105tku do ko\u0144ca, a wszystko to za pomoc\u0105 kilku klikni\u0119\u0107.<\/p>\n<p>Wypr\u00f3buj ju\u017c dzi\u015b bezp\u0142atn\u0105 wersj\u0119 pr\u00f3bn\u0105 SEPA API i um\u00f3w si\u0119 na <a href=\"https:\/\/www.sepaxmlgenerator.com\/pl\/zarejestruj-sie-aby-otrzymac-darmowy-sepa-xml-generator-test-heute\/#contact\" target=\"_blank\" rel=\"noopener\">spotkanie<\/a> z naszym zespo\u0142em ds. integracji.<\/p>\n","protected":false},"excerpt":{"rendered":"Nasz SEPA API pozwala u\u017cytkownikom zintegrowa\u0107 swoje konto SEPA XML GENERATOR z dowolnym pakietem ksi\u0119gowym. Zasadniczo, nasz SEPA API zostanie wbudowany w Tw\u00f3j pakiet ksi\u0119gowy, kt\u00f3ry zautomatyzuje proces polecenia zap\u0142aty i przelewu. Nasz proces SEPA API U\u017cytkownik loguje si\u0119 do pakietu ksi\u0119gowego firmy U\u017cytkownik wybiera Polecenie Zap\u0142aty lub Polecenie Przelewu Klienci Oprogramowanie ksi\u0119gowe wygeneruje plik [&hellip;]","protected":false},"author":1,"featured_media":0,"parent":0,"menu_order":0,"comment_status":"closed","ping_status":"closed","template":"page-templates\/inner-page-two.php","meta":{"_acf_changed":false,"footnotes":""},"class_list":["post-2020","page","type-page","status-publish","hentry"],"acf":[],"yoast_head":"<!-- This site is optimized with the Yoast SEO plugin v27.3 - https:\/\/yoast.com\/product\/yoast-seo-wordpress\/ -->\n<title>Oprogramowanie SEPA API Direct Debit &amp; Credit Transfer z SEPA XML GENERATOR<\/title>\n<meta name=\"description\" content=\"SEPA API Direct Debit &amp; Credit Transfer Software z SEPA XML GENERATOR zintegrowa\u0107 nasze oprogramowanie SEPA z w\u0142asnym oprogramowaniem ksi\u0119gowym\" \/>\n<meta name=\"robots\" content=\"index, follow, max-snippet:-1, max-image-preview:large, max-video-preview:-1\" \/>\n<link rel=\"canonical\" href=\"https:\/\/www.sepaxmlgenerator.com\/pl\/sepa-api\/\" \/>\n<meta property=\"og:locale\" content=\"pl_PL\" \/>\n<meta property=\"og:type\" content=\"article\" \/>\n<meta property=\"og:title\" content=\"Oprogramowanie SEPA API Direct Debit &amp; Credit Transfer z SEPA XML GENERATOR\" \/>\n<meta property=\"og:description\" content=\"SEPA API Direct Debit &amp; Credit Transfer Software z SEPA XML GENERATOR zintegrowa\u0107 nasze oprogramowanie SEPA z w\u0142asnym oprogramowaniem ksi\u0119gowym\" \/>\n<meta property=\"og:url\" content=\"https:\/\/www.sepaxmlgenerator.com\/pl\/sepa-api\/\" \/>\n<meta property=\"og:site_name\" content=\"SEPA XML GENERATOR\" \/>\n<meta property=\"og:image\" content=\"https:\/\/www.sepaxmlgenerator.com\/wp-content\/uploads\/2023\/01\/api.png\" \/>\n<meta name=\"twitter:card\" content=\"summary_large_image\" \/>\n<meta name=\"twitter:label1\" content=\"Szacowany czas czytania\" \/>\n\t<meta name=\"twitter:data1\" content=\"1 minuta\" \/>\n<script type=\"application\/ld+json\" class=\"yoast-schema-graph\">{\"@context\":\"https:\\\/\\\/schema.org\",\"@graph\":[{\"@type\":\"WebPage\",\"@id\":\"https:\\\/\\\/www.sepaxmlgenerator.com\\\/pl\\\/sepa-api\\\/\",\"url\":\"https:\\\/\\\/www.sepaxmlgenerator.com\\\/pl\\\/sepa-api\\\/\",\"name\":\"Oprogramowanie SEPA API Direct Debit & Credit Transfer z SEPA XML GENERATOR\",\"isPartOf\":{\"@id\":\"https:\\\/\\\/www.sepaxmlgenerator.com\\\/pl\\\/#website\"},\"primaryImageOfPage\":{\"@id\":\"https:\\\/\\\/www.sepaxmlgenerator.com\\\/pl\\\/sepa-api\\\/#primaryimage\"},\"image\":{\"@id\":\"https:\\\/\\\/www.sepaxmlgenerator.com\\\/pl\\\/sepa-api\\\/#primaryimage\"},\"thumbnailUrl\":\"https:\\\/\\\/www.sepaxmlgenerator.com\\\/wp-content\\\/uploads\\\/2023\\\/01\\\/api.png\",\"datePublished\":\"2023-01-30T08:30:41+00:00\",\"description\":\"SEPA API Direct Debit & Credit Transfer Software z SEPA XML GENERATOR zintegrowa\u0107 nasze oprogramowanie SEPA z w\u0142asnym oprogramowaniem ksi\u0119gowym\",\"breadcrumb\":{\"@id\":\"https:\\\/\\\/www.sepaxmlgenerator.com\\\/pl\\\/sepa-api\\\/#breadcrumb\"},\"inLanguage\":\"pl-PL\",\"potentialAction\":[{\"@type\":\"ReadAction\",\"target\":[\"https:\\\/\\\/www.sepaxmlgenerator.com\\\/pl\\\/sepa-api\\\/\"]}]},{\"@type\":\"ImageObject\",\"inLanguage\":\"pl-PL\",\"@id\":\"https:\\\/\\\/www.sepaxmlgenerator.com\\\/pl\\\/sepa-api\\\/#primaryimage\",\"url\":\"https:\\\/\\\/www.sepaxmlgenerator.com\\\/wp-content\\\/uploads\\\/2023\\\/01\\\/api.png\",\"contentUrl\":\"https:\\\/\\\/www.sepaxmlgenerator.com\\\/wp-content\\\/uploads\\\/2023\\\/01\\\/api.png\"},{\"@type\":\"BreadcrumbList\",\"@id\":\"https:\\\/\\\/www.sepaxmlgenerator.com\\\/pl\\\/sepa-api\\\/#breadcrumb\",\"itemListElement\":[{\"@type\":\"ListItem\",\"position\":1,\"name\":\"Home\",\"item\":\"https:\\\/\\\/www.sepaxmlgenerator.com\\\/pl\\\/\"},{\"@type\":\"ListItem\",\"position\":2,\"name\":\"SEPA &#8211; API\"}]},{\"@type\":\"WebSite\",\"@id\":\"https:\\\/\\\/www.sepaxmlgenerator.com\\\/pl\\\/#website\",\"url\":\"https:\\\/\\\/www.sepaxmlgenerator.com\\\/pl\\\/\",\"name\":\"SEPA XML GENERATOR\",\"description\":\"\",\"potentialAction\":[{\"@type\":\"SearchAction\",\"target\":{\"@type\":\"EntryPoint\",\"urlTemplate\":\"https:\\\/\\\/www.sepaxmlgenerator.com\\\/pl\\\/?s={search_term_string}\"},\"query-input\":{\"@type\":\"PropertyValueSpecification\",\"valueRequired\":true,\"valueName\":\"search_term_string\"}}],\"inLanguage\":\"pl-PL\"}]}<\/script>\n<!-- \/ Yoast SEO plugin. -->","yoast_head_json":{"title":"Oprogramowanie SEPA API Direct Debit & Credit Transfer z SEPA XML GENERATOR","description":"SEPA API Direct Debit & Credit Transfer Software z SEPA XML GENERATOR zintegrowa\u0107 nasze oprogramowanie SEPA z w\u0142asnym oprogramowaniem ksi\u0119gowym","robots":{"index":"index","follow":"follow","max-snippet":"max-snippet:-1","max-image-preview":"max-image-preview:large","max-video-preview":"max-video-preview:-1"},"canonical":"https:\/\/www.sepaxmlgenerator.com\/pl\/sepa-api\/","og_locale":"pl_PL","og_type":"article","og_title":"Oprogramowanie SEPA API Direct Debit & Credit Transfer z SEPA XML GENERATOR","og_description":"SEPA API Direct Debit & Credit Transfer Software z SEPA XML GENERATOR zintegrowa\u0107 nasze oprogramowanie SEPA z w\u0142asnym oprogramowaniem ksi\u0119gowym","og_url":"https:\/\/www.sepaxmlgenerator.com\/pl\/sepa-api\/","og_site_name":"SEPA XML GENERATOR","og_image":[{"url":"https:\/\/www.sepaxmlgenerator.com\/wp-content\/uploads\/2023\/01\/api.png","type":"","width":"","height":""}],"twitter_card":"summary_large_image","twitter_misc":{"Szacowany czas czytania":"1 minuta"},"schema":{"@context":"https:\/\/schema.org","@graph":[{"@type":"WebPage","@id":"https:\/\/www.sepaxmlgenerator.com\/pl\/sepa-api\/","url":"https:\/\/www.sepaxmlgenerator.com\/pl\/sepa-api\/","name":"Oprogramowanie SEPA API Direct Debit & Credit Transfer z SEPA XML GENERATOR","isPartOf":{"@id":"https:\/\/www.sepaxmlgenerator.com\/pl\/#website"},"primaryImageOfPage":{"@id":"https:\/\/www.sepaxmlgenerator.com\/pl\/sepa-api\/#primaryimage"},"image":{"@id":"https:\/\/www.sepaxmlgenerator.com\/pl\/sepa-api\/#primaryimage"},"thumbnailUrl":"https:\/\/www.sepaxmlgenerator.com\/wp-content\/uploads\/2023\/01\/api.png","datePublished":"2023-01-30T08:30:41+00:00","description":"SEPA API Direct Debit & Credit Transfer Software z SEPA XML GENERATOR zintegrowa\u0107 nasze oprogramowanie SEPA z w\u0142asnym oprogramowaniem ksi\u0119gowym","breadcrumb":{"@id":"https:\/\/www.sepaxmlgenerator.com\/pl\/sepa-api\/#breadcrumb"},"inLanguage":"pl-PL","potentialAction":[{"@type":"ReadAction","target":["https:\/\/www.sepaxmlgenerator.com\/pl\/sepa-api\/"]}]},{"@type":"ImageObject","inLanguage":"pl-PL","@id":"https:\/\/www.sepaxmlgenerator.com\/pl\/sepa-api\/#primaryimage","url":"https:\/\/www.sepaxmlgenerator.com\/wp-content\/uploads\/2023\/01\/api.png","contentUrl":"https:\/\/www.sepaxmlgenerator.com\/wp-content\/uploads\/2023\/01\/api.png"},{"@type":"BreadcrumbList","@id":"https:\/\/www.sepaxmlgenerator.com\/pl\/sepa-api\/#breadcrumb","itemListElement":[{"@type":"ListItem","position":1,"name":"Home","item":"https:\/\/www.sepaxmlgenerator.com\/pl\/"},{"@type":"ListItem","position":2,"name":"SEPA &#8211; API"}]},{"@type":"WebSite","@id":"https:\/\/www.sepaxmlgenerator.com\/pl\/#website","url":"https:\/\/www.sepaxmlgenerator.com\/pl\/","name":"SEPA XML GENERATOR","description":"","potentialAction":[{"@type":"SearchAction","target":{"@type":"EntryPoint","urlTemplate":"https:\/\/www.sepaxmlgenerator.com\/pl\/?s={search_term_string}"},"query-input":{"@type":"PropertyValueSpecification","valueRequired":true,"valueName":"search_term_string"}}],"inLanguage":"pl-PL"}]}},"_links":{"self":[{"href":"https:\/\/www.sepaxmlgenerator.com\/pl\/wp-json\/wp\/v2\/pages\/2020","targetHints":{"allow":["GET"]}}],"collection":[{"href":"https:\/\/www.sepaxmlgenerator.com\/pl\/wp-json\/wp\/v2\/pages"}],"about":[{"href":"https:\/\/www.sepaxmlgenerator.com\/pl\/wp-json\/wp\/v2\/types\/page"}],"author":[{"embeddable":true,"href":"https:\/\/www.sepaxmlgenerator.com\/pl\/wp-json\/wp\/v2\/users\/1"}],"replies":[{"embeddable":true,"href":"https:\/\/www.sepaxmlgenerator.com\/pl\/wp-json\/wp\/v2\/comments?post=2020"}],"version-history":[{"count":0,"href":"https:\/\/www.sepaxmlgenerator.com\/pl\/wp-json\/wp\/v2\/pages\/2020\/revisions"}],"wp:attachment":[{"href":"https:\/\/www.sepaxmlgenerator.com\/pl\/wp-json\/wp\/v2\/media?parent=2020"}],"curies":[{"name":"wp","href":"https:\/\/api.w.org\/{rel}","templated":true}]}}