{"id":2132,"date":"2022-04-05T06:25:05","date_gmt":"2022-04-05T06:25:05","guid":{"rendered":"https:\/\/sepaxmlgenerator.com\/onlinebezahlung\/"},"modified":"2022-04-05T06:25:05","modified_gmt":"2022-04-05T06:25:05","slug":"onlinebezahlung","status":"publish","type":"page","link":"https:\/\/www.sepaxmlgenerator.com\/pl\/onlinebezahlung\/","title":{"rendered":"Onlinebezahlung"},"content":{"rendered":"","protected":false},"excerpt":{"rendered":"","protected":false},"author":1,"featured_media":0,"parent":0,"menu_order":0,"comment_status":"closed","ping_status":"closed","template":"page-templates\/payment.php","meta":{"_acf_changed":false,"footnotes":""},"class_list":["post-2132","page","type-page","status-publish","hentry"],"acf":[],"yoast_head":"<!-- This site is optimized with the Yoast SEO plugin v27.3 - https:\/\/yoast.com\/product\/yoast-seo-wordpress\/ -->\n<title>SEPA XML GENERATOR Zahlungsseite - Online-Zahlungsseite<\/title>\n<meta name=\"description\" content=\"SEPA XML GENERATOR Strona p\u0142atno\u015bci - Strona p\u0142atno\u015bci online - Wp\u0142acaj online za swoje oprogramowanie do p\u0142atno\u015bci ratalnych i przelew\u00f3w SEPA.\" \/>\n<meta name=\"robots\" content=\"index, follow, max-snippet:-1, max-image-preview:large, max-video-preview:-1\" \/>\n<link rel=\"canonical\" href=\"https:\/\/www.sepaxmlgenerator.com\/pl\/onlinebezahlung\/\" \/>\n<meta property=\"og:locale\" content=\"pl_PL\" \/>\n<meta property=\"og:type\" content=\"article\" \/>\n<meta property=\"og:title\" content=\"SEPA XML GENERATOR Zahlungsseite - Online-Zahlungsseite\" \/>\n<meta property=\"og:description\" content=\"SEPA XML GENERATOR Strona p\u0142atno\u015bci - Strona p\u0142atno\u015bci online - Wp\u0142acaj online za swoje oprogramowanie do p\u0142atno\u015bci ratalnych i przelew\u00f3w SEPA.\" \/>\n<meta property=\"og:url\" content=\"https:\/\/www.sepaxmlgenerator.com\/pl\/onlinebezahlung\/\" \/>\n<meta property=\"og:site_name\" content=\"SEPA XML GENERATOR\" \/>\n<meta name=\"twitter:card\" content=\"summary_large_image\" \/>\n<script type=\"application\/ld+json\" class=\"yoast-schema-graph\">{\"@context\":\"https:\\\/\\\/schema.org\",\"@graph\":[{\"@type\":\"WebPage\",\"@id\":\"https:\\\/\\\/www.sepaxmlgenerator.com\\\/pl\\\/onlinebezahlung\\\/\",\"url\":\"https:\\\/\\\/www.sepaxmlgenerator.com\\\/pl\\\/onlinebezahlung\\\/\",\"name\":\"SEPA XML GENERATOR Zahlungsseite - Online-Zahlungsseite\",\"isPartOf\":{\"@id\":\"https:\\\/\\\/www.sepaxmlgenerator.com\\\/pl\\\/#website\"},\"datePublished\":\"2022-04-05T06:25:05+00:00\",\"description\":\"SEPA XML GENERATOR Strona p\u0142atno\u015bci - Strona p\u0142atno\u015bci online - Wp\u0142acaj online za swoje oprogramowanie do p\u0142atno\u015bci ratalnych i przelew\u00f3w SEPA.\",\"breadcrumb\":{\"@id\":\"https:\\\/\\\/www.sepaxmlgenerator.com\\\/pl\\\/onlinebezahlung\\\/#breadcrumb\"},\"inLanguage\":\"pl-PL\",\"potentialAction\":[{\"@type\":\"ReadAction\",\"target\":[\"https:\\\/\\\/www.sepaxmlgenerator.com\\\/pl\\\/onlinebezahlung\\\/\"]}]},{\"@type\":\"BreadcrumbList\",\"@id\":\"https:\\\/\\\/www.sepaxmlgenerator.com\\\/pl\\\/onlinebezahlung\\\/#breadcrumb\",\"itemListElement\":[{\"@type\":\"ListItem\",\"position\":1,\"name\":\"Home\",\"item\":\"https:\\\/\\\/www.sepaxmlgenerator.com\\\/pl\\\/\"},{\"@type\":\"ListItem\",\"position\":2,\"name\":\"Onlinebezahlung\"}]},{\"@type\":\"WebSite\",\"@id\":\"https:\\\/\\\/www.sepaxmlgenerator.com\\\/pl\\\/#website\",\"url\":\"https:\\\/\\\/www.sepaxmlgenerator.com\\\/pl\\\/\",\"name\":\"SEPA XML GENERATOR\",\"description\":\"\",\"potentialAction\":[{\"@type\":\"SearchAction\",\"target\":{\"@type\":\"EntryPoint\",\"urlTemplate\":\"https:\\\/\\\/www.sepaxmlgenerator.com\\\/pl\\\/?s={search_term_string}\"},\"query-input\":{\"@type\":\"PropertyValueSpecification\",\"valueRequired\":true,\"valueName\":\"search_term_string\"}}],\"inLanguage\":\"pl-PL\"}]}<\/script>\n<!-- \/ Yoast SEO plugin. -->","yoast_head_json":{"title":"SEPA XML GENERATOR Zahlungsseite - Online-Zahlungsseite","description":"SEPA XML GENERATOR Strona p\u0142atno\u015bci - Strona p\u0142atno\u015bci online - Wp\u0142acaj online za swoje oprogramowanie do p\u0142atno\u015bci ratalnych i przelew\u00f3w SEPA.","robots":{"index":"index","follow":"follow","max-snippet":"max-snippet:-1","max-image-preview":"max-image-preview:large","max-video-preview":"max-video-preview:-1"},"canonical":"https:\/\/www.sepaxmlgenerator.com\/pl\/onlinebezahlung\/","og_locale":"pl_PL","og_type":"article","og_title":"SEPA XML GENERATOR Zahlungsseite - Online-Zahlungsseite","og_description":"SEPA XML GENERATOR Strona p\u0142atno\u015bci - Strona p\u0142atno\u015bci online - Wp\u0142acaj online za swoje oprogramowanie do p\u0142atno\u015bci ratalnych i przelew\u00f3w SEPA.","og_url":"https:\/\/www.sepaxmlgenerator.com\/pl\/onlinebezahlung\/","og_site_name":"SEPA XML GENERATOR","twitter_card":"summary_large_image","schema":{"@context":"https:\/\/schema.org","@graph":[{"@type":"WebPage","@id":"https:\/\/www.sepaxmlgenerator.com\/pl\/onlinebezahlung\/","url":"https:\/\/www.sepaxmlgenerator.com\/pl\/onlinebezahlung\/","name":"SEPA XML GENERATOR Zahlungsseite - Online-Zahlungsseite","isPartOf":{"@id":"https:\/\/www.sepaxmlgenerator.com\/pl\/#website"},"datePublished":"2022-04-05T06:25:05+00:00","description":"SEPA XML GENERATOR Strona p\u0142atno\u015bci - Strona p\u0142atno\u015bci online - Wp\u0142acaj online za swoje oprogramowanie do p\u0142atno\u015bci ratalnych i przelew\u00f3w SEPA.","breadcrumb":{"@id":"https:\/\/www.sepaxmlgenerator.com\/pl\/onlinebezahlung\/#breadcrumb"},"inLanguage":"pl-PL","potentialAction":[{"@type":"ReadAction","target":["https:\/\/www.sepaxmlgenerator.com\/pl\/onlinebezahlung\/"]}]},{"@type":"BreadcrumbList","@id":"https:\/\/www.sepaxmlgenerator.com\/pl\/onlinebezahlung\/#breadcrumb","itemListElement":[{"@type":"ListItem","position":1,"name":"Home","item":"https:\/\/www.sepaxmlgenerator.com\/pl\/"},{"@type":"ListItem","position":2,"name":"Onlinebezahlung"}]},{"@type":"WebSite","@id":"https:\/\/www.sepaxmlgenerator.com\/pl\/#website","url":"https:\/\/www.sepaxmlgenerator.com\/pl\/","name":"SEPA XML GENERATOR","description":"","potentialAction":[{"@type":"SearchAction","target":{"@type":"EntryPoint","urlTemplate":"https:\/\/www.sepaxmlgenerator.com\/pl\/?s={search_term_string}"},"query-input":{"@type":"PropertyValueSpecification","valueRequired":true,"valueName":"search_term_string"}}],"inLanguage":"pl-PL"}]}},"_links":{"self":[{"href":"https:\/\/www.sepaxmlgenerator.com\/pl\/wp-json\/wp\/v2\/pages\/2132","targetHints":{"allow":["GET"]}}],"collection":[{"href":"https:\/\/www.sepaxmlgenerator.com\/pl\/wp-json\/wp\/v2\/pages"}],"about":[{"href":"https:\/\/www.sepaxmlgenerator.com\/pl\/wp-json\/wp\/v2\/types\/page"}],"author":[{"embeddable":true,"href":"https:\/\/www.sepaxmlgenerator.com\/pl\/wp-json\/wp\/v2\/users\/1"}],"replies":[{"embeddable":true,"href":"https:\/\/www.sepaxmlgenerator.com\/pl\/wp-json\/wp\/v2\/comments?post=2132"}],"version-history":[{"count":0,"href":"https:\/\/www.sepaxmlgenerator.com\/pl\/wp-json\/wp\/v2\/pages\/2132\/revisions"}],"wp:attachment":[{"href":"https:\/\/www.sepaxmlgenerator.com\/pl\/wp-json\/wp\/v2\/media?parent=2132"}],"curies":[{"name":"wp","href":"https:\/\/api.w.org\/{rel}","templated":true}]}}