{"id":2154,"date":"2020-01-17T06:54:01","date_gmt":"2020-01-17T06:54:01","guid":{"rendered":"https:\/\/sepaxmlgenerator.com\/zarejestruj-sie-w-celu-przeprowadzenia-bezplatnej-wersji-testowej\/"},"modified":"2020-01-17T06:54:01","modified_gmt":"2020-01-17T06:54:01","slug":"zarejestruj-sie-w-celu-przeprowadzenia-bezplatnej-wersji-testowej","status":"publish","type":"page","link":"https:\/\/www.sepaxmlgenerator.com\/pl\/zarejestruj-sie-w-celu-przeprowadzenia-bezplatnej-wersji-testowej\/","title":{"rendered":"Zarejestruj si\u0119 w celu przeprowadzenia bezp\u0142atnej wersji testowej."},"content":{"rendered":"","protected":false},"excerpt":{"rendered":"","protected":false},"author":1,"featured_media":0,"parent":0,"menu_order":0,"comment_status":"closed","ping_status":"closed","template":"","meta":{"_acf_changed":false,"footnotes":""},"class_list":["post-2154","page","type-page","status-publish","hentry"],"acf":[],"yoast_head":"<!-- This site is optimized with the Yoast SEO plugin v27.3 - https:\/\/yoast.com\/product\/yoast-seo-wordpress\/ -->\n<title>Zarejestruj si\u0119, aby otrzyma\u0107 darmow\u0105 wersj\u0119 testow\u0105 SEPA XML GENERATOR - Ostatnie s\u0142owa i wskaz\u00f3wki.<\/title>\n<meta name=\"description\" content=\"Zarejestruj si\u0119, aby otrzyma\u0107 bezp\u0142atn\u0105 wersj\u0119 testow\u0105 SEPA-XML-GENERATORS - wygeneruj dane XML dla druk\u00f3w \u015bcis\u0142ego zarachowania i przelew\u00f3w - zbierz i wy\u015blij p\u0142atno\u015bci.\" \/>\n<meta name=\"robots\" content=\"index, follow, max-snippet:-1, max-image-preview:large, max-video-preview:-1\" \/>\n<link rel=\"canonical\" href=\"https:\/\/www.sepaxmlgenerator.com\/pl\/zarejestruj-sie-w-celu-przeprowadzenia-bezplatnej-wersji-testowej\/\" \/>\n<meta property=\"og:locale\" content=\"pl_PL\" \/>\n<meta property=\"og:type\" content=\"article\" \/>\n<meta property=\"og:title\" content=\"Zarejestruj si\u0119, aby otrzyma\u0107 darmow\u0105 wersj\u0119 testow\u0105 SEPA XML GENERATOR - Ostatnie s\u0142owa i wskaz\u00f3wki.\" \/>\n<meta property=\"og:description\" content=\"Zarejestruj si\u0119, aby otrzyma\u0107 bezp\u0142atn\u0105 wersj\u0119 testow\u0105 SEPA-XML-GENERATORS - wygeneruj dane XML dla druk\u00f3w \u015bcis\u0142ego zarachowania i przelew\u00f3w - zbierz i wy\u015blij p\u0142atno\u015bci.\" \/>\n<meta property=\"og:url\" content=\"https:\/\/www.sepaxmlgenerator.com\/pl\/zarejestruj-sie-w-celu-przeprowadzenia-bezplatnej-wersji-testowej\/\" \/>\n<meta property=\"og:site_name\" content=\"SEPA XML GENERATOR\" \/>\n<meta name=\"twitter:card\" content=\"summary_large_image\" \/>\n<script type=\"application\/ld+json\" class=\"yoast-schema-graph\">{\"@context\":\"https:\\\/\\\/schema.org\",\"@graph\":[{\"@type\":\"WebPage\",\"@id\":\"https:\\\/\\\/www.sepaxmlgenerator.com\\\/pl\\\/zarejestruj-sie-w-celu-przeprowadzenia-bezplatnej-wersji-testowej\\\/\",\"url\":\"https:\\\/\\\/www.sepaxmlgenerator.com\\\/pl\\\/zarejestruj-sie-w-celu-przeprowadzenia-bezplatnej-wersji-testowej\\\/\",\"name\":\"Zarejestruj si\u0119, aby otrzyma\u0107 darmow\u0105 wersj\u0119 testow\u0105 SEPA XML GENERATOR - Ostatnie s\u0142owa i wskaz\u00f3wki.\",\"isPartOf\":{\"@id\":\"https:\\\/\\\/www.sepaxmlgenerator.com\\\/pl\\\/#website\"},\"datePublished\":\"2020-01-17T06:54:01+00:00\",\"description\":\"Zarejestruj si\u0119, aby otrzyma\u0107 bezp\u0142atn\u0105 wersj\u0119 testow\u0105 SEPA-XML-GENERATORS - wygeneruj dane XML dla druk\u00f3w \u015bcis\u0142ego zarachowania i przelew\u00f3w - zbierz i wy\u015blij p\u0142atno\u015bci.\",\"breadcrumb\":{\"@id\":\"https:\\\/\\\/www.sepaxmlgenerator.com\\\/pl\\\/zarejestruj-sie-w-celu-przeprowadzenia-bezplatnej-wersji-testowej\\\/#breadcrumb\"},\"inLanguage\":\"pl-PL\",\"potentialAction\":[{\"@type\":\"ReadAction\",\"target\":[\"https:\\\/\\\/www.sepaxmlgenerator.com\\\/pl\\\/zarejestruj-sie-w-celu-przeprowadzenia-bezplatnej-wersji-testowej\\\/\"]}]},{\"@type\":\"BreadcrumbList\",\"@id\":\"https:\\\/\\\/www.sepaxmlgenerator.com\\\/pl\\\/zarejestruj-sie-w-celu-przeprowadzenia-bezplatnej-wersji-testowej\\\/#breadcrumb\",\"itemListElement\":[{\"@type\":\"ListItem\",\"position\":1,\"name\":\"Home\",\"item\":\"https:\\\/\\\/www.sepaxmlgenerator.com\\\/pl\\\/\"},{\"@type\":\"ListItem\",\"position\":2,\"name\":\"Zarejestruj si\u0119 w celu przeprowadzenia bezp\u0142atnej wersji testowej.\"}]},{\"@type\":\"WebSite\",\"@id\":\"https:\\\/\\\/www.sepaxmlgenerator.com\\\/pl\\\/#website\",\"url\":\"https:\\\/\\\/www.sepaxmlgenerator.com\\\/pl\\\/\",\"name\":\"SEPA XML GENERATOR\",\"description\":\"\",\"potentialAction\":[{\"@type\":\"SearchAction\",\"target\":{\"@type\":\"EntryPoint\",\"urlTemplate\":\"https:\\\/\\\/www.sepaxmlgenerator.com\\\/pl\\\/?s={search_term_string}\"},\"query-input\":{\"@type\":\"PropertyValueSpecification\",\"valueRequired\":true,\"valueName\":\"search_term_string\"}}],\"inLanguage\":\"pl-PL\"}]}<\/script>\n<!-- \/ Yoast SEO plugin. -->","yoast_head_json":{"title":"Zarejestruj si\u0119, aby otrzyma\u0107 darmow\u0105 wersj\u0119 testow\u0105 SEPA XML GENERATOR - Ostatnie s\u0142owa i wskaz\u00f3wki.","description":"Zarejestruj si\u0119, aby otrzyma\u0107 bezp\u0142atn\u0105 wersj\u0119 testow\u0105 SEPA-XML-GENERATORS - wygeneruj dane XML dla druk\u00f3w \u015bcis\u0142ego zarachowania i przelew\u00f3w - zbierz i wy\u015blij p\u0142atno\u015bci.","robots":{"index":"index","follow":"follow","max-snippet":"max-snippet:-1","max-image-preview":"max-image-preview:large","max-video-preview":"max-video-preview:-1"},"canonical":"https:\/\/www.sepaxmlgenerator.com\/pl\/zarejestruj-sie-w-celu-przeprowadzenia-bezplatnej-wersji-testowej\/","og_locale":"pl_PL","og_type":"article","og_title":"Zarejestruj si\u0119, aby otrzyma\u0107 darmow\u0105 wersj\u0119 testow\u0105 SEPA XML GENERATOR - Ostatnie s\u0142owa i wskaz\u00f3wki.","og_description":"Zarejestruj si\u0119, aby otrzyma\u0107 bezp\u0142atn\u0105 wersj\u0119 testow\u0105 SEPA-XML-GENERATORS - wygeneruj dane XML dla druk\u00f3w \u015bcis\u0142ego zarachowania i przelew\u00f3w - zbierz i wy\u015blij p\u0142atno\u015bci.","og_url":"https:\/\/www.sepaxmlgenerator.com\/pl\/zarejestruj-sie-w-celu-przeprowadzenia-bezplatnej-wersji-testowej\/","og_site_name":"SEPA XML GENERATOR","twitter_card":"summary_large_image","schema":{"@context":"https:\/\/schema.org","@graph":[{"@type":"WebPage","@id":"https:\/\/www.sepaxmlgenerator.com\/pl\/zarejestruj-sie-w-celu-przeprowadzenia-bezplatnej-wersji-testowej\/","url":"https:\/\/www.sepaxmlgenerator.com\/pl\/zarejestruj-sie-w-celu-przeprowadzenia-bezplatnej-wersji-testowej\/","name":"Zarejestruj si\u0119, aby otrzyma\u0107 darmow\u0105 wersj\u0119 testow\u0105 SEPA XML GENERATOR - Ostatnie s\u0142owa i wskaz\u00f3wki.","isPartOf":{"@id":"https:\/\/www.sepaxmlgenerator.com\/pl\/#website"},"datePublished":"2020-01-17T06:54:01+00:00","description":"Zarejestruj si\u0119, aby otrzyma\u0107 bezp\u0142atn\u0105 wersj\u0119 testow\u0105 SEPA-XML-GENERATORS - wygeneruj dane XML dla druk\u00f3w \u015bcis\u0142ego zarachowania i przelew\u00f3w - zbierz i wy\u015blij p\u0142atno\u015bci.","breadcrumb":{"@id":"https:\/\/www.sepaxmlgenerator.com\/pl\/zarejestruj-sie-w-celu-przeprowadzenia-bezplatnej-wersji-testowej\/#breadcrumb"},"inLanguage":"pl-PL","potentialAction":[{"@type":"ReadAction","target":["https:\/\/www.sepaxmlgenerator.com\/pl\/zarejestruj-sie-w-celu-przeprowadzenia-bezplatnej-wersji-testowej\/"]}]},{"@type":"BreadcrumbList","@id":"https:\/\/www.sepaxmlgenerator.com\/pl\/zarejestruj-sie-w-celu-przeprowadzenia-bezplatnej-wersji-testowej\/#breadcrumb","itemListElement":[{"@type":"ListItem","position":1,"name":"Home","item":"https:\/\/www.sepaxmlgenerator.com\/pl\/"},{"@type":"ListItem","position":2,"name":"Zarejestruj si\u0119 w celu przeprowadzenia bezp\u0142atnej wersji testowej."}]},{"@type":"WebSite","@id":"https:\/\/www.sepaxmlgenerator.com\/pl\/#website","url":"https:\/\/www.sepaxmlgenerator.com\/pl\/","name":"SEPA XML GENERATOR","description":"","potentialAction":[{"@type":"SearchAction","target":{"@type":"EntryPoint","urlTemplate":"https:\/\/www.sepaxmlgenerator.com\/pl\/?s={search_term_string}"},"query-input":{"@type":"PropertyValueSpecification","valueRequired":true,"valueName":"search_term_string"}}],"inLanguage":"pl-PL"}]}},"_links":{"self":[{"href":"https:\/\/www.sepaxmlgenerator.com\/pl\/wp-json\/wp\/v2\/pages\/2154","targetHints":{"allow":["GET"]}}],"collection":[{"href":"https:\/\/www.sepaxmlgenerator.com\/pl\/wp-json\/wp\/v2\/pages"}],"about":[{"href":"https:\/\/www.sepaxmlgenerator.com\/pl\/wp-json\/wp\/v2\/types\/page"}],"author":[{"embeddable":true,"href":"https:\/\/www.sepaxmlgenerator.com\/pl\/wp-json\/wp\/v2\/users\/1"}],"replies":[{"embeddable":true,"href":"https:\/\/www.sepaxmlgenerator.com\/pl\/wp-json\/wp\/v2\/comments?post=2154"}],"version-history":[{"count":0,"href":"https:\/\/www.sepaxmlgenerator.com\/pl\/wp-json\/wp\/v2\/pages\/2154\/revisions"}],"wp:attachment":[{"href":"https:\/\/www.sepaxmlgenerator.com\/pl\/wp-json\/wp\/v2\/media?parent=2154"}],"curies":[{"name":"wp","href":"https:\/\/api.w.org\/{rel}","templated":true}]}}