{"id":2155,"date":"2020-01-17T06:58:58","date_gmt":"2020-01-17T06:58:58","guid":{"rendered":"https:\/\/sepaxmlgenerator.com\/kekse\/"},"modified":"2020-01-17T06:58:58","modified_gmt":"2020-01-17T06:58:58","slug":"kekse","status":"publish","type":"page","link":"https:\/\/www.sepaxmlgenerator.com\/pl\/kekse\/","title":{"rendered":"Kekse"},"content":{"rendered":"<p><a class=\"iubenda-white no-brand iubenda-embed iub-body-embed\" title=\"Polityka dotycz\u0105ca plik\u00f3w cookie\" href=\"https:\/\/www.iubenda.com\/privacy-policy\/91848415\/cookie-policy\">Cookie-Richtlinie<\/a><script type=\"text\/javascript\">(function (w,d) {var loader = function () {var s = d.createElement(\"script\"), tag = d.getElementsByTagName(\"script\")[0]; s.src=\"https:\/\/cdn.iubenda.com\/iubenda.js\"; tag.parentNode.insertBefore(s,tag);}; if(w.addEventListener){w.addEventListener(\"load\", loader, false);}else if(w.attachEvent){w.attachEvent(\"onload\", loader);}else{w.onload = loader;>(window, document);<\/script><\/p>\n","protected":false},"excerpt":{"rendered":"Cookie-Richtlinie","protected":false},"author":1,"featured_media":0,"parent":0,"menu_order":0,"comment_status":"closed","ping_status":"closed","template":"page-templates\/privacy-policy.php","meta":{"_acf_changed":false,"footnotes":""},"class_list":["post-2155","page","type-page","status-publish","hentry"],"acf":[],"yoast_head":"<!-- This site is optimized with the Yoast SEO plugin v27.3 - https:\/\/yoast.com\/product\/yoast-seo-wordpress\/ -->\n<title>Pliki cookie dla www.sepaxmlgenerator.com - Pliki cookie dla u\u017cytkownik\u00f3w<\/title>\n<meta name=\"description\" content=\"Website-Cookies dla www.sepaxmlgenerator.com - Cookies dla u\u017cytkownik\u00f3w - Oprogramowanie do obs\u0142ugi przelew\u00f3w i prolongat - Darmowe oprogramowanie SEPA z SEPA XML Generator\" \/>\n<meta name=\"robots\" content=\"index, follow, max-snippet:-1, max-image-preview:large, max-video-preview:-1\" \/>\n<link rel=\"canonical\" href=\"https:\/\/www.sepaxmlgenerator.com\/pl\/kekse\/\" \/>\n<meta property=\"og:locale\" content=\"pl_PL\" \/>\n<meta property=\"og:type\" content=\"article\" \/>\n<meta property=\"og:title\" content=\"Pliki cookie dla www.sepaxmlgenerator.com - Pliki cookie dla u\u017cytkownik\u00f3w\" \/>\n<meta property=\"og:description\" content=\"Website-Cookies dla www.sepaxmlgenerator.com - Cookies dla u\u017cytkownik\u00f3w - Oprogramowanie do obs\u0142ugi przelew\u00f3w i prolongat - Darmowe oprogramowanie SEPA z SEPA XML Generator\" \/>\n<meta property=\"og:url\" content=\"https:\/\/www.sepaxmlgenerator.com\/pl\/kekse\/\" \/>\n<meta property=\"og:site_name\" content=\"SEPA XML GENERATOR\" \/>\n<meta name=\"twitter:card\" content=\"summary_large_image\" \/>\n<script type=\"application\/ld+json\" class=\"yoast-schema-graph\">{\"@context\":\"https:\\\/\\\/schema.org\",\"@graph\":[{\"@type\":\"WebPage\",\"@id\":\"https:\\\/\\\/www.sepaxmlgenerator.com\\\/pl\\\/kekse\\\/\",\"url\":\"https:\\\/\\\/www.sepaxmlgenerator.com\\\/pl\\\/kekse\\\/\",\"name\":\"Pliki cookie dla www.sepaxmlgenerator.com - Pliki cookie dla u\u017cytkownik\u00f3w\",\"isPartOf\":{\"@id\":\"https:\\\/\\\/www.sepaxmlgenerator.com\\\/pl\\\/#website\"},\"datePublished\":\"2020-01-17T06:58:58+00:00\",\"description\":\"Website-Cookies dla www.sepaxmlgenerator.com - Cookies dla u\u017cytkownik\u00f3w - Oprogramowanie do obs\u0142ugi przelew\u00f3w i prolongat - Darmowe oprogramowanie SEPA z SEPA XML Generator\",\"breadcrumb\":{\"@id\":\"https:\\\/\\\/www.sepaxmlgenerator.com\\\/pl\\\/kekse\\\/#breadcrumb\"},\"inLanguage\":\"pl-PL\",\"potentialAction\":[{\"@type\":\"ReadAction\",\"target\":[\"https:\\\/\\\/www.sepaxmlgenerator.com\\\/pl\\\/kekse\\\/\"]}]},{\"@type\":\"BreadcrumbList\",\"@id\":\"https:\\\/\\\/www.sepaxmlgenerator.com\\\/pl\\\/kekse\\\/#breadcrumb\",\"itemListElement\":[{\"@type\":\"ListItem\",\"position\":1,\"name\":\"Home\",\"item\":\"https:\\\/\\\/www.sepaxmlgenerator.com\\\/pl\\\/\"},{\"@type\":\"ListItem\",\"position\":2,\"name\":\"Kekse\"}]},{\"@type\":\"WebSite\",\"@id\":\"https:\\\/\\\/www.sepaxmlgenerator.com\\\/pl\\\/#website\",\"url\":\"https:\\\/\\\/www.sepaxmlgenerator.com\\\/pl\\\/\",\"name\":\"SEPA XML GENERATOR\",\"description\":\"\",\"potentialAction\":[{\"@type\":\"SearchAction\",\"target\":{\"@type\":\"EntryPoint\",\"urlTemplate\":\"https:\\\/\\\/www.sepaxmlgenerator.com\\\/pl\\\/?s={search_term_string}\"},\"query-input\":{\"@type\":\"PropertyValueSpecification\",\"valueRequired\":true,\"valueName\":\"search_term_string\"}}],\"inLanguage\":\"pl-PL\"}]}<\/script>\n<!-- \/ Yoast SEO plugin. -->","yoast_head_json":{"title":"Pliki cookie dla www.sepaxmlgenerator.com - Pliki cookie dla u\u017cytkownik\u00f3w","description":"Website-Cookies dla www.sepaxmlgenerator.com - Cookies dla u\u017cytkownik\u00f3w - Oprogramowanie do obs\u0142ugi przelew\u00f3w i prolongat - Darmowe oprogramowanie SEPA z SEPA XML Generator","robots":{"index":"index","follow":"follow","max-snippet":"max-snippet:-1","max-image-preview":"max-image-preview:large","max-video-preview":"max-video-preview:-1"},"canonical":"https:\/\/www.sepaxmlgenerator.com\/pl\/kekse\/","og_locale":"pl_PL","og_type":"article","og_title":"Pliki cookie dla www.sepaxmlgenerator.com - Pliki cookie dla u\u017cytkownik\u00f3w","og_description":"Website-Cookies dla www.sepaxmlgenerator.com - Cookies dla u\u017cytkownik\u00f3w - Oprogramowanie do obs\u0142ugi przelew\u00f3w i prolongat - Darmowe oprogramowanie SEPA z SEPA XML Generator","og_url":"https:\/\/www.sepaxmlgenerator.com\/pl\/kekse\/","og_site_name":"SEPA XML GENERATOR","twitter_card":"summary_large_image","schema":{"@context":"https:\/\/schema.org","@graph":[{"@type":"WebPage","@id":"https:\/\/www.sepaxmlgenerator.com\/pl\/kekse\/","url":"https:\/\/www.sepaxmlgenerator.com\/pl\/kekse\/","name":"Pliki cookie dla www.sepaxmlgenerator.com - Pliki cookie dla u\u017cytkownik\u00f3w","isPartOf":{"@id":"https:\/\/www.sepaxmlgenerator.com\/pl\/#website"},"datePublished":"2020-01-17T06:58:58+00:00","description":"Website-Cookies dla www.sepaxmlgenerator.com - Cookies dla u\u017cytkownik\u00f3w - Oprogramowanie do obs\u0142ugi przelew\u00f3w i prolongat - Darmowe oprogramowanie SEPA z SEPA XML Generator","breadcrumb":{"@id":"https:\/\/www.sepaxmlgenerator.com\/pl\/kekse\/#breadcrumb"},"inLanguage":"pl-PL","potentialAction":[{"@type":"ReadAction","target":["https:\/\/www.sepaxmlgenerator.com\/pl\/kekse\/"]}]},{"@type":"BreadcrumbList","@id":"https:\/\/www.sepaxmlgenerator.com\/pl\/kekse\/#breadcrumb","itemListElement":[{"@type":"ListItem","position":1,"name":"Home","item":"https:\/\/www.sepaxmlgenerator.com\/pl\/"},{"@type":"ListItem","position":2,"name":"Kekse"}]},{"@type":"WebSite","@id":"https:\/\/www.sepaxmlgenerator.com\/pl\/#website","url":"https:\/\/www.sepaxmlgenerator.com\/pl\/","name":"SEPA XML GENERATOR","description":"","potentialAction":[{"@type":"SearchAction","target":{"@type":"EntryPoint","urlTemplate":"https:\/\/www.sepaxmlgenerator.com\/pl\/?s={search_term_string}"},"query-input":{"@type":"PropertyValueSpecification","valueRequired":true,"valueName":"search_term_string"}}],"inLanguage":"pl-PL"}]}},"_links":{"self":[{"href":"https:\/\/www.sepaxmlgenerator.com\/pl\/wp-json\/wp\/v2\/pages\/2155","targetHints":{"allow":["GET"]}}],"collection":[{"href":"https:\/\/www.sepaxmlgenerator.com\/pl\/wp-json\/wp\/v2\/pages"}],"about":[{"href":"https:\/\/www.sepaxmlgenerator.com\/pl\/wp-json\/wp\/v2\/types\/page"}],"author":[{"embeddable":true,"href":"https:\/\/www.sepaxmlgenerator.com\/pl\/wp-json\/wp\/v2\/users\/1"}],"replies":[{"embeddable":true,"href":"https:\/\/www.sepaxmlgenerator.com\/pl\/wp-json\/wp\/v2\/comments?post=2155"}],"version-history":[{"count":0,"href":"https:\/\/www.sepaxmlgenerator.com\/pl\/wp-json\/wp\/v2\/pages\/2155\/revisions"}],"wp:attachment":[{"href":"https:\/\/www.sepaxmlgenerator.com\/pl\/wp-json\/wp\/v2\/media?parent=2155"}],"curies":[{"name":"wp","href":"https:\/\/api.w.org\/{rel}","templated":true}]}}