{"id":2165,"date":"2020-01-17T06:53:45","date_gmt":"2020-01-17T06:53:45","guid":{"rendered":"https:\/\/sepaxmlgenerator.com\/merkmale\/"},"modified":"2020-01-17T06:53:45","modified_gmt":"2020-01-17T06:53:45","slug":"merkmale","status":"publish","type":"page","link":"https:\/\/www.sepaxmlgenerator.com\/pl\/merkmale\/","title":{"rendered":"Merkmale"},"content":{"rendered":"","protected":false},"excerpt":{"rendered":"","protected":false},"author":1,"featured_media":0,"parent":0,"menu_order":0,"comment_status":"closed","ping_status":"closed","template":"","meta":{"_acf_changed":false,"footnotes":""},"class_list":["post-2165","page","type-page","status-publish","hentry"],"acf":[],"yoast_head":"<!-- This site is optimized with the Yoast SEO plugin v27.5 - https:\/\/yoast.com\/product\/yoast-seo-wordpress\/ -->\n<title>Mo\u017cliwo\u015bci generator\u00f3w SEPA-XML - Lastschriften i \u00dcberweisungsdateien<\/title>\n<meta name=\"description\" content=\"Mo\u017cliwo\u015bci generator\u00f3w SEPA-XML - Pozb\u0105d\u017a si\u0119 ostatnich zapis\u00f3w od klient\u00f3w i wygeneruj dane rozliczeniowe, aby przes\u0142a\u0107 p\u0142atno\u015bci do swoich klient\u00f3w.\" \/>\n<meta name=\"robots\" content=\"index, follow, max-snippet:-1, max-image-preview:large, max-video-preview:-1\" \/>\n<link rel=\"canonical\" href=\"https:\/\/www.sepaxmlgenerator.com\/pl\/merkmale\/\" \/>\n<meta property=\"og:locale\" content=\"pl_PL\" \/>\n<meta property=\"og:type\" content=\"article\" \/>\n<meta property=\"og:title\" content=\"Mo\u017cliwo\u015bci generator\u00f3w SEPA-XML - Lastschriften i \u00dcberweisungsdateien\" \/>\n<meta property=\"og:description\" content=\"Mo\u017cliwo\u015bci generator\u00f3w SEPA-XML - Pozb\u0105d\u017a si\u0119 ostatnich zapis\u00f3w od klient\u00f3w i wygeneruj dane rozliczeniowe, aby przes\u0142a\u0107 p\u0142atno\u015bci do swoich klient\u00f3w.\" \/>\n<meta property=\"og:url\" content=\"https:\/\/www.sepaxmlgenerator.com\/pl\/merkmale\/\" \/>\n<meta property=\"og:site_name\" content=\"SEPA XML GENERATOR\" \/>\n<meta name=\"twitter:card\" content=\"summary_large_image\" \/>\n<script type=\"application\/ld+json\" class=\"yoast-schema-graph\">{\"@context\":\"https:\\\/\\\/schema.org\",\"@graph\":[{\"@type\":\"WebPage\",\"@id\":\"https:\\\/\\\/www.sepaxmlgenerator.com\\\/pl\\\/merkmale\\\/\",\"url\":\"https:\\\/\\\/www.sepaxmlgenerator.com\\\/pl\\\/merkmale\\\/\",\"name\":\"Mo\u017cliwo\u015bci generator\u00f3w SEPA-XML - Lastschriften i \u00dcberweisungsdateien\",\"isPartOf\":{\"@id\":\"https:\\\/\\\/www.sepaxmlgenerator.com\\\/pl\\\/#website\"},\"datePublished\":\"2020-01-17T06:53:45+00:00\",\"description\":\"Mo\u017cliwo\u015bci generator\u00f3w SEPA-XML - Pozb\u0105d\u017a si\u0119 ostatnich zapis\u00f3w od klient\u00f3w i wygeneruj dane rozliczeniowe, aby przes\u0142a\u0107 p\u0142atno\u015bci do swoich klient\u00f3w.\",\"breadcrumb\":{\"@id\":\"https:\\\/\\\/www.sepaxmlgenerator.com\\\/pl\\\/merkmale\\\/#breadcrumb\"},\"inLanguage\":\"pl-PL\",\"potentialAction\":[{\"@type\":\"ReadAction\",\"target\":[\"https:\\\/\\\/www.sepaxmlgenerator.com\\\/pl\\\/merkmale\\\/\"]}]},{\"@type\":\"BreadcrumbList\",\"@id\":\"https:\\\/\\\/www.sepaxmlgenerator.com\\\/pl\\\/merkmale\\\/#breadcrumb\",\"itemListElement\":[{\"@type\":\"ListItem\",\"position\":1,\"name\":\"Home\",\"item\":\"https:\\\/\\\/www.sepaxmlgenerator.com\\\/pl\\\/\"},{\"@type\":\"ListItem\",\"position\":2,\"name\":\"Merkmale\"}]},{\"@type\":\"WebSite\",\"@id\":\"https:\\\/\\\/www.sepaxmlgenerator.com\\\/pl\\\/#website\",\"url\":\"https:\\\/\\\/www.sepaxmlgenerator.com\\\/pl\\\/\",\"name\":\"SEPA XML GENERATOR\",\"description\":\"\",\"potentialAction\":[{\"@type\":\"SearchAction\",\"target\":{\"@type\":\"EntryPoint\",\"urlTemplate\":\"https:\\\/\\\/www.sepaxmlgenerator.com\\\/pl\\\/?s={search_term_string}\"},\"query-input\":{\"@type\":\"PropertyValueSpecification\",\"valueRequired\":true,\"valueName\":\"search_term_string\"}}],\"inLanguage\":\"pl-PL\"}]}<\/script>\n<!-- \/ Yoast SEO plugin. -->","yoast_head_json":{"title":"Mo\u017cliwo\u015bci generator\u00f3w SEPA-XML - Lastschriften i \u00dcberweisungsdateien","description":"Mo\u017cliwo\u015bci generator\u00f3w SEPA-XML - Pozb\u0105d\u017a si\u0119 ostatnich zapis\u00f3w od klient\u00f3w i wygeneruj dane rozliczeniowe, aby przes\u0142a\u0107 p\u0142atno\u015bci do swoich klient\u00f3w.","robots":{"index":"index","follow":"follow","max-snippet":"max-snippet:-1","max-image-preview":"max-image-preview:large","max-video-preview":"max-video-preview:-1"},"canonical":"https:\/\/www.sepaxmlgenerator.com\/pl\/merkmale\/","og_locale":"pl_PL","og_type":"article","og_title":"Mo\u017cliwo\u015bci generator\u00f3w SEPA-XML - Lastschriften i \u00dcberweisungsdateien","og_description":"Mo\u017cliwo\u015bci generator\u00f3w SEPA-XML - Pozb\u0105d\u017a si\u0119 ostatnich zapis\u00f3w od klient\u00f3w i wygeneruj dane rozliczeniowe, aby przes\u0142a\u0107 p\u0142atno\u015bci do swoich klient\u00f3w.","og_url":"https:\/\/www.sepaxmlgenerator.com\/pl\/merkmale\/","og_site_name":"SEPA XML GENERATOR","twitter_card":"summary_large_image","schema":{"@context":"https:\/\/schema.org","@graph":[{"@type":"WebPage","@id":"https:\/\/www.sepaxmlgenerator.com\/pl\/merkmale\/","url":"https:\/\/www.sepaxmlgenerator.com\/pl\/merkmale\/","name":"Mo\u017cliwo\u015bci generator\u00f3w SEPA-XML - Lastschriften i \u00dcberweisungsdateien","isPartOf":{"@id":"https:\/\/www.sepaxmlgenerator.com\/pl\/#website"},"datePublished":"2020-01-17T06:53:45+00:00","description":"Mo\u017cliwo\u015bci generator\u00f3w SEPA-XML - Pozb\u0105d\u017a si\u0119 ostatnich zapis\u00f3w od klient\u00f3w i wygeneruj dane rozliczeniowe, aby przes\u0142a\u0107 p\u0142atno\u015bci do swoich klient\u00f3w.","breadcrumb":{"@id":"https:\/\/www.sepaxmlgenerator.com\/pl\/merkmale\/#breadcrumb"},"inLanguage":"pl-PL","potentialAction":[{"@type":"ReadAction","target":["https:\/\/www.sepaxmlgenerator.com\/pl\/merkmale\/"]}]},{"@type":"BreadcrumbList","@id":"https:\/\/www.sepaxmlgenerator.com\/pl\/merkmale\/#breadcrumb","itemListElement":[{"@type":"ListItem","position":1,"name":"Home","item":"https:\/\/www.sepaxmlgenerator.com\/pl\/"},{"@type":"ListItem","position":2,"name":"Merkmale"}]},{"@type":"WebSite","@id":"https:\/\/www.sepaxmlgenerator.com\/pl\/#website","url":"https:\/\/www.sepaxmlgenerator.com\/pl\/","name":"SEPA XML GENERATOR","description":"","potentialAction":[{"@type":"SearchAction","target":{"@type":"EntryPoint","urlTemplate":"https:\/\/www.sepaxmlgenerator.com\/pl\/?s={search_term_string}"},"query-input":{"@type":"PropertyValueSpecification","valueRequired":true,"valueName":"search_term_string"}}],"inLanguage":"pl-PL"}]}},"_links":{"self":[{"href":"https:\/\/www.sepaxmlgenerator.com\/pl\/wp-json\/wp\/v2\/pages\/2165","targetHints":{"allow":["GET"]}}],"collection":[{"href":"https:\/\/www.sepaxmlgenerator.com\/pl\/wp-json\/wp\/v2\/pages"}],"about":[{"href":"https:\/\/www.sepaxmlgenerator.com\/pl\/wp-json\/wp\/v2\/types\/page"}],"author":[{"embeddable":true,"href":"https:\/\/www.sepaxmlgenerator.com\/pl\/wp-json\/wp\/v2\/users\/1"}],"replies":[{"embeddable":true,"href":"https:\/\/www.sepaxmlgenerator.com\/pl\/wp-json\/wp\/v2\/comments?post=2165"}],"version-history":[{"count":0,"href":"https:\/\/www.sepaxmlgenerator.com\/pl\/wp-json\/wp\/v2\/pages\/2165\/revisions"}],"wp:attachment":[{"href":"https:\/\/www.sepaxmlgenerator.com\/pl\/wp-json\/wp\/v2\/media?parent=2165"}],"curies":[{"name":"wp","href":"https:\/\/api.w.org\/{rel}","templated":true}]}}