{"id":2173,"date":"2020-01-16T06:36:42","date_gmt":"2020-01-16T06:36:42","guid":{"rendered":"https:\/\/sepaxmlgenerator.com\/zarejestruj-sie-aby-otrzymac-darmowy-sepa-xml-generator-test-heute\/"},"modified":"2020-01-16T06:36:42","modified_gmt":"2020-01-16T06:36:42","slug":"zarejestruj-sie-aby-otrzymac-darmowy-sepa-xml-generator-test-heute","status":"publish","type":"page","link":"https:\/\/www.sepaxmlgenerator.com\/pl\/zarejestruj-sie-aby-otrzymac-darmowy-sepa-xml-generator-test-heute\/","title":{"rendered":"Zarejestruj si\u0119, aby otrzyma\u0107 darmowy SEPA-XML.<br>GENERATOR-Test heute"},"content":{"rendered":"<section class=\"contact-sec\">\n<div class=\"contact-address\">\n<ul>\n<li>\n<h3>Hauptb\u00fcro<\/h3>\n<p>GENERATOR SEPA XML<br \/>Herbertstra\u00dfe 18,<br \/>Dublin 2,<br \/>Irlandia, D02 FK19.<\/p>\n<\/li>\n<li class=\"msize\">\n<h3>Telefon: <span>+353 1 539 7207<\/span><\/h3>\n<h3>E-Mail: <span><br \/>\n  <a href=\"mailto:info@SEPAXMLGENERATOR.com\">info@SEPAXMLGENERATOR.com<\/a><br \/>\n<\/span><\/h3>\n<h3>Anfragen: <span><br \/>\n  <a href=\"mailto:sales@SEPAXMLGENERATOR.com\">sales@SEPAXMLGENERATOR.com<\/a><br \/>\n<\/span><\/h3>\n<\/li>\n<\/ul><\/div>\n<div class=\"contact-map-sec\">\n<div class=\"contact-map-content\">\n<div class=\"cmc-inner-sec\">\n<p><strong>GENERATOR SEPA XML<\/strong><\/p>\n<p>18 Herbert Street, Dublin 2,<br \/>Irlandia, D02 FK19.<\/p>\n<p>     <a href=\"https:\/\/www.google.ie\/maps\/place\/Digital+Sales\/@53.335664,-6.24538,15z\/data=!4m2!3m1!1s0x0:0xa5aa2f20bdc22d52?sa=X&amp;ved=0ahUKEwjotuDPrObXAhUP_qQKHf8QAbwQ_BIIbDAK\" class=\"btn-effect\" target=\"_blank\" rel=\"noopener\"><span>Otrzymujemy informacje  <i> <\/i> <\/span><\/a>\n    <\/div>\n<\/p><\/div>\n<div class=\"contact-map-bg\"><\/div>\n<\/p><\/div>\n<\/section>\n","protected":false},"excerpt":{"rendered":"Hauptb\u00fcro GENERATOR SEPA XMLHerbertstra\u00dfe 18,Dublin 2,Irlandia, D02 FK19. Telefon: +353 1 539 7207 E-Mail: info@SEPAXMLGENERATOR.com Anfragen: sales@SEPAXMLGENERATOR.com GENERATOR SEPA XML 18 Herbert Street, Dublin 2,Irlandia, D02 FK19. Otrzymujemy informacje","protected":false},"author":1,"featured_media":0,"parent":0,"menu_order":0,"comment_status":"closed","ping_status":"closed","template":"page-templates\/contact-us.php","meta":{"_acf_changed":false,"footnotes":""},"class_list":["post-2173","page","type-page","status-publish","hentry"],"acf":[],"yoast_head":"<!-- This site is optimized with the Yoast SEO plugin v27.3 - https:\/\/yoast.com\/product\/yoast-seo-wordpress\/ -->\n<title>SEPA-XML-Generator kontaktieren, Kontaktdaten SEPA-XML-Generator<\/title>\n<meta name=\"description\" content=\"Szczeg\u00f3\u0142y kontaktu z generatorem SEPA-XML, oprogramowaniem i wersj\u0105 testow\u0105 KOSTENLOSE - Wype\u0142nij swoje deklaracje, wygeneruj dane kredytowe i prze\u015blij je do SEPA-.xml-Datei.\" \/>\n<meta name=\"robots\" content=\"index, follow, max-snippet:-1, max-image-preview:large, max-video-preview:-1\" \/>\n<link rel=\"canonical\" href=\"https:\/\/www.sepaxmlgenerator.com\/pl\/zarejestruj-sie-aby-otrzymac-darmowy-sepa-xml-generator-test-heute\/\" \/>\n<meta property=\"og:locale\" content=\"pl_PL\" \/>\n<meta property=\"og:type\" content=\"article\" \/>\n<meta property=\"og:title\" content=\"SEPA-XML-Generator kontaktieren, Kontaktdaten SEPA-XML-Generator\" \/>\n<meta property=\"og:description\" content=\"Szczeg\u00f3\u0142y kontaktu z generatorem SEPA-XML, oprogramowaniem i wersj\u0105 testow\u0105 KOSTENLOSE - Wype\u0142nij swoje deklaracje, wygeneruj dane kredytowe i prze\u015blij je do SEPA-.xml-Datei.\" \/>\n<meta property=\"og:url\" content=\"https:\/\/www.sepaxmlgenerator.com\/pl\/zarejestruj-sie-aby-otrzymac-darmowy-sepa-xml-generator-test-heute\/\" \/>\n<meta property=\"og:site_name\" content=\"SEPA XML GENERATOR\" \/>\n<meta name=\"twitter:card\" content=\"summary_large_image\" \/>\n<script type=\"application\/ld+json\" class=\"yoast-schema-graph\">{\"@context\":\"https:\\\/\\\/schema.org\",\"@graph\":[{\"@type\":\"WebPage\",\"@id\":\"https:\\\/\\\/www.sepaxmlgenerator.com\\\/pl\\\/zarejestruj-sie-aby-otrzymac-darmowy-sepa-xml-generator-test-heute\\\/\",\"url\":\"https:\\\/\\\/www.sepaxmlgenerator.com\\\/pl\\\/zarejestruj-sie-aby-otrzymac-darmowy-sepa-xml-generator-test-heute\\\/\",\"name\":\"SEPA-XML-Generator kontaktieren, Kontaktdaten SEPA-XML-Generator\",\"isPartOf\":{\"@id\":\"https:\\\/\\\/www.sepaxmlgenerator.com\\\/pl\\\/#website\"},\"datePublished\":\"2020-01-16T06:36:42+00:00\",\"description\":\"Szczeg\u00f3\u0142y kontaktu z generatorem SEPA-XML, oprogramowaniem i wersj\u0105 testow\u0105 KOSTENLOSE - Wype\u0142nij swoje deklaracje, wygeneruj dane kredytowe i prze\u015blij je do SEPA-.xml-Datei.\",\"breadcrumb\":{\"@id\":\"https:\\\/\\\/www.sepaxmlgenerator.com\\\/pl\\\/zarejestruj-sie-aby-otrzymac-darmowy-sepa-xml-generator-test-heute\\\/#breadcrumb\"},\"inLanguage\":\"pl-PL\",\"potentialAction\":[{\"@type\":\"ReadAction\",\"target\":[\"https:\\\/\\\/www.sepaxmlgenerator.com\\\/pl\\\/zarejestruj-sie-aby-otrzymac-darmowy-sepa-xml-generator-test-heute\\\/\"]}]},{\"@type\":\"BreadcrumbList\",\"@id\":\"https:\\\/\\\/www.sepaxmlgenerator.com\\\/pl\\\/zarejestruj-sie-aby-otrzymac-darmowy-sepa-xml-generator-test-heute\\\/#breadcrumb\",\"itemListElement\":[{\"@type\":\"ListItem\",\"position\":1,\"name\":\"Home\",\"item\":\"https:\\\/\\\/www.sepaxmlgenerator.com\\\/pl\\\/\"},{\"@type\":\"ListItem\",\"position\":2,\"name\":\"Zarejestruj si\u0119, aby otrzyma\u0107 darmowy SEPA-XML.GENERATOR-Test heute\"}]},{\"@type\":\"WebSite\",\"@id\":\"https:\\\/\\\/www.sepaxmlgenerator.com\\\/pl\\\/#website\",\"url\":\"https:\\\/\\\/www.sepaxmlgenerator.com\\\/pl\\\/\",\"name\":\"SEPA XML GENERATOR\",\"description\":\"\",\"potentialAction\":[{\"@type\":\"SearchAction\",\"target\":{\"@type\":\"EntryPoint\",\"urlTemplate\":\"https:\\\/\\\/www.sepaxmlgenerator.com\\\/pl\\\/?s={search_term_string}\"},\"query-input\":{\"@type\":\"PropertyValueSpecification\",\"valueRequired\":true,\"valueName\":\"search_term_string\"}}],\"inLanguage\":\"pl-PL\"}]}<\/script>\n<!-- \/ Yoast SEO plugin. -->","yoast_head_json":{"title":"SEPA-XML-Generator kontaktieren, Kontaktdaten SEPA-XML-Generator","description":"Szczeg\u00f3\u0142y kontaktu z generatorem SEPA-XML, oprogramowaniem i wersj\u0105 testow\u0105 KOSTENLOSE - Wype\u0142nij swoje deklaracje, wygeneruj dane kredytowe i prze\u015blij je do SEPA-.xml-Datei.","robots":{"index":"index","follow":"follow","max-snippet":"max-snippet:-1","max-image-preview":"max-image-preview:large","max-video-preview":"max-video-preview:-1"},"canonical":"https:\/\/www.sepaxmlgenerator.com\/pl\/zarejestruj-sie-aby-otrzymac-darmowy-sepa-xml-generator-test-heute\/","og_locale":"pl_PL","og_type":"article","og_title":"SEPA-XML-Generator kontaktieren, Kontaktdaten SEPA-XML-Generator","og_description":"Szczeg\u00f3\u0142y kontaktu z generatorem SEPA-XML, oprogramowaniem i wersj\u0105 testow\u0105 KOSTENLOSE - Wype\u0142nij swoje deklaracje, wygeneruj dane kredytowe i prze\u015blij je do SEPA-.xml-Datei.","og_url":"https:\/\/www.sepaxmlgenerator.com\/pl\/zarejestruj-sie-aby-otrzymac-darmowy-sepa-xml-generator-test-heute\/","og_site_name":"SEPA XML GENERATOR","twitter_card":"summary_large_image","schema":{"@context":"https:\/\/schema.org","@graph":[{"@type":"WebPage","@id":"https:\/\/www.sepaxmlgenerator.com\/pl\/zarejestruj-sie-aby-otrzymac-darmowy-sepa-xml-generator-test-heute\/","url":"https:\/\/www.sepaxmlgenerator.com\/pl\/zarejestruj-sie-aby-otrzymac-darmowy-sepa-xml-generator-test-heute\/","name":"SEPA-XML-Generator kontaktieren, Kontaktdaten SEPA-XML-Generator","isPartOf":{"@id":"https:\/\/www.sepaxmlgenerator.com\/pl\/#website"},"datePublished":"2020-01-16T06:36:42+00:00","description":"Szczeg\u00f3\u0142y kontaktu z generatorem SEPA-XML, oprogramowaniem i wersj\u0105 testow\u0105 KOSTENLOSE - Wype\u0142nij swoje deklaracje, wygeneruj dane kredytowe i prze\u015blij je do SEPA-.xml-Datei.","breadcrumb":{"@id":"https:\/\/www.sepaxmlgenerator.com\/pl\/zarejestruj-sie-aby-otrzymac-darmowy-sepa-xml-generator-test-heute\/#breadcrumb"},"inLanguage":"pl-PL","potentialAction":[{"@type":"ReadAction","target":["https:\/\/www.sepaxmlgenerator.com\/pl\/zarejestruj-sie-aby-otrzymac-darmowy-sepa-xml-generator-test-heute\/"]}]},{"@type":"BreadcrumbList","@id":"https:\/\/www.sepaxmlgenerator.com\/pl\/zarejestruj-sie-aby-otrzymac-darmowy-sepa-xml-generator-test-heute\/#breadcrumb","itemListElement":[{"@type":"ListItem","position":1,"name":"Home","item":"https:\/\/www.sepaxmlgenerator.com\/pl\/"},{"@type":"ListItem","position":2,"name":"Zarejestruj si\u0119, aby otrzyma\u0107 darmowy SEPA-XML.GENERATOR-Test heute"}]},{"@type":"WebSite","@id":"https:\/\/www.sepaxmlgenerator.com\/pl\/#website","url":"https:\/\/www.sepaxmlgenerator.com\/pl\/","name":"SEPA XML GENERATOR","description":"","potentialAction":[{"@type":"SearchAction","target":{"@type":"EntryPoint","urlTemplate":"https:\/\/www.sepaxmlgenerator.com\/pl\/?s={search_term_string}"},"query-input":{"@type":"PropertyValueSpecification","valueRequired":true,"valueName":"search_term_string"}}],"inLanguage":"pl-PL"}]}},"_links":{"self":[{"href":"https:\/\/www.sepaxmlgenerator.com\/pl\/wp-json\/wp\/v2\/pages\/2173","targetHints":{"allow":["GET"]}}],"collection":[{"href":"https:\/\/www.sepaxmlgenerator.com\/pl\/wp-json\/wp\/v2\/pages"}],"about":[{"href":"https:\/\/www.sepaxmlgenerator.com\/pl\/wp-json\/wp\/v2\/types\/page"}],"author":[{"embeddable":true,"href":"https:\/\/www.sepaxmlgenerator.com\/pl\/wp-json\/wp\/v2\/users\/1"}],"replies":[{"embeddable":true,"href":"https:\/\/www.sepaxmlgenerator.com\/pl\/wp-json\/wp\/v2\/comments?post=2173"}],"version-history":[{"count":0,"href":"https:\/\/www.sepaxmlgenerator.com\/pl\/wp-json\/wp\/v2\/pages\/2173\/revisions"}],"wp:attachment":[{"href":"https:\/\/www.sepaxmlgenerator.com\/pl\/wp-json\/wp\/v2\/media?parent=2173"}],"curies":[{"name":"wp","href":"https:\/\/api.w.org\/{rel}","templated":true}]}}