{"id":2174,"date":"2020-01-16T06:36:22","date_gmt":"2020-01-16T06:36:22","guid":{"rendered":"https:\/\/sepaxmlgenerator.com\/wszystko-o-sepa\/"},"modified":"2020-01-16T06:36:22","modified_gmt":"2020-01-16T06:36:22","slug":"wszystko-o-sepa","status":"publish","type":"page","link":"https:\/\/www.sepaxmlgenerator.com\/pl\/wszystko-o-sepa\/","title":{"rendered":"Wszystko o SEPA"},"content":{"rendered":"<p>Die Verbreitung der Euro-W\u00e4hrung und die Zunahme des grenz\u00fcberschreitenden Handels in ganz Europa beschleunigten die Notwendigkeit einer gemeinsamen finanziellen Zahlungsstruktur. Ergo wurde das SEPA-Format f\u00fcr die reibungslose \u00dcberweisung grenz\u00fcberschreitender Zahlungen etabliert und von den EU-Mitgliedsstaaten vereinbart.<\/p>\n<p>SEPA (Einheitlicher Euro-Zahlungsverkehrsraum) wurde auch eingef\u00fchrt, um der Notwendigkeit entgegenzuwirken, Mitarbeiter zu bezahlen (\u00dcberweisungen), die m\u00f6glicherweise Bankkonten au\u00dferhalb der prim\u00e4ren Quelle der Unternehmenskonten haben.<\/p>\n<p>Jetzt kann in der gesamten Europ\u00e4ischen Union und in anderen Gebieten als der Vatikanstadt nahtlos bezahlt werden. \u00dcberweisungen und Zahlungen umfassen auch \u00dcberweisungen zwischen Banken innerhalb einzelner L\u00e4nder der Eurozone, insgesamt 34 L\u00e4nder.<\/p>\n<h2 style=\"text-align: left;\">Czy istnieje SEPA-Zahlung?<\/h2>\n<p>Im Wesentlichen ist SEPA eine Form von Finanzanweisungen, die auf einen Standard festgelegt sind, den alle Banken in der gesamten EU verstehen, aber nur L\u00e4nder, die den Euro angenommen haben. Zyski s\u0105 przekazywane w formie dokument\u00f3w i dokument\u00f3w ko\u0144cowych.<\/p>\n<h3 style=\"text-align: left;\">Inne zalety i korzy\u015bci w po\u0142\u0105czeniu z SEPA<\/h3>\n<p>Gwarantuje si\u0119, \u017ce wszystkie te informacje s\u0105 dost\u0119pne, nawet je\u015bli plik .xml-Datum jest uszkodzony.<\/p>\n<p>Banki nie mog\u0105 przekazywa\u0107 \u017cadnych kwot z tytu\u0142u op\u0142at (w gr\u0119 wchodz\u0105 jedynie \u015brodki na pokrycie koszt\u00f3w rachunk\u00f3w, kt\u00f3re s\u0105 przekazywane na konta bankowe).<\/p>\n<p>Z tego punktu widzenia SEPA jest szybkie, bezpieczne i bezproblemowe. Najwa\u017cniejsze dla przedsi\u0119biorc\u00f3w jest to, \u017ce musz\u0105 oni otrzyma\u0107 od swojego banku pozwolenie na wprowadzenie ostatnich o\u015bwiadcze\u0144, a nast\u0119pnie wygenerowa\u0107 plik .xml-SEPA. Nie tylko w tym przypadku SEPA XML GENERATOR mo\u017ce pom\u00f3c&#8230; mo\u017cemy r\u00f3wnie\u017c pom\u00f3c w przypadku informacji, jak np. w przypadku Gehaltsabrechnung lub Versicherungsgesellschaft, kt\u00f3re musz\u0105 wys\u0142a\u0107 informacje do klient\u00f3w. Ein einfaches Beispiel ist die Haustierversicherung: Ein Tierhalter meldet einen Schaden an, und die Versicherungsgesellschaft verwendet SEPA XML GENERATOR, um eine Sepa-Datei zu erstellen, mit der die Bank angewiesen wird, den Betrag an den Tierversicherungskunden zu \u00fcberweisen.<\/p>\n<h4 style=\"text-align: left;\">Jak mo\u017cemy pom\u00f3c?<\/h4>\n<p>Je\u015bli Twoja firma jest zarejestrowana do ostatniego badania lub chcesz stworzy\u0107 dokumentacj\u0119 ubezpieczeniow\u0105, otrzymasz oprogramowanie do tworzenia danych .xml-SEPA, kt\u00f3re mo\u017cesz przes\u0142a\u0107 online do swojego konta bankowego. Przetestuj nasze oprogramowanie ju\u017c teraz <a href=\"https:\/\/www.sepaxmlgenerator.com\/pl\/zarejestruj-sie-aby-otrzymac-darmowy-sepa-xml-generator-test-heute\/\">KOSTENLOS<\/a>.<\/p>\n<p><img decoding=\"async\" src=\"https:\/\/www.sepaxmlgenerator.com\/wp-content\/uploads\/2023\/01\/xml-process.jpg\" alt=\"GENERATOR SEPA XML - przep\u0142yw procesu u\u017cytkownika\" width=\"100%\" height=\"100%\"><\/p>\n","protected":false},"excerpt":{"rendered":"Die Verbreitung der Euro-W\u00e4hrung und die Zunahme des grenz\u00fcberschreitenden Handels in ganz Europa beschleunigten die Notwendigkeit einer gemeinsamen finanziellen Zahlungsstruktur. Ergo wurde das SEPA-Format f\u00fcr die reibungslose \u00dcberweisung grenz\u00fcberschreitender Zahlungen etabliert und von den EU-Mitgliedsstaaten vereinbart. SEPA (Einheitlicher Euro-Zahlungsverkehrsraum) wurde auch eingef\u00fchrt, um der Notwendigkeit entgegenzuwirken, Mitarbeiter zu bezahlen (\u00dcberweisungen), die m\u00f6glicherweise Bankkonten au\u00dferhalb der [&hellip;]","protected":false},"author":1,"featured_media":0,"parent":0,"menu_order":0,"comment_status":"closed","ping_status":"closed","template":"page-templates\/inner-page-two.php","meta":{"_acf_changed":false,"footnotes":""},"class_list":["post-2174","page","type-page","status-publish","hentry"],"acf":[],"yoast_head":"<!-- This site is optimized with the Yoast SEO plugin v27.3 - https:\/\/yoast.com\/product\/yoast-seo-wordpress\/ -->\n<title>Wszystko na temat SEPA - europejskiego standardu opracowywania transakcji p\u0142atniczych<\/title>\n<meta name=\"description\" content=\"Wszystko o SEPA - SEPA-XML-Generator ... Dane dotycz\u0105ce dokument\u00f3w i dokument\u00f3w ko\u0144cowych - zg\u0142o\u015b si\u0119 ju\u017c teraz po bezp\u0142atn\u0105 wersj\u0119 testow\u0105 do ... KOSTENLOSE SEPA - oprogramowanie ...\" \/>\n<meta name=\"robots\" content=\"index, follow, max-snippet:-1, max-image-preview:large, max-video-preview:-1\" \/>\n<link rel=\"canonical\" href=\"https:\/\/www.sepaxmlgenerator.com\/pl\/wszystko-o-sepa\/\" \/>\n<meta property=\"og:locale\" content=\"pl_PL\" \/>\n<meta property=\"og:type\" content=\"article\" \/>\n<meta property=\"og:title\" content=\"Wszystko na temat SEPA - europejskiego standardu opracowywania transakcji p\u0142atniczych\" \/>\n<meta property=\"og:description\" content=\"Wszystko o SEPA - SEPA-XML-Generator ... Dane dotycz\u0105ce dokument\u00f3w i dokument\u00f3w ko\u0144cowych - zg\u0142o\u015b si\u0119 ju\u017c teraz po bezp\u0142atn\u0105 wersj\u0119 testow\u0105 do ... KOSTENLOSE SEPA - oprogramowanie ...\" \/>\n<meta property=\"og:url\" content=\"https:\/\/www.sepaxmlgenerator.com\/pl\/wszystko-o-sepa\/\" \/>\n<meta property=\"og:site_name\" content=\"SEPA XML GENERATOR\" \/>\n<meta property=\"og:image\" content=\"https:\/\/www.sepaxmlgenerator.com\/wp-content\/uploads\/2023\/01\/xml-process.jpg\" \/>\n<meta name=\"twitter:card\" content=\"summary_large_image\" \/>\n<meta name=\"twitter:label1\" content=\"Szacowany czas czytania\" \/>\n\t<meta name=\"twitter:data1\" content=\"2 minuty\" \/>\n<script type=\"application\/ld+json\" class=\"yoast-schema-graph\">{\"@context\":\"https:\\\/\\\/schema.org\",\"@graph\":[{\"@type\":\"WebPage\",\"@id\":\"https:\\\/\\\/www.sepaxmlgenerator.com\\\/pl\\\/wszystko-o-sepa\\\/\",\"url\":\"https:\\\/\\\/www.sepaxmlgenerator.com\\\/pl\\\/wszystko-o-sepa\\\/\",\"name\":\"Wszystko na temat SEPA - europejskiego standardu opracowywania transakcji p\u0142atniczych\",\"isPartOf\":{\"@id\":\"https:\\\/\\\/www.sepaxmlgenerator.com\\\/pl\\\/#website\"},\"primaryImageOfPage\":{\"@id\":\"https:\\\/\\\/www.sepaxmlgenerator.com\\\/pl\\\/wszystko-o-sepa\\\/#primaryimage\"},\"image\":{\"@id\":\"https:\\\/\\\/www.sepaxmlgenerator.com\\\/pl\\\/wszystko-o-sepa\\\/#primaryimage\"},\"thumbnailUrl\":\"https:\\\/\\\/www.sepaxmlgenerator.com\\\/wp-content\\\/uploads\\\/2023\\\/01\\\/xml-process.jpg\",\"datePublished\":\"2020-01-16T06:36:22+00:00\",\"description\":\"Wszystko o SEPA - SEPA-XML-Generator ... Dane dotycz\u0105ce dokument\u00f3w i dokument\u00f3w ko\u0144cowych - zg\u0142o\u015b si\u0119 ju\u017c teraz po bezp\u0142atn\u0105 wersj\u0119 testow\u0105 do ... KOSTENLOSE SEPA - oprogramowanie ...\",\"breadcrumb\":{\"@id\":\"https:\\\/\\\/www.sepaxmlgenerator.com\\\/pl\\\/wszystko-o-sepa\\\/#breadcrumb\"},\"inLanguage\":\"pl-PL\",\"potentialAction\":[{\"@type\":\"ReadAction\",\"target\":[\"https:\\\/\\\/www.sepaxmlgenerator.com\\\/pl\\\/wszystko-o-sepa\\\/\"]}]},{\"@type\":\"ImageObject\",\"inLanguage\":\"pl-PL\",\"@id\":\"https:\\\/\\\/www.sepaxmlgenerator.com\\\/pl\\\/wszystko-o-sepa\\\/#primaryimage\",\"url\":\"https:\\\/\\\/www.sepaxmlgenerator.com\\\/wp-content\\\/uploads\\\/2023\\\/01\\\/xml-process.jpg\",\"contentUrl\":\"https:\\\/\\\/www.sepaxmlgenerator.com\\\/wp-content\\\/uploads\\\/2023\\\/01\\\/xml-process.jpg\"},{\"@type\":\"BreadcrumbList\",\"@id\":\"https:\\\/\\\/www.sepaxmlgenerator.com\\\/pl\\\/wszystko-o-sepa\\\/#breadcrumb\",\"itemListElement\":[{\"@type\":\"ListItem\",\"position\":1,\"name\":\"Home\",\"item\":\"https:\\\/\\\/www.sepaxmlgenerator.com\\\/pl\\\/\"},{\"@type\":\"ListItem\",\"position\":2,\"name\":\"Wszystko o SEPA\"}]},{\"@type\":\"WebSite\",\"@id\":\"https:\\\/\\\/www.sepaxmlgenerator.com\\\/pl\\\/#website\",\"url\":\"https:\\\/\\\/www.sepaxmlgenerator.com\\\/pl\\\/\",\"name\":\"SEPA XML GENERATOR\",\"description\":\"\",\"potentialAction\":[{\"@type\":\"SearchAction\",\"target\":{\"@type\":\"EntryPoint\",\"urlTemplate\":\"https:\\\/\\\/www.sepaxmlgenerator.com\\\/pl\\\/?s={search_term_string}\"},\"query-input\":{\"@type\":\"PropertyValueSpecification\",\"valueRequired\":true,\"valueName\":\"search_term_string\"}}],\"inLanguage\":\"pl-PL\"}]}<\/script>\n<!-- \/ Yoast SEO plugin. -->","yoast_head_json":{"title":"Wszystko na temat SEPA - europejskiego standardu opracowywania transakcji p\u0142atniczych","description":"Wszystko o SEPA - SEPA-XML-Generator ... Dane dotycz\u0105ce dokument\u00f3w i dokument\u00f3w ko\u0144cowych - zg\u0142o\u015b si\u0119 ju\u017c teraz po bezp\u0142atn\u0105 wersj\u0119 testow\u0105 do ... KOSTENLOSE SEPA - oprogramowanie ...","robots":{"index":"index","follow":"follow","max-snippet":"max-snippet:-1","max-image-preview":"max-image-preview:large","max-video-preview":"max-video-preview:-1"},"canonical":"https:\/\/www.sepaxmlgenerator.com\/pl\/wszystko-o-sepa\/","og_locale":"pl_PL","og_type":"article","og_title":"Wszystko na temat SEPA - europejskiego standardu opracowywania transakcji p\u0142atniczych","og_description":"Wszystko o SEPA - SEPA-XML-Generator ... Dane dotycz\u0105ce dokument\u00f3w i dokument\u00f3w ko\u0144cowych - zg\u0142o\u015b si\u0119 ju\u017c teraz po bezp\u0142atn\u0105 wersj\u0119 testow\u0105 do ... KOSTENLOSE SEPA - oprogramowanie ...","og_url":"https:\/\/www.sepaxmlgenerator.com\/pl\/wszystko-o-sepa\/","og_site_name":"SEPA XML GENERATOR","og_image":[{"url":"https:\/\/www.sepaxmlgenerator.com\/wp-content\/uploads\/2023\/01\/xml-process.jpg","type":"","width":"","height":""}],"twitter_card":"summary_large_image","twitter_misc":{"Szacowany czas czytania":"2 minuty"},"schema":{"@context":"https:\/\/schema.org","@graph":[{"@type":"WebPage","@id":"https:\/\/www.sepaxmlgenerator.com\/pl\/wszystko-o-sepa\/","url":"https:\/\/www.sepaxmlgenerator.com\/pl\/wszystko-o-sepa\/","name":"Wszystko na temat SEPA - europejskiego standardu opracowywania transakcji p\u0142atniczych","isPartOf":{"@id":"https:\/\/www.sepaxmlgenerator.com\/pl\/#website"},"primaryImageOfPage":{"@id":"https:\/\/www.sepaxmlgenerator.com\/pl\/wszystko-o-sepa\/#primaryimage"},"image":{"@id":"https:\/\/www.sepaxmlgenerator.com\/pl\/wszystko-o-sepa\/#primaryimage"},"thumbnailUrl":"https:\/\/www.sepaxmlgenerator.com\/wp-content\/uploads\/2023\/01\/xml-process.jpg","datePublished":"2020-01-16T06:36:22+00:00","description":"Wszystko o SEPA - SEPA-XML-Generator ... Dane dotycz\u0105ce dokument\u00f3w i dokument\u00f3w ko\u0144cowych - zg\u0142o\u015b si\u0119 ju\u017c teraz po bezp\u0142atn\u0105 wersj\u0119 testow\u0105 do ... KOSTENLOSE SEPA - oprogramowanie ...","breadcrumb":{"@id":"https:\/\/www.sepaxmlgenerator.com\/pl\/wszystko-o-sepa\/#breadcrumb"},"inLanguage":"pl-PL","potentialAction":[{"@type":"ReadAction","target":["https:\/\/www.sepaxmlgenerator.com\/pl\/wszystko-o-sepa\/"]}]},{"@type":"ImageObject","inLanguage":"pl-PL","@id":"https:\/\/www.sepaxmlgenerator.com\/pl\/wszystko-o-sepa\/#primaryimage","url":"https:\/\/www.sepaxmlgenerator.com\/wp-content\/uploads\/2023\/01\/xml-process.jpg","contentUrl":"https:\/\/www.sepaxmlgenerator.com\/wp-content\/uploads\/2023\/01\/xml-process.jpg"},{"@type":"BreadcrumbList","@id":"https:\/\/www.sepaxmlgenerator.com\/pl\/wszystko-o-sepa\/#breadcrumb","itemListElement":[{"@type":"ListItem","position":1,"name":"Home","item":"https:\/\/www.sepaxmlgenerator.com\/pl\/"},{"@type":"ListItem","position":2,"name":"Wszystko o SEPA"}]},{"@type":"WebSite","@id":"https:\/\/www.sepaxmlgenerator.com\/pl\/#website","url":"https:\/\/www.sepaxmlgenerator.com\/pl\/","name":"SEPA XML GENERATOR","description":"","potentialAction":[{"@type":"SearchAction","target":{"@type":"EntryPoint","urlTemplate":"https:\/\/www.sepaxmlgenerator.com\/pl\/?s={search_term_string}"},"query-input":{"@type":"PropertyValueSpecification","valueRequired":true,"valueName":"search_term_string"}}],"inLanguage":"pl-PL"}]}},"_links":{"self":[{"href":"https:\/\/www.sepaxmlgenerator.com\/pl\/wp-json\/wp\/v2\/pages\/2174","targetHints":{"allow":["GET"]}}],"collection":[{"href":"https:\/\/www.sepaxmlgenerator.com\/pl\/wp-json\/wp\/v2\/pages"}],"about":[{"href":"https:\/\/www.sepaxmlgenerator.com\/pl\/wp-json\/wp\/v2\/types\/page"}],"author":[{"embeddable":true,"href":"https:\/\/www.sepaxmlgenerator.com\/pl\/wp-json\/wp\/v2\/users\/1"}],"replies":[{"embeddable":true,"href":"https:\/\/www.sepaxmlgenerator.com\/pl\/wp-json\/wp\/v2\/comments?post=2174"}],"version-history":[{"count":0,"href":"https:\/\/www.sepaxmlgenerator.com\/pl\/wp-json\/wp\/v2\/pages\/2174\/revisions"}],"wp:attachment":[{"href":"https:\/\/www.sepaxmlgenerator.com\/pl\/wp-json\/wp\/v2\/media?parent=2174"}],"curies":[{"name":"wp","href":"https:\/\/api.w.org\/{rel}","templated":true}]}}