{"id":2184,"date":"2020-01-16T06:36:01","date_gmt":"2020-01-16T06:36:01","guid":{"rendered":"https:\/\/sepaxmlgenerator.com\/preisgestaltung\/"},"modified":"2020-01-16T06:36:01","modified_gmt":"2020-01-16T06:36:01","slug":"preisgestaltung","status":"publish","type":"page","link":"https:\/\/www.sepaxmlgenerator.com\/pl\/preisgestaltung\/","title":{"rendered":"Preisgestaltung"},"content":{"rendered":"<p>Oprogramowanie SEPA jest oparte na niemonaturalnej wersji testowej, bez mo\u017cliwo\u015bci zakupu po 30 tygodniach. Zarejestruj si\u0119 <a href=\"https:\/\/www.sepaxmlgenerator.com\/de\/?page_id=721\">ju\u017c<\/a> teraz i zachwy\u0107 si\u0119 sob\u0105, zarejestruj si\u0119, skorzystaj z naszego stanowiska Backend-SEPA-XML i wygeneruj KOSTENLOS .xml-SEPA-Dateien.<\/p>\n<h2>Preise nach Ablauf Ihrer KOSTENLOSEN SEPA-Testversion<\/h2>\n<p>Koszty za okres letni dla SEPA XML GENERATOR wynosz\u0105 250 \u20ac zzgl. MwSt. von 23 %. Gwarancja jako\u015bci jest zapewniona, je\u015bli przedsi\u0119biorstwo ma siedzib\u0119 w Irlandii i posiada dobry numer identyfikacyjny. Wszyscy iryzyjscy klienci maj\u0105 23-procentowy udzia\u0142 w spadku warto\u015bci.<\/p>\n<p>Je\u017celi przedsi\u0119biorstwo posiada stosunkowo niewielk\u0105 ilo\u015b\u0107 transakcji zwi\u0105zanych z dostaw\u0105 lub odbiorem, mo\u017ce ono skorzysta\u0107 z pomocy w zakresie redukcji.<\/p>\n<p><strong>50 % rabatu<\/strong> otrzymuj\u0105 klienci, kt\u00f3rzy w ci\u0105gu miesi\u0105ca wykonuj\u0105 20 lub mniej druk\u00f3w lub dokument\u00f3w.<\/p>\n<p><strong>20 % rabatu<\/strong> otrzymuj\u0105 klienci, kt\u00f3rzy w ci\u0105gu miesi\u0105ca wykonuj\u0105 50 lub mniej druk\u00f3w lub dokument\u00f3w.<\/p>\n<p>Je\u015bli masz pytania, skorzystaj z naszej strony kontaktowej lub zarejestruj si\u0119 <a href=\"https:\/\/www.sepaxmlgenerator.com\/de\/?page_id=721\">tutaj<\/a>, aby uzyska\u0107 dost\u0119p do naszych <a href=\"https:\/\/www.sepaxmlgenerator.com\/de\/?page_id=721\">us\u0142ug<\/a>.<\/p>\n<p><img loading=\"lazy\" decoding=\"async\" class=\"alignnone wp-image-371\" src=\"https:\/\/www.sepaxmlgenerator.com\/wp-content\/uploads\/2020\/04\/SEPA-XML-GENERATOR-User-Process-Flow-300x111.jpg\" alt=\"GENERATOR SEPA XML - przep\u0142yw procesu u\u017cytkownika\" width=\"750\" height=\"277\" srcset=\"https:\/\/www.sepaxmlgenerator.com\/wp-content\/uploads\/2020\/04\/SEPA-XML-GENERATOR-User-Process-Flow-300x111.jpg 300w, https:\/\/www.sepaxmlgenerator.com\/wp-content\/uploads\/2020\/04\/SEPA-XML-GENERATOR-User-Process-Flow-1024x379.jpg 1024w, https:\/\/www.sepaxmlgenerator.com\/wp-content\/uploads\/2020\/04\/SEPA-XML-GENERATOR-User-Process-Flow-768x284.jpg 768w, https:\/\/www.sepaxmlgenerator.com\/wp-content\/uploads\/2020\/04\/SEPA-XML-GENERATOR-User-Process-Flow-1536x568.jpg 1536w, https:\/\/www.sepaxmlgenerator.com\/wp-content\/uploads\/2020\/04\/SEPA-XML-GENERATOR-User-Process-Flow-2048x757.jpg 2048w, https:\/\/www.sepaxmlgenerator.com\/wp-content\/uploads\/2020\/04\/SEPA-XML-GENERATOR-User-Process-Flow-1200x444.jpg 1200w, https:\/\/www.sepaxmlgenerator.com\/wp-content\/uploads\/2020\/04\/SEPA-XML-GENERATOR-User-Process-Flow-1980x732.jpg 1980w\" sizes=\"auto, (max-width: 750px) 100vw, 750px\" \/><\/p>\n","protected":false},"excerpt":{"rendered":"Oprogramowanie SEPA jest oparte na niemonaturalnej wersji testowej, bez mo\u017cliwo\u015bci zakupu po 30 tygodniach. Zarejestruj si\u0119 ju\u017c teraz i zachwy\u0107 si\u0119 sob\u0105, zarejestruj si\u0119, skorzystaj z naszego stanowiska Backend-SEPA-XML i wygeneruj KOSTENLOS .xml-SEPA-Dateien. Preise nach Ablauf Ihrer KOSTENLOSEN SEPA-Testversion Koszty za okres letni dla SEPA XML GENERATOR wynosz\u0105 250 \u20ac zzgl. MwSt. von 23 %. [&hellip;]","protected":false},"author":1,"featured_media":0,"parent":0,"menu_order":0,"comment_status":"closed","ping_status":"closed","template":"page-templates\/inner-page-two.php","meta":{"_acf_changed":false,"footnotes":""},"class_list":["post-2184","page","type-page","status-publish","hentry"],"acf":[],"yoast_head":"<!-- This site is optimized with the Yoast SEO plugin v27.3 - https:\/\/yoast.com\/product\/yoast-seo-wordpress\/ -->\n<title>Premia dla SEPA-XML-Generator, SEPA-Preise - Opinie i ostatnie s\u0142owa<\/title>\n<meta name=\"description\" content=\"SEPA-Preise - \u00dcberweisungs- und Lastschriftsoftware - kostenlose SEPA-Software vom SEPA-XML-Generator .... Je\u015bli masz wiele zalet i mo\u017cliwo\u015bci, zg\u0142o\u015b si\u0119 ju\u017c teraz na bezp\u0142atny test ...\" \/>\n<meta name=\"robots\" content=\"index, follow, max-snippet:-1, max-image-preview:large, max-video-preview:-1\" \/>\n<link rel=\"canonical\" href=\"https:\/\/www.sepaxmlgenerator.com\/pl\/preisgestaltung\/\" \/>\n<meta property=\"og:locale\" content=\"pl_PL\" \/>\n<meta property=\"og:type\" content=\"article\" \/>\n<meta property=\"og:title\" content=\"Premia dla SEPA-XML-Generator, SEPA-Preise - Opinie i ostatnie s\u0142owa\" \/>\n<meta property=\"og:description\" content=\"SEPA-Preise - \u00dcberweisungs- und Lastschriftsoftware - kostenlose SEPA-Software vom SEPA-XML-Generator .... Je\u015bli masz wiele zalet i mo\u017cliwo\u015bci, zg\u0142o\u015b si\u0119 ju\u017c teraz na bezp\u0142atny test ...\" \/>\n<meta property=\"og:url\" content=\"https:\/\/www.sepaxmlgenerator.com\/pl\/preisgestaltung\/\" \/>\n<meta property=\"og:site_name\" content=\"SEPA XML GENERATOR\" \/>\n<meta property=\"og:image\" content=\"https:\/\/www.sepaxmlgenerator.com\/wp-content\/uploads\/2020\/04\/SEPA-XML-GENERATOR-User-Process-Flow-300x111.jpg\" \/>\n<meta name=\"twitter:card\" content=\"summary_large_image\" \/>\n<meta name=\"twitter:label1\" content=\"Szacowany czas czytania\" \/>\n\t<meta name=\"twitter:data1\" content=\"1 minuta\" \/>\n<script type=\"application\/ld+json\" class=\"yoast-schema-graph\">{\"@context\":\"https:\\\/\\\/schema.org\",\"@graph\":[{\"@type\":\"WebPage\",\"@id\":\"https:\\\/\\\/www.sepaxmlgenerator.com\\\/pl\\\/preisgestaltung\\\/\",\"url\":\"https:\\\/\\\/www.sepaxmlgenerator.com\\\/pl\\\/preisgestaltung\\\/\",\"name\":\"Premia dla SEPA-XML-Generator, SEPA-Preise - Opinie i ostatnie s\u0142owa\",\"isPartOf\":{\"@id\":\"https:\\\/\\\/www.sepaxmlgenerator.com\\\/pl\\\/#website\"},\"primaryImageOfPage\":{\"@id\":\"https:\\\/\\\/www.sepaxmlgenerator.com\\\/pl\\\/preisgestaltung\\\/#primaryimage\"},\"image\":{\"@id\":\"https:\\\/\\\/www.sepaxmlgenerator.com\\\/pl\\\/preisgestaltung\\\/#primaryimage\"},\"thumbnailUrl\":\"https:\\\/\\\/www.sepaxmlgenerator.com\\\/wp-content\\\/uploads\\\/2020\\\/04\\\/SEPA-XML-GENERATOR-User-Process-Flow-300x111.jpg\",\"datePublished\":\"2020-01-16T06:36:01+00:00\",\"description\":\"SEPA-Preise - \u00dcberweisungs- und Lastschriftsoftware - kostenlose SEPA-Software vom SEPA-XML-Generator .... Je\u015bli masz wiele zalet i mo\u017cliwo\u015bci, zg\u0142o\u015b si\u0119 ju\u017c teraz na bezp\u0142atny test ...\",\"breadcrumb\":{\"@id\":\"https:\\\/\\\/www.sepaxmlgenerator.com\\\/pl\\\/preisgestaltung\\\/#breadcrumb\"},\"inLanguage\":\"pl-PL\",\"potentialAction\":[{\"@type\":\"ReadAction\",\"target\":[\"https:\\\/\\\/www.sepaxmlgenerator.com\\\/pl\\\/preisgestaltung\\\/\"]}]},{\"@type\":\"ImageObject\",\"inLanguage\":\"pl-PL\",\"@id\":\"https:\\\/\\\/www.sepaxmlgenerator.com\\\/pl\\\/preisgestaltung\\\/#primaryimage\",\"url\":\"https:\\\/\\\/www.sepaxmlgenerator.com\\\/wp-content\\\/uploads\\\/2020\\\/04\\\/SEPA-XML-GENERATOR-User-Process-Flow-300x111.jpg\",\"contentUrl\":\"https:\\\/\\\/www.sepaxmlgenerator.com\\\/wp-content\\\/uploads\\\/2020\\\/04\\\/SEPA-XML-GENERATOR-User-Process-Flow-300x111.jpg\"},{\"@type\":\"BreadcrumbList\",\"@id\":\"https:\\\/\\\/www.sepaxmlgenerator.com\\\/pl\\\/preisgestaltung\\\/#breadcrumb\",\"itemListElement\":[{\"@type\":\"ListItem\",\"position\":1,\"name\":\"Home\",\"item\":\"https:\\\/\\\/www.sepaxmlgenerator.com\\\/pl\\\/\"},{\"@type\":\"ListItem\",\"position\":2,\"name\":\"Preisgestaltung\"}]},{\"@type\":\"WebSite\",\"@id\":\"https:\\\/\\\/www.sepaxmlgenerator.com\\\/pl\\\/#website\",\"url\":\"https:\\\/\\\/www.sepaxmlgenerator.com\\\/pl\\\/\",\"name\":\"SEPA XML GENERATOR\",\"description\":\"\",\"potentialAction\":[{\"@type\":\"SearchAction\",\"target\":{\"@type\":\"EntryPoint\",\"urlTemplate\":\"https:\\\/\\\/www.sepaxmlgenerator.com\\\/pl\\\/?s={search_term_string}\"},\"query-input\":{\"@type\":\"PropertyValueSpecification\",\"valueRequired\":true,\"valueName\":\"search_term_string\"}}],\"inLanguage\":\"pl-PL\"}]}<\/script>\n<!-- \/ Yoast SEO plugin. -->","yoast_head_json":{"title":"Premia dla SEPA-XML-Generator, SEPA-Preise - Opinie i ostatnie s\u0142owa","description":"SEPA-Preise - \u00dcberweisungs- und Lastschriftsoftware - kostenlose SEPA-Software vom SEPA-XML-Generator .... Je\u015bli masz wiele zalet i mo\u017cliwo\u015bci, zg\u0142o\u015b si\u0119 ju\u017c teraz na bezp\u0142atny test ...","robots":{"index":"index","follow":"follow","max-snippet":"max-snippet:-1","max-image-preview":"max-image-preview:large","max-video-preview":"max-video-preview:-1"},"canonical":"https:\/\/www.sepaxmlgenerator.com\/pl\/preisgestaltung\/","og_locale":"pl_PL","og_type":"article","og_title":"Premia dla SEPA-XML-Generator, SEPA-Preise - Opinie i ostatnie s\u0142owa","og_description":"SEPA-Preise - \u00dcberweisungs- und Lastschriftsoftware - kostenlose SEPA-Software vom SEPA-XML-Generator .... Je\u015bli masz wiele zalet i mo\u017cliwo\u015bci, zg\u0142o\u015b si\u0119 ju\u017c teraz na bezp\u0142atny test ...","og_url":"https:\/\/www.sepaxmlgenerator.com\/pl\/preisgestaltung\/","og_site_name":"SEPA XML GENERATOR","og_image":[{"url":"https:\/\/www.sepaxmlgenerator.com\/wp-content\/uploads\/2020\/04\/SEPA-XML-GENERATOR-User-Process-Flow-300x111.jpg","type":"","width":"","height":""}],"twitter_card":"summary_large_image","twitter_misc":{"Szacowany czas czytania":"1 minuta"},"schema":{"@context":"https:\/\/schema.org","@graph":[{"@type":"WebPage","@id":"https:\/\/www.sepaxmlgenerator.com\/pl\/preisgestaltung\/","url":"https:\/\/www.sepaxmlgenerator.com\/pl\/preisgestaltung\/","name":"Premia dla SEPA-XML-Generator, SEPA-Preise - Opinie i ostatnie s\u0142owa","isPartOf":{"@id":"https:\/\/www.sepaxmlgenerator.com\/pl\/#website"},"primaryImageOfPage":{"@id":"https:\/\/www.sepaxmlgenerator.com\/pl\/preisgestaltung\/#primaryimage"},"image":{"@id":"https:\/\/www.sepaxmlgenerator.com\/pl\/preisgestaltung\/#primaryimage"},"thumbnailUrl":"https:\/\/www.sepaxmlgenerator.com\/wp-content\/uploads\/2020\/04\/SEPA-XML-GENERATOR-User-Process-Flow-300x111.jpg","datePublished":"2020-01-16T06:36:01+00:00","description":"SEPA-Preise - \u00dcberweisungs- und Lastschriftsoftware - kostenlose SEPA-Software vom SEPA-XML-Generator .... Je\u015bli masz wiele zalet i mo\u017cliwo\u015bci, zg\u0142o\u015b si\u0119 ju\u017c teraz na bezp\u0142atny test ...","breadcrumb":{"@id":"https:\/\/www.sepaxmlgenerator.com\/pl\/preisgestaltung\/#breadcrumb"},"inLanguage":"pl-PL","potentialAction":[{"@type":"ReadAction","target":["https:\/\/www.sepaxmlgenerator.com\/pl\/preisgestaltung\/"]}]},{"@type":"ImageObject","inLanguage":"pl-PL","@id":"https:\/\/www.sepaxmlgenerator.com\/pl\/preisgestaltung\/#primaryimage","url":"https:\/\/www.sepaxmlgenerator.com\/wp-content\/uploads\/2020\/04\/SEPA-XML-GENERATOR-User-Process-Flow-300x111.jpg","contentUrl":"https:\/\/www.sepaxmlgenerator.com\/wp-content\/uploads\/2020\/04\/SEPA-XML-GENERATOR-User-Process-Flow-300x111.jpg"},{"@type":"BreadcrumbList","@id":"https:\/\/www.sepaxmlgenerator.com\/pl\/preisgestaltung\/#breadcrumb","itemListElement":[{"@type":"ListItem","position":1,"name":"Home","item":"https:\/\/www.sepaxmlgenerator.com\/pl\/"},{"@type":"ListItem","position":2,"name":"Preisgestaltung"}]},{"@type":"WebSite","@id":"https:\/\/www.sepaxmlgenerator.com\/pl\/#website","url":"https:\/\/www.sepaxmlgenerator.com\/pl\/","name":"SEPA XML GENERATOR","description":"","potentialAction":[{"@type":"SearchAction","target":{"@type":"EntryPoint","urlTemplate":"https:\/\/www.sepaxmlgenerator.com\/pl\/?s={search_term_string}"},"query-input":{"@type":"PropertyValueSpecification","valueRequired":true,"valueName":"search_term_string"}}],"inLanguage":"pl-PL"}]}},"_links":{"self":[{"href":"https:\/\/www.sepaxmlgenerator.com\/pl\/wp-json\/wp\/v2\/pages\/2184","targetHints":{"allow":["GET"]}}],"collection":[{"href":"https:\/\/www.sepaxmlgenerator.com\/pl\/wp-json\/wp\/v2\/pages"}],"about":[{"href":"https:\/\/www.sepaxmlgenerator.com\/pl\/wp-json\/wp\/v2\/types\/page"}],"author":[{"embeddable":true,"href":"https:\/\/www.sepaxmlgenerator.com\/pl\/wp-json\/wp\/v2\/users\/1"}],"replies":[{"embeddable":true,"href":"https:\/\/www.sepaxmlgenerator.com\/pl\/wp-json\/wp\/v2\/comments?post=2184"}],"version-history":[{"count":0,"href":"https:\/\/www.sepaxmlgenerator.com\/pl\/wp-json\/wp\/v2\/pages\/2184\/revisions"}],"wp:attachment":[{"href":"https:\/\/www.sepaxmlgenerator.com\/pl\/wp-json\/wp\/v2\/media?parent=2184"}],"curies":[{"name":"wp","href":"https:\/\/api.w.org\/{rel}","templated":true}]}}