{"id":4585,"date":"2024-04-29T05:20:31","date_gmt":"2024-04-29T05:20:31","guid":{"rendered":"https:\/\/sepaxmlgenerator.com\/nasi-klienci\/"},"modified":"2025-06-12T17:05:30","modified_gmt":"2025-06-12T17:05:30","slug":"nasi-klienci","status":"publish","type":"page","link":"https:\/\/www.sepaxmlgenerator.com\/pl\/nasi-klienci\/","title":{"rendered":"Nasi klienci"},"content":{"rendered":"","protected":false},"excerpt":{"rendered":"","protected":false},"author":1,"featured_media":0,"parent":0,"menu_order":0,"comment_status":"closed","ping_status":"closed","template":"page-templates\/our-customers.php","meta":{"_acf_changed":false,"footnotes":""},"class_list":["post-4585","page","type-page","status-publish","hentry"],"acf":[],"yoast_head":"<!-- This site is optimized with the Yoast SEO plugin v27.3 - https:\/\/yoast.com\/product\/yoast-seo-wordpress\/ -->\n<title>Nasi klienci korzystaj\u0105cy z generatora SEPA XML dla oprogramowania do polece\u0144 zap\u0142aty i polece\u0144 przelewu<\/title>\n<meta name=\"description\" content=\"Nasz generator SEPA XML dla oprogramowania do polece\u0144 zap\u0142aty i polece\u0144 przelewu dla ma\u0142ych i \u015brednich firm\" \/>\n<meta name=\"robots\" content=\"index, follow, max-snippet:-1, max-image-preview:large, max-video-preview:-1\" \/>\n<link rel=\"canonical\" href=\"https:\/\/www.sepaxmlgenerator.com\/pl\/nasi-klienci\/\" \/>\n<meta property=\"og:locale\" content=\"pl_PL\" \/>\n<meta property=\"og:type\" content=\"article\" \/>\n<meta property=\"og:title\" content=\"Nasi klienci korzystaj\u0105cy z generatora SEPA XML dla oprogramowania do polece\u0144 zap\u0142aty i polece\u0144 przelewu\" \/>\n<meta property=\"og:description\" content=\"Nasz generator SEPA XML dla oprogramowania do polece\u0144 zap\u0142aty i polece\u0144 przelewu dla ma\u0142ych i \u015brednich firm\" \/>\n<meta property=\"og:url\" content=\"https:\/\/www.sepaxmlgenerator.com\/pl\/nasi-klienci\/\" \/>\n<meta property=\"og:site_name\" content=\"SEPA XML GENERATOR\" \/>\n<meta property=\"article:modified_time\" content=\"2025-06-12T17:05:30+00:00\" \/>\n<meta name=\"twitter:card\" content=\"summary_large_image\" \/>\n<script type=\"application\/ld+json\" class=\"yoast-schema-graph\">{\"@context\":\"https:\\\/\\\/schema.org\",\"@graph\":[{\"@type\":\"WebPage\",\"@id\":\"https:\\\/\\\/www.sepaxmlgenerator.com\\\/pl\\\/nasi-klienci\\\/\",\"url\":\"https:\\\/\\\/www.sepaxmlgenerator.com\\\/pl\\\/nasi-klienci\\\/\",\"name\":\"Nasi klienci korzystaj\u0105cy z generatora SEPA XML dla oprogramowania do polece\u0144 zap\u0142aty i polece\u0144 przelewu\",\"isPartOf\":{\"@id\":\"https:\\\/\\\/www.sepaxmlgenerator.com\\\/pl\\\/#website\"},\"datePublished\":\"2024-04-29T05:20:31+00:00\",\"dateModified\":\"2025-06-12T17:05:30+00:00\",\"description\":\"Nasz generator SEPA XML dla oprogramowania do polece\u0144 zap\u0142aty i polece\u0144 przelewu dla ma\u0142ych i \u015brednich firm\",\"breadcrumb\":{\"@id\":\"https:\\\/\\\/www.sepaxmlgenerator.com\\\/pl\\\/nasi-klienci\\\/#breadcrumb\"},\"inLanguage\":\"pl-PL\",\"potentialAction\":[{\"@type\":\"ReadAction\",\"target\":[\"https:\\\/\\\/www.sepaxmlgenerator.com\\\/pl\\\/nasi-klienci\\\/\"]}]},{\"@type\":\"BreadcrumbList\",\"@id\":\"https:\\\/\\\/www.sepaxmlgenerator.com\\\/pl\\\/nasi-klienci\\\/#breadcrumb\",\"itemListElement\":[{\"@type\":\"ListItem\",\"position\":1,\"name\":\"Home\",\"item\":\"https:\\\/\\\/www.sepaxmlgenerator.com\\\/pl\\\/\"},{\"@type\":\"ListItem\",\"position\":2,\"name\":\"Nasi klienci\"}]},{\"@type\":\"WebSite\",\"@id\":\"https:\\\/\\\/www.sepaxmlgenerator.com\\\/pl\\\/#website\",\"url\":\"https:\\\/\\\/www.sepaxmlgenerator.com\\\/pl\\\/\",\"name\":\"SEPA XML GENERATOR\",\"description\":\"\",\"potentialAction\":[{\"@type\":\"SearchAction\",\"target\":{\"@type\":\"EntryPoint\",\"urlTemplate\":\"https:\\\/\\\/www.sepaxmlgenerator.com\\\/pl\\\/?s={search_term_string}\"},\"query-input\":{\"@type\":\"PropertyValueSpecification\",\"valueRequired\":true,\"valueName\":\"search_term_string\"}}],\"inLanguage\":\"pl-PL\"}]}<\/script>\n<!-- \/ Yoast SEO plugin. -->","yoast_head_json":{"title":"Nasi klienci korzystaj\u0105cy z generatora SEPA XML dla oprogramowania do polece\u0144 zap\u0142aty i polece\u0144 przelewu","description":"Nasz generator SEPA XML dla oprogramowania do polece\u0144 zap\u0142aty i polece\u0144 przelewu dla ma\u0142ych i \u015brednich firm","robots":{"index":"index","follow":"follow","max-snippet":"max-snippet:-1","max-image-preview":"max-image-preview:large","max-video-preview":"max-video-preview:-1"},"canonical":"https:\/\/www.sepaxmlgenerator.com\/pl\/nasi-klienci\/","og_locale":"pl_PL","og_type":"article","og_title":"Nasi klienci korzystaj\u0105cy z generatora SEPA XML dla oprogramowania do polece\u0144 zap\u0142aty i polece\u0144 przelewu","og_description":"Nasz generator SEPA XML dla oprogramowania do polece\u0144 zap\u0142aty i polece\u0144 przelewu dla ma\u0142ych i \u015brednich firm","og_url":"https:\/\/www.sepaxmlgenerator.com\/pl\/nasi-klienci\/","og_site_name":"SEPA XML GENERATOR","article_modified_time":"2025-06-12T17:05:30+00:00","twitter_card":"summary_large_image","schema":{"@context":"https:\/\/schema.org","@graph":[{"@type":"WebPage","@id":"https:\/\/www.sepaxmlgenerator.com\/pl\/nasi-klienci\/","url":"https:\/\/www.sepaxmlgenerator.com\/pl\/nasi-klienci\/","name":"Nasi klienci korzystaj\u0105cy z generatora SEPA XML dla oprogramowania do polece\u0144 zap\u0142aty i polece\u0144 przelewu","isPartOf":{"@id":"https:\/\/www.sepaxmlgenerator.com\/pl\/#website"},"datePublished":"2024-04-29T05:20:31+00:00","dateModified":"2025-06-12T17:05:30+00:00","description":"Nasz generator SEPA XML dla oprogramowania do polece\u0144 zap\u0142aty i polece\u0144 przelewu dla ma\u0142ych i \u015brednich firm","breadcrumb":{"@id":"https:\/\/www.sepaxmlgenerator.com\/pl\/nasi-klienci\/#breadcrumb"},"inLanguage":"pl-PL","potentialAction":[{"@type":"ReadAction","target":["https:\/\/www.sepaxmlgenerator.com\/pl\/nasi-klienci\/"]}]},{"@type":"BreadcrumbList","@id":"https:\/\/www.sepaxmlgenerator.com\/pl\/nasi-klienci\/#breadcrumb","itemListElement":[{"@type":"ListItem","position":1,"name":"Home","item":"https:\/\/www.sepaxmlgenerator.com\/pl\/"},{"@type":"ListItem","position":2,"name":"Nasi klienci"}]},{"@type":"WebSite","@id":"https:\/\/www.sepaxmlgenerator.com\/pl\/#website","url":"https:\/\/www.sepaxmlgenerator.com\/pl\/","name":"SEPA XML GENERATOR","description":"","potentialAction":[{"@type":"SearchAction","target":{"@type":"EntryPoint","urlTemplate":"https:\/\/www.sepaxmlgenerator.com\/pl\/?s={search_term_string}"},"query-input":{"@type":"PropertyValueSpecification","valueRequired":true,"valueName":"search_term_string"}}],"inLanguage":"pl-PL"}]}},"_links":{"self":[{"href":"https:\/\/www.sepaxmlgenerator.com\/pl\/wp-json\/wp\/v2\/pages\/4585","targetHints":{"allow":["GET"]}}],"collection":[{"href":"https:\/\/www.sepaxmlgenerator.com\/pl\/wp-json\/wp\/v2\/pages"}],"about":[{"href":"https:\/\/www.sepaxmlgenerator.com\/pl\/wp-json\/wp\/v2\/types\/page"}],"author":[{"embeddable":true,"href":"https:\/\/www.sepaxmlgenerator.com\/pl\/wp-json\/wp\/v2\/users\/1"}],"replies":[{"embeddable":true,"href":"https:\/\/www.sepaxmlgenerator.com\/pl\/wp-json\/wp\/v2\/comments?post=4585"}],"version-history":[{"count":1,"href":"https:\/\/www.sepaxmlgenerator.com\/pl\/wp-json\/wp\/v2\/pages\/4585\/revisions"}],"predecessor-version":[{"id":4602,"href":"https:\/\/www.sepaxmlgenerator.com\/pl\/wp-json\/wp\/v2\/pages\/4585\/revisions\/4602"}],"wp:attachment":[{"href":"https:\/\/www.sepaxmlgenerator.com\/pl\/wp-json\/wp\/v2\/media?parent=4585"}],"curies":[{"name":"wp","href":"https:\/\/api.w.org\/{rel}","templated":true}]}}