{"id":2480,"date":"2020-01-16T06:36:01","date_gmt":"2020-01-16T06:36:01","guid":{"rendered":"https:\/\/sepaxmlgenerator.com\/fixacao-de-precos\/"},"modified":"2020-01-16T06:36:01","modified_gmt":"2020-01-16T06:36:01","slug":"fixacao-de-precos","status":"publish","type":"page","link":"https:\/\/www.sepaxmlgenerator.com\/pt\/fixacao-de-precos\/","title":{"rendered":"Fixa\u00e7\u00e3o de pre\u00e7os"},"content":{"rendered":"<p>O software SEPA \u00e9 GRATUITO com base num teste de um m\u00eas, sem absolutamente nenhuma obriga\u00e7\u00e3o de compra ap\u00f3s um teste de 30 dias. Por isso, <a href=\"https:\/\/www.sepaxmlgenerator.com\/contact-us\/\">registe-se hoje<\/a> e veja por si mesmo, registe-se, utilize a nossa interface back end SEPA XML e gere ficheiros .xml SEPA GRATUITAMENTE.<\/p>\n<h2>Pre\u00e7os ap\u00f3s a expira\u00e7\u00e3o do seu teste SEPA gratuito<\/h2>\n<p>O custo da licen\u00e7a anual para o XML GENERADOR SEPA \u00e9 de 250 euros mais IVA a 23%. O IVA est\u00e1 isento se a sua empresa estiver sediada fora da Irlanda e tiver um n\u00famero de registo de IVA v\u00e1lido. Todos os clientes irlandeses est\u00e3o sujeitos a IVA a 23%.<\/p>\n<p>Se a sua empresa tem uma quantidade relativamente pequena de transac\u00e7\u00f5es de d\u00e9bito directo ou de transfer\u00eancia de cr\u00e9dito, h\u00e1 uma redu\u00e7\u00e3o.<\/p>\n<p><strong>50% de desconto<\/strong> est\u00e1 dispon\u00edvel para clientes que processem 20 ou menos d\u00e9bitos directos ou transfer\u00eancias de cr\u00e9dito por m\u00eas.<\/p>\n<p><strong>20% de desconto<\/strong> est\u00e1 dispon\u00edvel para clientes que processem 50 ou menos d\u00e9bitos directos ou transfer\u00eancia de cr\u00e9dito por m\u00eas.<\/p>\n<p>Consulte a nossa <a href=\"https:\/\/www.sepaxmlgenerator.com\/contact-us\/\">p\u00e1gina<\/a> Contacte-nos se tiver alguma pergunta, ou registe-se para o seu TESTE GRATUITO <a href=\"https:\/\/www.sepaxmlgenerator.com\/contact-us\/\">aqui<\/a>.<\/p>\n<p><img loading=\"lazy\" decoding=\"async\" class=\"alignnone wp-image-371\" src=\"https:\/\/www.sepaxmlgenerator.com\/wp-content\/uploads\/2020\/04\/SEPA-XML-GENERATOR-User-Process-Flow-300x111.jpg\" alt=\"GERADOR SEPA XML - Fluxo de processos do utilizador\" width=\"750\" height=\"277\" srcset=\"https:\/\/www.sepaxmlgenerator.com\/wp-content\/uploads\/2020\/04\/SEPA-XML-GENERATOR-User-Process-Flow-300x111.jpg 300w, https:\/\/www.sepaxmlgenerator.com\/wp-content\/uploads\/2020\/04\/SEPA-XML-GENERATOR-User-Process-Flow-1024x379.jpg 1024w, https:\/\/www.sepaxmlgenerator.com\/wp-content\/uploads\/2020\/04\/SEPA-XML-GENERATOR-User-Process-Flow-768x284.jpg 768w, https:\/\/www.sepaxmlgenerator.com\/wp-content\/uploads\/2020\/04\/SEPA-XML-GENERATOR-User-Process-Flow-1536x568.jpg 1536w, https:\/\/www.sepaxmlgenerator.com\/wp-content\/uploads\/2020\/04\/SEPA-XML-GENERATOR-User-Process-Flow-2048x757.jpg 2048w, https:\/\/www.sepaxmlgenerator.com\/wp-content\/uploads\/2020\/04\/SEPA-XML-GENERATOR-User-Process-Flow-1200x444.jpg 1200w, https:\/\/www.sepaxmlgenerator.com\/wp-content\/uploads\/2020\/04\/SEPA-XML-GENERATOR-User-Process-Flow-1980x732.jpg 1980w\" sizes=\"auto, (max-width: 750px) 100vw, 750px\" \/><\/p>\n","protected":false},"excerpt":{"rendered":"O software SEPA \u00e9 GRATUITO com base num teste de um m\u00eas, sem absolutamente nenhuma obriga\u00e7\u00e3o de compra ap\u00f3s um teste de 30 dias. Por isso, registe-se hoje e veja por si mesmo, registe-se, utilize a nossa interface back end SEPA XML e gere ficheiros .xml SEPA GRATUITAMENTE. Pre\u00e7os ap\u00f3s a expira\u00e7\u00e3o do seu teste [&hellip;]","protected":false},"author":1,"featured_media":0,"parent":0,"menu_order":0,"comment_status":"closed","ping_status":"closed","template":"page-templates\/inner-page-two.php","meta":{"_acf_changed":false,"footnotes":""},"class_list":["post-2480","page","type-page","status-publish","hentry"],"acf":[],"yoast_head":"<!-- This site is optimized with the Yoast SEO plugin v27.3 - https:\/\/yoast.com\/product\/yoast-seo-wordpress\/ -->\n<title>SEPA XML Generator Pricing, SEPA Pricing - Transfer\u00eancia de Cr\u00e9dito e D\u00e9bitos Directos<\/title>\n<meta name=\"description\" content=\"SEPA Pricing - Software de Transfer\u00eancia de Cr\u00e9dito e D\u00e9bito Directo - Software SEPA gratuito do Gerador SEPA XML....Loads of Advantages and Features, inscreva-se hoje para um teste gratuito...\" \/>\n<meta name=\"robots\" content=\"index, follow, max-snippet:-1, max-image-preview:large, max-video-preview:-1\" \/>\n<link rel=\"canonical\" href=\"https:\/\/www.sepaxmlgenerator.com\/pt\/fixacao-de-precos\/\" \/>\n<meta property=\"og:locale\" content=\"pt_PT\" \/>\n<meta property=\"og:type\" content=\"article\" \/>\n<meta property=\"og:title\" content=\"SEPA XML Generator Pricing, SEPA Pricing - Transfer\u00eancia de Cr\u00e9dito e D\u00e9bitos Directos\" \/>\n<meta property=\"og:description\" content=\"SEPA Pricing - Software de Transfer\u00eancia de Cr\u00e9dito e D\u00e9bito Directo - Software SEPA gratuito do Gerador SEPA XML....Loads of Advantages and Features, inscreva-se hoje para um teste gratuito...\" \/>\n<meta property=\"og:url\" content=\"https:\/\/www.sepaxmlgenerator.com\/pt\/fixacao-de-precos\/\" \/>\n<meta property=\"og:site_name\" content=\"SEPA XML GENERATOR\" \/>\n<meta property=\"og:image\" content=\"https:\/\/www.sepaxmlgenerator.com\/wp-content\/uploads\/2020\/04\/SEPA-XML-GENERATOR-User-Process-Flow-300x111.jpg\" \/>\n<meta name=\"twitter:card\" content=\"summary_large_image\" \/>\n<meta name=\"twitter:label1\" content=\"Est. reading time\" \/>\n\t<meta name=\"twitter:data1\" content=\"1 minuto\" \/>\n<script type=\"application\/ld+json\" class=\"yoast-schema-graph\">{\"@context\":\"https:\\\/\\\/schema.org\",\"@graph\":[{\"@type\":\"WebPage\",\"@id\":\"https:\\\/\\\/www.sepaxmlgenerator.com\\\/pt\\\/fixacao-de-precos\\\/\",\"url\":\"https:\\\/\\\/www.sepaxmlgenerator.com\\\/pt\\\/fixacao-de-precos\\\/\",\"name\":\"SEPA XML Generator Pricing, SEPA Pricing - Transfer\u00eancia de Cr\u00e9dito e D\u00e9bitos Directos\",\"isPartOf\":{\"@id\":\"https:\\\/\\\/www.sepaxmlgenerator.com\\\/pt\\\/#website\"},\"primaryImageOfPage\":{\"@id\":\"https:\\\/\\\/www.sepaxmlgenerator.com\\\/pt\\\/fixacao-de-precos\\\/#primaryimage\"},\"image\":{\"@id\":\"https:\\\/\\\/www.sepaxmlgenerator.com\\\/pt\\\/fixacao-de-precos\\\/#primaryimage\"},\"thumbnailUrl\":\"https:\\\/\\\/www.sepaxmlgenerator.com\\\/wp-content\\\/uploads\\\/2020\\\/04\\\/SEPA-XML-GENERATOR-User-Process-Flow-300x111.jpg\",\"datePublished\":\"2020-01-16T06:36:01+00:00\",\"description\":\"SEPA Pricing - Software de Transfer\u00eancia de Cr\u00e9dito e D\u00e9bito Directo - Software SEPA gratuito do Gerador SEPA XML....Loads of Advantages and Features, inscreva-se hoje para um teste gratuito...\",\"breadcrumb\":{\"@id\":\"https:\\\/\\\/www.sepaxmlgenerator.com\\\/pt\\\/fixacao-de-precos\\\/#breadcrumb\"},\"inLanguage\":\"pt-PT\",\"potentialAction\":[{\"@type\":\"ReadAction\",\"target\":[\"https:\\\/\\\/www.sepaxmlgenerator.com\\\/pt\\\/fixacao-de-precos\\\/\"]}]},{\"@type\":\"ImageObject\",\"inLanguage\":\"pt-PT\",\"@id\":\"https:\\\/\\\/www.sepaxmlgenerator.com\\\/pt\\\/fixacao-de-precos\\\/#primaryimage\",\"url\":\"https:\\\/\\\/www.sepaxmlgenerator.com\\\/wp-content\\\/uploads\\\/2020\\\/04\\\/SEPA-XML-GENERATOR-User-Process-Flow-300x111.jpg\",\"contentUrl\":\"https:\\\/\\\/www.sepaxmlgenerator.com\\\/wp-content\\\/uploads\\\/2020\\\/04\\\/SEPA-XML-GENERATOR-User-Process-Flow-300x111.jpg\"},{\"@type\":\"BreadcrumbList\",\"@id\":\"https:\\\/\\\/www.sepaxmlgenerator.com\\\/pt\\\/fixacao-de-precos\\\/#breadcrumb\",\"itemListElement\":[{\"@type\":\"ListItem\",\"position\":1,\"name\":\"Home\",\"item\":\"https:\\\/\\\/www.sepaxmlgenerator.com\\\/pt\\\/\"},{\"@type\":\"ListItem\",\"position\":2,\"name\":\"Fixa\u00e7\u00e3o de pre\u00e7os\"}]},{\"@type\":\"WebSite\",\"@id\":\"https:\\\/\\\/www.sepaxmlgenerator.com\\\/pt\\\/#website\",\"url\":\"https:\\\/\\\/www.sepaxmlgenerator.com\\\/pt\\\/\",\"name\":\"SEPA XML GENERATOR\",\"description\":\"\",\"potentialAction\":[{\"@type\":\"SearchAction\",\"target\":{\"@type\":\"EntryPoint\",\"urlTemplate\":\"https:\\\/\\\/www.sepaxmlgenerator.com\\\/pt\\\/?s={search_term_string}\"},\"query-input\":{\"@type\":\"PropertyValueSpecification\",\"valueRequired\":true,\"valueName\":\"search_term_string\"}}],\"inLanguage\":\"pt-PT\"}]}<\/script>\n<!-- \/ Yoast SEO plugin. -->","yoast_head_json":{"title":"SEPA XML Generator Pricing, SEPA Pricing - Transfer\u00eancia de Cr\u00e9dito e D\u00e9bitos Directos","description":"SEPA Pricing - Software de Transfer\u00eancia de Cr\u00e9dito e D\u00e9bito Directo - Software SEPA gratuito do Gerador SEPA XML....Loads of Advantages and Features, inscreva-se hoje para um teste gratuito...","robots":{"index":"index","follow":"follow","max-snippet":"max-snippet:-1","max-image-preview":"max-image-preview:large","max-video-preview":"max-video-preview:-1"},"canonical":"https:\/\/www.sepaxmlgenerator.com\/pt\/fixacao-de-precos\/","og_locale":"pt_PT","og_type":"article","og_title":"SEPA XML Generator Pricing, SEPA Pricing - Transfer\u00eancia de Cr\u00e9dito e D\u00e9bitos Directos","og_description":"SEPA Pricing - Software de Transfer\u00eancia de Cr\u00e9dito e D\u00e9bito Directo - Software SEPA gratuito do Gerador SEPA XML....Loads of Advantages and Features, inscreva-se hoje para um teste gratuito...","og_url":"https:\/\/www.sepaxmlgenerator.com\/pt\/fixacao-de-precos\/","og_site_name":"SEPA XML GENERATOR","og_image":[{"url":"https:\/\/www.sepaxmlgenerator.com\/wp-content\/uploads\/2020\/04\/SEPA-XML-GENERATOR-User-Process-Flow-300x111.jpg","type":"","width":"","height":""}],"twitter_card":"summary_large_image","twitter_misc":{"Est. reading time":"1 minuto"},"schema":{"@context":"https:\/\/schema.org","@graph":[{"@type":"WebPage","@id":"https:\/\/www.sepaxmlgenerator.com\/pt\/fixacao-de-precos\/","url":"https:\/\/www.sepaxmlgenerator.com\/pt\/fixacao-de-precos\/","name":"SEPA XML Generator Pricing, SEPA Pricing - Transfer\u00eancia de Cr\u00e9dito e D\u00e9bitos Directos","isPartOf":{"@id":"https:\/\/www.sepaxmlgenerator.com\/pt\/#website"},"primaryImageOfPage":{"@id":"https:\/\/www.sepaxmlgenerator.com\/pt\/fixacao-de-precos\/#primaryimage"},"image":{"@id":"https:\/\/www.sepaxmlgenerator.com\/pt\/fixacao-de-precos\/#primaryimage"},"thumbnailUrl":"https:\/\/www.sepaxmlgenerator.com\/wp-content\/uploads\/2020\/04\/SEPA-XML-GENERATOR-User-Process-Flow-300x111.jpg","datePublished":"2020-01-16T06:36:01+00:00","description":"SEPA Pricing - Software de Transfer\u00eancia de Cr\u00e9dito e D\u00e9bito Directo - Software SEPA gratuito do Gerador SEPA XML....Loads of Advantages and Features, inscreva-se hoje para um teste gratuito...","breadcrumb":{"@id":"https:\/\/www.sepaxmlgenerator.com\/pt\/fixacao-de-precos\/#breadcrumb"},"inLanguage":"pt-PT","potentialAction":[{"@type":"ReadAction","target":["https:\/\/www.sepaxmlgenerator.com\/pt\/fixacao-de-precos\/"]}]},{"@type":"ImageObject","inLanguage":"pt-PT","@id":"https:\/\/www.sepaxmlgenerator.com\/pt\/fixacao-de-precos\/#primaryimage","url":"https:\/\/www.sepaxmlgenerator.com\/wp-content\/uploads\/2020\/04\/SEPA-XML-GENERATOR-User-Process-Flow-300x111.jpg","contentUrl":"https:\/\/www.sepaxmlgenerator.com\/wp-content\/uploads\/2020\/04\/SEPA-XML-GENERATOR-User-Process-Flow-300x111.jpg"},{"@type":"BreadcrumbList","@id":"https:\/\/www.sepaxmlgenerator.com\/pt\/fixacao-de-precos\/#breadcrumb","itemListElement":[{"@type":"ListItem","position":1,"name":"Home","item":"https:\/\/www.sepaxmlgenerator.com\/pt\/"},{"@type":"ListItem","position":2,"name":"Fixa\u00e7\u00e3o de pre\u00e7os"}]},{"@type":"WebSite","@id":"https:\/\/www.sepaxmlgenerator.com\/pt\/#website","url":"https:\/\/www.sepaxmlgenerator.com\/pt\/","name":"SEPA XML GENERATOR","description":"","potentialAction":[{"@type":"SearchAction","target":{"@type":"EntryPoint","urlTemplate":"https:\/\/www.sepaxmlgenerator.com\/pt\/?s={search_term_string}"},"query-input":{"@type":"PropertyValueSpecification","valueRequired":true,"valueName":"search_term_string"}}],"inLanguage":"pt-PT"}]}},"_links":{"self":[{"href":"https:\/\/www.sepaxmlgenerator.com\/pt\/wp-json\/wp\/v2\/pages\/2480","targetHints":{"allow":["GET"]}}],"collection":[{"href":"https:\/\/www.sepaxmlgenerator.com\/pt\/wp-json\/wp\/v2\/pages"}],"about":[{"href":"https:\/\/www.sepaxmlgenerator.com\/pt\/wp-json\/wp\/v2\/types\/page"}],"author":[{"embeddable":true,"href":"https:\/\/www.sepaxmlgenerator.com\/pt\/wp-json\/wp\/v2\/users\/1"}],"replies":[{"embeddable":true,"href":"https:\/\/www.sepaxmlgenerator.com\/pt\/wp-json\/wp\/v2\/comments?post=2480"}],"version-history":[{"count":0,"href":"https:\/\/www.sepaxmlgenerator.com\/pt\/wp-json\/wp\/v2\/pages\/2480\/revisions"}],"wp:attachment":[{"href":"https:\/\/www.sepaxmlgenerator.com\/pt\/wp-json\/wp\/v2\/media?parent=2480"}],"curies":[{"name":"wp","href":"https:\/\/api.w.org\/{rel}","templated":true}]}}