{"id":2482,"date":"2020-01-16T06:36:22","date_gmt":"2020-01-16T06:36:22","guid":{"rendered":"https:\/\/sepaxmlgenerator.com\/tudo-sobre-a-sepa\/"},"modified":"2020-01-16T06:36:22","modified_gmt":"2020-01-16T06:36:22","slug":"tudo-sobre-a-sepa","status":"publish","type":"page","link":"https:\/\/www.sepaxmlgenerator.com\/pt\/tudo-sobre-a-sepa\/","title":{"rendered":"Tudo sobre a SEPA"},"content":{"rendered":"<p>A prolifera\u00e7\u00e3o da moeda euro e o aumento do com\u00e9rcio transfronteiri\u00e7o em toda a Europa acelerou a necessidade de uma estrutura comum de pagamentos financeiros. Ergo o formato SEPA para a transfer\u00eancia sem descontinuidades de pagamentos transfronteiri\u00e7os foi estabelecido e acordado pelos estados membros da UE.<\/p>\n<p>A SEPA (Single Euro Payments Area) foi tamb\u00e9m criada para contrariar a necessidade de pagar aos funcion\u00e1rios (transfer\u00eancias a cr\u00e9dito) que possam ter contas banc\u00e1rias fora da fonte principal das contas da empresa.<\/p>\n<p>Agora o pagamento pode ser feito em toda a Uni\u00e3o Europeia e noutros territ\u00f3rios, tais como a Cidade do Vaticano. As transfer\u00eancias e pagamentos incluem tamb\u00e9m transfer\u00eancias entre bancos dentro de pa\u00edses individuais da zona Euro, 34 pa\u00edses no total.<\/p>\n<h2 style=\"text-align: left;\">O que \u00e9 um Pagamento SEPA?<\/h2>\n<p>Essencialmente, a SEPA \u00e9 uma forma de instru\u00e7\u00f5es financeiras, estabelecidas segundo uma norma que todos os bancos da UE compreendem, mas apenas os pa\u00edses que aderiram ao Euro. As transfer\u00eancias v\u00eam sob a forma de transfer\u00eancias a cr\u00e9dito e d\u00e9bitos directos.<\/p>\n<h3 style=\"text-align: left;\">Outros benef\u00edcios e encargos relacionados com a SEPA<\/h3>\n<p>As transfer\u00eancias t\u00eam a garantia de chegar assim que a data de sorteio .xml for atribu\u00edda.<\/p>\n<p>Os bancos n\u00e3o podem aceitar dedu\u00e7\u00f5es nos pagamentos (no entanto, existem taxas associadas \u00e0 aceita\u00e7\u00e3o de d\u00e9bitos directos, que aparecer\u00e3o nos seus extractos banc\u00e1rios como taxas banc\u00e1rias).<\/p>\n<p>Essencialmente, a SEPA \u00e9 r\u00e1pida, segura e sem descontinuidades. A principal preocupa\u00e7\u00e3o dos propriet\u00e1rios de empresas \u00e9 que deve obter aprova\u00e7\u00e3o para aceitar d\u00e9bitos directos do seu banco e depois, sempre que quiser receber um pagamento de um cliente, deve gerar um ficheiro .xml SEPA. E \u00e9 aqui que a SEPA XML GENERATOR pode ajudar&#8230;podemos tamb\u00e9m ajudar no que diz respeito a Transfer\u00eancias de Cr\u00e9dito, como um ficheiro de Payroll ou digamos uma companhia de seguros que precisa de enviar transfer\u00eancias de cr\u00e9dito para o cliente segurado. O seguro de animais de estima\u00e7\u00e3o pode ser um exemplo simples, um propriet\u00e1rio de animais de estima\u00e7\u00e3o faz uma reclama\u00e7\u00e3o e depois a companhia de seguros de animais de estima\u00e7\u00e3o utiliza o GENERADOR SEPA XML para criar um ficheiro sepa que diz ao banco para enviar fundos para este cliente de seguro de animais de estima\u00e7\u00e3o.<\/p>\n<h4 style=\"text-align: left;\">Como podemos ajudar?<\/h4>\n<p>Uma vez registada a sua empresa para aceitar d\u00e9bitos directos ou a sua empresa gostaria de gerar um ficheiro de transfer\u00eancia de cr\u00e9dito, necessita de software para gerar um ficheiro .xml SEPA que submete online na sua conta banc\u00e1ria online. Experimente hoje o nosso software <a href=\"https:\/\/www.sepaxmlgenerator.com\/contact-us\/\">GRATUITAMENTE<\/a>.<\/p>\n<p><img decoding=\"async\" src=\"https:\/\/www.sepaxmlgenerator.com\/wp-content\/uploads\/2023\/01\/xml-process.jpg\" alt=\"GERADOR SEPA XML - Fluxo de processos do utilizador\" width=\"100%\" height=\"100%\"><\/p>\n","protected":false},"excerpt":{"rendered":"A prolifera\u00e7\u00e3o da moeda euro e o aumento do com\u00e9rcio transfronteiri\u00e7o em toda a Europa acelerou a necessidade de uma estrutura comum de pagamentos financeiros. Ergo o formato SEPA para a transfer\u00eancia sem descontinuidades de pagamentos transfronteiri\u00e7os foi estabelecido e acordado pelos estados membros da UE. A SEPA (Single Euro Payments Area) foi tamb\u00e9m criada [&hellip;]","protected":false},"author":1,"featured_media":0,"parent":0,"menu_order":0,"comment_status":"closed","ping_status":"closed","template":"page-templates\/inner-page-two.php","meta":{"_acf_changed":false,"footnotes":""},"class_list":["post-2482","page","type-page","status-publish","hentry"],"acf":[],"yoast_head":"<!-- This site is optimized with the Yoast SEO plugin v27.3 - https:\/\/yoast.com\/product\/yoast-seo-wordpress\/ -->\n<title>Tudo sobre a SEPA - A norma europeia para o processamento de pagamentos<\/title>\n<meta name=\"description\" content=\"Tudo Sobre a SEPA - SEPA XML Generator....Credit Transfer and Direct Debit Files - inscreva-se hoje para um teste gratuito...Software SEPA GR\u00c1TIS...\" \/>\n<meta name=\"robots\" content=\"index, follow, max-snippet:-1, max-image-preview:large, max-video-preview:-1\" \/>\n<link rel=\"canonical\" href=\"https:\/\/www.sepaxmlgenerator.com\/pt\/tudo-sobre-a-sepa\/\" \/>\n<meta property=\"og:locale\" content=\"pt_PT\" \/>\n<meta property=\"og:type\" content=\"article\" \/>\n<meta property=\"og:title\" content=\"Tudo sobre a SEPA - A norma europeia para o processamento de pagamentos\" \/>\n<meta property=\"og:description\" content=\"Tudo Sobre a SEPA - SEPA XML Generator....Credit Transfer and Direct Debit Files - inscreva-se hoje para um teste gratuito...Software SEPA GR\u00c1TIS...\" \/>\n<meta property=\"og:url\" content=\"https:\/\/www.sepaxmlgenerator.com\/pt\/tudo-sobre-a-sepa\/\" \/>\n<meta property=\"og:site_name\" content=\"SEPA XML GENERATOR\" \/>\n<meta property=\"og:image\" content=\"https:\/\/www.sepaxmlgenerator.com\/wp-content\/uploads\/2023\/01\/xml-process.jpg\" \/>\n<meta name=\"twitter:card\" content=\"summary_large_image\" \/>\n<meta name=\"twitter:label1\" content=\"Est. reading time\" \/>\n\t<meta name=\"twitter:data1\" content=\"2 minutos\" \/>\n<script type=\"application\/ld+json\" class=\"yoast-schema-graph\">{\"@context\":\"https:\\\/\\\/schema.org\",\"@graph\":[{\"@type\":\"WebPage\",\"@id\":\"https:\\\/\\\/www.sepaxmlgenerator.com\\\/pt\\\/tudo-sobre-a-sepa\\\/\",\"url\":\"https:\\\/\\\/www.sepaxmlgenerator.com\\\/pt\\\/tudo-sobre-a-sepa\\\/\",\"name\":\"Tudo sobre a SEPA - A norma europeia para o processamento de pagamentos\",\"isPartOf\":{\"@id\":\"https:\\\/\\\/www.sepaxmlgenerator.com\\\/pt\\\/#website\"},\"primaryImageOfPage\":{\"@id\":\"https:\\\/\\\/www.sepaxmlgenerator.com\\\/pt\\\/tudo-sobre-a-sepa\\\/#primaryimage\"},\"image\":{\"@id\":\"https:\\\/\\\/www.sepaxmlgenerator.com\\\/pt\\\/tudo-sobre-a-sepa\\\/#primaryimage\"},\"thumbnailUrl\":\"https:\\\/\\\/www.sepaxmlgenerator.com\\\/wp-content\\\/uploads\\\/2023\\\/01\\\/xml-process.jpg\",\"datePublished\":\"2020-01-16T06:36:22+00:00\",\"description\":\"Tudo Sobre a SEPA - SEPA XML Generator....Credit Transfer and Direct Debit Files - inscreva-se hoje para um teste gratuito...Software SEPA GR\u00c1TIS...\",\"breadcrumb\":{\"@id\":\"https:\\\/\\\/www.sepaxmlgenerator.com\\\/pt\\\/tudo-sobre-a-sepa\\\/#breadcrumb\"},\"inLanguage\":\"pt-PT\",\"potentialAction\":[{\"@type\":\"ReadAction\",\"target\":[\"https:\\\/\\\/www.sepaxmlgenerator.com\\\/pt\\\/tudo-sobre-a-sepa\\\/\"]}]},{\"@type\":\"ImageObject\",\"inLanguage\":\"pt-PT\",\"@id\":\"https:\\\/\\\/www.sepaxmlgenerator.com\\\/pt\\\/tudo-sobre-a-sepa\\\/#primaryimage\",\"url\":\"https:\\\/\\\/www.sepaxmlgenerator.com\\\/wp-content\\\/uploads\\\/2023\\\/01\\\/xml-process.jpg\",\"contentUrl\":\"https:\\\/\\\/www.sepaxmlgenerator.com\\\/wp-content\\\/uploads\\\/2023\\\/01\\\/xml-process.jpg\"},{\"@type\":\"BreadcrumbList\",\"@id\":\"https:\\\/\\\/www.sepaxmlgenerator.com\\\/pt\\\/tudo-sobre-a-sepa\\\/#breadcrumb\",\"itemListElement\":[{\"@type\":\"ListItem\",\"position\":1,\"name\":\"Home\",\"item\":\"https:\\\/\\\/www.sepaxmlgenerator.com\\\/pt\\\/\"},{\"@type\":\"ListItem\",\"position\":2,\"name\":\"Tudo sobre a SEPA\"}]},{\"@type\":\"WebSite\",\"@id\":\"https:\\\/\\\/www.sepaxmlgenerator.com\\\/pt\\\/#website\",\"url\":\"https:\\\/\\\/www.sepaxmlgenerator.com\\\/pt\\\/\",\"name\":\"SEPA XML GENERATOR\",\"description\":\"\",\"potentialAction\":[{\"@type\":\"SearchAction\",\"target\":{\"@type\":\"EntryPoint\",\"urlTemplate\":\"https:\\\/\\\/www.sepaxmlgenerator.com\\\/pt\\\/?s={search_term_string}\"},\"query-input\":{\"@type\":\"PropertyValueSpecification\",\"valueRequired\":true,\"valueName\":\"search_term_string\"}}],\"inLanguage\":\"pt-PT\"}]}<\/script>\n<!-- \/ Yoast SEO plugin. -->","yoast_head_json":{"title":"Tudo sobre a SEPA - A norma europeia para o processamento de pagamentos","description":"Tudo Sobre a SEPA - SEPA XML Generator....Credit Transfer and Direct Debit Files - inscreva-se hoje para um teste gratuito...Software SEPA GR\u00c1TIS...","robots":{"index":"index","follow":"follow","max-snippet":"max-snippet:-1","max-image-preview":"max-image-preview:large","max-video-preview":"max-video-preview:-1"},"canonical":"https:\/\/www.sepaxmlgenerator.com\/pt\/tudo-sobre-a-sepa\/","og_locale":"pt_PT","og_type":"article","og_title":"Tudo sobre a SEPA - A norma europeia para o processamento de pagamentos","og_description":"Tudo Sobre a SEPA - SEPA XML Generator....Credit Transfer and Direct Debit Files - inscreva-se hoje para um teste gratuito...Software SEPA GR\u00c1TIS...","og_url":"https:\/\/www.sepaxmlgenerator.com\/pt\/tudo-sobre-a-sepa\/","og_site_name":"SEPA XML GENERATOR","og_image":[{"url":"https:\/\/www.sepaxmlgenerator.com\/wp-content\/uploads\/2023\/01\/xml-process.jpg","type":"","width":"","height":""}],"twitter_card":"summary_large_image","twitter_misc":{"Est. reading time":"2 minutos"},"schema":{"@context":"https:\/\/schema.org","@graph":[{"@type":"WebPage","@id":"https:\/\/www.sepaxmlgenerator.com\/pt\/tudo-sobre-a-sepa\/","url":"https:\/\/www.sepaxmlgenerator.com\/pt\/tudo-sobre-a-sepa\/","name":"Tudo sobre a SEPA - A norma europeia para o processamento de pagamentos","isPartOf":{"@id":"https:\/\/www.sepaxmlgenerator.com\/pt\/#website"},"primaryImageOfPage":{"@id":"https:\/\/www.sepaxmlgenerator.com\/pt\/tudo-sobre-a-sepa\/#primaryimage"},"image":{"@id":"https:\/\/www.sepaxmlgenerator.com\/pt\/tudo-sobre-a-sepa\/#primaryimage"},"thumbnailUrl":"https:\/\/www.sepaxmlgenerator.com\/wp-content\/uploads\/2023\/01\/xml-process.jpg","datePublished":"2020-01-16T06:36:22+00:00","description":"Tudo Sobre a SEPA - SEPA XML Generator....Credit Transfer and Direct Debit Files - inscreva-se hoje para um teste gratuito...Software SEPA GR\u00c1TIS...","breadcrumb":{"@id":"https:\/\/www.sepaxmlgenerator.com\/pt\/tudo-sobre-a-sepa\/#breadcrumb"},"inLanguage":"pt-PT","potentialAction":[{"@type":"ReadAction","target":["https:\/\/www.sepaxmlgenerator.com\/pt\/tudo-sobre-a-sepa\/"]}]},{"@type":"ImageObject","inLanguage":"pt-PT","@id":"https:\/\/www.sepaxmlgenerator.com\/pt\/tudo-sobre-a-sepa\/#primaryimage","url":"https:\/\/www.sepaxmlgenerator.com\/wp-content\/uploads\/2023\/01\/xml-process.jpg","contentUrl":"https:\/\/www.sepaxmlgenerator.com\/wp-content\/uploads\/2023\/01\/xml-process.jpg"},{"@type":"BreadcrumbList","@id":"https:\/\/www.sepaxmlgenerator.com\/pt\/tudo-sobre-a-sepa\/#breadcrumb","itemListElement":[{"@type":"ListItem","position":1,"name":"Home","item":"https:\/\/www.sepaxmlgenerator.com\/pt\/"},{"@type":"ListItem","position":2,"name":"Tudo sobre a SEPA"}]},{"@type":"WebSite","@id":"https:\/\/www.sepaxmlgenerator.com\/pt\/#website","url":"https:\/\/www.sepaxmlgenerator.com\/pt\/","name":"SEPA XML GENERATOR","description":"","potentialAction":[{"@type":"SearchAction","target":{"@type":"EntryPoint","urlTemplate":"https:\/\/www.sepaxmlgenerator.com\/pt\/?s={search_term_string}"},"query-input":{"@type":"PropertyValueSpecification","valueRequired":true,"valueName":"search_term_string"}}],"inLanguage":"pt-PT"}]}},"_links":{"self":[{"href":"https:\/\/www.sepaxmlgenerator.com\/pt\/wp-json\/wp\/v2\/pages\/2482","targetHints":{"allow":["GET"]}}],"collection":[{"href":"https:\/\/www.sepaxmlgenerator.com\/pt\/wp-json\/wp\/v2\/pages"}],"about":[{"href":"https:\/\/www.sepaxmlgenerator.com\/pt\/wp-json\/wp\/v2\/types\/page"}],"author":[{"embeddable":true,"href":"https:\/\/www.sepaxmlgenerator.com\/pt\/wp-json\/wp\/v2\/users\/1"}],"replies":[{"embeddable":true,"href":"https:\/\/www.sepaxmlgenerator.com\/pt\/wp-json\/wp\/v2\/comments?post=2482"}],"version-history":[{"count":0,"href":"https:\/\/www.sepaxmlgenerator.com\/pt\/wp-json\/wp\/v2\/pages\/2482\/revisions"}],"wp:attachment":[{"href":"https:\/\/www.sepaxmlgenerator.com\/pt\/wp-json\/wp\/v2\/media?parent=2482"}],"curies":[{"name":"wp","href":"https:\/\/api.w.org\/{rel}","templated":true}]}}