{"id":2483,"date":"2020-01-17T06:54:01","date_gmt":"2020-01-17T06:54:01","guid":{"rendered":"https:\/\/sepaxmlgenerator.com\/registe-se-para-um-teste-gratuito\/"},"modified":"2020-01-17T06:54:01","modified_gmt":"2020-01-17T06:54:01","slug":"registe-se-para-um-teste-gratuito","status":"publish","type":"page","link":"https:\/\/www.sepaxmlgenerator.com\/pt\/registe-se-para-um-teste-gratuito\/","title":{"rendered":"Registe-se para um teste gratuito"},"content":{"rendered":"","protected":false},"excerpt":{"rendered":"","protected":false},"author":1,"featured_media":0,"parent":0,"menu_order":0,"comment_status":"closed","ping_status":"closed","template":"","meta":{"_acf_changed":false,"footnotes":""},"class_list":["post-2483","page","type-page","status-publish","hentry"],"acf":[],"yoast_head":"<!-- This site is optimized with the Yoast SEO plugin v27.3 - https:\/\/yoast.com\/product\/yoast-seo-wordpress\/ -->\n<title>Registe-se para um teste gratuito para o GENERADOR SEPA XML - D\u00e9bito directo e transfer\u00eancias a cr\u00e9dito<\/title>\n<meta name=\"description\" content=\"Registar-se para um teste gratuito para o GERADOR XML SEPA - gerar ficheiros xml de D\u00e9bito Directo e Transfer\u00eancia de Cr\u00e9dito - receber e enviar pagamentos\" \/>\n<meta name=\"robots\" content=\"index, follow, max-snippet:-1, max-image-preview:large, max-video-preview:-1\" \/>\n<link rel=\"canonical\" href=\"https:\/\/www.sepaxmlgenerator.com\/pt\/registe-se-para-um-teste-gratuito\/\" \/>\n<meta property=\"og:locale\" content=\"pt_PT\" \/>\n<meta property=\"og:type\" content=\"article\" \/>\n<meta property=\"og:title\" content=\"Registe-se para um teste gratuito para o GENERADOR SEPA XML - D\u00e9bito directo e transfer\u00eancias a cr\u00e9dito\" \/>\n<meta property=\"og:description\" content=\"Registar-se para um teste gratuito para o GERADOR XML SEPA - gerar ficheiros xml de D\u00e9bito Directo e Transfer\u00eancia de Cr\u00e9dito - receber e enviar pagamentos\" \/>\n<meta property=\"og:url\" content=\"https:\/\/www.sepaxmlgenerator.com\/pt\/registe-se-para-um-teste-gratuito\/\" \/>\n<meta property=\"og:site_name\" content=\"SEPA XML GENERATOR\" \/>\n<meta name=\"twitter:card\" content=\"summary_large_image\" \/>\n<script type=\"application\/ld+json\" class=\"yoast-schema-graph\">{\"@context\":\"https:\\\/\\\/schema.org\",\"@graph\":[{\"@type\":\"WebPage\",\"@id\":\"https:\\\/\\\/www.sepaxmlgenerator.com\\\/pt\\\/registe-se-para-um-teste-gratuito\\\/\",\"url\":\"https:\\\/\\\/www.sepaxmlgenerator.com\\\/pt\\\/registe-se-para-um-teste-gratuito\\\/\",\"name\":\"Registe-se para um teste gratuito para o GENERADOR SEPA XML - D\u00e9bito directo e transfer\u00eancias a cr\u00e9dito\",\"isPartOf\":{\"@id\":\"https:\\\/\\\/www.sepaxmlgenerator.com\\\/pt\\\/#website\"},\"datePublished\":\"2020-01-17T06:54:01+00:00\",\"description\":\"Registar-se para um teste gratuito para o GERADOR XML SEPA - gerar ficheiros xml de D\u00e9bito Directo e Transfer\u00eancia de Cr\u00e9dito - receber e enviar pagamentos\",\"breadcrumb\":{\"@id\":\"https:\\\/\\\/www.sepaxmlgenerator.com\\\/pt\\\/registe-se-para-um-teste-gratuito\\\/#breadcrumb\"},\"inLanguage\":\"pt-PT\",\"potentialAction\":[{\"@type\":\"ReadAction\",\"target\":[\"https:\\\/\\\/www.sepaxmlgenerator.com\\\/pt\\\/registe-se-para-um-teste-gratuito\\\/\"]}]},{\"@type\":\"BreadcrumbList\",\"@id\":\"https:\\\/\\\/www.sepaxmlgenerator.com\\\/pt\\\/registe-se-para-um-teste-gratuito\\\/#breadcrumb\",\"itemListElement\":[{\"@type\":\"ListItem\",\"position\":1,\"name\":\"Home\",\"item\":\"https:\\\/\\\/www.sepaxmlgenerator.com\\\/pt\\\/\"},{\"@type\":\"ListItem\",\"position\":2,\"name\":\"Registe-se para um teste gratuito\"}]},{\"@type\":\"WebSite\",\"@id\":\"https:\\\/\\\/www.sepaxmlgenerator.com\\\/pt\\\/#website\",\"url\":\"https:\\\/\\\/www.sepaxmlgenerator.com\\\/pt\\\/\",\"name\":\"SEPA XML GENERATOR\",\"description\":\"\",\"potentialAction\":[{\"@type\":\"SearchAction\",\"target\":{\"@type\":\"EntryPoint\",\"urlTemplate\":\"https:\\\/\\\/www.sepaxmlgenerator.com\\\/pt\\\/?s={search_term_string}\"},\"query-input\":{\"@type\":\"PropertyValueSpecification\",\"valueRequired\":true,\"valueName\":\"search_term_string\"}}],\"inLanguage\":\"pt-PT\"}]}<\/script>\n<!-- \/ Yoast SEO plugin. -->","yoast_head_json":{"title":"Registe-se para um teste gratuito para o GENERADOR SEPA XML - D\u00e9bito directo e transfer\u00eancias a cr\u00e9dito","description":"Registar-se para um teste gratuito para o GERADOR XML SEPA - gerar ficheiros xml de D\u00e9bito Directo e Transfer\u00eancia de Cr\u00e9dito - receber e enviar pagamentos","robots":{"index":"index","follow":"follow","max-snippet":"max-snippet:-1","max-image-preview":"max-image-preview:large","max-video-preview":"max-video-preview:-1"},"canonical":"https:\/\/www.sepaxmlgenerator.com\/pt\/registe-se-para-um-teste-gratuito\/","og_locale":"pt_PT","og_type":"article","og_title":"Registe-se para um teste gratuito para o GENERADOR SEPA XML - D\u00e9bito directo e transfer\u00eancias a cr\u00e9dito","og_description":"Registar-se para um teste gratuito para o GERADOR XML SEPA - gerar ficheiros xml de D\u00e9bito Directo e Transfer\u00eancia de Cr\u00e9dito - receber e enviar pagamentos","og_url":"https:\/\/www.sepaxmlgenerator.com\/pt\/registe-se-para-um-teste-gratuito\/","og_site_name":"SEPA XML GENERATOR","twitter_card":"summary_large_image","schema":{"@context":"https:\/\/schema.org","@graph":[{"@type":"WebPage","@id":"https:\/\/www.sepaxmlgenerator.com\/pt\/registe-se-para-um-teste-gratuito\/","url":"https:\/\/www.sepaxmlgenerator.com\/pt\/registe-se-para-um-teste-gratuito\/","name":"Registe-se para um teste gratuito para o GENERADOR SEPA XML - D\u00e9bito directo e transfer\u00eancias a cr\u00e9dito","isPartOf":{"@id":"https:\/\/www.sepaxmlgenerator.com\/pt\/#website"},"datePublished":"2020-01-17T06:54:01+00:00","description":"Registar-se para um teste gratuito para o GERADOR XML SEPA - gerar ficheiros xml de D\u00e9bito Directo e Transfer\u00eancia de Cr\u00e9dito - receber e enviar pagamentos","breadcrumb":{"@id":"https:\/\/www.sepaxmlgenerator.com\/pt\/registe-se-para-um-teste-gratuito\/#breadcrumb"},"inLanguage":"pt-PT","potentialAction":[{"@type":"ReadAction","target":["https:\/\/www.sepaxmlgenerator.com\/pt\/registe-se-para-um-teste-gratuito\/"]}]},{"@type":"BreadcrumbList","@id":"https:\/\/www.sepaxmlgenerator.com\/pt\/registe-se-para-um-teste-gratuito\/#breadcrumb","itemListElement":[{"@type":"ListItem","position":1,"name":"Home","item":"https:\/\/www.sepaxmlgenerator.com\/pt\/"},{"@type":"ListItem","position":2,"name":"Registe-se para um teste gratuito"}]},{"@type":"WebSite","@id":"https:\/\/www.sepaxmlgenerator.com\/pt\/#website","url":"https:\/\/www.sepaxmlgenerator.com\/pt\/","name":"SEPA XML GENERATOR","description":"","potentialAction":[{"@type":"SearchAction","target":{"@type":"EntryPoint","urlTemplate":"https:\/\/www.sepaxmlgenerator.com\/pt\/?s={search_term_string}"},"query-input":{"@type":"PropertyValueSpecification","valueRequired":true,"valueName":"search_term_string"}}],"inLanguage":"pt-PT"}]}},"_links":{"self":[{"href":"https:\/\/www.sepaxmlgenerator.com\/pt\/wp-json\/wp\/v2\/pages\/2483","targetHints":{"allow":["GET"]}}],"collection":[{"href":"https:\/\/www.sepaxmlgenerator.com\/pt\/wp-json\/wp\/v2\/pages"}],"about":[{"href":"https:\/\/www.sepaxmlgenerator.com\/pt\/wp-json\/wp\/v2\/types\/page"}],"author":[{"embeddable":true,"href":"https:\/\/www.sepaxmlgenerator.com\/pt\/wp-json\/wp\/v2\/users\/1"}],"replies":[{"embeddable":true,"href":"https:\/\/www.sepaxmlgenerator.com\/pt\/wp-json\/wp\/v2\/comments?post=2483"}],"version-history":[{"count":0,"href":"https:\/\/www.sepaxmlgenerator.com\/pt\/wp-json\/wp\/v2\/pages\/2483\/revisions"}],"wp:attachment":[{"href":"https:\/\/www.sepaxmlgenerator.com\/pt\/wp-json\/wp\/v2\/media?parent=2483"}],"curies":[{"name":"wp","href":"https:\/\/api.w.org\/{rel}","templated":true}]}}