{"id":2486,"date":"2020-01-17T06:54:23","date_gmt":"2020-01-17T06:54:23","guid":{"rendered":"https:\/\/sepaxmlgenerator.com\/visita-ao-produto\/"},"modified":"2026-01-29T14:22:26","modified_gmt":"2026-01-29T14:22:26","slug":"visita-ao-produto","status":"publish","type":"page","link":"https:\/\/www.sepaxmlgenerator.com\/pt\/visita-ao-produto\/","title":{"rendered":"Visita ao produto"},"content":{"rendered":"<p><strong>As principais caracter\u00edsticas do nosso software de d\u00e9bito directo e transfer\u00eancia de cr\u00e9ditos XML, incluem:<\/strong><\/p>\n<ul>\n<li>Gerar rapidamente ficheiros de D\u00e9bito Directo e Transfer\u00eancia de Cr\u00e9dito SEPA xml<\/li>\n<li>Gerar ficheiros com a frequ\u00eancia necess\u00e1ria em cada m\u00eas, incluindo cobran\u00e7as por d\u00e9bito direto no in\u00edcio e\/ou a meio do m\u00eas<\/li>\n<li>Baseado na Web &#8211; Acede \u00e0 aplica\u00e7\u00e3o com uma liga\u00e7\u00e3o \u00e0 Internet<\/li>\n<li>Integra\u00e7\u00e3o da <a href=\"https:\/\/www.sepaxmlgenerator.com\/pt\/blog\/api-sepa-xml-generator-para-debitos-diretos-e-transferencias-a-credito-lancada\/\" target=\"_blank\" rel=\"noopener\">API SEPA<\/a> com software de contabilidade, se necess\u00e1rio<\/li>\n<li>Funcionalidade dupla &#8211; <a href=\"https:\/\/www.sepaxmlgenerator.com\/pt\/blog\/sepa-xml-generator-funcionalidade-dupla-e-funcionalidade-de-multiplas-contas-bancarias-agora-ao-vivo\/\" target=\"_blank\" rel=\"noopener\">Mudar<\/a> rapidamente da funcionalidade de d\u00e9bito directo para a funcionalidade de transfer\u00eancia de cr\u00e9ditos<\/li>\n<li>Adicionar mais do que uma conta banc\u00e1ria principal &#8211; e alternar entre cada conta dentro da mesma conta<\/li>\n<li>Funcionalidade de edi\u00e7\u00e3o r\u00e1pida para montantes de clientes<\/li>\n<li>Calculadora de soma autom\u00e1tica para quantidades totais de xml<\/li>\n<li>Carregamento permanente do n\u00famero BIC<\/li>\n<li>Atualiza\u00e7\u00e3o em massa de clientes atrav\u00e9s do <a href=\"https:\/\/www.sepaxmlgenerator.com\/pt\/blog\/o-sepa-xml-generator-tem-agora-a-funcionalidade-de-referencia-para-transferencias-a-credito\/\" target=\"_blank\" rel=\"noopener\">carregamento de um ficheiro csv<\/a>, se necess\u00e1rio<\/li>\n<li>Caracter\u00edstica <a href=\"https:\/\/www.sepaxmlgenerator.com\/pt\/blog\/o-sepa-xml-generator-tem-agora-a-funcionalidade-de-referencia-para-transferencias-a-credito\/\" target=\"_blank\" rel=\"noopener\">do n\u00famero de refer\u00eancia<\/a> para transfer\u00eancias a cr\u00e9dito<\/li>\n<li><a href=\"https:\/\/www.sepaxmlgenerator.com\/pt\/blog\/combina-ou-funde-ficheiros-xml-de-transferencias-a-credito-sepa-online-com-o-sepa-xml-generator\/\" target=\"_blank\" rel=\"noopener\">Junta ou combina<\/a> v\u00e1rios ficheiros xml SEPA<\/li>\n<li><a href=\"https:\/\/www.sepaxmlgenerator.com\/pt\/blog\/converte-um-ficheiro-csv-para-um-formato-de-ficheiro-sepa-xml-para-debitos-diretos-ou-transferencias-a-credito\/\" target=\"_blank\" rel=\"noopener\">Funcionalidade de elimina\u00e7\u00e3o r\u00e1pida e em massa de clientes<\/a> para aumentar a seguran\u00e7a<\/li>\n<li>Email <a href=\"https:\/\/www.sepaxmlgenerator.com\/pt\/blog\/senha-de-uso-unico-agora-ao-vivo-no-sepa-xml-generator\/\" target=\"_blank\" rel=\"noopener\">Uma Vez Palavra-passe<\/a> aplicada para maior seguran\u00e7a<\/li>\n<li>OIN, n\u00famero CI e dados banc\u00e1rios permanentemente ocultos para maior seguran\u00e7a<\/li>\n<li><a href=\"https:\/\/www.sepaxmlgenerator.com\/pt\/blog\/maior-seguranca-e-controlo-do-utilizador-com-o-sepa-xml-generator\/\" target=\"_blank\" rel=\"noopener\">Funcionalidade de dados sens\u00edveis<\/a> clara integrada no software<\/li>\n<li>Ficheiros xml arquivados dispon\u00edveis (se seleccionados) e permanentemente apagados se necess\u00e1rio<\/li>\n<li>Sistema e Contas de Utilizadores com Apoio Remoto numa Base Di\u00e1ria<\/li>\n<li>Funcionalidade de relat\u00f3rio incorporada no software<\/li>\n<li>Redefini\u00e7\u00e3o da funcionalidade da senha dentro do Painel para maior seguran\u00e7a<\/li>\n<li>Como inserir v\u00eddeos no Painel de Instrumentos<\/li>\n<li>Apoio gratuito por telefone e e-mail<\/li>\n<\/ul>\n<h2>Configurar o perfil da tua empresa, adicionar n\u00fameros BIC e adicionar clientes e fornecedores<\/h2>\n<p><iframe loading=\"lazy\" title=\"Setting up your profile, adding BICS and manually adding a customer\/supplier - SEPA XML GENERATOR\" width=\"580\" height=\"326\" src=\"https:\/\/www.youtube.com\/embed\/-RE20SvyqIQ?feature=oembed\" frameborder=\"0\" allow=\"accelerometer; autoplay; clipboard-write; encrypted-media; gyroscope; picture-in-picture; web-share\" referrerpolicy=\"strict-origin-when-cross-origin\" allowfullscreen><\/iframe><\/p>\n<h2>Carregamento em massa de clientes ou fornecedores utilizando um ficheiro cvs<\/h2>\n<p><iframe loading=\"lazy\" title=\"SEPA XML GENERATOR - Adding customers and suppliers using a csv file   mass upload\" width=\"580\" height=\"326\" src=\"https:\/\/www.youtube.com\/embed\/NosmeroJ0rQ?feature=oembed\" frameborder=\"0\" allow=\"accelerometer; autoplay; clipboard-write; encrypted-media; gyroscope; picture-in-picture; web-share\" referrerpolicy=\"strict-origin-when-cross-origin\" allowfullscreen><\/iframe><\/p>\n<h2>Gerar um ficheiro XML SEPA com o GENERADOR XML SEPA<\/h2>\n<p><iframe loading=\"lazy\" title=\"SEPA XML GENERATOR - Generating a SEPA xml file for Credit Transfers or Direct Debits\" width=\"580\" height=\"326\" src=\"https:\/\/www.youtube.com\/embed\/BtGxjV6QFbc?feature=oembed\" frameborder=\"0\" allow=\"accelerometer; autoplay; clipboard-write; encrypted-media; gyroscope; picture-in-picture; web-share\" referrerpolicy=\"strict-origin-when-cross-origin\" allowfullscreen><\/iframe><\/p>\n","protected":false},"excerpt":{"rendered":"As principais caracter\u00edsticas do nosso software de d\u00e9bito directo e transfer\u00eancia de cr\u00e9ditos XML, incluem: Gerar rapidamente ficheiros de D\u00e9bito Directo e Transfer\u00eancia de Cr\u00e9dito SEPA xml Gerar ficheiros com a frequ\u00eancia necess\u00e1ria em cada m\u00eas, incluindo cobran\u00e7as por d\u00e9bito direto no in\u00edcio e\/ou a meio do m\u00eas Baseado na Web &#8211; Acede \u00e0 aplica\u00e7\u00e3o [&hellip;]","protected":false},"author":1,"featured_media":0,"parent":0,"menu_order":0,"comment_status":"closed","ping_status":"closed","template":"page-templates\/inner-page-two.php","meta":{"_acf_changed":false,"footnotes":""},"class_list":["post-2486","page","type-page","status-publish","hentry"],"acf":[],"yoast_head":"<!-- This site is optimized with the Yoast SEO plugin v27.3 - https:\/\/yoast.com\/product\/yoast-seo-wordpress\/ -->\n<title>Tour do produto Software de D\u00e9bito Directo e Transfer\u00eancia de Cr\u00e9dito do Gerador de XML SEPA<\/title>\n<meta name=\"description\" content=\"Tour do produto SEPA XML Generator Direct Debit &amp; Credit Transfer Software - Vantagens e caracter\u00edsticas - Qu\u00e3o f\u00e1cil \u00e9 a nossa GENERADORA SEPA XML de utilizar?\" \/>\n<meta name=\"robots\" content=\"index, follow, max-snippet:-1, max-image-preview:large, max-video-preview:-1\" \/>\n<link rel=\"canonical\" href=\"https:\/\/www.sepaxmlgenerator.com\/pt\/visita-ao-produto\/\" \/>\n<meta property=\"og:locale\" content=\"pt_PT\" \/>\n<meta property=\"og:type\" content=\"article\" \/>\n<meta property=\"og:title\" content=\"Tour do produto Software de D\u00e9bito Directo e Transfer\u00eancia de Cr\u00e9dito do Gerador de XML SEPA\" \/>\n<meta property=\"og:description\" content=\"Tour do produto SEPA XML Generator Direct Debit &amp; Credit Transfer Software - Vantagens e caracter\u00edsticas - Qu\u00e3o f\u00e1cil \u00e9 a nossa GENERADORA SEPA XML de utilizar?\" \/>\n<meta property=\"og:url\" content=\"https:\/\/www.sepaxmlgenerator.com\/pt\/visita-ao-produto\/\" \/>\n<meta property=\"og:site_name\" content=\"SEPA XML GENERATOR\" \/>\n<meta property=\"article:modified_time\" content=\"2026-01-29T14:22:26+00:00\" \/>\n<meta name=\"twitter:card\" content=\"summary_large_image\" \/>\n<meta name=\"twitter:label1\" content=\"Est. reading time\" \/>\n\t<meta name=\"twitter:data1\" content=\"2 minutos\" \/>\n<script type=\"application\/ld+json\" class=\"yoast-schema-graph\">{\"@context\":\"https:\\\/\\\/schema.org\",\"@graph\":[{\"@type\":\"WebPage\",\"@id\":\"https:\\\/\\\/www.sepaxmlgenerator.com\\\/pt\\\/visita-ao-produto\\\/\",\"url\":\"https:\\\/\\\/www.sepaxmlgenerator.com\\\/pt\\\/visita-ao-produto\\\/\",\"name\":\"Tour do produto Software de D\u00e9bito Directo e Transfer\u00eancia de Cr\u00e9dito do Gerador de XML SEPA\",\"isPartOf\":{\"@id\":\"https:\\\/\\\/www.sepaxmlgenerator.com\\\/pt\\\/#website\"},\"datePublished\":\"2020-01-17T06:54:23+00:00\",\"dateModified\":\"2026-01-29T14:22:26+00:00\",\"description\":\"Tour do produto SEPA XML Generator Direct Debit & Credit Transfer Software - Vantagens e caracter\u00edsticas - Qu\u00e3o f\u00e1cil \u00e9 a nossa GENERADORA SEPA XML de utilizar?\",\"breadcrumb\":{\"@id\":\"https:\\\/\\\/www.sepaxmlgenerator.com\\\/pt\\\/visita-ao-produto\\\/#breadcrumb\"},\"inLanguage\":\"pt-PT\",\"potentialAction\":[{\"@type\":\"ReadAction\",\"target\":[\"https:\\\/\\\/www.sepaxmlgenerator.com\\\/pt\\\/visita-ao-produto\\\/\"]}]},{\"@type\":\"BreadcrumbList\",\"@id\":\"https:\\\/\\\/www.sepaxmlgenerator.com\\\/pt\\\/visita-ao-produto\\\/#breadcrumb\",\"itemListElement\":[{\"@type\":\"ListItem\",\"position\":1,\"name\":\"Home\",\"item\":\"https:\\\/\\\/www.sepaxmlgenerator.com\\\/pt\\\/\"},{\"@type\":\"ListItem\",\"position\":2,\"name\":\"Visita ao produto\"}]},{\"@type\":\"WebSite\",\"@id\":\"https:\\\/\\\/www.sepaxmlgenerator.com\\\/pt\\\/#website\",\"url\":\"https:\\\/\\\/www.sepaxmlgenerator.com\\\/pt\\\/\",\"name\":\"SEPA XML GENERATOR\",\"description\":\"\",\"potentialAction\":[{\"@type\":\"SearchAction\",\"target\":{\"@type\":\"EntryPoint\",\"urlTemplate\":\"https:\\\/\\\/www.sepaxmlgenerator.com\\\/pt\\\/?s={search_term_string}\"},\"query-input\":{\"@type\":\"PropertyValueSpecification\",\"valueRequired\":true,\"valueName\":\"search_term_string\"}}],\"inLanguage\":\"pt-PT\"}]}<\/script>\n<!-- \/ Yoast SEO plugin. -->","yoast_head_json":{"title":"Tour do produto Software de D\u00e9bito Directo e Transfer\u00eancia de Cr\u00e9dito do Gerador de XML SEPA","description":"Tour do produto SEPA XML Generator Direct Debit & Credit Transfer Software - Vantagens e caracter\u00edsticas - Qu\u00e3o f\u00e1cil \u00e9 a nossa GENERADORA SEPA XML de utilizar?","robots":{"index":"index","follow":"follow","max-snippet":"max-snippet:-1","max-image-preview":"max-image-preview:large","max-video-preview":"max-video-preview:-1"},"canonical":"https:\/\/www.sepaxmlgenerator.com\/pt\/visita-ao-produto\/","og_locale":"pt_PT","og_type":"article","og_title":"Tour do produto Software de D\u00e9bito Directo e Transfer\u00eancia de Cr\u00e9dito do Gerador de XML SEPA","og_description":"Tour do produto SEPA XML Generator Direct Debit & Credit Transfer Software - Vantagens e caracter\u00edsticas - Qu\u00e3o f\u00e1cil \u00e9 a nossa GENERADORA SEPA XML de utilizar?","og_url":"https:\/\/www.sepaxmlgenerator.com\/pt\/visita-ao-produto\/","og_site_name":"SEPA XML GENERATOR","article_modified_time":"2026-01-29T14:22:26+00:00","twitter_card":"summary_large_image","twitter_misc":{"Est. reading time":"2 minutos"},"schema":{"@context":"https:\/\/schema.org","@graph":[{"@type":"WebPage","@id":"https:\/\/www.sepaxmlgenerator.com\/pt\/visita-ao-produto\/","url":"https:\/\/www.sepaxmlgenerator.com\/pt\/visita-ao-produto\/","name":"Tour do produto Software de D\u00e9bito Directo e Transfer\u00eancia de Cr\u00e9dito do Gerador de XML SEPA","isPartOf":{"@id":"https:\/\/www.sepaxmlgenerator.com\/pt\/#website"},"datePublished":"2020-01-17T06:54:23+00:00","dateModified":"2026-01-29T14:22:26+00:00","description":"Tour do produto SEPA XML Generator Direct Debit & Credit Transfer Software - Vantagens e caracter\u00edsticas - Qu\u00e3o f\u00e1cil \u00e9 a nossa GENERADORA SEPA XML de utilizar?","breadcrumb":{"@id":"https:\/\/www.sepaxmlgenerator.com\/pt\/visita-ao-produto\/#breadcrumb"},"inLanguage":"pt-PT","potentialAction":[{"@type":"ReadAction","target":["https:\/\/www.sepaxmlgenerator.com\/pt\/visita-ao-produto\/"]}]},{"@type":"BreadcrumbList","@id":"https:\/\/www.sepaxmlgenerator.com\/pt\/visita-ao-produto\/#breadcrumb","itemListElement":[{"@type":"ListItem","position":1,"name":"Home","item":"https:\/\/www.sepaxmlgenerator.com\/pt\/"},{"@type":"ListItem","position":2,"name":"Visita ao produto"}]},{"@type":"WebSite","@id":"https:\/\/www.sepaxmlgenerator.com\/pt\/#website","url":"https:\/\/www.sepaxmlgenerator.com\/pt\/","name":"SEPA XML GENERATOR","description":"","potentialAction":[{"@type":"SearchAction","target":{"@type":"EntryPoint","urlTemplate":"https:\/\/www.sepaxmlgenerator.com\/pt\/?s={search_term_string}"},"query-input":{"@type":"PropertyValueSpecification","valueRequired":true,"valueName":"search_term_string"}}],"inLanguage":"pt-PT"}]}},"_links":{"self":[{"href":"https:\/\/www.sepaxmlgenerator.com\/pt\/wp-json\/wp\/v2\/pages\/2486","targetHints":{"allow":["GET"]}}],"collection":[{"href":"https:\/\/www.sepaxmlgenerator.com\/pt\/wp-json\/wp\/v2\/pages"}],"about":[{"href":"https:\/\/www.sepaxmlgenerator.com\/pt\/wp-json\/wp\/v2\/types\/page"}],"author":[{"embeddable":true,"href":"https:\/\/www.sepaxmlgenerator.com\/pt\/wp-json\/wp\/v2\/users\/1"}],"replies":[{"embeddable":true,"href":"https:\/\/www.sepaxmlgenerator.com\/pt\/wp-json\/wp\/v2\/comments?post=2486"}],"version-history":[{"count":8,"href":"https:\/\/www.sepaxmlgenerator.com\/pt\/wp-json\/wp\/v2\/pages\/2486\/revisions"}],"predecessor-version":[{"id":20664,"href":"https:\/\/www.sepaxmlgenerator.com\/pt\/wp-json\/wp\/v2\/pages\/2486\/revisions\/20664"}],"wp:attachment":[{"href":"https:\/\/www.sepaxmlgenerator.com\/pt\/wp-json\/wp\/v2\/media?parent=2486"}],"curies":[{"name":"wp","href":"https:\/\/api.w.org\/{rel}","templated":true}]}}