{"id":2488,"date":"2020-01-17T06:59:13","date_gmt":"2020-01-17T06:59:13","guid":{"rendered":"https:\/\/sepaxmlgenerator.com\/mapa-do-sitio\/"},"modified":"2020-01-17T06:59:13","modified_gmt":"2020-01-17T06:59:13","slug":"mapa-do-sitio","status":"publish","type":"page","link":"https:\/\/www.sepaxmlgenerator.com\/pt\/mapa-do-sitio\/","title":{"rendered":"Mapa do s\u00edtio"},"content":{"rendered":"<ul class=\"sitemap\">\n<li><a href=\"https:\/\/www.sepaxmlgenerator.com\/\">HOME<\/a><\/li>\n<li><a href=\"https:\/\/www.sepaxmlgenerator.com\/about-sepa\/\">TODOS SOBRE A SEPA<\/a><\/li>\n<li><a href=\"https:\/\/www.sepaxmlgenerator.com\/product-tour\/\">TOURO DO PRODUTO<\/a><\/li>\n<li><a href=\"https:\/\/www.sepaxmlgenerator.com\/manuals-videos\/\">MANUAIS &amp; V\u00cdDEOS<\/a><\/li>\n<li><a href=\"https:\/\/www.sepaxmlgenerator.com\/product-tour\/\">CARACTER\u00cdSTICAS<\/a><\/li>\n<\/ul>\n<ul class=\"sitemap\">\n<li><a href=\"https:\/\/www.sepaxmlgenerator.com\/reviews\/\">AN\u00c1LISE<\/a><\/li>\n<li><a href=\"https:\/\/www.sepaxmlgenerator.com\/contact-us\/#contact\">TESTE GR\u00c1TIS<\/a><\/li>\n<li><a href=\"https:\/\/www.sepaxmlgenerator.com\/pricing\/\">PRICAGEM<\/a><\/li>\n<li><a href=\"https:\/\/www.sepaxmlgenerator.com\/blog\/\">NOT\u00cdCIAS MAIS RECENTES<\/a><\/li>\n<li><a href=\"https:\/\/www.sepaxmlgenerator.com\/contact-us\/\">CONTACTE-NOS<\/a><\/li>\n<\/ul>\n<ul class=\"sitemap\">\n<li><a href=\"https:\/\/www.sepaxmlgenerator.com\/sepa-xml-login\/\">LOGIN<\/a><\/li>\n<li><a href=\"https:\/\/www.sepaxmlgenerator.com\/payment\/\">PORTAL DE PAGAMENTOS<\/a><\/li>\n<li><a href=\"https:\/\/www.sepaxmlgenerator.com\/privacy-policy\/\">POL\u00cdTICA DE PRIVACIDADE<\/a><\/li>\n<li><a href=\"https:\/\/www.sepaxmlgenerator.com\/cookies\/\">COOKIES<\/a><\/li>\n<li><a href=\"https:\/\/www.sepaxmlgenerator.com\/sitemap\/\">SITEMAP<\/a><\/li>\n<\/ul>\n","protected":false},"excerpt":{"rendered":"HOME TODOS SOBRE A SEPA TOURO DO PRODUTO MANUAIS &amp; V\u00cdDEOS CARACTER\u00cdSTICAS AN\u00c1LISE TESTE GR\u00c1TIS PRICAGEM NOT\u00cdCIAS MAIS RECENTES CONTACTE-NOS LOGIN PORTAL DE PAGAMENTOS POL\u00cdTICA DE PRIVACIDADE COOKIES SITEMAP","protected":false},"author":1,"featured_media":0,"parent":0,"menu_order":0,"comment_status":"closed","ping_status":"closed","template":"","meta":{"_acf_changed":false,"footnotes":""},"class_list":["post-2488","page","type-page","status-publish","hentry"],"acf":[],"yoast_head":"<!-- This site is optimized with the Yoast SEO plugin v27.3 - https:\/\/yoast.com\/product\/yoast-seo-wordpress\/ -->\n<title>Mapa do site para www.sepaxmlgenerator.com - Gerador de XML SEPA<\/title>\n<meta name=\"description\" content=\"Mapa do site para www.sepaxmlgenerator.com - Gerador de XML SEPA - Recolha os seus D\u00e9bitos Directos e Gerar Ficheiros de Transfer\u00eancia de Cr\u00e9dito - Conta GRATUITA\" \/>\n<meta name=\"robots\" content=\"index, follow, max-snippet:-1, max-image-preview:large, max-video-preview:-1\" \/>\n<link rel=\"canonical\" href=\"https:\/\/www.sepaxmlgenerator.com\/pt\/mapa-do-sitio\/\" \/>\n<meta property=\"og:locale\" content=\"pt_PT\" \/>\n<meta property=\"og:type\" content=\"article\" \/>\n<meta property=\"og:title\" content=\"Mapa do site para www.sepaxmlgenerator.com - Gerador de XML SEPA\" \/>\n<meta property=\"og:description\" content=\"Mapa do site para www.sepaxmlgenerator.com - Gerador de XML SEPA - Recolha os seus D\u00e9bitos Directos e Gerar Ficheiros de Transfer\u00eancia de Cr\u00e9dito - Conta GRATUITA\" \/>\n<meta property=\"og:url\" content=\"https:\/\/www.sepaxmlgenerator.com\/pt\/mapa-do-sitio\/\" \/>\n<meta property=\"og:site_name\" content=\"SEPA XML GENERATOR\" \/>\n<meta name=\"twitter:card\" content=\"summary_large_image\" \/>\n<script type=\"application\/ld+json\" class=\"yoast-schema-graph\">{\"@context\":\"https:\\\/\\\/schema.org\",\"@graph\":[{\"@type\":\"WebPage\",\"@id\":\"https:\\\/\\\/www.sepaxmlgenerator.com\\\/pt\\\/mapa-do-sitio\\\/\",\"url\":\"https:\\\/\\\/www.sepaxmlgenerator.com\\\/pt\\\/mapa-do-sitio\\\/\",\"name\":\"Mapa do site para www.sepaxmlgenerator.com - Gerador de XML SEPA\",\"isPartOf\":{\"@id\":\"https:\\\/\\\/www.sepaxmlgenerator.com\\\/pt\\\/#website\"},\"datePublished\":\"2020-01-17T06:59:13+00:00\",\"description\":\"Mapa do site para www.sepaxmlgenerator.com - Gerador de XML SEPA - Recolha os seus D\u00e9bitos Directos e Gerar Ficheiros de Transfer\u00eancia de Cr\u00e9dito - Conta GRATUITA\",\"breadcrumb\":{\"@id\":\"https:\\\/\\\/www.sepaxmlgenerator.com\\\/pt\\\/mapa-do-sitio\\\/#breadcrumb\"},\"inLanguage\":\"pt-PT\",\"potentialAction\":[{\"@type\":\"ReadAction\",\"target\":[\"https:\\\/\\\/www.sepaxmlgenerator.com\\\/pt\\\/mapa-do-sitio\\\/\"]}]},{\"@type\":\"BreadcrumbList\",\"@id\":\"https:\\\/\\\/www.sepaxmlgenerator.com\\\/pt\\\/mapa-do-sitio\\\/#breadcrumb\",\"itemListElement\":[{\"@type\":\"ListItem\",\"position\":1,\"name\":\"Home\",\"item\":\"https:\\\/\\\/www.sepaxmlgenerator.com\\\/pt\\\/\"},{\"@type\":\"ListItem\",\"position\":2,\"name\":\"Mapa do s\u00edtio\"}]},{\"@type\":\"WebSite\",\"@id\":\"https:\\\/\\\/www.sepaxmlgenerator.com\\\/pt\\\/#website\",\"url\":\"https:\\\/\\\/www.sepaxmlgenerator.com\\\/pt\\\/\",\"name\":\"SEPA XML GENERATOR\",\"description\":\"\",\"potentialAction\":[{\"@type\":\"SearchAction\",\"target\":{\"@type\":\"EntryPoint\",\"urlTemplate\":\"https:\\\/\\\/www.sepaxmlgenerator.com\\\/pt\\\/?s={search_term_string}\"},\"query-input\":{\"@type\":\"PropertyValueSpecification\",\"valueRequired\":true,\"valueName\":\"search_term_string\"}}],\"inLanguage\":\"pt-PT\"}]}<\/script>\n<!-- \/ Yoast SEO plugin. -->","yoast_head_json":{"title":"Mapa do site para www.sepaxmlgenerator.com - Gerador de XML SEPA","description":"Mapa do site para www.sepaxmlgenerator.com - Gerador de XML SEPA - Recolha os seus D\u00e9bitos Directos e Gerar Ficheiros de Transfer\u00eancia de Cr\u00e9dito - Conta GRATUITA","robots":{"index":"index","follow":"follow","max-snippet":"max-snippet:-1","max-image-preview":"max-image-preview:large","max-video-preview":"max-video-preview:-1"},"canonical":"https:\/\/www.sepaxmlgenerator.com\/pt\/mapa-do-sitio\/","og_locale":"pt_PT","og_type":"article","og_title":"Mapa do site para www.sepaxmlgenerator.com - Gerador de XML SEPA","og_description":"Mapa do site para www.sepaxmlgenerator.com - Gerador de XML SEPA - Recolha os seus D\u00e9bitos Directos e Gerar Ficheiros de Transfer\u00eancia de Cr\u00e9dito - Conta GRATUITA","og_url":"https:\/\/www.sepaxmlgenerator.com\/pt\/mapa-do-sitio\/","og_site_name":"SEPA XML GENERATOR","twitter_card":"summary_large_image","schema":{"@context":"https:\/\/schema.org","@graph":[{"@type":"WebPage","@id":"https:\/\/www.sepaxmlgenerator.com\/pt\/mapa-do-sitio\/","url":"https:\/\/www.sepaxmlgenerator.com\/pt\/mapa-do-sitio\/","name":"Mapa do site para www.sepaxmlgenerator.com - Gerador de XML SEPA","isPartOf":{"@id":"https:\/\/www.sepaxmlgenerator.com\/pt\/#website"},"datePublished":"2020-01-17T06:59:13+00:00","description":"Mapa do site para www.sepaxmlgenerator.com - Gerador de XML SEPA - Recolha os seus D\u00e9bitos Directos e Gerar Ficheiros de Transfer\u00eancia de Cr\u00e9dito - Conta GRATUITA","breadcrumb":{"@id":"https:\/\/www.sepaxmlgenerator.com\/pt\/mapa-do-sitio\/#breadcrumb"},"inLanguage":"pt-PT","potentialAction":[{"@type":"ReadAction","target":["https:\/\/www.sepaxmlgenerator.com\/pt\/mapa-do-sitio\/"]}]},{"@type":"BreadcrumbList","@id":"https:\/\/www.sepaxmlgenerator.com\/pt\/mapa-do-sitio\/#breadcrumb","itemListElement":[{"@type":"ListItem","position":1,"name":"Home","item":"https:\/\/www.sepaxmlgenerator.com\/pt\/"},{"@type":"ListItem","position":2,"name":"Mapa do s\u00edtio"}]},{"@type":"WebSite","@id":"https:\/\/www.sepaxmlgenerator.com\/pt\/#website","url":"https:\/\/www.sepaxmlgenerator.com\/pt\/","name":"SEPA XML GENERATOR","description":"","potentialAction":[{"@type":"SearchAction","target":{"@type":"EntryPoint","urlTemplate":"https:\/\/www.sepaxmlgenerator.com\/pt\/?s={search_term_string}"},"query-input":{"@type":"PropertyValueSpecification","valueRequired":true,"valueName":"search_term_string"}}],"inLanguage":"pt-PT"}]}},"_links":{"self":[{"href":"https:\/\/www.sepaxmlgenerator.com\/pt\/wp-json\/wp\/v2\/pages\/2488","targetHints":{"allow":["GET"]}}],"collection":[{"href":"https:\/\/www.sepaxmlgenerator.com\/pt\/wp-json\/wp\/v2\/pages"}],"about":[{"href":"https:\/\/www.sepaxmlgenerator.com\/pt\/wp-json\/wp\/v2\/types\/page"}],"author":[{"embeddable":true,"href":"https:\/\/www.sepaxmlgenerator.com\/pt\/wp-json\/wp\/v2\/users\/1"}],"replies":[{"embeddable":true,"href":"https:\/\/www.sepaxmlgenerator.com\/pt\/wp-json\/wp\/v2\/comments?post=2488"}],"version-history":[{"count":0,"href":"https:\/\/www.sepaxmlgenerator.com\/pt\/wp-json\/wp\/v2\/pages\/2488\/revisions"}],"wp:attachment":[{"href":"https:\/\/www.sepaxmlgenerator.com\/pt\/wp-json\/wp\/v2\/media?parent=2488"}],"curies":[{"name":"wp","href":"https:\/\/api.w.org\/{rel}","templated":true}]}}