{"id":2495,"date":"2023-01-30T08:30:41","date_gmt":"2023-01-30T08:30:41","guid":{"rendered":"https:\/\/sepaxmlgenerator.com\/sepa-api\/"},"modified":"2023-01-30T08:30:41","modified_gmt":"2023-01-30T08:30:41","slug":"sepa-api","status":"publish","type":"page","link":"https:\/\/www.sepaxmlgenerator.com\/pt\/sepa-api\/","title":{"rendered":"SEPA &#8211; API"},"content":{"rendered":"<p>A nossa API SEPA permite aos utilizadores integrar a sua conta XML GENERADORA SEPA em qualquer pacote de contabilidade. Essencialmente, o nosso API SEPA ser\u00e1 incorporado no seu pacote de contabilidade que automatizar\u00e1 o processo de d\u00e9bito directo e transfer\u00eancia de cr\u00e9dito.<\/p>\n<h2>O nosso processo API SEPA<\/h2>\n<div class=\"api-content-img\">\n<ul class=\"api-process-list\">\n<li>O utilizador entra no pacote de contabilidade da empresa<\/li>\n<li>O utilizador selecciona Clientes de D\u00e9bito Directo ou Transfer\u00eancia de Cr\u00e9dito<\/li>\n<li>Software de contabilidade Gerar\u00e1 um ficheiro csv, ligar-se-\u00e1 a uma conta XML GENERADOR SEPA e processar\u00e1 o ficheiro<\/li>\n<li>O utilizador entra no Banco Online da Empresa e carrega o ficheiro<\/li>\n<\/ul>\n<div class=\"api-img\">\n<figure style=\"width: 345px\" class=\"wp-caption alignnone\"><img loading=\"lazy\" decoding=\"async\" src=\"https:\/\/www.sepaxmlgenerator.com\/wp-content\/uploads\/2023\/01\/api.png\" alt=\"API SEPA\" width=\"345\" height=\"270\"><figcaption class=\"wp-caption-text\">API SEPA<\/figcaption><\/figure>\n<\/div>\n<\/div>\n<p>A utiliza\u00e7\u00e3o da API SEPA elimina toda a introdu\u00e7\u00e3o manual de dados envolvida, reduzindo os custos e o potencial de erros. A API da SEPA elimina todo o inc\u00f3modo e automatiza todo o processo do in\u00edcio ao fim, tudo em poucos cliques.<\/p>\n<p>Experimente hoje mesmo um teste API API gratuito da SEPA e marque <a href=\"https:\/\/www.sepaxmlgenerator.com\/contact-us\/#contact\" target=\"_blank\" rel=\"noopener\">um encontro<\/a> com a nossa equipa de integra\u00e7\u00e3o.<\/p>\n","protected":false},"excerpt":{"rendered":"A nossa API SEPA permite aos utilizadores integrar a sua conta XML GENERADORA SEPA em qualquer pacote de contabilidade. Essencialmente, o nosso API SEPA ser\u00e1 incorporado no seu pacote de contabilidade que automatizar\u00e1 o processo de d\u00e9bito directo e transfer\u00eancia de cr\u00e9dito. O nosso processo API SEPA O utilizador entra no pacote de contabilidade da [&hellip;]","protected":false},"author":1,"featured_media":0,"parent":0,"menu_order":0,"comment_status":"closed","ping_status":"closed","template":"page-templates\/inner-page-two.php","meta":{"_acf_changed":false,"footnotes":""},"class_list":["post-2495","page","type-page","status-publish","hentry"],"acf":[],"yoast_head":"<!-- This site is optimized with the Yoast SEO plugin v27.3 - https:\/\/yoast.com\/product\/yoast-seo-wordpress\/ -->\n<title>Software de D\u00e9bito Directo e Transfer\u00eancia de Cr\u00e9dito API da SEPA XML GENERADOR SEPA<\/title>\n<meta name=\"description\" content=\"Software SEPA API de D\u00e9bito Directo e Transfer\u00eancia de Cr\u00e9dito da SEPA XML GENERATOR intregrate o nosso software SEPA com o seu pr\u00f3prio software de contabilidade\" \/>\n<meta name=\"robots\" content=\"index, follow, max-snippet:-1, max-image-preview:large, max-video-preview:-1\" \/>\n<link rel=\"canonical\" href=\"https:\/\/www.sepaxmlgenerator.com\/pt\/sepa-api\/\" \/>\n<meta property=\"og:locale\" content=\"pt_PT\" \/>\n<meta property=\"og:type\" content=\"article\" \/>\n<meta property=\"og:title\" content=\"Software de D\u00e9bito Directo e Transfer\u00eancia de Cr\u00e9dito API da SEPA XML GENERADOR SEPA\" \/>\n<meta property=\"og:description\" content=\"Software SEPA API de D\u00e9bito Directo e Transfer\u00eancia de Cr\u00e9dito da SEPA XML GENERATOR intregrate o nosso software SEPA com o seu pr\u00f3prio software de contabilidade\" \/>\n<meta property=\"og:url\" content=\"https:\/\/www.sepaxmlgenerator.com\/pt\/sepa-api\/\" \/>\n<meta property=\"og:site_name\" content=\"SEPA XML GENERATOR\" \/>\n<meta property=\"og:image\" content=\"https:\/\/www.sepaxmlgenerator.com\/wp-content\/uploads\/2023\/01\/api.png\" \/>\n<meta name=\"twitter:card\" content=\"summary_large_image\" \/>\n<meta name=\"twitter:label1\" content=\"Est. reading time\" \/>\n\t<meta name=\"twitter:data1\" content=\"1 minuto\" \/>\n<script type=\"application\/ld+json\" class=\"yoast-schema-graph\">{\"@context\":\"https:\\\/\\\/schema.org\",\"@graph\":[{\"@type\":\"WebPage\",\"@id\":\"https:\\\/\\\/www.sepaxmlgenerator.com\\\/pt\\\/sepa-api\\\/\",\"url\":\"https:\\\/\\\/www.sepaxmlgenerator.com\\\/pt\\\/sepa-api\\\/\",\"name\":\"Software de D\u00e9bito Directo e Transfer\u00eancia de Cr\u00e9dito API da SEPA XML GENERADOR SEPA\",\"isPartOf\":{\"@id\":\"https:\\\/\\\/www.sepaxmlgenerator.com\\\/pt\\\/#website\"},\"primaryImageOfPage\":{\"@id\":\"https:\\\/\\\/www.sepaxmlgenerator.com\\\/pt\\\/sepa-api\\\/#primaryimage\"},\"image\":{\"@id\":\"https:\\\/\\\/www.sepaxmlgenerator.com\\\/pt\\\/sepa-api\\\/#primaryimage\"},\"thumbnailUrl\":\"https:\\\/\\\/www.sepaxmlgenerator.com\\\/wp-content\\\/uploads\\\/2023\\\/01\\\/api.png\",\"datePublished\":\"2023-01-30T08:30:41+00:00\",\"description\":\"Software SEPA API de D\u00e9bito Directo e Transfer\u00eancia de Cr\u00e9dito da SEPA XML GENERATOR intregrate o nosso software SEPA com o seu pr\u00f3prio software de contabilidade\",\"breadcrumb\":{\"@id\":\"https:\\\/\\\/www.sepaxmlgenerator.com\\\/pt\\\/sepa-api\\\/#breadcrumb\"},\"inLanguage\":\"pt-PT\",\"potentialAction\":[{\"@type\":\"ReadAction\",\"target\":[\"https:\\\/\\\/www.sepaxmlgenerator.com\\\/pt\\\/sepa-api\\\/\"]}]},{\"@type\":\"ImageObject\",\"inLanguage\":\"pt-PT\",\"@id\":\"https:\\\/\\\/www.sepaxmlgenerator.com\\\/pt\\\/sepa-api\\\/#primaryimage\",\"url\":\"https:\\\/\\\/www.sepaxmlgenerator.com\\\/wp-content\\\/uploads\\\/2023\\\/01\\\/api.png\",\"contentUrl\":\"https:\\\/\\\/www.sepaxmlgenerator.com\\\/wp-content\\\/uploads\\\/2023\\\/01\\\/api.png\"},{\"@type\":\"BreadcrumbList\",\"@id\":\"https:\\\/\\\/www.sepaxmlgenerator.com\\\/pt\\\/sepa-api\\\/#breadcrumb\",\"itemListElement\":[{\"@type\":\"ListItem\",\"position\":1,\"name\":\"Home\",\"item\":\"https:\\\/\\\/www.sepaxmlgenerator.com\\\/pt\\\/\"},{\"@type\":\"ListItem\",\"position\":2,\"name\":\"SEPA &#8211; API\"}]},{\"@type\":\"WebSite\",\"@id\":\"https:\\\/\\\/www.sepaxmlgenerator.com\\\/pt\\\/#website\",\"url\":\"https:\\\/\\\/www.sepaxmlgenerator.com\\\/pt\\\/\",\"name\":\"SEPA XML GENERATOR\",\"description\":\"\",\"potentialAction\":[{\"@type\":\"SearchAction\",\"target\":{\"@type\":\"EntryPoint\",\"urlTemplate\":\"https:\\\/\\\/www.sepaxmlgenerator.com\\\/pt\\\/?s={search_term_string}\"},\"query-input\":{\"@type\":\"PropertyValueSpecification\",\"valueRequired\":true,\"valueName\":\"search_term_string\"}}],\"inLanguage\":\"pt-PT\"}]}<\/script>\n<!-- \/ Yoast SEO plugin. -->","yoast_head_json":{"title":"Software de D\u00e9bito Directo e Transfer\u00eancia de Cr\u00e9dito API da SEPA XML GENERADOR SEPA","description":"Software SEPA API de D\u00e9bito Directo e Transfer\u00eancia de Cr\u00e9dito da SEPA XML GENERATOR intregrate o nosso software SEPA com o seu pr\u00f3prio software de contabilidade","robots":{"index":"index","follow":"follow","max-snippet":"max-snippet:-1","max-image-preview":"max-image-preview:large","max-video-preview":"max-video-preview:-1"},"canonical":"https:\/\/www.sepaxmlgenerator.com\/pt\/sepa-api\/","og_locale":"pt_PT","og_type":"article","og_title":"Software de D\u00e9bito Directo e Transfer\u00eancia de Cr\u00e9dito API da SEPA XML GENERADOR SEPA","og_description":"Software SEPA API de D\u00e9bito Directo e Transfer\u00eancia de Cr\u00e9dito da SEPA XML GENERATOR intregrate o nosso software SEPA com o seu pr\u00f3prio software de contabilidade","og_url":"https:\/\/www.sepaxmlgenerator.com\/pt\/sepa-api\/","og_site_name":"SEPA XML GENERATOR","og_image":[{"url":"https:\/\/www.sepaxmlgenerator.com\/wp-content\/uploads\/2023\/01\/api.png","type":"","width":"","height":""}],"twitter_card":"summary_large_image","twitter_misc":{"Est. reading time":"1 minuto"},"schema":{"@context":"https:\/\/schema.org","@graph":[{"@type":"WebPage","@id":"https:\/\/www.sepaxmlgenerator.com\/pt\/sepa-api\/","url":"https:\/\/www.sepaxmlgenerator.com\/pt\/sepa-api\/","name":"Software de D\u00e9bito Directo e Transfer\u00eancia de Cr\u00e9dito API da SEPA XML GENERADOR SEPA","isPartOf":{"@id":"https:\/\/www.sepaxmlgenerator.com\/pt\/#website"},"primaryImageOfPage":{"@id":"https:\/\/www.sepaxmlgenerator.com\/pt\/sepa-api\/#primaryimage"},"image":{"@id":"https:\/\/www.sepaxmlgenerator.com\/pt\/sepa-api\/#primaryimage"},"thumbnailUrl":"https:\/\/www.sepaxmlgenerator.com\/wp-content\/uploads\/2023\/01\/api.png","datePublished":"2023-01-30T08:30:41+00:00","description":"Software SEPA API de D\u00e9bito Directo e Transfer\u00eancia de Cr\u00e9dito da SEPA XML GENERATOR intregrate o nosso software SEPA com o seu pr\u00f3prio software de contabilidade","breadcrumb":{"@id":"https:\/\/www.sepaxmlgenerator.com\/pt\/sepa-api\/#breadcrumb"},"inLanguage":"pt-PT","potentialAction":[{"@type":"ReadAction","target":["https:\/\/www.sepaxmlgenerator.com\/pt\/sepa-api\/"]}]},{"@type":"ImageObject","inLanguage":"pt-PT","@id":"https:\/\/www.sepaxmlgenerator.com\/pt\/sepa-api\/#primaryimage","url":"https:\/\/www.sepaxmlgenerator.com\/wp-content\/uploads\/2023\/01\/api.png","contentUrl":"https:\/\/www.sepaxmlgenerator.com\/wp-content\/uploads\/2023\/01\/api.png"},{"@type":"BreadcrumbList","@id":"https:\/\/www.sepaxmlgenerator.com\/pt\/sepa-api\/#breadcrumb","itemListElement":[{"@type":"ListItem","position":1,"name":"Home","item":"https:\/\/www.sepaxmlgenerator.com\/pt\/"},{"@type":"ListItem","position":2,"name":"SEPA &#8211; API"}]},{"@type":"WebSite","@id":"https:\/\/www.sepaxmlgenerator.com\/pt\/#website","url":"https:\/\/www.sepaxmlgenerator.com\/pt\/","name":"SEPA XML GENERATOR","description":"","potentialAction":[{"@type":"SearchAction","target":{"@type":"EntryPoint","urlTemplate":"https:\/\/www.sepaxmlgenerator.com\/pt\/?s={search_term_string}"},"query-input":{"@type":"PropertyValueSpecification","valueRequired":true,"valueName":"search_term_string"}}],"inLanguage":"pt-PT"}]}},"_links":{"self":[{"href":"https:\/\/www.sepaxmlgenerator.com\/pt\/wp-json\/wp\/v2\/pages\/2495","targetHints":{"allow":["GET"]}}],"collection":[{"href":"https:\/\/www.sepaxmlgenerator.com\/pt\/wp-json\/wp\/v2\/pages"}],"about":[{"href":"https:\/\/www.sepaxmlgenerator.com\/pt\/wp-json\/wp\/v2\/types\/page"}],"author":[{"embeddable":true,"href":"https:\/\/www.sepaxmlgenerator.com\/pt\/wp-json\/wp\/v2\/users\/1"}],"replies":[{"embeddable":true,"href":"https:\/\/www.sepaxmlgenerator.com\/pt\/wp-json\/wp\/v2\/comments?post=2495"}],"version-history":[{"count":0,"href":"https:\/\/www.sepaxmlgenerator.com\/pt\/wp-json\/wp\/v2\/pages\/2495\/revisions"}],"wp:attachment":[{"href":"https:\/\/www.sepaxmlgenerator.com\/pt\/wp-json\/wp\/v2\/media?parent=2495"}],"curies":[{"name":"wp","href":"https:\/\/api.w.org\/{rel}","templated":true}]}}