{"id":2496,"date":"2020-01-17T06:58:58","date_gmt":"2020-01-17T06:58:58","guid":{"rendered":"https:\/\/sepaxmlgenerator.com\/biscoitos\/"},"modified":"2020-01-17T06:58:58","modified_gmt":"2020-01-17T06:58:58","slug":"biscoitos","status":"publish","type":"page","link":"https:\/\/www.sepaxmlgenerator.com\/pt\/biscoitos\/","title":{"rendered":"Biscoitos"},"content":{"rendered":"<p><a class=\"iubenda-white no-brand iubenda-embed iub-body-embed\" title=\"Pol\u00edtica de Biscoitos\" href=\"https:\/\/www.iubenda.com\/privacy-policy\/91848415\/cookie-policy\">Pol\u00edtica de Biscoitos<\/a><script type=\"text\/javascript\">(function (w,d) {var loader = function () {var s = d.createElement(\"script\"), tag = d.getElementsByTagName(\"script\")[0]; s.src=\"https:\/\/cdn.iubenda.com\/iubenda.js\"; tag.parentNode.insertBefore(s,tag);}; if(w.addEventListener){w.addEventListener(\"load\", loader, false);}else if(w.attachEvent){w.attachEvent(\"onload\", loader);}else{w.onload = loader;>(window, document);<\/script><\/p>\n","protected":false},"excerpt":{"rendered":"Pol\u00edtica de Biscoitos","protected":false},"author":1,"featured_media":0,"parent":0,"menu_order":0,"comment_status":"closed","ping_status":"closed","template":"page-templates\/privacy-policy.php","meta":{"_acf_changed":false,"footnotes":""},"class_list":["post-2496","page","type-page","status-publish","hentry"],"acf":[],"yoast_head":"<!-- This site is optimized with the Yoast SEO plugin v27.3 - https:\/\/yoast.com\/product\/yoast-seo-wordpress\/ -->\n<title>Cookies para www.sepaxmlgenerator.com - Cookies para utilizadores<\/title>\n<meta name=\"description\" content=\"Cookies para www.sepaxmlgenerator.com - Cookies para utilizadores - Software de transfer\u00eancia de cr\u00e9dito e d\u00e9bito directo - Software SEPA gratuito do Gerador de XML SEPA\" \/>\n<meta name=\"robots\" content=\"index, follow, max-snippet:-1, max-image-preview:large, max-video-preview:-1\" \/>\n<link rel=\"canonical\" href=\"https:\/\/www.sepaxmlgenerator.com\/pt\/biscoitos\/\" \/>\n<meta property=\"og:locale\" content=\"pt_PT\" \/>\n<meta property=\"og:type\" content=\"article\" \/>\n<meta property=\"og:title\" content=\"Cookies para www.sepaxmlgenerator.com - Cookies para utilizadores\" \/>\n<meta property=\"og:description\" content=\"Cookies para www.sepaxmlgenerator.com - Cookies para utilizadores - Software de transfer\u00eancia de cr\u00e9dito e d\u00e9bito directo - Software SEPA gratuito do Gerador de XML SEPA\" \/>\n<meta property=\"og:url\" content=\"https:\/\/www.sepaxmlgenerator.com\/pt\/biscoitos\/\" \/>\n<meta property=\"og:site_name\" content=\"SEPA XML GENERATOR\" \/>\n<meta name=\"twitter:card\" content=\"summary_large_image\" \/>\n<script type=\"application\/ld+json\" class=\"yoast-schema-graph\">{\"@context\":\"https:\\\/\\\/schema.org\",\"@graph\":[{\"@type\":\"WebPage\",\"@id\":\"https:\\\/\\\/www.sepaxmlgenerator.com\\\/pt\\\/biscoitos\\\/\",\"url\":\"https:\\\/\\\/www.sepaxmlgenerator.com\\\/pt\\\/biscoitos\\\/\",\"name\":\"Cookies para www.sepaxmlgenerator.com - Cookies para utilizadores\",\"isPartOf\":{\"@id\":\"https:\\\/\\\/www.sepaxmlgenerator.com\\\/pt\\\/#website\"},\"datePublished\":\"2020-01-17T06:58:58+00:00\",\"description\":\"Cookies para www.sepaxmlgenerator.com - Cookies para utilizadores - Software de transfer\u00eancia de cr\u00e9dito e d\u00e9bito directo - Software SEPA gratuito do Gerador de XML SEPA\",\"breadcrumb\":{\"@id\":\"https:\\\/\\\/www.sepaxmlgenerator.com\\\/pt\\\/biscoitos\\\/#breadcrumb\"},\"inLanguage\":\"pt-PT\",\"potentialAction\":[{\"@type\":\"ReadAction\",\"target\":[\"https:\\\/\\\/www.sepaxmlgenerator.com\\\/pt\\\/biscoitos\\\/\"]}]},{\"@type\":\"BreadcrumbList\",\"@id\":\"https:\\\/\\\/www.sepaxmlgenerator.com\\\/pt\\\/biscoitos\\\/#breadcrumb\",\"itemListElement\":[{\"@type\":\"ListItem\",\"position\":1,\"name\":\"Home\",\"item\":\"https:\\\/\\\/www.sepaxmlgenerator.com\\\/pt\\\/\"},{\"@type\":\"ListItem\",\"position\":2,\"name\":\"Biscoitos\"}]},{\"@type\":\"WebSite\",\"@id\":\"https:\\\/\\\/www.sepaxmlgenerator.com\\\/pt\\\/#website\",\"url\":\"https:\\\/\\\/www.sepaxmlgenerator.com\\\/pt\\\/\",\"name\":\"SEPA XML GENERATOR\",\"description\":\"\",\"potentialAction\":[{\"@type\":\"SearchAction\",\"target\":{\"@type\":\"EntryPoint\",\"urlTemplate\":\"https:\\\/\\\/www.sepaxmlgenerator.com\\\/pt\\\/?s={search_term_string}\"},\"query-input\":{\"@type\":\"PropertyValueSpecification\",\"valueRequired\":true,\"valueName\":\"search_term_string\"}}],\"inLanguage\":\"pt-PT\"}]}<\/script>\n<!-- \/ Yoast SEO plugin. -->","yoast_head_json":{"title":"Cookies para www.sepaxmlgenerator.com - Cookies para utilizadores","description":"Cookies para www.sepaxmlgenerator.com - Cookies para utilizadores - Software de transfer\u00eancia de cr\u00e9dito e d\u00e9bito directo - Software SEPA gratuito do Gerador de XML SEPA","robots":{"index":"index","follow":"follow","max-snippet":"max-snippet:-1","max-image-preview":"max-image-preview:large","max-video-preview":"max-video-preview:-1"},"canonical":"https:\/\/www.sepaxmlgenerator.com\/pt\/biscoitos\/","og_locale":"pt_PT","og_type":"article","og_title":"Cookies para www.sepaxmlgenerator.com - Cookies para utilizadores","og_description":"Cookies para www.sepaxmlgenerator.com - Cookies para utilizadores - Software de transfer\u00eancia de cr\u00e9dito e d\u00e9bito directo - Software SEPA gratuito do Gerador de XML SEPA","og_url":"https:\/\/www.sepaxmlgenerator.com\/pt\/biscoitos\/","og_site_name":"SEPA XML GENERATOR","twitter_card":"summary_large_image","schema":{"@context":"https:\/\/schema.org","@graph":[{"@type":"WebPage","@id":"https:\/\/www.sepaxmlgenerator.com\/pt\/biscoitos\/","url":"https:\/\/www.sepaxmlgenerator.com\/pt\/biscoitos\/","name":"Cookies para www.sepaxmlgenerator.com - Cookies para utilizadores","isPartOf":{"@id":"https:\/\/www.sepaxmlgenerator.com\/pt\/#website"},"datePublished":"2020-01-17T06:58:58+00:00","description":"Cookies para www.sepaxmlgenerator.com - Cookies para utilizadores - Software de transfer\u00eancia de cr\u00e9dito e d\u00e9bito directo - Software SEPA gratuito do Gerador de XML SEPA","breadcrumb":{"@id":"https:\/\/www.sepaxmlgenerator.com\/pt\/biscoitos\/#breadcrumb"},"inLanguage":"pt-PT","potentialAction":[{"@type":"ReadAction","target":["https:\/\/www.sepaxmlgenerator.com\/pt\/biscoitos\/"]}]},{"@type":"BreadcrumbList","@id":"https:\/\/www.sepaxmlgenerator.com\/pt\/biscoitos\/#breadcrumb","itemListElement":[{"@type":"ListItem","position":1,"name":"Home","item":"https:\/\/www.sepaxmlgenerator.com\/pt\/"},{"@type":"ListItem","position":2,"name":"Biscoitos"}]},{"@type":"WebSite","@id":"https:\/\/www.sepaxmlgenerator.com\/pt\/#website","url":"https:\/\/www.sepaxmlgenerator.com\/pt\/","name":"SEPA XML GENERATOR","description":"","potentialAction":[{"@type":"SearchAction","target":{"@type":"EntryPoint","urlTemplate":"https:\/\/www.sepaxmlgenerator.com\/pt\/?s={search_term_string}"},"query-input":{"@type":"PropertyValueSpecification","valueRequired":true,"valueName":"search_term_string"}}],"inLanguage":"pt-PT"}]}},"_links":{"self":[{"href":"https:\/\/www.sepaxmlgenerator.com\/pt\/wp-json\/wp\/v2\/pages\/2496","targetHints":{"allow":["GET"]}}],"collection":[{"href":"https:\/\/www.sepaxmlgenerator.com\/pt\/wp-json\/wp\/v2\/pages"}],"about":[{"href":"https:\/\/www.sepaxmlgenerator.com\/pt\/wp-json\/wp\/v2\/types\/page"}],"author":[{"embeddable":true,"href":"https:\/\/www.sepaxmlgenerator.com\/pt\/wp-json\/wp\/v2\/users\/1"}],"replies":[{"embeddable":true,"href":"https:\/\/www.sepaxmlgenerator.com\/pt\/wp-json\/wp\/v2\/comments?post=2496"}],"version-history":[{"count":0,"href":"https:\/\/www.sepaxmlgenerator.com\/pt\/wp-json\/wp\/v2\/pages\/2496\/revisions"}],"wp:attachment":[{"href":"https:\/\/www.sepaxmlgenerator.com\/pt\/wp-json\/wp\/v2\/media?parent=2496"}],"curies":[{"name":"wp","href":"https:\/\/api.w.org\/{rel}","templated":true}]}}